{"id":8666,"date":"2021-07-12T09:40:39","date_gmt":"2021-07-12T08:40:39","guid":{"rendered":"http:\/\/meeplendice.net\/?page_id=8666"},"modified":"2023-04-11T10:33:21","modified_gmt":"2023-04-11T09:33:21","slug":"rocketmen","status":"publish","type":"page","link":"https:\/\/meeplendice.net\/?page_id=8666","title":{"rendered":"Rocketmen"},"content":{"rendered":"<div id=\"pl-8666\"  class=\"panel-layout\" ><div id=\"pg-8666-0\"  class=\"panel-grid panel-no-style\" ><div id=\"pgc-8666-0-0\"  class=\"panel-grid-cell\" ><div id=\"panel-8666-0-0-0\" class=\"so-panel widget widget_sow-editor panel-first-child panel-last-child\" data-index=\"0\" ><div\n\t\t\t\n\t\t\tclass=\"so-widget-sow-editor so-widget-sow-editor-base\"\n\t\t\t\n\t\t>\n<div class=\"siteorigin-widget-tinymce textwidget\">\n\t<p style=\"text-align: center;\"><strong>Nombre de joueurs :<\/strong><br \/>\n1 - 4<\/p>\n<\/div>\n<\/div><\/div><\/div><div id=\"pgc-8666-0-1\"  class=\"panel-grid-cell\" ><div id=\"panel-8666-0-1-0\" class=\"so-panel widget widget_sow-editor panel-first-child panel-last-child\" data-index=\"1\" ><div\n\t\t\t\n\t\t\tclass=\"so-widget-sow-editor so-widget-sow-editor-base\"\n\t\t\t\n\t\t>\n<div class=\"siteorigin-widget-tinymce textwidget\">\n\t<p style=\"text-align: center;\"><strong>Dur\u00e9e moyenne :<\/strong><br \/>\n60 min<\/p>\n<\/div>\n<\/div><\/div><\/div><div id=\"pgc-8666-0-2\"  class=\"panel-grid-cell\" ><div id=\"panel-8666-0-2-0\" class=\"so-panel widget widget_sow-editor panel-first-child panel-last-child\" data-index=\"2\" ><div\n\t\t\t\n\t\t\tclass=\"so-widget-sow-editor so-widget-sow-editor-base\"\n\t\t\t\n\t\t>\n<div class=\"siteorigin-widget-tinymce textwidget\">\n\t<p style=\"text-align: center;\"><strong>Age :<\/strong><br \/>\n14 ans et plus<\/p>\n<\/div>\n<\/div><\/div><\/div><\/div><div id=\"pg-8666-1\"  class=\"panel-grid panel-no-style\" ><div id=\"pgc-8666-1-0\"  class=\"panel-grid-cell\" ><div id=\"panel-8666-1-0-0\" class=\"so-panel widget widget_sow-editor panel-first-child panel-last-child\" data-index=\"3\" ><div\n\t\t\t\n\t\t\tclass=\"so-widget-sow-editor so-widget-sow-editor-base\"\n\t\t\t\n\t\t>\n<div class=\"siteorigin-widget-tinymce textwidget\">\n\t<p style=\"text-align: center;\"><strong>Auteur(s) :<br \/>\n<\/strong>Martin Wallace<\/p>\n<\/div>\n<\/div><\/div><\/div><div id=\"pgc-8666-1-1\"  class=\"panel-grid-cell\" ><div id=\"panel-8666-1-1-0\" class=\"so-panel widget widget_sow-editor panel-first-child panel-last-child\" data-index=\"4\" ><div\n\t\t\t\n\t\t\tclass=\"so-widget-sow-editor so-widget-sow-editor-base\"\n\t\t\t\n\t\t>\n<div class=\"siteorigin-widget-tinymce textwidget\">\n\t<p style=\"text-align: center;\"><strong>Illustrations :<\/strong><br \/>\nBartlomej Jedrzejewski<br \/>\nJakub Fajtanowski<br \/>\nMilosz Wojtasik<\/p>\n<\/div>\n<\/div><\/div><\/div><div id=\"pgc-8666-1-2\"  class=\"panel-grid-cell\" ><div id=\"panel-8666-1-2-0\" class=\"so-panel widget widget_sow-editor panel-first-child panel-last-child\" data-index=\"5\" ><div\n\t\t\t\n\t\t\tclass=\"so-widget-sow-editor so-widget-sow-editor-base\"\n\t\t\t\n\t\t>\n<div class=\"siteorigin-widget-tinymce textwidget\">\n\t<p style=\"text-align: center;\"><strong>\u00c9dition :<br \/>\n<\/strong>Phalanx<br \/>\nAsyncron Games<br \/>\n2021<\/p>\n<\/div>\n<\/div><\/div><\/div><div id=\"pgc-8666-1-3\"  class=\"panel-grid-cell\" ><div id=\"panel-8666-1-3-0\" class=\"so-panel widget widget_sow-editor panel-first-child panel-last-child\" data-index=\"6\" ><div\n\t\t\t\n\t\t\tclass=\"so-widget-sow-editor so-widget-sow-editor-base\"\n\t\t\t\n\t\t>\n<div class=\"siteorigin-widget-tinymce textwidget\">\n\t<p style=\"text-align: center;\"><strong>Version :<\/strong><br \/>\nFran\u00e7aise<\/p>\n<\/div>\n<\/div><\/div><\/div><\/div><div id=\"pg-8666-2\"  class=\"panel-grid panel-no-style\" ><div id=\"pgc-8666-2-0\"  class=\"panel-grid-cell\" ><div id=\"panel-8666-2-0-0\" class=\"so-panel widget widget_sow-editor panel-first-child panel-last-child\" data-index=\"7\" ><div\n\t\t\t\n\t\t\tclass=\"so-widget-sow-editor so-widget-sow-editor-base\"\n\t\t\t\n\t\t>\n<div class=\"siteorigin-widget-tinymce textwidget\">\n\t<hr \/>\n<p><em>Leur empire fond\u00e9 sur une innovation avant-gardiste et des technologies r\u00e9volutionnaires se situe sur une plan\u00e8te tellurique quelconque gravitant autour d'une naine jaune. Ces pionniers de notre futur ont gagn\u00e9 leur r\u00e9putation par des ann\u00e9es de travail acharn\u00e9, poursuivant sans rel\u00e2che leur vision menant l'Humanit\u00e9 bien au-del\u00e0 de ce qu'elle r\u00e9alise au quotidien.<\/em><\/p>\n<p><em>Ils n'ont jamais cess\u00e9 de croire que l'impulsion de leur entreprise allait leur permettre de r\u00e9aliser leur r\u00eave : atteindre les \u00e9toiles. Le temps est venu de lancer un deuxi\u00e8me bond de g\u00e9ant pour l'Humanit\u00e9, qui nous permettrait de nous installer jusqu'aux limites du syst\u00e8me solaire. Mais l'Histoire ne retiendra qu'un seul d'entre eux, celui qui aura le premier explor\u00e9 l'espace et forg\u00e9 son destin selon cette formule audacieuse : citius, altius, fortius - plus rapide, plus haut, plus loin.<\/em><\/p>\n<p>Rocketmen est un jeu de construction de pioche dont l'innovation est que vous pr\u00e9parez vos missions sur votre site de lancement, sortant ainsi temporairement des cartes Progr\u00e8s de votre pioche. Pour l'emporter, vous devez trouver le bon \u00e9quilibre entre la r\u00e9alisation de missions et le d\u00e9veloppement de votre pioche, et l'utiliser efficacement car les conditions de victoire favorisent les plus rapide...<\/p>\n<\/div>\n<\/div><\/div><\/div><\/div><div id=\"pg-8666-3\"  class=\"panel-grid panel-no-style\" ><div id=\"pgc-8666-3-0\"  class=\"panel-grid-cell\" ><div id=\"panel-8666-3-0-0\" class=\"so-panel widget widget_sow-editor panel-first-child panel-last-child\" data-index=\"8\" ><div\n\t\t\t\n\t\t\tclass=\"so-widget-sow-editor so-widget-sow-editor-base\"\n\t\t\t\n\t\t>\n<div class=\"siteorigin-widget-tinymce textwidget\">\n\t<hr \/>\n<h3 style=\"text-align: center;\">En vid\u00e9o<\/h3>\n<\/div>\n<\/div><\/div><\/div><\/div><div id=\"pg-8666-4\"  class=\"panel-grid panel-no-style\" ><div id=\"pgc-8666-4-0\"  class=\"panel-grid-cell\" ><div id=\"panel-8666-4-0-0\" class=\"so-panel widget widget_sow-editor panel-first-child panel-last-child\" data-index=\"9\" ><div\n\t\t\t\n\t\t\tclass=\"so-widget-sow-editor so-widget-sow-editor-base\"\n\t\t\t\n\t\t>\n<div class=\"siteorigin-widget-tinymce textwidget\">\n\t<hr \/>\n<h3 style=\"text-align: center;\">Pour aller plus loin<\/h3>\n<\/div>\n<\/div><\/div><\/div><\/div><\/div>","protected":false},"excerpt":{"rendered":"<p>Nombre de joueurs : 1 &#8211; 4 Dur\u00e9e moyenne : 60 min Age : 14 ans et plus Auteur(s) : Martin Wallace Illustrations : Bartlomej Jedrzejewski Jakub Fajtanowski Milosz Wojtasik \u00c9dition : Phalanx Asyncron Games 2021 Version : Fran\u00e7aise<\/p>\n","protected":false},"author":2,"featured_media":8670,"parent":0,"menu_order":0,"comment_status":"closed","ping_status":"closed","template":"","meta":{"footnotes":""},"class_list":["post-8666","page","type-page","status-publish","has-post-thumbnail","hentry"],"acf":[],"rttpg_featured_image_url":{"full":["https:\/\/meeplendice.net\/wp-content\/uploads\/2021\/07\/Rocketmen.png",350,350,false],"landscape":["https:\/\/meeplendice.net\/wp-content\/uploads\/2021\/07\/Rocketmen.png",350,350,false],"portraits":["https:\/\/meeplendice.net\/wp-content\/uploads\/2021\/07\/Rocketmen.png",350,350,false],"thumbnail":["https:\/\/meeplendice.net\/wp-content\/uploads\/2021\/07\/Rocketmen-150x150.png",150,150,true],"medium":["https:\/\/meeplendice.net\/wp-content\/uploads\/2021\/07\/Rocketmen-300x300.png",300,300,true],"large":["https:\/\/meeplendice.net\/wp-content\/uploads\/2021\/07\/Rocketmen.png",350,350,false],"ug_big":["https:\/\/meeplendice.net\/wp-content\/uploads\/2021\/07\/Rocketmen.png",350,350,false],"1536x1536":["https:\/\/meeplendice.net\/wp-content\/uploads\/2021\/07\/Rocketmen.png",350,350,false],"2048x2048":["https:\/\/meeplendice.net\/wp-content\/uploads\/2021\/07\/Rocketmen.png",350,350,false],"ashe-slider-grid-thumbnail":["https:\/\/meeplendice.net\/wp-content\/uploads\/2021\/07\/Rocketmen.png",350,350,false],"ashe-full-thumbnail":["https:\/\/meeplendice.net\/wp-content\/uploads\/2021\/07\/Rocketmen.png",350,350,false],"ashe-grid-thumbnail":["https:\/\/meeplendice.net\/wp-content\/uploads\/2021\/07\/Rocketmen-350x330.png",350,330,true],"ashe-list-thumbnail":["https:\/\/meeplendice.net\/wp-content\/uploads\/2021\/07\/Rocketmen-300x300.png",300,300,true],"ashe-single-navigation":["https:\/\/meeplendice.net\/wp-content\/uploads\/2021\/07\/Rocketmen-75x75.png",75,75,true],"mailpoet_newsletter_max":["https:\/\/meeplendice.net\/wp-content\/uploads\/2021\/07\/Rocketmen.png",350,350,false],"rpwe-thumbnail":["https:\/\/meeplendice.net\/wp-content\/uploads\/2021\/07\/Rocketmen-45x45.png",45,45,true],"sow-carousel-default":["https:\/\/meeplendice.net\/wp-content\/uploads\/2021\/07\/Rocketmen-272x182.png",272,182,true],"rt_custom":["https:\/\/meeplendice.net\/wp-content\/uploads\/2021\/07\/Rocketmen.png",350,350,false]},"rttpg_author":{"display_name":"Karnby","author_link":"https:\/\/meeplendice.net\/?author=2"},"rttpg_comment":0,"rttpg_category":null,"rttpg_excerpt":"Nombre de joueurs : 1 - 4 Dur\u00e9e moyenne : 60 min Age : 14 ans et plus Auteur(s) : Martin Wallace Illustrations : Bartlomej Jedrzejewski Jakub Fajtanowski Milosz Wojtasik \u00c9dition : Phalanx Asyncron Games 2021 Version : Fran\u00e7aise","_links":{"self":[{"href":"https:\/\/meeplendice.net\/index.php?rest_route=\/wp\/v2\/pages\/8666","targetHints":{"allow":["GET"]}}],"collection":[{"href":"https:\/\/meeplendice.net\/index.php?rest_route=\/wp\/v2\/pages"}],"about":[{"href":"https:\/\/meeplendice.net\/index.php?rest_route=\/wp\/v2\/types\/page"}],"author":[{"embeddable":true,"href":"https:\/\/meeplendice.net\/index.php?rest_route=\/wp\/v2\/users\/2"}],"replies":[{"embeddable":true,"href":"https:\/\/meeplendice.net\/index.php?rest_route=%2Fwp%2Fv2%2Fcomments&post=8666"}],"version-history":[{"count":9,"href":"https:\/\/meeplendice.net\/index.php?rest_route=\/wp\/v2\/pages\/8666\/revisions"}],"predecessor-version":[{"id":10696,"href":"https:\/\/meeplendice.net\/index.php?rest_route=\/wp\/v2\/pages\/8666\/revisions\/10696"}],"wp:featuredmedia":[{"embeddable":true,"href":"https:\/\/meeplendice.net\/index.php?rest_route=\/wp\/v2\/media\/8670"}],"wp:attachment":[{"href":"https:\/\/meeplendice.net\/index.php?rest_route=%2Fwp%2Fv2%2Fmedia&parent=8666"}],"curies":[{"name":"wp","href":"https:\/\/api.w.org\/{rel}","templated":true}]}}