{"id":8696,"date":"2021-08-30T08:41:01","date_gmt":"2021-08-30T07:41:01","guid":{"rendered":"https:\/\/meeplendice.net\/?page_id=8696"},"modified":"2021-08-30T08:42:12","modified_gmt":"2021-08-30T07:42:12","slug":"liens-atomiques","status":"publish","type":"page","link":"https:\/\/meeplendice.net\/?page_id=8696","title":{"rendered":"Liens Atomiques"},"content":{"rendered":"<p><em>Explorer ensemble !<\/em><\/p>\n<p><em>Dans les Terres D\u00e9sol\u00e9es, le danger guette \u00e0 chaque instant ! Les ressources sont rares, les gens malhonn\u00eates et des ennemis vous tombent dessus \u00e0 la moindre occasion.<\/em><\/p>\n<p>Gr\u00e2ce \u00e0 Fallout : Liens Atomiques, l&rsquo;extension de mise \u00e0 niveau coop\u00e9rative, vous n&rsquo;\u00eates plus seul ! Ce paquet permet de jouer tous les sc\u00e9narios de Fallout : le Jeu de Plateau et de l&rsquo;extension Fallout: Nouvelle Californie en mode coop\u00e9ratif. Comme on dit, avoir des amis c&rsquo;est bien utile, surtout apr\u00e8s l&rsquo;apocalypse !<\/p>\n","protected":false},"excerpt":{"rendered":"<p>Explorer ensemble ! Dans les Terres D\u00e9sol\u00e9es, le danger guette \u00e0 chaque instant ! Les ressources sont rares, les gens malhonn\u00eates et des ennemis vous tombent dessus \u00e0 la moindre occasion. Gr\u00e2ce \u00e0 Fallout : Liens Atomiques, l&rsquo;extension de mise \u00e0 niveau coop\u00e9rative, vous n&rsquo;\u00eates plus seul ! Ce paquet permet de jouer tous les sc\u00e9narios de Fallout : le Jeu de Plateau et de l&rsquo;extension Fallout: Nouvelle Californie en mode coop\u00e9ratif. Comme on dit, avoir des amis c&rsquo;est bien utile, surtout apr\u00e8s l&rsquo;apocalypse !<\/p>\n","protected":false},"author":2,"featured_media":8701,"parent":4924,"menu_order":1,"comment_status":"closed","ping_status":"closed","template":"","meta":{"footnotes":""},"class_list":["post-8696","page","type-page","status-publish","has-post-thumbnail","hentry"],"acf":[],"rttpg_featured_image_url":{"full":["https:\/\/meeplendice.net\/wp-content\/uploads\/2021\/08\/Fallout_LiensAtomiques.png",350,350,false],"landscape":["https:\/\/meeplendice.net\/wp-content\/uploads\/2021\/08\/Fallout_LiensAtomiques.png",350,350,false],"portraits":["https:\/\/meeplendice.net\/wp-content\/uploads\/2021\/08\/Fallout_LiensAtomiques.png",350,350,false],"thumbnail":["https:\/\/meeplendice.net\/wp-content\/uploads\/2021\/08\/Fallout_LiensAtomiques-150x150.png",150,150,true],"medium":["https:\/\/meeplendice.net\/wp-content\/uploads\/2021\/08\/Fallout_LiensAtomiques-300x300.png",300,300,true],"large":["https:\/\/meeplendice.net\/wp-content\/uploads\/2021\/08\/Fallout_LiensAtomiques.png",350,350,false],"ug_big":["https:\/\/meeplendice.net\/wp-content\/uploads\/2021\/08\/Fallout_LiensAtomiques.png",350,350,false],"1536x1536":["https:\/\/meeplendice.net\/wp-content\/uploads\/2021\/08\/Fallout_LiensAtomiques.png",350,350,false],"2048x2048":["https:\/\/meeplendice.net\/wp-content\/uploads\/2021\/08\/Fallout_LiensAtomiques.png",350,350,false],"ashe-slider-grid-thumbnail":["https:\/\/meeplendice.net\/wp-content\/uploads\/2021\/08\/Fallout_LiensAtomiques.png",350,350,false],"ashe-full-thumbnail":["https:\/\/meeplendice.net\/wp-content\/uploads\/2021\/08\/Fallout_LiensAtomiques.png",350,350,false],"ashe-grid-thumbnail":["https:\/\/meeplendice.net\/wp-content\/uploads\/2021\/08\/Fallout_LiensAtomiques-350x330.png",350,330,true],"ashe-list-thumbnail":["https:\/\/meeplendice.net\/wp-content\/uploads\/2021\/08\/Fallout_LiensAtomiques-300x300.png",300,300,true],"ashe-single-navigation":["https:\/\/meeplendice.net\/wp-content\/uploads\/2021\/08\/Fallout_LiensAtomiques-75x75.png",75,75,true],"mailpoet_newsletter_max":["https:\/\/meeplendice.net\/wp-content\/uploads\/2021\/08\/Fallout_LiensAtomiques.png",350,350,false],"rpwe-thumbnail":["https:\/\/meeplendice.net\/wp-content\/uploads\/2021\/08\/Fallout_LiensAtomiques-45x45.png",45,45,true],"sow-carousel-default":["https:\/\/meeplendice.net\/wp-content\/uploads\/2021\/08\/Fallout_LiensAtomiques-272x182.png",272,182,true],"rt_custom":["https:\/\/meeplendice.net\/wp-content\/uploads\/2021\/08\/Fallout_LiensAtomiques.png",350,350,false]},"rttpg_author":{"display_name":"Karnby","author_link":"https:\/\/meeplendice.net\/?author=2"},"rttpg_comment":0,"rttpg_category":null,"rttpg_excerpt":"Explorer ensemble ! Dans les Terres D\u00e9sol\u00e9es, le danger guette \u00e0 chaque instant ! Les ressources sont rares, les gens malhonn\u00eates et des ennemis vous tombent dessus \u00e0 la moindre occasion. Gr\u00e2ce \u00e0 Fallout : Liens Atomiques, l&rsquo;extension de mise \u00e0 niveau coop\u00e9rative, vous n&rsquo;\u00eates plus seul ! Ce paquet permet de jouer tous les\u2026","_links":{"self":[{"href":"https:\/\/meeplendice.net\/index.php?rest_route=\/wp\/v2\/pages\/8696","targetHints":{"allow":["GET"]}}],"collection":[{"href":"https:\/\/meeplendice.net\/index.php?rest_route=\/wp\/v2\/pages"}],"about":[{"href":"https:\/\/meeplendice.net\/index.php?rest_route=\/wp\/v2\/types\/page"}],"author":[{"embeddable":true,"href":"https:\/\/meeplendice.net\/index.php?rest_route=\/wp\/v2\/users\/2"}],"replies":[{"embeddable":true,"href":"https:\/\/meeplendice.net\/index.php?rest_route=%2Fwp%2Fv2%2Fcomments&post=8696"}],"version-history":[{"count":2,"href":"https:\/\/meeplendice.net\/index.php?rest_route=\/wp\/v2\/pages\/8696\/revisions"}],"predecessor-version":[{"id":8703,"href":"https:\/\/meeplendice.net\/index.php?rest_route=\/wp\/v2\/pages\/8696\/revisions\/8703"}],"up":[{"embeddable":true,"href":"https:\/\/meeplendice.net\/index.php?rest_route=\/wp\/v2\/pages\/4924"}],"wp:featuredmedia":[{"embeddable":true,"href":"https:\/\/meeplendice.net\/index.php?rest_route=\/wp\/v2\/media\/8701"}],"wp:attachment":[{"href":"https:\/\/meeplendice.net\/index.php?rest_route=%2Fwp%2Fv2%2Fmedia&parent=8696"}],"curies":[{"name":"wp","href":"https:\/\/api.w.org\/{rel}","templated":true}]}}