{"id":8704,"date":"2021-08-30T08:47:50","date_gmt":"2021-08-30T07:47:50","guid":{"rendered":"https:\/\/meeplendice.net\/?page_id=8704"},"modified":"2021-08-30T08:47:50","modified_gmt":"2021-08-30T07:47:50","slug":"les-secrets-de-lordre","status":"publish","type":"page","link":"https:\/\/meeplendice.net\/?page_id=8704","title":{"rendered":"Les Secrets de L&rsquo;Ordre"},"content":{"rendered":"<p><em>Franchissez le Seuil !<\/em><\/p>\n<p><em>Les esprits des morts hurlent sans discontinuer, des goules errent dans les rues au beau milieu de la nuit et des passages d\u00e9labr\u00e9s entre notre r\u00e9alit\u00e9 et l\u2019horrible Monde Souterrain s&rsquo;ouvrent au hasard. M\u00eame \u00e0 French Hill, le quartier historique, l&rsquo;Ordre du Cr\u00e9puscule d&rsquo;Argent ourdit de sombres projets pour accroitre encore son pouvoir.<\/em><\/p>\n<p>Aventurez-vous dans des dimensions parall\u00e8les avec l&rsquo;extension Les Secrets de l&rsquo;Ordre pour Horreur \u00e0 Arkham ! Quatre investigateurs in\u00e9dits s&rsquo;appr\u00eatent \u00e0 affront\u00e9 les fant\u00f4mes du pass\u00e9 d&rsquo;Arkham gr\u00e2ce aux nouveaux sc\u00e9narios, tuiles et centaines de cartes fournis dans cette extension.<\/p>\n","protected":false},"excerpt":{"rendered":"<p>Franchissez le Seuil ! Les esprits des morts hurlent sans discontinuer, des goules errent dans les rues au beau milieu de la nuit et des passages d\u00e9labr\u00e9s entre notre r\u00e9alit\u00e9 et l\u2019horrible Monde Souterrain s&rsquo;ouvrent au hasard. M\u00eame \u00e0 French Hill, le quartier historique, l&rsquo;Ordre du Cr\u00e9puscule d&rsquo;Argent ourdit de sombres projets pour accroitre encore son pouvoir. Aventurez-vous dans des dimensions parall\u00e8les avec l&rsquo;extension Les Secrets de l&rsquo;Ordre pour Horreur \u00e0 Arkham ! Quatre investigateurs in\u00e9dits s&rsquo;appr\u00eatent \u00e0 affront\u00e9 les fant\u00f4mes du pass\u00e9 d&rsquo;Arkham gr\u00e2ce aux nouveaux sc\u00e9narios, tuiles et centaines de cartes fournis dans cette extension.<\/p>\n","protected":false},"author":2,"featured_media":8699,"parent":4928,"menu_order":2,"comment_status":"closed","ping_status":"closed","template":"","meta":{"footnotes":""},"class_list":["post-8704","page","type-page","status-publish","has-post-thumbnail","hentry"],"acf":[],"rttpg_featured_image_url":{"full":["https:\/\/meeplendice.net\/wp-content\/uploads\/2021\/08\/HaAv3_SecretsOrdre.png",350,350,false],"landscape":["https:\/\/meeplendice.net\/wp-content\/uploads\/2021\/08\/HaAv3_SecretsOrdre.png",350,350,false],"portraits":["https:\/\/meeplendice.net\/wp-content\/uploads\/2021\/08\/HaAv3_SecretsOrdre.png",350,350,false],"thumbnail":["https:\/\/meeplendice.net\/wp-content\/uploads\/2021\/08\/HaAv3_SecretsOrdre-150x150.png",150,150,true],"medium":["https:\/\/meeplendice.net\/wp-content\/uploads\/2021\/08\/HaAv3_SecretsOrdre-300x300.png",300,300,true],"large":["https:\/\/meeplendice.net\/wp-content\/uploads\/2021\/08\/HaAv3_SecretsOrdre.png",350,350,false],"ug_big":["https:\/\/meeplendice.net\/wp-content\/uploads\/2021\/08\/HaAv3_SecretsOrdre.png",350,350,false],"1536x1536":["https:\/\/meeplendice.net\/wp-content\/uploads\/2021\/08\/HaAv3_SecretsOrdre.png",350,350,false],"2048x2048":["https:\/\/meeplendice.net\/wp-content\/uploads\/2021\/08\/HaAv3_SecretsOrdre.png",350,350,false],"ashe-slider-grid-thumbnail":["https:\/\/meeplendice.net\/wp-content\/uploads\/2021\/08\/HaAv3_SecretsOrdre.png",350,350,false],"ashe-full-thumbnail":["https:\/\/meeplendice.net\/wp-content\/uploads\/2021\/08\/HaAv3_SecretsOrdre.png",350,350,false],"ashe-grid-thumbnail":["https:\/\/meeplendice.net\/wp-content\/uploads\/2021\/08\/HaAv3_SecretsOrdre-350x330.png",350,330,true],"ashe-list-thumbnail":["https:\/\/meeplendice.net\/wp-content\/uploads\/2021\/08\/HaAv3_SecretsOrdre-300x300.png",300,300,true],"ashe-single-navigation":["https:\/\/meeplendice.net\/wp-content\/uploads\/2021\/08\/HaAv3_SecretsOrdre-75x75.png",75,75,true],"mailpoet_newsletter_max":["https:\/\/meeplendice.net\/wp-content\/uploads\/2021\/08\/HaAv3_SecretsOrdre.png",350,350,false],"rpwe-thumbnail":["https:\/\/meeplendice.net\/wp-content\/uploads\/2021\/08\/HaAv3_SecretsOrdre-45x45.png",45,45,true],"sow-carousel-default":["https:\/\/meeplendice.net\/wp-content\/uploads\/2021\/08\/HaAv3_SecretsOrdre-272x182.png",272,182,true],"rt_custom":["https:\/\/meeplendice.net\/wp-content\/uploads\/2021\/08\/HaAv3_SecretsOrdre.png",350,350,false]},"rttpg_author":{"display_name":"Karnby","author_link":"https:\/\/meeplendice.net\/?author=2"},"rttpg_comment":0,"rttpg_category":null,"rttpg_excerpt":"Franchissez le Seuil ! Les esprits des morts hurlent sans discontinuer, des goules errent dans les rues au beau milieu de la nuit et des passages d\u00e9labr\u00e9s entre notre r\u00e9alit\u00e9 et l\u2019horrible Monde Souterrain s&rsquo;ouvrent au hasard. M\u00eame \u00e0 French Hill, le quartier historique, l&rsquo;Ordre du Cr\u00e9puscule d&rsquo;Argent ourdit de sombres projets pour accroitre encore\u2026","_links":{"self":[{"href":"https:\/\/meeplendice.net\/index.php?rest_route=\/wp\/v2\/pages\/8704","targetHints":{"allow":["GET"]}}],"collection":[{"href":"https:\/\/meeplendice.net\/index.php?rest_route=\/wp\/v2\/pages"}],"about":[{"href":"https:\/\/meeplendice.net\/index.php?rest_route=\/wp\/v2\/types\/page"}],"author":[{"embeddable":true,"href":"https:\/\/meeplendice.net\/index.php?rest_route=\/wp\/v2\/users\/2"}],"replies":[{"embeddable":true,"href":"https:\/\/meeplendice.net\/index.php?rest_route=%2Fwp%2Fv2%2Fcomments&post=8704"}],"version-history":[{"count":1,"href":"https:\/\/meeplendice.net\/index.php?rest_route=\/wp\/v2\/pages\/8704\/revisions"}],"predecessor-version":[{"id":8705,"href":"https:\/\/meeplendice.net\/index.php?rest_route=\/wp\/v2\/pages\/8704\/revisions\/8705"}],"up":[{"embeddable":true,"href":"https:\/\/meeplendice.net\/index.php?rest_route=\/wp\/v2\/pages\/4928"}],"wp:featuredmedia":[{"embeddable":true,"href":"https:\/\/meeplendice.net\/index.php?rest_route=\/wp\/v2\/media\/8699"}],"wp:attachment":[{"href":"https:\/\/meeplendice.net\/index.php?rest_route=%2Fwp%2Fv2%2Fmedia&parent=8704"}],"curies":[{"name":"wp","href":"https:\/\/api.w.org\/{rel}","templated":true}]}}