{"id":8706,"date":"2021-08-30T08:54:47","date_gmt":"2021-08-30T07:54:47","guid":{"rendered":"https:\/\/meeplendice.net\/?page_id=8706"},"modified":"2021-08-30T08:54:47","modified_gmt":"2021-08-30T07:54:47","slug":"profondeurs-insondables","status":"publish","type":"page","link":"https:\/\/meeplendice.net\/?page_id=8706","title":{"rendered":"Profondeurs Insondables"},"content":{"rendered":"<p><em>Terreur Surgie des Abysses !<br \/>\n<\/em><\/p>\n<p><em>Le Village d\u00e9labr\u00e9 d&rsquo;Innsmouth fl\u00e9chit sous le poids de la corruption, et la brume occulte d&rsquo;anciens myst\u00e8res dans les rues de Kingsport. La mar\u00e9e monte&#8230;<br \/>\n<\/em><\/p>\n<p>Profondeurs Insondables vous transporte dans les villes c\u00f4ti\u00e8res d&rsquo;Innsmouth et Kingsport gr\u00e2ce \u00e0 de nouveaux districts, sc\u00e9narios, investigateurs, monstres et \u00e9quipements pour Horreur \u00e0 Arkham. Enrayez la progression de la terreur, aventurez-vous sur le R\u00e9cif du Diable ou dans l\u2019\u00c9trange Maison Haute et mettez votre bonne \u00e9toile \u00e0 l&rsquo;\u00e9preuve face aux tyrans de l&rsquo;ab\u00eeme !.<\/p>\n","protected":false},"excerpt":{"rendered":"<p>Terreur Surgie des Abysses ! Le Village d\u00e9labr\u00e9 d&rsquo;Innsmouth fl\u00e9chit sous le poids de la corruption, et la brume occulte d&rsquo;anciens myst\u00e8res dans les rues de Kingsport. La mar\u00e9e monte&#8230; Profondeurs Insondables vous transporte dans les villes c\u00f4ti\u00e8res d&rsquo;Innsmouth et Kingsport gr\u00e2ce \u00e0 de nouveaux districts, sc\u00e9narios, investigateurs, monstres et \u00e9quipements pour Horreur \u00e0 Arkham. Enrayez la progression de la terreur, aventurez-vous sur le R\u00e9cif du Diable ou dans l\u2019\u00c9trange Maison Haute et mettez votre bonne \u00e9toile \u00e0 l&rsquo;\u00e9preuve face aux tyrans de l&rsquo;ab\u00eeme !.<\/p>\n","protected":false},"author":2,"featured_media":8698,"parent":0,"menu_order":3,"comment_status":"closed","ping_status":"closed","template":"","meta":{"footnotes":""},"class_list":["post-8706","page","type-page","status-publish","has-post-thumbnail","hentry"],"acf":[],"rttpg_featured_image_url":{"full":["https:\/\/meeplendice.net\/wp-content\/uploads\/2021\/08\/HaAv3_ProfondeursInsondables.png",350,350,false],"landscape":["https:\/\/meeplendice.net\/wp-content\/uploads\/2021\/08\/HaAv3_ProfondeursInsondables.png",350,350,false],"portraits":["https:\/\/meeplendice.net\/wp-content\/uploads\/2021\/08\/HaAv3_ProfondeursInsondables.png",350,350,false],"thumbnail":["https:\/\/meeplendice.net\/wp-content\/uploads\/2021\/08\/HaAv3_ProfondeursInsondables-150x150.png",150,150,true],"medium":["https:\/\/meeplendice.net\/wp-content\/uploads\/2021\/08\/HaAv3_ProfondeursInsondables-300x300.png",300,300,true],"large":["https:\/\/meeplendice.net\/wp-content\/uploads\/2021\/08\/HaAv3_ProfondeursInsondables.png",350,350,false],"ug_big":["https:\/\/meeplendice.net\/wp-content\/uploads\/2021\/08\/HaAv3_ProfondeursInsondables.png",350,350,false],"1536x1536":["https:\/\/meeplendice.net\/wp-content\/uploads\/2021\/08\/HaAv3_ProfondeursInsondables.png",350,350,false],"2048x2048":["https:\/\/meeplendice.net\/wp-content\/uploads\/2021\/08\/HaAv3_ProfondeursInsondables.png",350,350,false],"ashe-slider-grid-thumbnail":["https:\/\/meeplendice.net\/wp-content\/uploads\/2021\/08\/HaAv3_ProfondeursInsondables.png",350,350,false],"ashe-full-thumbnail":["https:\/\/meeplendice.net\/wp-content\/uploads\/2021\/08\/HaAv3_ProfondeursInsondables.png",350,350,false],"ashe-grid-thumbnail":["https:\/\/meeplendice.net\/wp-content\/uploads\/2021\/08\/HaAv3_ProfondeursInsondables-350x330.png",350,330,true],"ashe-list-thumbnail":["https:\/\/meeplendice.net\/wp-content\/uploads\/2021\/08\/HaAv3_ProfondeursInsondables-300x300.png",300,300,true],"ashe-single-navigation":["https:\/\/meeplendice.net\/wp-content\/uploads\/2021\/08\/HaAv3_ProfondeursInsondables-75x75.png",75,75,true],"mailpoet_newsletter_max":["https:\/\/meeplendice.net\/wp-content\/uploads\/2021\/08\/HaAv3_ProfondeursInsondables.png",350,350,false],"rpwe-thumbnail":["https:\/\/meeplendice.net\/wp-content\/uploads\/2021\/08\/HaAv3_ProfondeursInsondables-45x45.png",45,45,true],"sow-carousel-default":["https:\/\/meeplendice.net\/wp-content\/uploads\/2021\/08\/HaAv3_ProfondeursInsondables-272x182.png",272,182,true],"rt_custom":["https:\/\/meeplendice.net\/wp-content\/uploads\/2021\/08\/HaAv3_ProfondeursInsondables.png",350,350,false]},"rttpg_author":{"display_name":"Karnby","author_link":"https:\/\/meeplendice.net\/?author=2"},"rttpg_comment":0,"rttpg_category":null,"rttpg_excerpt":"Terreur Surgie des Abysses ! Le Village d\u00e9labr\u00e9 d&rsquo;Innsmouth fl\u00e9chit sous le poids de la corruption, et la brume occulte d&rsquo;anciens myst\u00e8res dans les rues de Kingsport. La mar\u00e9e monte&#8230; Profondeurs Insondables vous transporte dans les villes c\u00f4ti\u00e8res d&rsquo;Innsmouth et Kingsport gr\u00e2ce \u00e0 de nouveaux districts, sc\u00e9narios, investigateurs, monstres et \u00e9quipements pour Horreur \u00e0 Arkham.\u2026","_links":{"self":[{"href":"https:\/\/meeplendice.net\/index.php?rest_route=\/wp\/v2\/pages\/8706","targetHints":{"allow":["GET"]}}],"collection":[{"href":"https:\/\/meeplendice.net\/index.php?rest_route=\/wp\/v2\/pages"}],"about":[{"href":"https:\/\/meeplendice.net\/index.php?rest_route=\/wp\/v2\/types\/page"}],"author":[{"embeddable":true,"href":"https:\/\/meeplendice.net\/index.php?rest_route=\/wp\/v2\/users\/2"}],"replies":[{"embeddable":true,"href":"https:\/\/meeplendice.net\/index.php?rest_route=%2Fwp%2Fv2%2Fcomments&post=8706"}],"version-history":[{"count":1,"href":"https:\/\/meeplendice.net\/index.php?rest_route=\/wp\/v2\/pages\/8706\/revisions"}],"predecessor-version":[{"id":8707,"href":"https:\/\/meeplendice.net\/index.php?rest_route=\/wp\/v2\/pages\/8706\/revisions\/8707"}],"wp:featuredmedia":[{"embeddable":true,"href":"https:\/\/meeplendice.net\/index.php?rest_route=\/wp\/v2\/media\/8698"}],"wp:attachment":[{"href":"https:\/\/meeplendice.net\/index.php?rest_route=%2Fwp%2Fv2%2Fmedia&parent=8706"}],"curies":[{"name":"wp","href":"https:\/\/api.w.org\/{rel}","templated":true}]}}