{"id":8710,"date":"2021-08-30T09:06:26","date_gmt":"2021-08-30T08:06:26","guid":{"rendered":"https:\/\/meeplendice.net\/?page_id=8710"},"modified":"2021-08-30T09:06:26","modified_gmt":"2021-08-30T08:06:26","slug":"clan-wars","status":"publish","type":"page","link":"https:\/\/meeplendice.net\/?page_id=8710","title":{"rendered":"Clan wars"},"content":{"rendered":"<p>La guerre des clans est d\u00e9clar\u00e9e !<\/p>\n<p><em><strong>Extension 1 : Le signe des grands anc\u00eatres<\/strong><br \/>\n<\/em><\/p>\n<p>Une com\u00e8te a travers\u00e9 le ciel \u00e9toil\u00e9 de Rapa Nui. Son apparition a d\u00e9clench\u00e9 une puissante ferveur sur l\u2019\u00eele. Le signe des grands anc\u00eatres introduit un nouveau grand Moai d\u2019obsidienne. Sculpter ce Moai n\u00e9cessite non seulement des sculpteurs dans les 3 colonnes, mais aussi votre chef.<\/p>\n<p>Mais il vous r\u00e9compensera avec 7 ressources lorsque vous l\u2019\u00e9rigerez.<\/p>\n<p><strong><em>Extension 2 : Guerre des clans<\/em><\/strong><\/p>\n<p>L\u2019harmonie entre les clans Rapa Nui ne dure pas longtemps, et la comp\u00e9tition pour \u00e9riger des Moai a d\u00e9g\u00e9n\u00e9r\u00e9 en guerre ! Pour des parties plus f\u00e9roces, vous pouvez d\u00e9sormais placer vos Transporteurs sur des espaces d\u00e9j\u00e0 occup\u00e9s par des adversaires.<\/p>\n<p>Lorsque vous transportez un Moai ou un Pukao, vous pouvez choisir quel transporteur fait le travail. Vous pouvez \u00e9galement utiliser les tuiles D\u00e9truire, Menacer, Profaner et Garder pour plus tard, dans une guerre qui allongera consid\u00e9rablement le jeu et renforcera vraiment l\u2019importance de l\u2019ordre des tours<\/p>\n<p>&nbsp;<\/p>\n","protected":false},"excerpt":{"rendered":"<p>La guerre des clans est d\u00e9clar\u00e9e ! Extension 1 : Le signe des grands anc\u00eatres Une com\u00e8te a travers\u00e9 le ciel \u00e9toil\u00e9 de Rapa Nui. Son apparition a d\u00e9clench\u00e9 une puissante ferveur sur l\u2019\u00eele. Le signe des grands anc\u00eatres introduit un nouveau grand Moai d\u2019obsidienne. Sculpter ce Moai n\u00e9cessite non seulement des sculpteurs dans les 3 colonnes, mais aussi votre chef. Mais il vous r\u00e9compensera avec 7 ressources lorsque vous l\u2019\u00e9rigerez. Extension 2 : Guerre des clans L\u2019harmonie entre les clans Rapa Nui ne dure pas longtemps, et la comp\u00e9tition pour \u00e9riger des Moai a d\u00e9g\u00e9n\u00e9r\u00e9 en guerre ! Pour des parties plus f\u00e9roces, vous pouvez d\u00e9sormais placer vos Transporteurs sur des espaces d\u00e9j\u00e0 occup\u00e9s par des adversaires. Lorsque vous transportez un Moai ou un Pukao, vous pouvez choisir quel transporteur fait le travail. Vous pouvez \u00e9galement utiliser les tuiles D\u00e9truire, Menacer, Profaner et Garder pour plus tard, dans une guerre qui allongera consid\u00e9rablement le jeu et renforcera vraiment l\u2019importance de l\u2019ordre des tours &nbsp;<\/p>\n","protected":false},"author":2,"featured_media":8700,"parent":8528,"menu_order":0,"comment_status":"closed","ping_status":"closed","template":"","meta":{"footnotes":""},"class_list":["post-8710","page","type-page","status-publish","has-post-thumbnail","hentry"],"acf":[],"rttpg_featured_image_url":{"full":["https:\/\/meeplendice.net\/wp-content\/uploads\/2021\/08\/RapaNui_ClanWars.png",350,350,false],"landscape":["https:\/\/meeplendice.net\/wp-content\/uploads\/2021\/08\/RapaNui_ClanWars.png",350,350,false],"portraits":["https:\/\/meeplendice.net\/wp-content\/uploads\/2021\/08\/RapaNui_ClanWars.png",350,350,false],"thumbnail":["https:\/\/meeplendice.net\/wp-content\/uploads\/2021\/08\/RapaNui_ClanWars-150x150.png",150,150,true],"medium":["https:\/\/meeplendice.net\/wp-content\/uploads\/2021\/08\/RapaNui_ClanWars-300x300.png",300,300,true],"large":["https:\/\/meeplendice.net\/wp-content\/uploads\/2021\/08\/RapaNui_ClanWars.png",350,350,false],"ug_big":["https:\/\/meeplendice.net\/wp-content\/uploads\/2021\/08\/RapaNui_ClanWars.png",350,350,false],"1536x1536":["https:\/\/meeplendice.net\/wp-content\/uploads\/2021\/08\/RapaNui_ClanWars.png",350,350,false],"2048x2048":["https:\/\/meeplendice.net\/wp-content\/uploads\/2021\/08\/RapaNui_ClanWars.png",350,350,false],"ashe-slider-grid-thumbnail":["https:\/\/meeplendice.net\/wp-content\/uploads\/2021\/08\/RapaNui_ClanWars.png",350,350,false],"ashe-full-thumbnail":["https:\/\/meeplendice.net\/wp-content\/uploads\/2021\/08\/RapaNui_ClanWars.png",350,350,false],"ashe-grid-thumbnail":["https:\/\/meeplendice.net\/wp-content\/uploads\/2021\/08\/RapaNui_ClanWars-350x330.png",350,330,true],"ashe-list-thumbnail":["https:\/\/meeplendice.net\/wp-content\/uploads\/2021\/08\/RapaNui_ClanWars-300x300.png",300,300,true],"ashe-single-navigation":["https:\/\/meeplendice.net\/wp-content\/uploads\/2021\/08\/RapaNui_ClanWars-75x75.png",75,75,true],"mailpoet_newsletter_max":["https:\/\/meeplendice.net\/wp-content\/uploads\/2021\/08\/RapaNui_ClanWars.png",350,350,false],"rpwe-thumbnail":["https:\/\/meeplendice.net\/wp-content\/uploads\/2021\/08\/RapaNui_ClanWars-45x45.png",45,45,true],"sow-carousel-default":["https:\/\/meeplendice.net\/wp-content\/uploads\/2021\/08\/RapaNui_ClanWars-272x182.png",272,182,true],"rt_custom":["https:\/\/meeplendice.net\/wp-content\/uploads\/2021\/08\/RapaNui_ClanWars.png",350,350,false]},"rttpg_author":{"display_name":"Karnby","author_link":"https:\/\/meeplendice.net\/?author=2"},"rttpg_comment":0,"rttpg_category":null,"rttpg_excerpt":"La guerre des clans est d\u00e9clar\u00e9e ! Extension 1 : Le signe des grands anc\u00eatres Une com\u00e8te a travers\u00e9 le ciel \u00e9toil\u00e9 de Rapa Nui. Son apparition a d\u00e9clench\u00e9 une puissante ferveur sur l\u2019\u00eele. Le signe des grands anc\u00eatres introduit un nouveau grand Moai d\u2019obsidienne. Sculpter ce Moai n\u00e9cessite non seulement des sculpteurs dans les\u2026","_links":{"self":[{"href":"https:\/\/meeplendice.net\/index.php?rest_route=\/wp\/v2\/pages\/8710","targetHints":{"allow":["GET"]}}],"collection":[{"href":"https:\/\/meeplendice.net\/index.php?rest_route=\/wp\/v2\/pages"}],"about":[{"href":"https:\/\/meeplendice.net\/index.php?rest_route=\/wp\/v2\/types\/page"}],"author":[{"embeddable":true,"href":"https:\/\/meeplendice.net\/index.php?rest_route=\/wp\/v2\/users\/2"}],"replies":[{"embeddable":true,"href":"https:\/\/meeplendice.net\/index.php?rest_route=%2Fwp%2Fv2%2Fcomments&post=8710"}],"version-history":[{"count":1,"href":"https:\/\/meeplendice.net\/index.php?rest_route=\/wp\/v2\/pages\/8710\/revisions"}],"predecessor-version":[{"id":8711,"href":"https:\/\/meeplendice.net\/index.php?rest_route=\/wp\/v2\/pages\/8710\/revisions\/8711"}],"up":[{"embeddable":true,"href":"https:\/\/meeplendice.net\/index.php?rest_route=\/wp\/v2\/pages\/8528"}],"wp:featuredmedia":[{"embeddable":true,"href":"https:\/\/meeplendice.net\/index.php?rest_route=\/wp\/v2\/media\/8700"}],"wp:attachment":[{"href":"https:\/\/meeplendice.net\/index.php?rest_route=%2Fwp%2Fv2%2Fmedia&parent=8710"}],"curies":[{"name":"wp","href":"https:\/\/api.w.org\/{rel}","templated":true}]}}