{"id":8736,"date":"2021-08-30T10:10:23","date_gmt":"2021-08-30T09:10:23","guid":{"rendered":"https:\/\/meeplendice.net\/?page_id=8736"},"modified":"2021-08-30T10:33:03","modified_gmt":"2021-08-30T09:33:03","slug":"les-apaches-de-paris","status":"publish","type":"page","link":"https:\/\/meeplendice.net\/?page_id=8736","title":{"rendered":"Les Apaches de Paris"},"content":{"rendered":"<div id=\"pl-8736\"  class=\"panel-layout\" ><div id=\"pg-8736-0\"  class=\"panel-grid panel-no-style\" ><div id=\"pgc-8736-0-0\"  class=\"panel-grid-cell\" ><div id=\"panel-8736-0-0-0\" class=\"so-panel widget widget_sow-editor panel-first-child panel-last-child\" data-index=\"0\" ><div\n\t\t\t\n\t\t\tclass=\"so-widget-sow-editor so-widget-sow-editor-base\"\n\t\t\t\n\t\t>\n<div class=\"siteorigin-widget-tinymce textwidget\">\n\t<p style=\"text-align: center;\"><strong>Nombre de joueurs :<\/strong><br \/>\n2 - 4<\/p>\n<\/div>\n<\/div><\/div><\/div><div id=\"pgc-8736-0-1\"  class=\"panel-grid-cell\" ><div id=\"panel-8736-0-1-0\" class=\"so-panel widget widget_sow-editor panel-first-child panel-last-child\" data-index=\"1\" ><div\n\t\t\t\n\t\t\tclass=\"so-widget-sow-editor so-widget-sow-editor-base\"\n\t\t\t\n\t\t>\n<div class=\"siteorigin-widget-tinymce textwidget\">\n\t<p style=\"text-align: center;\"><strong>Dur\u00e9e moyenne :<\/strong><br \/>\n45 min<\/p>\n<\/div>\n<\/div><\/div><\/div><div id=\"pgc-8736-0-2\"  class=\"panel-grid-cell\" ><div id=\"panel-8736-0-2-0\" class=\"so-panel widget widget_sow-editor panel-first-child panel-last-child\" data-index=\"2\" ><div\n\t\t\t\n\t\t\tclass=\"so-widget-sow-editor so-widget-sow-editor-base\"\n\t\t\t\n\t\t>\n<div class=\"siteorigin-widget-tinymce textwidget\">\n\t<p style=\"text-align: center;\"><strong>Age :<\/strong><br \/>\n8 ans et plus<\/p>\n<\/div>\n<\/div><\/div><\/div><\/div><div id=\"pg-8736-1\"  class=\"panel-grid panel-no-style\" ><div id=\"pgc-8736-1-0\"  class=\"panel-grid-cell\" ><div id=\"panel-8736-1-0-0\" class=\"so-panel widget widget_sow-editor panel-first-child panel-last-child\" data-index=\"3\" ><div\n\t\t\t\n\t\t\tclass=\"so-widget-sow-editor so-widget-sow-editor-base\"\n\t\t\t\n\t\t>\n<div class=\"siteorigin-widget-tinymce textwidget\">\n\t<p style=\"text-align: center;\"><strong>Auteur(s) :<br \/>\n<\/strong>Alain Ollier<\/p>\n<\/div>\n<\/div><\/div><\/div><div id=\"pgc-8736-1-1\"  class=\"panel-grid-cell\" ><div id=\"panel-8736-1-1-0\" class=\"so-panel widget widget_sow-editor panel-first-child panel-last-child\" data-index=\"4\" ><div\n\t\t\t\n\t\t\tclass=\"so-widget-sow-editor so-widget-sow-editor-base\"\n\t\t\t\n\t\t>\n<div class=\"siteorigin-widget-tinymce textwidget\">\n\t<p style=\"text-align: center;\"><strong>Illustrations :<\/strong><br \/>\nTony Rochon<\/p>\n<\/div>\n<\/div><\/div><\/div><div id=\"pgc-8736-1-2\"  class=\"panel-grid-cell\" ><div id=\"panel-8736-1-2-0\" class=\"so-panel widget widget_sow-editor panel-first-child panel-last-child\" data-index=\"5\" ><div\n\t\t\t\n\t\t\tclass=\"so-widget-sow-editor so-widget-sow-editor-base\"\n\t\t\t\n\t\t>\n<div class=\"siteorigin-widget-tinymce textwidget\">\n\t<p style=\"text-align: center;\"><strong>\u00c9dition :<\/strong><br \/>\nLes Tontons Joueurs<br \/>\n2021<\/p>\n<\/div>\n<\/div><\/div><\/div><div id=\"pgc-8736-1-3\"  class=\"panel-grid-cell\" ><div id=\"panel-8736-1-3-0\" class=\"so-panel widget widget_sow-editor panel-first-child panel-last-child\" data-index=\"6\" ><div\n\t\t\t\n\t\t\tclass=\"so-widget-sow-editor so-widget-sow-editor-base\"\n\t\t\t\n\t\t>\n<div class=\"siteorigin-widget-tinymce textwidget\">\n\t<p style=\"text-align: center;\"><strong>Version :<\/strong><br \/>\nFran\u00e7aise<\/p>\n<\/div>\n<\/div><\/div><\/div><\/div><div id=\"pg-8736-2\"  class=\"panel-grid panel-no-style\" ><div id=\"pgc-8736-2-0\"  class=\"panel-grid-cell\" ><div id=\"panel-8736-2-0-0\" class=\"so-panel widget widget_sow-editor panel-first-child panel-last-child\" data-index=\"7\" ><div\n\t\t\t\n\t\t\tclass=\"so-widget-sow-editor so-widget-sow-editor-base\"\n\t\t\t\n\t\t>\n<div class=\"siteorigin-widget-tinymce textwidget\">\n\t<hr \/>\n<p><em>D\u00e9but du 20\u00e8me si\u00e8cle... Issus des faubourgs de Paris, dans un contexte \u00e9conomique et social catastrophique, sans \u00e9ducation et livr\u00e9s \u00e0 eux-m\u00eames, des jeunes li\u00e9s par leur quartier d\u2019origine se regroupent pour cr\u00e9er des gangs. Auteurs de multiples forfaits, terrorisant les bourgeois et affrontant la police, ces gangs de M\u00e9nilmontant, de Montmartre ou d'ailleurs sont appel\u00e9s \"les Apaches de Paris\" en r\u00e9f\u00e9rence aux Apaches de Geronimo.<\/em><\/p>\n<p>Vous dirigez un gang \" d'Apaches \" et devrez devenir ma\u00eetre de lieux \u00e0 investir pour vous enrichir. Placez ou d\u00e9placez vos \" Apaches \" et malgr\u00e9 vos incertitudes, imposez votre strat\u00e9gie gr\u00e2ce aux informations d\u00e9voil\u00e9es progressivement par chaque joueur. Trouvez les \" planques \" les plus lucratives mais attention aux pi\u00e8ges, aux bandes rivales et aux sergent de la ville.<\/p>\n<p>Serez-vous tacticien, bluffeur, intuitif, prudent, courageux ou tout cela en m\u00eame temps ?<\/p>\n<\/div>\n<\/div><\/div><\/div><\/div><div id=\"pg-8736-3\"  class=\"panel-grid panel-no-style\" ><div id=\"pgc-8736-3-0\"  class=\"panel-grid-cell\" ><div id=\"panel-8736-3-0-0\" class=\"so-panel widget widget_sow-editor panel-first-child panel-last-child\" data-index=\"8\" ><div\n\t\t\t\n\t\t\tclass=\"so-widget-sow-editor so-widget-sow-editor-base\"\n\t\t\t\n\t\t>\n<div class=\"siteorigin-widget-tinymce textwidget\">\n\t<hr \/>\n<p style=\"text-align: center;\"><strong>En vid\u00e9o<\/strong><\/p>\n<\/div>\n<\/div><\/div><\/div><\/div><div id=\"pg-8736-4\"  class=\"panel-grid panel-no-style\" ><div id=\"pgc-8736-4-0\"  class=\"panel-grid-cell\" ><div id=\"panel-8736-4-0-0\" class=\"so-panel widget widget_sow-editor panel-first-child panel-last-child\" data-index=\"9\" ><div\n\t\t\t\n\t\t\tclass=\"so-widget-sow-editor so-widget-sow-editor-base\"\n\t\t\t\n\t\t>\n<div class=\"siteorigin-widget-tinymce textwidget\">\n\t<hr \/>\n<p style=\"text-align: center;\"><strong>Pour aller plus loin<\/strong><\/p>\n<\/div>\n<\/div><\/div><\/div><\/div><\/div>","protected":false},"excerpt":{"rendered":"<p>Nombre de joueurs : 2 &#8211; 4 Dur\u00e9e moyenne : 45 min Age : 8 ans et plus Auteur(s) : Alain Ollier Illustrations : Tony Rochon \u00c9dition : Les Tontons Joueurs 2021 Version : Fran\u00e7aise<\/p>\n","protected":false},"author":2,"featured_media":8718,"parent":0,"menu_order":0,"comment_status":"closed","ping_status":"closed","template":"","meta":{"footnotes":""},"class_list":["post-8736","page","type-page","status-publish","has-post-thumbnail","hentry"],"acf":[],"rttpg_featured_image_url":{"full":["https:\/\/meeplendice.net\/wp-content\/uploads\/2021\/08\/Lesapachesdeparis.png",350,350,false],"landscape":["https:\/\/meeplendice.net\/wp-content\/uploads\/2021\/08\/Lesapachesdeparis.png",350,350,false],"portraits":["https:\/\/meeplendice.net\/wp-content\/uploads\/2021\/08\/Lesapachesdeparis.png",350,350,false],"thumbnail":["https:\/\/meeplendice.net\/wp-content\/uploads\/2021\/08\/Lesapachesdeparis-150x150.png",150,150,true],"medium":["https:\/\/meeplendice.net\/wp-content\/uploads\/2021\/08\/Lesapachesdeparis-300x300.png",300,300,true],"large":["https:\/\/meeplendice.net\/wp-content\/uploads\/2021\/08\/Lesapachesdeparis.png",350,350,false],"ug_big":["https:\/\/meeplendice.net\/wp-content\/uploads\/2021\/08\/Lesapachesdeparis.png",350,350,false],"1536x1536":["https:\/\/meeplendice.net\/wp-content\/uploads\/2021\/08\/Lesapachesdeparis.png",350,350,false],"2048x2048":["https:\/\/meeplendice.net\/wp-content\/uploads\/2021\/08\/Lesapachesdeparis.png",350,350,false],"ashe-slider-grid-thumbnail":["https:\/\/meeplendice.net\/wp-content\/uploads\/2021\/08\/Lesapachesdeparis.png",350,350,false],"ashe-full-thumbnail":["https:\/\/meeplendice.net\/wp-content\/uploads\/2021\/08\/Lesapachesdeparis.png",350,350,false],"ashe-grid-thumbnail":["https:\/\/meeplendice.net\/wp-content\/uploads\/2021\/08\/Lesapachesdeparis-350x330.png",350,330,true],"ashe-list-thumbnail":["https:\/\/meeplendice.net\/wp-content\/uploads\/2021\/08\/Lesapachesdeparis-300x300.png",300,300,true],"ashe-single-navigation":["https:\/\/meeplendice.net\/wp-content\/uploads\/2021\/08\/Lesapachesdeparis-75x75.png",75,75,true],"mailpoet_newsletter_max":["https:\/\/meeplendice.net\/wp-content\/uploads\/2021\/08\/Lesapachesdeparis.png",350,350,false],"rpwe-thumbnail":["https:\/\/meeplendice.net\/wp-content\/uploads\/2021\/08\/Lesapachesdeparis-45x45.png",45,45,true],"sow-carousel-default":["https:\/\/meeplendice.net\/wp-content\/uploads\/2021\/08\/Lesapachesdeparis-272x182.png",272,182,true],"rt_custom":["https:\/\/meeplendice.net\/wp-content\/uploads\/2021\/08\/Lesapachesdeparis.png",350,350,false]},"rttpg_author":{"display_name":"Karnby","author_link":"https:\/\/meeplendice.net\/?author=2"},"rttpg_comment":0,"rttpg_category":null,"rttpg_excerpt":"Nombre de joueurs : 2 - 4 Dur\u00e9e moyenne : 45 min Age : 8 ans et plus Auteur(s) : Alain Ollier Illustrations : Tony Rochon \u00c9dition : Les Tontons Joueurs 2021 Version : Fran\u00e7aise","_links":{"self":[{"href":"https:\/\/meeplendice.net\/index.php?rest_route=\/wp\/v2\/pages\/8736","targetHints":{"allow":["GET"]}}],"collection":[{"href":"https:\/\/meeplendice.net\/index.php?rest_route=\/wp\/v2\/pages"}],"about":[{"href":"https:\/\/meeplendice.net\/index.php?rest_route=\/wp\/v2\/types\/page"}],"author":[{"embeddable":true,"href":"https:\/\/meeplendice.net\/index.php?rest_route=\/wp\/v2\/users\/2"}],"replies":[{"embeddable":true,"href":"https:\/\/meeplendice.net\/index.php?rest_route=%2Fwp%2Fv2%2Fcomments&post=8736"}],"version-history":[{"count":6,"href":"https:\/\/meeplendice.net\/index.php?rest_route=\/wp\/v2\/pages\/8736\/revisions"}],"predecessor-version":[{"id":8743,"href":"https:\/\/meeplendice.net\/index.php?rest_route=\/wp\/v2\/pages\/8736\/revisions\/8743"}],"wp:featuredmedia":[{"embeddable":true,"href":"https:\/\/meeplendice.net\/index.php?rest_route=\/wp\/v2\/media\/8718"}],"wp:attachment":[{"href":"https:\/\/meeplendice.net\/index.php?rest_route=%2Fwp%2Fv2%2Fmedia&parent=8736"}],"curies":[{"name":"wp","href":"https:\/\/api.w.org\/{rel}","templated":true}]}}