{"id":8897,"date":"2021-12-16T15:18:02","date_gmt":"2021-12-16T14:18:02","guid":{"rendered":"https:\/\/meeplendice.net\/?page_id=8897"},"modified":"2021-12-16T15:18:21","modified_gmt":"2021-12-16T14:18:21","slug":"engineer","status":"publish","type":"page","link":"https:\/\/meeplendice.net\/?page_id=8897","title":{"rendered":"Engineer"},"content":{"rendered":"<p>Utilisez les 4 d\u00e9s sp\u00e9ciaux du pack d&rsquo;extension Ing\u00e9nieur en plus de vos d\u00e9s de route habituels, et trouvez de nouvelles fa\u00e7ons de marquer des points :<\/p>\n<ul>\n<li>\u00a0\u00a0\u00a0 Construction (1 d\u00e9) : effectuez des actions sp\u00e9ciales et restructurez vos r\u00e9seaux !<\/li>\n<li>\u00a0\u00a0\u00a0 R\u00e9novation (1 d\u00e9) : modifiez les routes pr\u00e9existantes et ajoutez-y des connexions suppl\u00e9mentaires !<\/li>\n<li>\u00a0\u00a0\u00a0 S\u00e9paration (1 d\u00e9) : augmentez le d\u00e9fi de vos parties avec une expansion d\u00e9licate et ses routes jamais connect\u00e9es !<\/li>\n<li>\u00a0\u00a0\u00a0 Sp\u00e9cial (1 d\u00e9) : construisez des Routes Sp\u00e9ciales d&rsquo;une toute nouvelle mani\u00e8re et marquez beaucoup de points !<\/li>\n<\/ul>\n","protected":false},"excerpt":{"rendered":"<p>Utilisez les 4 d\u00e9s sp\u00e9ciaux du pack d&rsquo;extension Ing\u00e9nieur en plus de vos d\u00e9s de route habituels, et trouvez de nouvelles fa\u00e7ons de marquer des points : \u00a0\u00a0\u00a0 Construction (1 d\u00e9) : effectuez des actions sp\u00e9ciales et restructurez vos r\u00e9seaux ! \u00a0\u00a0\u00a0 R\u00e9novation (1 d\u00e9) : modifiez les routes pr\u00e9existantes et ajoutez-y des connexions suppl\u00e9mentaires ! \u00a0\u00a0\u00a0 S\u00e9paration (1 d\u00e9) : augmentez le d\u00e9fi de vos parties avec une expansion d\u00e9licate et ses routes jamais connect\u00e9es ! \u00a0\u00a0\u00a0 Sp\u00e9cial (1 d\u00e9) : construisez des Routes Sp\u00e9ciales d&rsquo;une toute nouvelle mani\u00e8re et marquez beaucoup de points !<\/p>\n","protected":false},"author":2,"featured_media":8890,"parent":4920,"menu_order":2,"comment_status":"closed","ping_status":"closed","template":"","meta":{"footnotes":""},"class_list":["post-8897","page","type-page","status-publish","has-post-thumbnail","hentry"],"acf":[],"rttpg_featured_image_url":{"full":["https:\/\/meeplendice.net\/wp-content\/uploads\/2021\/12\/Railroadink_Engineer.png",350,350,false],"landscape":["https:\/\/meeplendice.net\/wp-content\/uploads\/2021\/12\/Railroadink_Engineer.png",350,350,false],"portraits":["https:\/\/meeplendice.net\/wp-content\/uploads\/2021\/12\/Railroadink_Engineer.png",350,350,false],"thumbnail":["https:\/\/meeplendice.net\/wp-content\/uploads\/2021\/12\/Railroadink_Engineer-150x150.png",150,150,true],"medium":["https:\/\/meeplendice.net\/wp-content\/uploads\/2021\/12\/Railroadink_Engineer-300x300.png",300,300,true],"large":["https:\/\/meeplendice.net\/wp-content\/uploads\/2021\/12\/Railroadink_Engineer.png",350,350,false],"ug_big":["https:\/\/meeplendice.net\/wp-content\/uploads\/2021\/12\/Railroadink_Engineer.png",350,350,false],"1536x1536":["https:\/\/meeplendice.net\/wp-content\/uploads\/2021\/12\/Railroadink_Engineer.png",350,350,false],"2048x2048":["https:\/\/meeplendice.net\/wp-content\/uploads\/2021\/12\/Railroadink_Engineer.png",350,350,false],"ashe-slider-grid-thumbnail":["https:\/\/meeplendice.net\/wp-content\/uploads\/2021\/12\/Railroadink_Engineer.png",350,350,false],"ashe-full-thumbnail":["https:\/\/meeplendice.net\/wp-content\/uploads\/2021\/12\/Railroadink_Engineer.png",350,350,false],"ashe-grid-thumbnail":["https:\/\/meeplendice.net\/wp-content\/uploads\/2021\/12\/Railroadink_Engineer-350x330.png",350,330,true],"ashe-list-thumbnail":["https:\/\/meeplendice.net\/wp-content\/uploads\/2021\/12\/Railroadink_Engineer-300x300.png",300,300,true],"ashe-single-navigation":["https:\/\/meeplendice.net\/wp-content\/uploads\/2021\/12\/Railroadink_Engineer-75x75.png",75,75,true],"mailpoet_newsletter_max":["https:\/\/meeplendice.net\/wp-content\/uploads\/2021\/12\/Railroadink_Engineer.png",350,350,false],"rpwe-thumbnail":["https:\/\/meeplendice.net\/wp-content\/uploads\/2021\/12\/Railroadink_Engineer-45x45.png",45,45,true],"sow-carousel-default":["https:\/\/meeplendice.net\/wp-content\/uploads\/2021\/12\/Railroadink_Engineer-272x182.png",272,182,true],"rt_custom":["https:\/\/meeplendice.net\/wp-content\/uploads\/2021\/12\/Railroadink_Engineer.png",350,350,false]},"rttpg_author":{"display_name":"Karnby","author_link":"https:\/\/meeplendice.net\/?author=2"},"rttpg_comment":0,"rttpg_category":null,"rttpg_excerpt":"Utilisez les 4 d\u00e9s sp\u00e9ciaux du pack d&rsquo;extension Ing\u00e9nieur en plus de vos d\u00e9s de route habituels, et trouvez de nouvelles fa\u00e7ons de marquer des points : \u00a0\u00a0\u00a0 Construction (1 d\u00e9) : effectuez des actions sp\u00e9ciales et restructurez vos r\u00e9seaux ! \u00a0\u00a0\u00a0 R\u00e9novation (1 d\u00e9) : modifiez les routes pr\u00e9existantes et ajoutez-y des connexions suppl\u00e9mentaires\u2026","_links":{"self":[{"href":"https:\/\/meeplendice.net\/index.php?rest_route=\/wp\/v2\/pages\/8897","targetHints":{"allow":["GET"]}}],"collection":[{"href":"https:\/\/meeplendice.net\/index.php?rest_route=\/wp\/v2\/pages"}],"about":[{"href":"https:\/\/meeplendice.net\/index.php?rest_route=\/wp\/v2\/types\/page"}],"author":[{"embeddable":true,"href":"https:\/\/meeplendice.net\/index.php?rest_route=\/wp\/v2\/users\/2"}],"replies":[{"embeddable":true,"href":"https:\/\/meeplendice.net\/index.php?rest_route=%2Fwp%2Fv2%2Fcomments&post=8897"}],"version-history":[{"count":2,"href":"https:\/\/meeplendice.net\/index.php?rest_route=\/wp\/v2\/pages\/8897\/revisions"}],"predecessor-version":[{"id":8899,"href":"https:\/\/meeplendice.net\/index.php?rest_route=\/wp\/v2\/pages\/8897\/revisions\/8899"}],"up":[{"embeddable":true,"href":"https:\/\/meeplendice.net\/index.php?rest_route=\/wp\/v2\/pages\/4920"}],"wp:featuredmedia":[{"embeddable":true,"href":"https:\/\/meeplendice.net\/index.php?rest_route=\/wp\/v2\/media\/8890"}],"wp:attachment":[{"href":"https:\/\/meeplendice.net\/index.php?rest_route=%2Fwp%2Fv2%2Fmedia&parent=8897"}],"curies":[{"name":"wp","href":"https:\/\/api.w.org\/{rel}","templated":true}]}}