{"id":8900,"date":"2021-12-16T15:19:06","date_gmt":"2021-12-16T14:19:06","guid":{"rendered":"https:\/\/meeplendice.net\/?page_id=8900"},"modified":"2021-12-16T15:19:06","modified_gmt":"2021-12-16T14:19:06","slug":"futuristic","status":"publish","type":"page","link":"https:\/\/meeplendice.net\/?page_id=8900","title":{"rendered":"Futuristic"},"content":{"rendered":"<p>Utilisez les 4 d\u00e9s sp\u00e9ciaux du pack d&rsquo;extension Futuristic en plus de vos d\u00e9s de route habituels, et trouvez de nouvelles fa\u00e7ons de marquer des points :<\/p>\n<ul>\n<li>\u00a0\u00a0\u00a0 Super Connexion (1 d\u00e9) : utilisez des routes \u00ab\u00a0sauvages\u00a0\u00bb et connectez les autoroutes et les voies ferr\u00e9es pour cr\u00e9er d&rsquo;\u00e9normes r\u00e9seaux !<\/li>\n<li>\u00a0\u00a0\u00a0 City Builder (2 d\u00e9s) : rassemblez des ressources et construisez des b\u00e2timents pour marquer des points suppl\u00e9mentaires !<\/li>\n<li>\u00a0\u00a0\u00a0 Alien Farmer (1 d\u00e9) : g\u00e9rez vos fermes et utilisez des ovnis pour collecter le plus de moutons possible !<\/li>\n<\/ul>\n","protected":false},"excerpt":{"rendered":"<p>Utilisez les 4 d\u00e9s sp\u00e9ciaux du pack d&rsquo;extension Futuristic en plus de vos d\u00e9s de route habituels, et trouvez de nouvelles fa\u00e7ons de marquer des points : \u00a0\u00a0\u00a0 Super Connexion (1 d\u00e9) : utilisez des routes \u00ab\u00a0sauvages\u00a0\u00bb et connectez les autoroutes et les voies ferr\u00e9es pour cr\u00e9er d&rsquo;\u00e9normes r\u00e9seaux ! \u00a0\u00a0\u00a0 City Builder (2 d\u00e9s) : rassemblez des ressources et construisez des b\u00e2timents pour marquer des points suppl\u00e9mentaires ! \u00a0\u00a0\u00a0 Alien Farmer (1 d\u00e9) : g\u00e9rez vos fermes et utilisez des ovnis pour collecter le plus de moutons possible !<\/p>\n","protected":false},"author":2,"featured_media":8886,"parent":4920,"menu_order":3,"comment_status":"closed","ping_status":"closed","template":"","meta":{"footnotes":""},"class_list":["post-8900","page","type-page","status-publish","has-post-thumbnail","hentry"],"acf":[],"rttpg_featured_image_url":{"full":["https:\/\/meeplendice.net\/wp-content\/uploads\/2021\/12\/Railroadink_Futuristic.png",350,350,false],"landscape":["https:\/\/meeplendice.net\/wp-content\/uploads\/2021\/12\/Railroadink_Futuristic.png",350,350,false],"portraits":["https:\/\/meeplendice.net\/wp-content\/uploads\/2021\/12\/Railroadink_Futuristic.png",350,350,false],"thumbnail":["https:\/\/meeplendice.net\/wp-content\/uploads\/2021\/12\/Railroadink_Futuristic-150x150.png",150,150,true],"medium":["https:\/\/meeplendice.net\/wp-content\/uploads\/2021\/12\/Railroadink_Futuristic-300x300.png",300,300,true],"large":["https:\/\/meeplendice.net\/wp-content\/uploads\/2021\/12\/Railroadink_Futuristic.png",350,350,false],"ug_big":["https:\/\/meeplendice.net\/wp-content\/uploads\/2021\/12\/Railroadink_Futuristic.png",350,350,false],"1536x1536":["https:\/\/meeplendice.net\/wp-content\/uploads\/2021\/12\/Railroadink_Futuristic.png",350,350,false],"2048x2048":["https:\/\/meeplendice.net\/wp-content\/uploads\/2021\/12\/Railroadink_Futuristic.png",350,350,false],"ashe-slider-grid-thumbnail":["https:\/\/meeplendice.net\/wp-content\/uploads\/2021\/12\/Railroadink_Futuristic.png",350,350,false],"ashe-full-thumbnail":["https:\/\/meeplendice.net\/wp-content\/uploads\/2021\/12\/Railroadink_Futuristic.png",350,350,false],"ashe-grid-thumbnail":["https:\/\/meeplendice.net\/wp-content\/uploads\/2021\/12\/Railroadink_Futuristic-350x330.png",350,330,true],"ashe-list-thumbnail":["https:\/\/meeplendice.net\/wp-content\/uploads\/2021\/12\/Railroadink_Futuristic-300x300.png",300,300,true],"ashe-single-navigation":["https:\/\/meeplendice.net\/wp-content\/uploads\/2021\/12\/Railroadink_Futuristic-75x75.png",75,75,true],"mailpoet_newsletter_max":["https:\/\/meeplendice.net\/wp-content\/uploads\/2021\/12\/Railroadink_Futuristic.png",350,350,false],"rpwe-thumbnail":["https:\/\/meeplendice.net\/wp-content\/uploads\/2021\/12\/Railroadink_Futuristic-45x45.png",45,45,true],"sow-carousel-default":["https:\/\/meeplendice.net\/wp-content\/uploads\/2021\/12\/Railroadink_Futuristic-272x182.png",272,182,true],"rt_custom":["https:\/\/meeplendice.net\/wp-content\/uploads\/2021\/12\/Railroadink_Futuristic.png",350,350,false]},"rttpg_author":{"display_name":"Karnby","author_link":"https:\/\/meeplendice.net\/?author=2"},"rttpg_comment":0,"rttpg_category":null,"rttpg_excerpt":"Utilisez les 4 d\u00e9s sp\u00e9ciaux du pack d&rsquo;extension Futuristic en plus de vos d\u00e9s de route habituels, et trouvez de nouvelles fa\u00e7ons de marquer des points : \u00a0\u00a0\u00a0 Super Connexion (1 d\u00e9) : utilisez des routes \u00ab\u00a0sauvages\u00a0\u00bb et connectez les autoroutes et les voies ferr\u00e9es pour cr\u00e9er d&rsquo;\u00e9normes r\u00e9seaux ! \u00a0\u00a0\u00a0 City Builder (2 d\u00e9s)\u2026","_links":{"self":[{"href":"https:\/\/meeplendice.net\/index.php?rest_route=\/wp\/v2\/pages\/8900","targetHints":{"allow":["GET"]}}],"collection":[{"href":"https:\/\/meeplendice.net\/index.php?rest_route=\/wp\/v2\/pages"}],"about":[{"href":"https:\/\/meeplendice.net\/index.php?rest_route=\/wp\/v2\/types\/page"}],"author":[{"embeddable":true,"href":"https:\/\/meeplendice.net\/index.php?rest_route=\/wp\/v2\/users\/2"}],"replies":[{"embeddable":true,"href":"https:\/\/meeplendice.net\/index.php?rest_route=%2Fwp%2Fv2%2Fcomments&post=8900"}],"version-history":[{"count":2,"href":"https:\/\/meeplendice.net\/index.php?rest_route=\/wp\/v2\/pages\/8900\/revisions"}],"predecessor-version":[{"id":8902,"href":"https:\/\/meeplendice.net\/index.php?rest_route=\/wp\/v2\/pages\/8900\/revisions\/8902"}],"up":[{"embeddable":true,"href":"https:\/\/meeplendice.net\/index.php?rest_route=\/wp\/v2\/pages\/4920"}],"wp:featuredmedia":[{"embeddable":true,"href":"https:\/\/meeplendice.net\/index.php?rest_route=\/wp\/v2\/media\/8886"}],"wp:attachment":[{"href":"https:\/\/meeplendice.net\/index.php?rest_route=%2Fwp%2Fv2%2Fmedia&parent=8900"}],"curies":[{"name":"wp","href":"https:\/\/api.w.org\/{rel}","templated":true}]}}