{"id":8903,"date":"2021-12-16T15:19:54","date_gmt":"2021-12-16T14:19:54","guid":{"rendered":"https:\/\/meeplendice.net\/?page_id=8903"},"modified":"2021-12-16T15:19:54","modified_gmt":"2021-12-16T14:19:54","slug":"sky","status":"publish","type":"page","link":"https:\/\/meeplendice.net\/?page_id=8903","title":{"rendered":"Sky"},"content":{"rendered":"<p>Utilisez les 4 d\u00e9s sp\u00e9ciaux du Sky Expansion Pack en plus de vos d\u00e9s de route habituels, et trouvez de nouvelles fa\u00e7ons de marquer des points :<\/p>\n<ul>\n<li>\u00a0\u00a0\u00a0 M\u00e9t\u00e9o (2 d\u00e9s) : contr\u00f4lez les nuages, la pluie et la neige et emp\u00eachez les fronts m\u00e9t\u00e9orologiques d&rsquo;entrer en collision pour marquer des points bonus !<\/li>\n<li>\u00a0\u00a0\u00a0 Ligne a\u00e9rienne (2 d\u00e9s) : utilisez les routes a\u00e9riennes et les a\u00e9roports pour \u00e9tendre vos r\u00e9seaux jusqu&rsquo;au ciel !<\/li>\n<\/ul>\n","protected":false},"excerpt":{"rendered":"<p>Utilisez les 4 d\u00e9s sp\u00e9ciaux du Sky Expansion Pack en plus de vos d\u00e9s de route habituels, et trouvez de nouvelles fa\u00e7ons de marquer des points : \u00a0\u00a0\u00a0 M\u00e9t\u00e9o (2 d\u00e9s) : contr\u00f4lez les nuages, la pluie et la neige et emp\u00eachez les fronts m\u00e9t\u00e9orologiques d&rsquo;entrer en collision pour marquer des points bonus ! \u00a0\u00a0\u00a0 Ligne a\u00e9rienne (2 d\u00e9s) : utilisez les routes a\u00e9riennes et les a\u00e9roports pour \u00e9tendre vos r\u00e9seaux jusqu&rsquo;au ciel !<\/p>\n","protected":false},"author":2,"featured_media":8891,"parent":4920,"menu_order":4,"comment_status":"closed","ping_status":"closed","template":"","meta":{"footnotes":""},"class_list":["post-8903","page","type-page","status-publish","has-post-thumbnail","hentry"],"acf":[],"rttpg_featured_image_url":{"full":["https:\/\/meeplendice.net\/wp-content\/uploads\/2021\/12\/Railroadink_Sky.png",350,350,false],"landscape":["https:\/\/meeplendice.net\/wp-content\/uploads\/2021\/12\/Railroadink_Sky.png",350,350,false],"portraits":["https:\/\/meeplendice.net\/wp-content\/uploads\/2021\/12\/Railroadink_Sky.png",350,350,false],"thumbnail":["https:\/\/meeplendice.net\/wp-content\/uploads\/2021\/12\/Railroadink_Sky-150x150.png",150,150,true],"medium":["https:\/\/meeplendice.net\/wp-content\/uploads\/2021\/12\/Railroadink_Sky-300x300.png",300,300,true],"large":["https:\/\/meeplendice.net\/wp-content\/uploads\/2021\/12\/Railroadink_Sky.png",350,350,false],"ug_big":["https:\/\/meeplendice.net\/wp-content\/uploads\/2021\/12\/Railroadink_Sky.png",350,350,false],"1536x1536":["https:\/\/meeplendice.net\/wp-content\/uploads\/2021\/12\/Railroadink_Sky.png",350,350,false],"2048x2048":["https:\/\/meeplendice.net\/wp-content\/uploads\/2021\/12\/Railroadink_Sky.png",350,350,false],"ashe-slider-grid-thumbnail":["https:\/\/meeplendice.net\/wp-content\/uploads\/2021\/12\/Railroadink_Sky.png",350,350,false],"ashe-full-thumbnail":["https:\/\/meeplendice.net\/wp-content\/uploads\/2021\/12\/Railroadink_Sky.png",350,350,false],"ashe-grid-thumbnail":["https:\/\/meeplendice.net\/wp-content\/uploads\/2021\/12\/Railroadink_Sky-350x330.png",350,330,true],"ashe-list-thumbnail":["https:\/\/meeplendice.net\/wp-content\/uploads\/2021\/12\/Railroadink_Sky-300x300.png",300,300,true],"ashe-single-navigation":["https:\/\/meeplendice.net\/wp-content\/uploads\/2021\/12\/Railroadink_Sky-75x75.png",75,75,true],"mailpoet_newsletter_max":["https:\/\/meeplendice.net\/wp-content\/uploads\/2021\/12\/Railroadink_Sky.png",350,350,false],"rpwe-thumbnail":["https:\/\/meeplendice.net\/wp-content\/uploads\/2021\/12\/Railroadink_Sky-45x45.png",45,45,true],"sow-carousel-default":["https:\/\/meeplendice.net\/wp-content\/uploads\/2021\/12\/Railroadink_Sky-272x182.png",272,182,true],"rt_custom":["https:\/\/meeplendice.net\/wp-content\/uploads\/2021\/12\/Railroadink_Sky.png",350,350,false]},"rttpg_author":{"display_name":"Karnby","author_link":"https:\/\/meeplendice.net\/?author=2"},"rttpg_comment":0,"rttpg_category":null,"rttpg_excerpt":"Utilisez les 4 d\u00e9s sp\u00e9ciaux du Sky Expansion Pack en plus de vos d\u00e9s de route habituels, et trouvez de nouvelles fa\u00e7ons de marquer des points : \u00a0\u00a0\u00a0 M\u00e9t\u00e9o (2 d\u00e9s) : contr\u00f4lez les nuages, la pluie et la neige et emp\u00eachez les fronts m\u00e9t\u00e9orologiques d&rsquo;entrer en collision pour marquer des points bonus ! \u00a0\u00a0\u00a0\u2026","_links":{"self":[{"href":"https:\/\/meeplendice.net\/index.php?rest_route=\/wp\/v2\/pages\/8903","targetHints":{"allow":["GET"]}}],"collection":[{"href":"https:\/\/meeplendice.net\/index.php?rest_route=\/wp\/v2\/pages"}],"about":[{"href":"https:\/\/meeplendice.net\/index.php?rest_route=\/wp\/v2\/types\/page"}],"author":[{"embeddable":true,"href":"https:\/\/meeplendice.net\/index.php?rest_route=\/wp\/v2\/users\/2"}],"replies":[{"embeddable":true,"href":"https:\/\/meeplendice.net\/index.php?rest_route=%2Fwp%2Fv2%2Fcomments&post=8903"}],"version-history":[{"count":1,"href":"https:\/\/meeplendice.net\/index.php?rest_route=\/wp\/v2\/pages\/8903\/revisions"}],"predecessor-version":[{"id":8904,"href":"https:\/\/meeplendice.net\/index.php?rest_route=\/wp\/v2\/pages\/8903\/revisions\/8904"}],"up":[{"embeddable":true,"href":"https:\/\/meeplendice.net\/index.php?rest_route=\/wp\/v2\/pages\/4920"}],"wp:featuredmedia":[{"embeddable":true,"href":"https:\/\/meeplendice.net\/index.php?rest_route=\/wp\/v2\/media\/8891"}],"wp:attachment":[{"href":"https:\/\/meeplendice.net\/index.php?rest_route=%2Fwp%2Fv2%2Fmedia&parent=8903"}],"curies":[{"name":"wp","href":"https:\/\/api.w.org\/{rel}","templated":true}]}}