{"id":8906,"date":"2021-12-16T15:20:53","date_gmt":"2021-12-16T14:20:53","guid":{"rendered":"https:\/\/meeplendice.net\/?page_id=8906"},"modified":"2021-12-16T15:20:53","modified_gmt":"2021-12-16T14:20:53","slug":"electricity","status":"publish","type":"page","link":"https:\/\/meeplendice.net\/?page_id=8906","title":{"rendered":"Electricity"},"content":{"rendered":"<p>Utilisez les 4 d\u00e9s sp\u00e9ciaux du pack d&rsquo;extension \u00c9lectricit\u00e9 en plus de vos d\u00e9s de route habituels, et trouvez de nouvelles fa\u00e7ons de marquer des points :<\/p>\n<ul>\n<li>\u00a0\u00a0\u00a0 Lampadaire (2 d\u00e9s) : construisez des lampadaires et alimentez-les avec des g\u00e9n\u00e9rateurs pour \u00e9clairer votre plateau et marquer beaucoup de points !<\/li>\n<li>\u00a0\u00a0\u00a0 R\u00e9seau \u00e9lectrique (2 d\u00e9s) : connectez vos sorties \u00e0 l&rsquo;accumulateur central et chargez-le en \u00e9lectricit\u00e9 pour multiplier vos points bonus !<\/li>\n<\/ul>\n","protected":false},"excerpt":{"rendered":"<p>Utilisez les 4 d\u00e9s sp\u00e9ciaux du pack d&rsquo;extension \u00c9lectricit\u00e9 en plus de vos d\u00e9s de route habituels, et trouvez de nouvelles fa\u00e7ons de marquer des points : \u00a0\u00a0\u00a0 Lampadaire (2 d\u00e9s) : construisez des lampadaires et alimentez-les avec des g\u00e9n\u00e9rateurs pour \u00e9clairer votre plateau et marquer beaucoup de points ! \u00a0\u00a0\u00a0 R\u00e9seau \u00e9lectrique (2 d\u00e9s) : connectez vos sorties \u00e0 l&rsquo;accumulateur central et chargez-le en \u00e9lectricit\u00e9 pour multiplier vos points bonus !<\/p>\n","protected":false},"author":2,"featured_media":8887,"parent":4920,"menu_order":5,"comment_status":"closed","ping_status":"closed","template":"","meta":{"footnotes":""},"class_list":["post-8906","page","type-page","status-publish","has-post-thumbnail","hentry"],"acf":[],"rttpg_featured_image_url":{"full":["https:\/\/meeplendice.net\/wp-content\/uploads\/2021\/12\/Railroadink_Electricity.png",350,350,false],"landscape":["https:\/\/meeplendice.net\/wp-content\/uploads\/2021\/12\/Railroadink_Electricity.png",350,350,false],"portraits":["https:\/\/meeplendice.net\/wp-content\/uploads\/2021\/12\/Railroadink_Electricity.png",350,350,false],"thumbnail":["https:\/\/meeplendice.net\/wp-content\/uploads\/2021\/12\/Railroadink_Electricity-150x150.png",150,150,true],"medium":["https:\/\/meeplendice.net\/wp-content\/uploads\/2021\/12\/Railroadink_Electricity-300x300.png",300,300,true],"large":["https:\/\/meeplendice.net\/wp-content\/uploads\/2021\/12\/Railroadink_Electricity.png",350,350,false],"ug_big":["https:\/\/meeplendice.net\/wp-content\/uploads\/2021\/12\/Railroadink_Electricity.png",350,350,false],"1536x1536":["https:\/\/meeplendice.net\/wp-content\/uploads\/2021\/12\/Railroadink_Electricity.png",350,350,false],"2048x2048":["https:\/\/meeplendice.net\/wp-content\/uploads\/2021\/12\/Railroadink_Electricity.png",350,350,false],"ashe-slider-grid-thumbnail":["https:\/\/meeplendice.net\/wp-content\/uploads\/2021\/12\/Railroadink_Electricity.png",350,350,false],"ashe-full-thumbnail":["https:\/\/meeplendice.net\/wp-content\/uploads\/2021\/12\/Railroadink_Electricity.png",350,350,false],"ashe-grid-thumbnail":["https:\/\/meeplendice.net\/wp-content\/uploads\/2021\/12\/Railroadink_Electricity-350x330.png",350,330,true],"ashe-list-thumbnail":["https:\/\/meeplendice.net\/wp-content\/uploads\/2021\/12\/Railroadink_Electricity-300x300.png",300,300,true],"ashe-single-navigation":["https:\/\/meeplendice.net\/wp-content\/uploads\/2021\/12\/Railroadink_Electricity-75x75.png",75,75,true],"mailpoet_newsletter_max":["https:\/\/meeplendice.net\/wp-content\/uploads\/2021\/12\/Railroadink_Electricity.png",350,350,false],"rpwe-thumbnail":["https:\/\/meeplendice.net\/wp-content\/uploads\/2021\/12\/Railroadink_Electricity-45x45.png",45,45,true],"sow-carousel-default":["https:\/\/meeplendice.net\/wp-content\/uploads\/2021\/12\/Railroadink_Electricity-272x182.png",272,182,true],"rt_custom":["https:\/\/meeplendice.net\/wp-content\/uploads\/2021\/12\/Railroadink_Electricity.png",350,350,false]},"rttpg_author":{"display_name":"Karnby","author_link":"https:\/\/meeplendice.net\/?author=2"},"rttpg_comment":0,"rttpg_category":null,"rttpg_excerpt":"Utilisez les 4 d\u00e9s sp\u00e9ciaux du pack d&rsquo;extension \u00c9lectricit\u00e9 en plus de vos d\u00e9s de route habituels, et trouvez de nouvelles fa\u00e7ons de marquer des points : \u00a0\u00a0\u00a0 Lampadaire (2 d\u00e9s) : construisez des lampadaires et alimentez-les avec des g\u00e9n\u00e9rateurs pour \u00e9clairer votre plateau et marquer beaucoup de points ! \u00a0\u00a0\u00a0 R\u00e9seau \u00e9lectrique (2 d\u00e9s)\u2026","_links":{"self":[{"href":"https:\/\/meeplendice.net\/index.php?rest_route=\/wp\/v2\/pages\/8906","targetHints":{"allow":["GET"]}}],"collection":[{"href":"https:\/\/meeplendice.net\/index.php?rest_route=\/wp\/v2\/pages"}],"about":[{"href":"https:\/\/meeplendice.net\/index.php?rest_route=\/wp\/v2\/types\/page"}],"author":[{"embeddable":true,"href":"https:\/\/meeplendice.net\/index.php?rest_route=\/wp\/v2\/users\/2"}],"replies":[{"embeddable":true,"href":"https:\/\/meeplendice.net\/index.php?rest_route=%2Fwp%2Fv2%2Fcomments&post=8906"}],"version-history":[{"count":1,"href":"https:\/\/meeplendice.net\/index.php?rest_route=\/wp\/v2\/pages\/8906\/revisions"}],"predecessor-version":[{"id":8907,"href":"https:\/\/meeplendice.net\/index.php?rest_route=\/wp\/v2\/pages\/8906\/revisions\/8907"}],"up":[{"embeddable":true,"href":"https:\/\/meeplendice.net\/index.php?rest_route=\/wp\/v2\/pages\/4920"}],"wp:featuredmedia":[{"embeddable":true,"href":"https:\/\/meeplendice.net\/index.php?rest_route=\/wp\/v2\/media\/8887"}],"wp:attachment":[{"href":"https:\/\/meeplendice.net\/index.php?rest_route=%2Fwp%2Fv2%2Fmedia&parent=8906"}],"curies":[{"name":"wp","href":"https:\/\/api.w.org\/{rel}","templated":true}]}}