{"id":8912,"date":"2021-12-16T18:13:12","date_gmt":"2021-12-16T17:13:12","guid":{"rendered":"https:\/\/meeplendice.net\/?page_id=8912"},"modified":"2021-12-16T18:13:12","modified_gmt":"2021-12-16T17:13:12","slug":"perlae-imperii","status":"publish","type":"page","link":"https:\/\/meeplendice.net\/?page_id=8912","title":{"rendered":"Perlae Imperii"},"content":{"rendered":"<p><em>Le long d&rsquo;une c\u00f4te sauvage, un mage se pr\u00e9pare \u00e0 plonger au fond de l&rsquo;oc\u00e9an \u00e0 la recherche d&rsquo;une fabuleuse perle de pouvoir. Pendant ce temps, une draconiste se rend sur l&rsquo;\u00eele de Sang en qu\u00eate du plus ancien des dragons&#8230;<\/em><\/p>\n<p>Perlae Imperii seconde extension de Res Arcana, propose un nouveau type d&rsquo;essence &#8211; les perles &#8211; et prolonge le jeu jusqu\u2019\u00e0 13 points de victoire.<br \/>\nDe nouveaux mages, objets magiques, monuments, lieux de puissance et artefacts viennent aussi s&rsquo;ajouter \u00e0 vos partie.<span id=\"result_box\" class=\"\" lang=\"fr\"><\/span><\/p>\n","protected":false},"excerpt":{"rendered":"<p>Le long d&rsquo;une c\u00f4te sauvage, un mage se pr\u00e9pare \u00e0 plonger au fond de l&rsquo;oc\u00e9an \u00e0 la recherche d&rsquo;une fabuleuse perle de pouvoir. Pendant ce temps, une draconiste se rend sur l&rsquo;\u00eele de Sang en qu\u00eate du plus ancien des dragons&#8230; Perlae Imperii seconde extension de Res Arcana, propose un nouveau type d&rsquo;essence &#8211; les perles &#8211; et prolonge le jeu jusqu\u2019\u00e0 13 points de victoire. De nouveaux mages, objets magiques, monuments, lieux de puissance et artefacts viennent aussi s&rsquo;ajouter \u00e0 vos partie.<\/p>\n","protected":false},"author":2,"featured_media":8885,"parent":5020,"menu_order":1,"comment_status":"closed","ping_status":"closed","template":"","meta":{"footnotes":""},"class_list":["post-8912","page","type-page","status-publish","has-post-thumbnail","hentry"],"acf":[],"rttpg_featured_image_url":{"full":["https:\/\/meeplendice.net\/wp-content\/uploads\/2021\/12\/ResArcana_Perlaeimperii.png",350,350,false],"landscape":["https:\/\/meeplendice.net\/wp-content\/uploads\/2021\/12\/ResArcana_Perlaeimperii.png",350,350,false],"portraits":["https:\/\/meeplendice.net\/wp-content\/uploads\/2021\/12\/ResArcana_Perlaeimperii.png",350,350,false],"thumbnail":["https:\/\/meeplendice.net\/wp-content\/uploads\/2021\/12\/ResArcana_Perlaeimperii-150x150.png",150,150,true],"medium":["https:\/\/meeplendice.net\/wp-content\/uploads\/2021\/12\/ResArcana_Perlaeimperii-300x300.png",300,300,true],"large":["https:\/\/meeplendice.net\/wp-content\/uploads\/2021\/12\/ResArcana_Perlaeimperii.png",350,350,false],"ug_big":["https:\/\/meeplendice.net\/wp-content\/uploads\/2021\/12\/ResArcana_Perlaeimperii.png",350,350,false],"1536x1536":["https:\/\/meeplendice.net\/wp-content\/uploads\/2021\/12\/ResArcana_Perlaeimperii.png",350,350,false],"2048x2048":["https:\/\/meeplendice.net\/wp-content\/uploads\/2021\/12\/ResArcana_Perlaeimperii.png",350,350,false],"ashe-slider-grid-thumbnail":["https:\/\/meeplendice.net\/wp-content\/uploads\/2021\/12\/ResArcana_Perlaeimperii.png",350,350,false],"ashe-full-thumbnail":["https:\/\/meeplendice.net\/wp-content\/uploads\/2021\/12\/ResArcana_Perlaeimperii.png",350,350,false],"ashe-grid-thumbnail":["https:\/\/meeplendice.net\/wp-content\/uploads\/2021\/12\/ResArcana_Perlaeimperii-350x330.png",350,330,true],"ashe-list-thumbnail":["https:\/\/meeplendice.net\/wp-content\/uploads\/2021\/12\/ResArcana_Perlaeimperii-300x300.png",300,300,true],"ashe-single-navigation":["https:\/\/meeplendice.net\/wp-content\/uploads\/2021\/12\/ResArcana_Perlaeimperii-75x75.png",75,75,true],"mailpoet_newsletter_max":["https:\/\/meeplendice.net\/wp-content\/uploads\/2021\/12\/ResArcana_Perlaeimperii.png",350,350,false],"rpwe-thumbnail":["https:\/\/meeplendice.net\/wp-content\/uploads\/2021\/12\/ResArcana_Perlaeimperii-45x45.png",45,45,true],"sow-carousel-default":["https:\/\/meeplendice.net\/wp-content\/uploads\/2021\/12\/ResArcana_Perlaeimperii-272x182.png",272,182,true],"rt_custom":["https:\/\/meeplendice.net\/wp-content\/uploads\/2021\/12\/ResArcana_Perlaeimperii.png",350,350,false]},"rttpg_author":{"display_name":"Karnby","author_link":"https:\/\/meeplendice.net\/?author=2"},"rttpg_comment":0,"rttpg_category":null,"rttpg_excerpt":"Le long d&rsquo;une c\u00f4te sauvage, un mage se pr\u00e9pare \u00e0 plonger au fond de l&rsquo;oc\u00e9an \u00e0 la recherche d&rsquo;une fabuleuse perle de pouvoir. Pendant ce temps, une draconiste se rend sur l&rsquo;\u00eele de Sang en qu\u00eate du plus ancien des dragons&#8230; Perlae Imperii seconde extension de Res Arcana, propose un nouveau type d&rsquo;essence &#8211; les\u2026","_links":{"self":[{"href":"https:\/\/meeplendice.net\/index.php?rest_route=\/wp\/v2\/pages\/8912","targetHints":{"allow":["GET"]}}],"collection":[{"href":"https:\/\/meeplendice.net\/index.php?rest_route=\/wp\/v2\/pages"}],"about":[{"href":"https:\/\/meeplendice.net\/index.php?rest_route=\/wp\/v2\/types\/page"}],"author":[{"embeddable":true,"href":"https:\/\/meeplendice.net\/index.php?rest_route=\/wp\/v2\/users\/2"}],"replies":[{"embeddable":true,"href":"https:\/\/meeplendice.net\/index.php?rest_route=%2Fwp%2Fv2%2Fcomments&post=8912"}],"version-history":[{"count":1,"href":"https:\/\/meeplendice.net\/index.php?rest_route=\/wp\/v2\/pages\/8912\/revisions"}],"predecessor-version":[{"id":8913,"href":"https:\/\/meeplendice.net\/index.php?rest_route=\/wp\/v2\/pages\/8912\/revisions\/8913"}],"up":[{"embeddable":true,"href":"https:\/\/meeplendice.net\/index.php?rest_route=\/wp\/v2\/pages\/5020"}],"wp:featuredmedia":[{"embeddable":true,"href":"https:\/\/meeplendice.net\/index.php?rest_route=\/wp\/v2\/media\/8885"}],"wp:attachment":[{"href":"https:\/\/meeplendice.net\/index.php?rest_route=%2Fwp%2Fv2%2Fmedia&parent=8912"}],"curies":[{"name":"wp","href":"https:\/\/api.w.org\/{rel}","templated":true}]}}