{"id":9068,"date":"2022-01-16T18:01:00","date_gmt":"2022-01-16T17:01:00","guid":{"rendered":"https:\/\/meeplendice.net\/?page_id=9068"},"modified":"2022-05-31T20:30:21","modified_gmt":"2022-05-31T19:30:21","slug":"petit-peuple","status":"publish","type":"page","link":"https:\/\/meeplendice.net\/?page_id=9068","title":{"rendered":"Petits Peuples"},"content":{"rendered":"<div id=\"pl-9068\"  class=\"panel-layout\" ><div id=\"pg-9068-0\"  class=\"panel-grid panel-no-style\" ><div id=\"pgc-9068-0-0\"  class=\"panel-grid-cell\" ><div id=\"panel-9068-0-0-0\" class=\"so-panel widget widget_sow-editor panel-first-child panel-last-child\" data-index=\"0\" ><div\n\t\t\t\n\t\t\tclass=\"so-widget-sow-editor so-widget-sow-editor-base\"\n\t\t\t\n\t\t>\n<div class=\"siteorigin-widget-tinymce textwidget\">\n\t<p style=\"text-align: center;\"><strong>Nombre de joueurs :<\/strong><br \/>\n2 - 4<\/p>\n<\/div>\n<\/div><\/div><\/div><div id=\"pgc-9068-0-1\"  class=\"panel-grid-cell\" ><div id=\"panel-9068-0-1-0\" class=\"so-panel widget widget_sow-editor panel-first-child panel-last-child\" data-index=\"1\" ><div\n\t\t\t\n\t\t\tclass=\"so-widget-sow-editor so-widget-sow-editor-base\"\n\t\t\t\n\t\t>\n<div class=\"siteorigin-widget-tinymce textwidget\">\n\t<p style=\"text-align: center;\"><strong>Dur\u00e9e moyenne :<\/strong><br \/>\n60 min<\/p>\n<\/div>\n<\/div><\/div><\/div><div id=\"pgc-9068-0-2\"  class=\"panel-grid-cell\" ><div id=\"panel-9068-0-2-0\" class=\"so-panel widget widget_sow-editor panel-first-child panel-last-child\" data-index=\"2\" ><div\n\t\t\t\n\t\t\tclass=\"so-widget-sow-editor so-widget-sow-editor-base\"\n\t\t\t\n\t\t>\n<div class=\"siteorigin-widget-tinymce textwidget\">\n\t<p style=\"text-align: center;\"><strong>Age :<\/strong><br \/>\n10 ans et plus<\/p>\n<\/div>\n<\/div><\/div><\/div><\/div><div id=\"pg-9068-1\"  class=\"panel-grid panel-no-style\" ><div id=\"pgc-9068-1-0\"  class=\"panel-grid-cell\" ><div id=\"panel-9068-1-0-0\" class=\"so-panel widget widget_sow-editor panel-first-child panel-last-child\" data-index=\"3\" ><div\n\t\t\t\n\t\t\tclass=\"so-widget-sow-editor so-widget-sow-editor-base\"\n\t\t\t\n\t\t>\n<div class=\"siteorigin-widget-tinymce textwidget\">\n\t<p style=\"text-align: center;\"><strong>Auteur(s) :<br \/>\n<\/strong>Nathalie Saunier<br \/>\nR\u00e9mi Saunier<strong><br \/>\n<\/strong><\/p>\n<\/div>\n<\/div><\/div><\/div><div id=\"pgc-9068-1-1\"  class=\"panel-grid-cell\" ><div id=\"panel-9068-1-1-0\" class=\"so-panel widget widget_sow-editor panel-first-child panel-last-child\" data-index=\"4\" ><div\n\t\t\t\n\t\t\tclass=\"so-widget-sow-editor so-widget-sow-editor-base\"\n\t\t\t\n\t\t>\n<div class=\"siteorigin-widget-tinymce textwidget\">\n\t<p style=\"text-align: center;\"><strong>Illustrations :<\/strong><br \/>\nMaxime Morin<\/p>\n<\/div>\n<\/div><\/div><\/div><div id=\"pgc-9068-1-2\"  class=\"panel-grid-cell\" ><div id=\"panel-9068-1-2-0\" class=\"so-panel widget widget_sow-editor panel-first-child panel-last-child\" data-index=\"5\" ><div\n\t\t\t\n\t\t\tclass=\"so-widget-sow-editor so-widget-sow-editor-base\"\n\t\t\t\n\t\t>\n<div class=\"siteorigin-widget-tinymce textwidget\">\n\t<p style=\"text-align: center;\"><strong>\u00c9dition :<br \/>\n<\/strong>Bombyx<br \/>\n2021<\/p>\n<\/div>\n<\/div><\/div><\/div><div id=\"pgc-9068-1-3\"  class=\"panel-grid-cell\" ><div id=\"panel-9068-1-3-0\" class=\"so-panel widget widget_sow-editor panel-first-child panel-last-child\" data-index=\"6\" ><div\n\t\t\t\n\t\t\tclass=\"so-widget-sow-editor so-widget-sow-editor-base\"\n\t\t\t\n\t\t>\n<div class=\"siteorigin-widget-tinymce textwidget\">\n\t<p style=\"text-align: center;\"><strong>Version :<\/strong><br \/>\nFran\u00e7aise<\/p>\n<\/div>\n<\/div><\/div><\/div><\/div><div id=\"pg-9068-2\"  class=\"panel-grid panel-no-style\" ><div id=\"pgc-9068-2-0\"  class=\"panel-grid-cell\" ><div id=\"panel-9068-2-0-0\" class=\"so-panel widget widget_sow-editor panel-first-child panel-last-child\" data-index=\"7\" ><div\n\t\t\t\n\t\t\tclass=\"so-widget-sow-editor so-widget-sow-editor-base\"\n\t\t\t\n\t\t>\n<div class=\"siteorigin-widget-tinymce textwidget\">\n\t<hr \/>\n<p><em>Les petits peuples exil\u00e9s de la for\u00eat ont trouv\u00e9 abri dans un jardin abandonn\u00e9 pour y b\u00e2tir une nouvelle ville. En quelques semaines les cagettes en bois se changent en appartements, le vieux transistor en guinguette, la cafeti\u00e8re en beffroi\u2026 Mais tr\u00e8s vite chaque peuple veut prendre le pouvoir par tous les moyens : la r\u00e9alisation de projets communs, le contr\u00f4le de territoires, les missions secr\u00e8tes et m\u00eame l\u2019invasion des b\u00e2timents adverses.<\/em><\/p>\n<p>Les quatre peuples souhaitent b\u00e2tir une ville sur les sept territoires du jardin.<br \/>\nMais chacun cherche \u00e0 prendre le dessus. Les joueurs construisent des b\u00e2timents en r\u00e9am\u00e9nageant des cafeti\u00e8res ou des mangeoires \u00e0 oiseau, pour r\u00e9aliser les projets communs et les missions secr\u00e8tes.<br \/>\nIls devront aussi prendre le contr\u00f4le de territoires et envahir les immeubles adverses.<br \/>\nLes joueurs vont progressivement cr\u00e9er une petite ville sur le plateau de jeu avec un syst\u00e8me de jeu atypique : en choisissant l'emplacement de son action, le joueur d\u00e9termine o\u00f9 l'action suivante sera effectu\u00e9e. De plus, le joueur actif d\u00e9cide qui sera le prochain joueur !<\/p>\n<\/div>\n<\/div><\/div><\/div><\/div><div id=\"pg-9068-3\"  class=\"panel-grid panel-no-style\" ><div id=\"pgc-9068-3-0\"  class=\"panel-grid-cell\" ><div id=\"panel-9068-3-0-0\" class=\"so-panel widget widget_sow-editor panel-first-child panel-last-child\" data-index=\"8\" ><div\n\t\t\t\n\t\t\tclass=\"so-widget-sow-editor so-widget-sow-editor-base\"\n\t\t\t\n\t\t>\n<div class=\"siteorigin-widget-tinymce textwidget\">\n\t<hr \/>\n<h3 style=\"text-align: center;\">En vid\u00e9o<\/h3>\n<p><a href=\"https:\/\/www.youtube.com\/watch?v=xatY0NagWc4\" target=\"_blank\" rel=\"noopener\"><img loading=\"lazy\" decoding=\"async\" class=\"alignnone size-full wp-image-9090\" src=\"https:\/\/meeplendice.net\/wp-content\/uploads\/2022\/01\/Link_CJ_v2.png\" alt=\"\" width=\"200\" height=\"170\" \/><\/a><\/p>\n<\/div>\n<\/div><\/div><\/div><\/div><div id=\"pg-9068-4\"  class=\"panel-grid panel-no-style\" ><div id=\"pgc-9068-4-0\"  class=\"panel-grid-cell\" ><div id=\"panel-9068-4-0-0\" class=\"so-panel widget widget_sow-editor panel-first-child panel-last-child\" data-index=\"9\" ><div\n\t\t\t\n\t\t\tclass=\"so-widget-sow-editor so-widget-sow-editor-base\"\n\t\t\t\n\t\t>\n<div class=\"siteorigin-widget-tinymce textwidget\">\n\t<hr \/>\n<h3 style=\"text-align: center;\">Pour aller plus loin<\/h3>\n<\/div>\n<\/div><\/div><\/div><\/div><\/div>","protected":false},"excerpt":{"rendered":"<p>Nombre de joueurs : 2 &#8211; 4 Dur\u00e9e moyenne : 60 min Age : 10 ans et plus Auteur(s) : Nathalie Saunier R\u00e9mi Saunier Illustrations : Maxime Morin \u00c9dition : Bombyx 2021 Version : Fran\u00e7aise<\/p>\n","protected":false},"author":2,"featured_media":9072,"parent":0,"menu_order":0,"comment_status":"closed","ping_status":"closed","template":"","meta":{"footnotes":""},"class_list":["post-9068","page","type-page","status-publish","has-post-thumbnail","hentry"],"acf":[],"rttpg_featured_image_url":{"full":["https:\/\/meeplendice.net\/wp-content\/uploads\/2022\/01\/Petit_Peuple.png",350,350,false],"landscape":["https:\/\/meeplendice.net\/wp-content\/uploads\/2022\/01\/Petit_Peuple.png",350,350,false],"portraits":["https:\/\/meeplendice.net\/wp-content\/uploads\/2022\/01\/Petit_Peuple.png",350,350,false],"thumbnail":["https:\/\/meeplendice.net\/wp-content\/uploads\/2022\/01\/Petit_Peuple-150x150.png",150,150,true],"medium":["https:\/\/meeplendice.net\/wp-content\/uploads\/2022\/01\/Petit_Peuple-300x300.png",300,300,true],"large":["https:\/\/meeplendice.net\/wp-content\/uploads\/2022\/01\/Petit_Peuple.png",350,350,false],"ug_big":["https:\/\/meeplendice.net\/wp-content\/uploads\/2022\/01\/Petit_Peuple.png",350,350,false],"1536x1536":["https:\/\/meeplendice.net\/wp-content\/uploads\/2022\/01\/Petit_Peuple.png",350,350,false],"2048x2048":["https:\/\/meeplendice.net\/wp-content\/uploads\/2022\/01\/Petit_Peuple.png",350,350,false],"ashe-slider-grid-thumbnail":["https:\/\/meeplendice.net\/wp-content\/uploads\/2022\/01\/Petit_Peuple.png",350,350,false],"ashe-full-thumbnail":["https:\/\/meeplendice.net\/wp-content\/uploads\/2022\/01\/Petit_Peuple.png",350,350,false],"ashe-grid-thumbnail":["https:\/\/meeplendice.net\/wp-content\/uploads\/2022\/01\/Petit_Peuple-350x330.png",350,330,true],"ashe-list-thumbnail":["https:\/\/meeplendice.net\/wp-content\/uploads\/2022\/01\/Petit_Peuple-300x300.png",300,300,true],"ashe-single-navigation":["https:\/\/meeplendice.net\/wp-content\/uploads\/2022\/01\/Petit_Peuple-75x75.png",75,75,true],"mailpoet_newsletter_max":["https:\/\/meeplendice.net\/wp-content\/uploads\/2022\/01\/Petit_Peuple.png",350,350,false],"rpwe-thumbnail":["https:\/\/meeplendice.net\/wp-content\/uploads\/2022\/01\/Petit_Peuple-45x45.png",45,45,true],"sow-carousel-default":["https:\/\/meeplendice.net\/wp-content\/uploads\/2022\/01\/Petit_Peuple-272x182.png",272,182,true],"rt_custom":["https:\/\/meeplendice.net\/wp-content\/uploads\/2022\/01\/Petit_Peuple.png",350,350,false]},"rttpg_author":{"display_name":"Karnby","author_link":"https:\/\/meeplendice.net\/?author=2"},"rttpg_comment":0,"rttpg_category":null,"rttpg_excerpt":"Nombre de joueurs : 2 - 4 Dur\u00e9e moyenne : 60 min Age : 10 ans et plus Auteur(s) : Nathalie Saunier R\u00e9mi Saunier Illustrations : Maxime Morin \u00c9dition : Bombyx 2021 Version : Fran\u00e7aise","_links":{"self":[{"href":"https:\/\/meeplendice.net\/index.php?rest_route=\/wp\/v2\/pages\/9068","targetHints":{"allow":["GET"]}}],"collection":[{"href":"https:\/\/meeplendice.net\/index.php?rest_route=\/wp\/v2\/pages"}],"about":[{"href":"https:\/\/meeplendice.net\/index.php?rest_route=\/wp\/v2\/types\/page"}],"author":[{"embeddable":true,"href":"https:\/\/meeplendice.net\/index.php?rest_route=\/wp\/v2\/users\/2"}],"replies":[{"embeddable":true,"href":"https:\/\/meeplendice.net\/index.php?rest_route=%2Fwp%2Fv2%2Fcomments&post=9068"}],"version-history":[{"count":7,"href":"https:\/\/meeplendice.net\/index.php?rest_route=\/wp\/v2\/pages\/9068\/revisions"}],"predecessor-version":[{"id":9949,"href":"https:\/\/meeplendice.net\/index.php?rest_route=\/wp\/v2\/pages\/9068\/revisions\/9949"}],"wp:featuredmedia":[{"embeddable":true,"href":"https:\/\/meeplendice.net\/index.php?rest_route=\/wp\/v2\/media\/9072"}],"wp:attachment":[{"href":"https:\/\/meeplendice.net\/index.php?rest_route=%2Fwp%2Fv2%2Fmedia&parent=9068"}],"curies":[{"name":"wp","href":"https:\/\/api.w.org\/{rel}","templated":true}]}}