{"id":9105,"date":"2022-01-18T15:59:13","date_gmt":"2022-01-18T14:59:13","guid":{"rendered":"https:\/\/meeplendice.net\/?page_id=9105"},"modified":"2024-02-03T23:39:41","modified_gmt":"2024-02-03T22:39:41","slug":"sondage_01","status":"publish","type":"page","link":"https:\/\/meeplendice.net\/?page_id=9105","title":{"rendered":"Sondages"},"content":{"rendered":"<p style=\"text-align: center;\"><div class='bootstrap-yop yop-poll-mc'>\n\t\t\t\t\t\t\t<div class=\"basic-yop-poll-container\" style=\"background-color:#ffffff; border:1px; border-style:solid; border-color:#000000; border-radius:0px; padding:10px 10px;\" data-id=\"22\" data-temp=\"basic\" data-skin=\"minimal\" data-cscheme=\"black\" data-cap=\"0\" data-access=\"wordpress\" data-tid=\"\" data-uid=\"d77b307c2b5d9004c05d1b2ecc69748c\" data-pid=\"9105\" data-resdet=\"percentages\" data-show-results-to=\"registered\" data-show-results-moment=\"after-vote,after-end-date\" data-show-results-only=\"false\" data-show-message=\"true\" data-show-results-as=\"bar\" data-sort-results-by=\"number-of-votes\" data-sort-results-rule=\"desc\"data-is-ended=\"1\" data-gdpr=\"no\" data-gdpr-sol=\"consent\" data-css=\".basic-yop-poll-container[data-uid] .basic-vote { text-align: center; } .basic-yop-poll-container[data-uid] .basic-question-title h5 { background-color: ; padding: 5px 0; }\" data-counter=\"0\" data-load-with=\"1\" data-notification-section=\"bottom\"><div class=\"row\"><div class=\"col-md-12\"><div class=\"basic-inner\"><div class=\"basic-overlay hide\"><div class=\"basic-vote-options\"><\/div><div class=\"basic-preloader\"><div class=\"basic-windows8\"><div class=\"basic-wBall basic-wBall_1\"><div class=\"basic-wInnerBall\"><\/div><\/div><div class=\"basic-wBall basic-wBall_2\"><div class=\"basic-wInnerBall\"><\/div><\/div><div class=\"basic-wBall basic-wBall_3\"><div class=\"basic-wInnerBall\"><\/div><\/div><div class=\"basic-wBall basic-wBall_4\"><div class=\"basic-wInnerBall\"><\/div><\/div><div class=\"basic-wBall basic-wBall_5\"><div class=\"basic-wInnerBall\"><\/div><\/div><\/div><\/div><\/div><form class=\"basic-form\"><input type=\"hidden\" name=\"_token\" value=\"49c3df4437\" autocomplete=\"off\"><div class=\"basic-elements\"><div class=\"basic-element basic-question basic-question-text-vertical\" data-id=\"47\" data-uid=\"7899eae428a68f3ce38312d971698675\" data-type=\"question\" data-question-type=\"text\" data-allow-multiple=\"yes\" data-min=\"1\" data-max=\"1\" data-display=\"vertical\" data-colnum=\"2\" data-display-others=\"no\" data-others-color=\"\" data-others=\"\"><div role=\"heading\" aria-level=\"5\" class=\"basic-question-title\" style=\"color:#000000; font-size:24px; font-weight:normal; text-align:center;\">Mars, vous seriez plut\u00f4t... (cl\u00f4ture le 25\/01)<\/div><ul class=\"basic-answers\"><li class=\"basic-answer\" style=\"padding:0px 0px;\" data-id=\"202\" data-type=\"text\" data-vn=\"1\" data-color=\"#33bee5\" data-make-link=\"no\" data-link=\"\"><div class=\"basic-answer-content basic-text-vertical\"><label for=\"answer[202]\" class=\"basic-answer-label\"><input type=\"checkbox\" id=\"answer[202]\" name=\"answer[47]\" value=\"202\"  autocomplete=\"off\"><span class=\"basic-text\" style=\"color: #000000; font-size: 14px; font-weight: normal;\" tabindex=\"0\">Terraforming Mars... sous tous les angles !<\/span><\/label><\/div><\/li><li class=\"basic-answer\" style=\"padding:0px 0px;\" data-id=\"208\" data-type=\"text\" data-vn=\"0\" data-color=\"#33bee5\" data-make-link=\"no\" data-link=\"\"><div class=\"basic-answer-content basic-text-vertical\"><label for=\"answer[208]\" class=\"basic-answer-label\"><input type=\"checkbox\" id=\"answer[208]\" name=\"answer[47]\" value=\"208\"  autocomplete=\"off\"><span class=\"basic-text\" style=\"color: #000000; font-size: 14px; font-weight: normal;\" tabindex=\"0\">Des drakkars, des cornes &amp; des haches !<\/span><\/label><\/div><\/li><li class=\"basic-answer\" style=\"padding:0px 0px;\" data-id=\"209\" data-type=\"text\" data-vn=\"0\" data-color=\"#33bee5\" data-make-link=\"no\" data-link=\"\"><div class=\"basic-answer-content basic-text-vertical\"><label for=\"answer[209]\" class=\"basic-answer-label\"><input type=\"checkbox\" id=\"answer[209]\" name=\"answer[47]\" value=\"209\"  autocomplete=\"off\"><span class=\"basic-text\" style=\"color: #000000; font-size: 14px; font-weight: normal;\" tabindex=\"0\">Je m&#039;en bat le Meeple =)<\/span><\/label><\/div><\/li><\/ul><\/div><div class=\"clearfix\"><\/div><\/div><div class=\"basic-message \" style=\"border-left: 10px solid #ca9b52; padding: 0px 10px;\" data-error=\"#ff0000\" data-success=\"#ca9b52\"><p class=\"basic-message-text\" style=\"color:#000000; font-size:14px; font-weight:normal;\">This poll is no longer accepting votes<\/p><\/div><div class=\"basic-vote\"><a href=\"#\" class=\"button basic-vote-button\" role=\"button\" style=\"background:#ca9b52; border:0px; border-style: solid; border-color:#000000; border-radius:0px; padding:5px 10px; color:#ffffff; font-size:14px; font-weight:normal;\">Merci ! \ud83d\ude42<\/a><\/div><\/form><div class=\"yop-poll-modal\"><div class=\"yop-poll-modal-content\"><div class=\"yop-poll-modal-header\"><span class=\"yop-poll-modal-close\">&times;<\/span><\/div><div class=\"yop-poll-modal-body\"><div class=\"yop-poll-form-group\"><label class=\"yop-poll-user-or-email-label\">Username or Email Address<\/label><input type=\"text\" class=\"yop-poll-user-or-email-input\" autocomplete=\"off\"><\/div><div class=\"yop-poll-form-group\"><label class=\"yop-poll-password-label\">Password<\/label><input type=\"password\" class=\"yop-poll-password-input\" autocomplete=\"off\"><\/div><div class=\"yop-poll-form-group submit\"><button class=\"button button-primary button-large yop-poll-login-button\">Log In<\/button><\/div><div class=\"yop-poll-form-group yop-poll-section-login-options\"><p><a href=\"https:\/\/meeplendice.net\/wp-login.php?action=register\" target=\"_blank\">No account? Register here<\/a><\/p><p><a href=\"https:\/\/meeplendice.net\/wp-login.php?action=lostpassword\" target=\"_blank\">Forgot password<\/a><\/p><\/div><\/div><\/div><\/div><\/div><\/div><\/div><\/div>\n\t\t\t\t\t\t<\/div>\n<h3 style=\"text-align: center;\">Sondages pr\u00e9c\u00e9dents<\/h3>\n<p style=\"text-align: center;\"><div class='bootstrap-yop yop-poll-mc'>\n\t\t\t\t\t\t\t<div class=\"basic-yop-poll-container\" style=\"background-color:#ffffff; border:1px; border-style:solid; border-color:#000000; border-radius:0px; padding:10px 10px;\" data-id=\"21\" data-temp=\"basic\" data-skin=\"minimal\" data-cscheme=\"black\" data-cap=\"0\" data-access=\"wordpress\" data-tid=\"\" data-uid=\"fab31b75553d4305af4cc1ee0c576807\" data-pid=\"9105\" data-resdet=\"percentages\" data-show-results-to=\"registered\" data-show-results-moment=\"after-vote,after-end-date\" data-show-results-only=\"false\" data-show-message=\"true\" data-show-results-as=\"bar\" data-sort-results-by=\"number-of-votes\" data-sort-results-rule=\"desc\"data-is-ended=\"1\" data-gdpr=\"no\" data-gdpr-sol=\"consent\" data-css=\".basic-yop-poll-container[data-uid] .basic-vote { text-align: center; } .basic-yop-poll-container[data-uid] .basic-question-title h5 { background-color: ; padding: 5px 0; }\" data-counter=\"0\" data-load-with=\"1\" data-notification-section=\"bottom\"><div class=\"row\"><div class=\"col-md-12\"><div class=\"basic-inner\"><div class=\"basic-overlay hide\"><div class=\"basic-vote-options\"><\/div><div class=\"basic-preloader\"><div class=\"basic-windows8\"><div class=\"basic-wBall basic-wBall_1\"><div class=\"basic-wInnerBall\"><\/div><\/div><div class=\"basic-wBall basic-wBall_2\"><div class=\"basic-wInnerBall\"><\/div><\/div><div class=\"basic-wBall basic-wBall_3\"><div class=\"basic-wInnerBall\"><\/div><\/div><div class=\"basic-wBall basic-wBall_4\"><div class=\"basic-wInnerBall\"><\/div><\/div><div class=\"basic-wBall basic-wBall_5\"><div class=\"basic-wInnerBall\"><\/div><\/div><\/div><\/div><\/div><form class=\"basic-form\"><input type=\"hidden\" name=\"_token\" value=\"6b17073533\" autocomplete=\"off\"><div class=\"basic-elements\"><div class=\"basic-element basic-question basic-question-text-vertical\" data-id=\"46\" data-uid=\"29b2d38a480950b3f3776435b243ffa7\" data-type=\"question\" data-question-type=\"text\" data-allow-multiple=\"yes\" data-min=\"1\" data-max=\"1\" data-display=\"vertical\" data-colnum=\"2\" data-display-others=\"no\" data-others-color=\"\" data-others=\"\"><div role=\"heading\" aria-level=\"5\" class=\"basic-question-title\" style=\"color:#000000; font-size:24px; font-weight:normal; text-align:center;\">F\u00e9vrier, vous seriez plut\u00f4t... (cl\u00f4ture le 25\/01)<\/div><ul class=\"basic-answers\"><li class=\"basic-answer\" style=\"padding:0px 0px;\" data-id=\"193\" data-type=\"text\" data-vn=\"0\" data-color=\"#33bee5\" data-make-link=\"no\" data-link=\"\"><div class=\"basic-answer-content basic-text-vertical\"><label for=\"answer[193]\" class=\"basic-answer-label\"><input type=\"checkbox\" id=\"answer[193]\" name=\"answer[46]\" value=\"193\"  autocomplete=\"off\"><span class=\"basic-text\" style=\"color: #000000; font-size: 14px; font-weight: normal;\" tabindex=\"0\">Floril\u00e8le de jeu \u00e0 2 joueurs<\/span><\/label><\/div><\/li><li class=\"basic-answer\" style=\"padding:0px 0px;\" data-id=\"199\" data-type=\"text\" data-vn=\"3\" data-color=\"#33bee5\" data-make-link=\"no\" data-link=\"\"><div class=\"basic-answer-content basic-text-vertical\"><label for=\"answer[199]\" class=\"basic-answer-label\"><input type=\"checkbox\" id=\"answer[199]\" name=\"answer[46]\" value=\"199\"  autocomplete=\"off\"><span class=\"basic-text\" style=\"color: #000000; font-size: 14px; font-weight: normal;\" tabindex=\"0\">Voyage au pays du soleil levant<\/span><\/label><\/div><\/li><li class=\"basic-answer\" style=\"padding:0px 0px;\" data-id=\"200\" data-type=\"text\" data-vn=\"0\" data-color=\"#33bee5\" data-make-link=\"no\" data-link=\"\"><div class=\"basic-answer-content basic-text-vertical\"><label for=\"answer[200]\" class=\"basic-answer-label\"><input type=\"checkbox\" id=\"answer[200]\" name=\"answer[46]\" value=\"200\"  autocomplete=\"off\"><span class=\"basic-text\" style=\"color: #000000; font-size: 14px; font-weight: normal;\" tabindex=\"0\">Je m&#039;en bat le Meeple =)<\/span><\/label><\/div><\/li><\/ul><\/div><div class=\"clearfix\"><\/div><\/div><div class=\"basic-message \" style=\"border-left: 10px solid #ca9b52; padding: 0px 10px;\" data-error=\"#ff0000\" data-success=\"#ca9b52\"><p class=\"basic-message-text\" style=\"color:#000000; font-size:14px; font-weight:normal;\">This poll is no longer accepting votes<\/p><\/div><div class=\"basic-vote\"><a href=\"#\" class=\"button basic-vote-button\" role=\"button\" style=\"background:#ca9b52; border:0px; border-style: solid; border-color:#000000; border-radius:0px; padding:5px 10px; color:#ffffff; font-size:14px; font-weight:normal;\">Merci ! \ud83d\ude42<\/a><\/div><\/form><div class=\"yop-poll-modal\"><div class=\"yop-poll-modal-content\"><div class=\"yop-poll-modal-header\"><span class=\"yop-poll-modal-close\">&times;<\/span><\/div><div class=\"yop-poll-modal-body\"><div class=\"yop-poll-form-group\"><label class=\"yop-poll-user-or-email-label\">Username or Email Address<\/label><input type=\"text\" class=\"yop-poll-user-or-email-input\" autocomplete=\"off\"><\/div><div class=\"yop-poll-form-group\"><label class=\"yop-poll-password-label\">Password<\/label><input type=\"password\" class=\"yop-poll-password-input\" autocomplete=\"off\"><\/div><div class=\"yop-poll-form-group submit\"><button class=\"button button-primary button-large yop-poll-login-button\">Log In<\/button><\/div><div class=\"yop-poll-form-group yop-poll-section-login-options\"><p><a href=\"https:\/\/meeplendice.net\/wp-login.php?action=register\" target=\"_blank\">No account? Register here<\/a><\/p><p><a href=\"https:\/\/meeplendice.net\/wp-login.php?action=lostpassword\" target=\"_blank\">Forgot password<\/a><\/p><\/div><\/div><\/div><\/div><\/div><\/div><\/div><\/div>\n\t\t\t\t\t\t<\/div>\n","protected":false},"excerpt":{"rendered":"<p>Sondages pr\u00e9c\u00e9dents<\/p>\n","protected":false},"author":2,"featured_media":0,"parent":0,"menu_order":0,"comment_status":"closed","ping_status":"closed","template":"","meta":{"footnotes":""},"class_list":["post-9105","page","type-page","status-publish","hentry"],"acf":[],"rttpg_featured_image_url":null,"rttpg_author":{"display_name":"Karnby","author_link":"https:\/\/meeplendice.net\/?author=2"},"rttpg_comment":0,"rttpg_category":null,"rttpg_excerpt":"Sondages pr\u00e9c\u00e9dents","_links":{"self":[{"href":"https:\/\/meeplendice.net\/index.php?rest_route=\/wp\/v2\/pages\/9105","targetHints":{"allow":["GET"]}}],"collection":[{"href":"https:\/\/meeplendice.net\/index.php?rest_route=\/wp\/v2\/pages"}],"about":[{"href":"https:\/\/meeplendice.net\/index.php?rest_route=\/wp\/v2\/types\/page"}],"author":[{"embeddable":true,"href":"https:\/\/meeplendice.net\/index.php?rest_route=\/wp\/v2\/users\/2"}],"replies":[{"embeddable":true,"href":"https:\/\/meeplendice.net\/index.php?rest_route=%2Fwp%2Fv2%2Fcomments&post=9105"}],"version-history":[{"count":23,"href":"https:\/\/meeplendice.net\/index.php?rest_route=\/wp\/v2\/pages\/9105\/revisions"}],"predecessor-version":[{"id":11848,"href":"https:\/\/meeplendice.net\/index.php?rest_route=\/wp\/v2\/pages\/9105\/revisions\/11848"}],"wp:attachment":[{"href":"https:\/\/meeplendice.net\/index.php?rest_route=%2Fwp%2Fv2%2Fmedia&parent=9105"}],"curies":[{"name":"wp","href":"https:\/\/api.w.org\/{rel}","templated":true}]}}