{"id":9124,"date":"2022-01-18T18:57:47","date_gmt":"2022-01-18T17:57:47","guid":{"rendered":"https:\/\/meeplendice.net\/?page_id=9124"},"modified":"2022-01-18T19:06:04","modified_gmt":"2022-01-18T18:06:04","slug":"extension-autumn-winter","status":"publish","type":"page","link":"https:\/\/meeplendice.net\/?page_id=9124","title":{"rendered":"Extension Autumn &#038; Winter"},"content":{"rendered":"<p>Apr\u00e8s avoir d\u00e9couvert la premi\u00e8re plan\u00e8te de Demeter et \u00e9tudi\u00e9 une partie de sa faune, l\u2019exp\u00e9dition s\u2019installe pour une longue ann\u00e9e d\u2019\u00e9tudes.<br \/>\nDe nouveaux dinosaures ainsi qu\u2019un hiver rigoureux viendront-ils \u00e0 bout de votre soif de d\u00e9couverte et de recherche ?<\/p>\n","protected":false},"excerpt":{"rendered":"<p>Apr\u00e8s avoir d\u00e9couvert la premi\u00e8re plan\u00e8te de Demeter et \u00e9tudi\u00e9 une partie de sa faune, l\u2019exp\u00e9dition s\u2019installe pour une longue ann\u00e9e d\u2019\u00e9tudes. De nouveaux dinosaures ainsi qu\u2019un hiver rigoureux viendront-ils \u00e0 bout de votre soif de d\u00e9couverte et de recherche ?<\/p>\n","protected":false},"author":2,"featured_media":8924,"parent":0,"menu_order":1,"comment_status":"closed","ping_status":"closed","template":"","meta":{"footnotes":""},"class_list":["post-9124","page","type-page","status-publish","has-post-thumbnail","hentry"],"acf":[],"rttpg_featured_image_url":{"full":["https:\/\/meeplendice.net\/wp-content\/uploads\/2022\/01\/Demeter_AutumnWinter.png",350,350,false],"landscape":["https:\/\/meeplendice.net\/wp-content\/uploads\/2022\/01\/Demeter_AutumnWinter.png",350,350,false],"portraits":["https:\/\/meeplendice.net\/wp-content\/uploads\/2022\/01\/Demeter_AutumnWinter.png",350,350,false],"thumbnail":["https:\/\/meeplendice.net\/wp-content\/uploads\/2022\/01\/Demeter_AutumnWinter-150x150.png",150,150,true],"medium":["https:\/\/meeplendice.net\/wp-content\/uploads\/2022\/01\/Demeter_AutumnWinter-300x300.png",300,300,true],"large":["https:\/\/meeplendice.net\/wp-content\/uploads\/2022\/01\/Demeter_AutumnWinter.png",350,350,false],"ug_big":["https:\/\/meeplendice.net\/wp-content\/uploads\/2022\/01\/Demeter_AutumnWinter.png",350,350,false],"1536x1536":["https:\/\/meeplendice.net\/wp-content\/uploads\/2022\/01\/Demeter_AutumnWinter.png",350,350,false],"2048x2048":["https:\/\/meeplendice.net\/wp-content\/uploads\/2022\/01\/Demeter_AutumnWinter.png",350,350,false],"ashe-slider-grid-thumbnail":["https:\/\/meeplendice.net\/wp-content\/uploads\/2022\/01\/Demeter_AutumnWinter.png",350,350,false],"ashe-full-thumbnail":["https:\/\/meeplendice.net\/wp-content\/uploads\/2022\/01\/Demeter_AutumnWinter.png",350,350,false],"ashe-grid-thumbnail":["https:\/\/meeplendice.net\/wp-content\/uploads\/2022\/01\/Demeter_AutumnWinter-350x330.png",350,330,true],"ashe-list-thumbnail":["https:\/\/meeplendice.net\/wp-content\/uploads\/2022\/01\/Demeter_AutumnWinter-300x300.png",300,300,true],"ashe-single-navigation":["https:\/\/meeplendice.net\/wp-content\/uploads\/2022\/01\/Demeter_AutumnWinter-75x75.png",75,75,true],"mailpoet_newsletter_max":["https:\/\/meeplendice.net\/wp-content\/uploads\/2022\/01\/Demeter_AutumnWinter.png",350,350,false],"rpwe-thumbnail":["https:\/\/meeplendice.net\/wp-content\/uploads\/2022\/01\/Demeter_AutumnWinter-45x45.png",45,45,true],"sow-carousel-default":["https:\/\/meeplendice.net\/wp-content\/uploads\/2022\/01\/Demeter_AutumnWinter-272x182.png",272,182,true],"rt_custom":["https:\/\/meeplendice.net\/wp-content\/uploads\/2022\/01\/Demeter_AutumnWinter.png",350,350,false]},"rttpg_author":{"display_name":"Karnby","author_link":"https:\/\/meeplendice.net\/?author=2"},"rttpg_comment":0,"rttpg_category":null,"rttpg_excerpt":"Apr\u00e8s avoir d\u00e9couvert la premi\u00e8re plan\u00e8te de Demeter et \u00e9tudi\u00e9 une partie de sa faune, l\u2019exp\u00e9dition s\u2019installe pour une longue ann\u00e9e d\u2019\u00e9tudes. De nouveaux dinosaures ainsi qu\u2019un hiver rigoureux viendront-ils \u00e0 bout de votre soif de d\u00e9couverte et de recherche ?","_links":{"self":[{"href":"https:\/\/meeplendice.net\/index.php?rest_route=\/wp\/v2\/pages\/9124","targetHints":{"allow":["GET"]}}],"collection":[{"href":"https:\/\/meeplendice.net\/index.php?rest_route=\/wp\/v2\/pages"}],"about":[{"href":"https:\/\/meeplendice.net\/index.php?rest_route=\/wp\/v2\/types\/page"}],"author":[{"embeddable":true,"href":"https:\/\/meeplendice.net\/index.php?rest_route=\/wp\/v2\/users\/2"}],"replies":[{"embeddable":true,"href":"https:\/\/meeplendice.net\/index.php?rest_route=%2Fwp%2Fv2%2Fcomments&post=9124"}],"version-history":[{"count":1,"href":"https:\/\/meeplendice.net\/index.php?rest_route=\/wp\/v2\/pages\/9124\/revisions"}],"predecessor-version":[{"id":9127,"href":"https:\/\/meeplendice.net\/index.php?rest_route=\/wp\/v2\/pages\/9124\/revisions\/9127"}],"wp:featuredmedia":[{"embeddable":true,"href":"https:\/\/meeplendice.net\/index.php?rest_route=\/wp\/v2\/media\/8924"}],"wp:attachment":[{"href":"https:\/\/meeplendice.net\/index.php?rest_route=%2Fwp%2Fv2%2Fmedia&parent=9124"}],"curies":[{"name":"wp","href":"https:\/\/api.w.org\/{rel}","templated":true}]}}