{"id":9125,"date":"2022-01-18T19:19:31","date_gmt":"2022-01-18T18:19:31","guid":{"rendered":"https:\/\/meeplendice.net\/?page_id=9125"},"modified":"2022-01-18T19:30:12","modified_gmt":"2022-01-18T18:30:12","slug":"imhotep-le-duel","status":"publish","type":"page","link":"https:\/\/meeplendice.net\/?page_id=9125","title":{"rendered":"Imhotep &#8211; Le Duel"},"content":{"rendered":"<div id=\"pl-9125\"  class=\"panel-layout\" ><div id=\"pg-9125-0\"  class=\"panel-grid panel-no-style\" ><div id=\"pgc-9125-0-0\"  class=\"panel-grid-cell\" ><div id=\"panel-9125-0-0-0\" class=\"so-panel widget widget_sow-editor panel-first-child panel-last-child\" data-index=\"0\" ><div\n\t\t\t\n\t\t\tclass=\"so-widget-sow-editor so-widget-sow-editor-base\"\n\t\t\t\n\t\t>\n<div class=\"siteorigin-widget-tinymce textwidget\">\n\t<p style=\"text-align: center;\"><strong>Nombre de joueurs :<\/strong><br \/>\n2 - 2<\/p>\n<\/div>\n<\/div><\/div><\/div><div id=\"pgc-9125-0-1\"  class=\"panel-grid-cell\" ><div id=\"panel-9125-0-1-0\" class=\"so-panel widget widget_sow-editor panel-first-child panel-last-child\" data-index=\"1\" ><div\n\t\t\t\n\t\t\tclass=\"so-widget-sow-editor so-widget-sow-editor-base\"\n\t\t\t\n\t\t>\n<div class=\"siteorigin-widget-tinymce textwidget\">\n\t<p style=\"text-align: center;\"><strong>Dur\u00e9e moyenne :<\/strong><br \/>\n30 min<\/p>\n<\/div>\n<\/div><\/div><\/div><div id=\"pgc-9125-0-2\"  class=\"panel-grid-cell\" ><div id=\"panel-9125-0-2-0\" class=\"so-panel widget widget_sow-editor panel-first-child panel-last-child\" data-index=\"2\" ><div\n\t\t\t\n\t\t\tclass=\"so-widget-sow-editor so-widget-sow-editor-base\"\n\t\t\t\n\t\t>\n<div class=\"siteorigin-widget-tinymce textwidget\">\n\t<p style=\"text-align: center;\"><strong>Age :<\/strong><br \/>\n10 ans et plus<\/p>\n<\/div>\n<\/div><\/div><\/div><\/div><div id=\"pg-9125-1\"  class=\"panel-grid panel-no-style\" ><div id=\"pgc-9125-1-0\"  class=\"panel-grid-cell\" ><div id=\"panel-9125-1-0-0\" class=\"so-panel widget widget_sow-editor panel-first-child panel-last-child\" data-index=\"3\" ><div\n\t\t\t\n\t\t\tclass=\"so-widget-sow-editor so-widget-sow-editor-base\"\n\t\t\t\n\t\t>\n<div class=\"siteorigin-widget-tinymce textwidget\">\n\t<p style=\"text-align: center;\"><strong>Auteur(s) :<br \/>\n<\/strong>Phil Walker-Harding<\/p>\n<\/div>\n<\/div><\/div><\/div><div id=\"pgc-9125-1-1\"  class=\"panel-grid-cell\" ><div id=\"panel-9125-1-1-0\" class=\"so-panel widget widget_sow-editor panel-first-child panel-last-child\" data-index=\"4\" ><div\n\t\t\t\n\t\t\tclass=\"so-widget-sow-editor so-widget-sow-editor-base\"\n\t\t\t\n\t\t>\n<div class=\"siteorigin-widget-tinymce textwidget\">\n\t<p style=\"text-align: center;\"><strong>Illustrations :<\/strong><br \/>\nClaus Stefan<\/p>\n<\/div>\n<\/div><\/div><\/div><div id=\"pgc-9125-1-2\"  class=\"panel-grid-cell\" ><div id=\"panel-9125-1-2-0\" class=\"so-panel widget widget_sow-editor panel-first-child panel-last-child\" data-index=\"5\" ><div\n\t\t\t\n\t\t\tclass=\"so-widget-sow-editor so-widget-sow-editor-base\"\n\t\t\t\n\t\t>\n<div class=\"siteorigin-widget-tinymce textwidget\">\n\t<p style=\"text-align: center;\"><strong>\u00c9dition :<br \/>\n<\/strong>Iello<br \/>\n2020<\/p>\n<\/div>\n<\/div><\/div><\/div><div id=\"pgc-9125-1-3\"  class=\"panel-grid-cell\" ><div id=\"panel-9125-1-3-0\" class=\"so-panel widget widget_sow-editor panel-first-child panel-last-child\" data-index=\"6\" ><div\n\t\t\t\n\t\t\tclass=\"so-widget-sow-editor so-widget-sow-editor-base\"\n\t\t\t\n\t\t>\n<div class=\"siteorigin-widget-tinymce textwidget\">\n\t<p style=\"text-align: center;\"><strong>Version :<\/strong><br \/>\nFran\u00e7aise<\/p>\n<\/div>\n<\/div><\/div><\/div><\/div><div id=\"pg-9125-2\"  class=\"panel-grid panel-no-style\" ><div id=\"pgc-9125-2-0\"  class=\"panel-grid-cell\" ><div id=\"panel-9125-2-0-0\" class=\"so-panel widget widget_sow-editor panel-first-child panel-last-child\" data-index=\"7\" ><div\n\t\t\t\n\t\t\tclass=\"so-widget-sow-editor so-widget-sow-editor-base\"\n\t\t\t\n\t\t>\n<div class=\"siteorigin-widget-tinymce textwidget\">\n\t<hr \/>\n<p><em>Alors que le soleil se couchait sur le Nil et teintait l\u2019\u00c9gypte tout enti\u00e8re d\u2019un voile d\u2019or, Akh\u00e9naton prit un moment pour contempler son royaume d\u2019un regard satisfait. \u00ab Regarde, \u00f4 N\u00e9fertiti ma divine \u00e9pouse, ce que mon intelligence et mon talent ont r\u00e9ussi \u00e0 accomplir en si peu de temps. \u00bb<br \/>\nLa Reine toussa bruyamment. \u00ab Pardon ? Ce que TU as r\u00e9ussi \u00e0 accomplir ? \u00bb. Akh\u00e9naton leva un sourcil, surpris. \u00ab Oui ? Penses-tu pouvoir faire mieux ? \u00bb. Pour toute r\u00e9ponse, la Reine N\u00e9fertiti eut un large sourire.<\/em><\/p>\n<p>La comp\u00e9tition entre les architectes continue !<br \/>\n<em>Imhotep Le Duel<\/em> vous offre la possibilit\u00e9 d'incarner N\u00e9fertiti et Akhenaton, l'un des couples royaux les plus populaires d'Egypte. Placez vos pions de mani\u00e8re strat\u00e9gique et livrez les jetons de plus haute valeur par le biais de 6 bateaux. Petit \u00e0 petit, construisez vos 4 monuments afin de gagner le plus de points de prestige possible et de remporter ainsi le duel.<\/p>\n<\/div>\n<\/div><\/div><\/div><\/div><div id=\"pg-9125-3\"  class=\"panel-grid panel-no-style\" ><div id=\"pgc-9125-3-0\"  class=\"panel-grid-cell\" ><div id=\"panel-9125-3-0-0\" class=\"so-panel widget widget_sow-editor panel-first-child panel-last-child\" data-index=\"8\" ><div\n\t\t\t\n\t\t\tclass=\"so-widget-sow-editor so-widget-sow-editor-base\"\n\t\t\t\n\t\t>\n<div class=\"siteorigin-widget-tinymce textwidget\">\n\t<hr \/>\n<h3 style=\"text-align: center;\">En vid\u00e9o<\/h3>\n<\/div>\n<\/div><\/div><\/div><\/div><div id=\"pg-9125-4\"  class=\"panel-grid panel-no-style\" ><div id=\"pgc-9125-4-0\"  class=\"panel-grid-cell\" ><div id=\"panel-9125-4-0-0\" class=\"so-panel widget widget_sow-editor panel-first-child panel-last-child\" data-index=\"9\" ><div\n\t\t\t\n\t\t\tclass=\"so-widget-sow-editor so-widget-sow-editor-base\"\n\t\t\t\n\t\t>\n<div class=\"siteorigin-widget-tinymce textwidget\">\n\t<hr \/>\n<h3 style=\"text-align: center;\">Pour aller plus loin<\/h3>\n<\/div>\n<\/div><\/div><\/div><\/div><\/div>","protected":false},"excerpt":{"rendered":"<p>Nombre de joueurs : 2 &#8211; 2 Dur\u00e9e moyenne : 30 min Age : 10 ans et plus Auteur(s) : Phil Walker-Harding Illustrations : Claus Stefan \u00c9dition : Iello 2020 Version : Fran\u00e7aise<\/p>\n","protected":false},"author":2,"featured_media":9000,"parent":0,"menu_order":0,"comment_status":"closed","ping_status":"closed","template":"","meta":{"footnotes":""},"class_list":["post-9125","page","type-page","status-publish","has-post-thumbnail","hentry"],"acf":[],"rttpg_featured_image_url":{"full":["https:\/\/meeplendice.net\/wp-content\/uploads\/2022\/01\/Imhotep.png",350,350,false],"landscape":["https:\/\/meeplendice.net\/wp-content\/uploads\/2022\/01\/Imhotep.png",350,350,false],"portraits":["https:\/\/meeplendice.net\/wp-content\/uploads\/2022\/01\/Imhotep.png",350,350,false],"thumbnail":["https:\/\/meeplendice.net\/wp-content\/uploads\/2022\/01\/Imhotep-150x150.png",150,150,true],"medium":["https:\/\/meeplendice.net\/wp-content\/uploads\/2022\/01\/Imhotep-300x300.png",300,300,true],"large":["https:\/\/meeplendice.net\/wp-content\/uploads\/2022\/01\/Imhotep.png",350,350,false],"ug_big":["https:\/\/meeplendice.net\/wp-content\/uploads\/2022\/01\/Imhotep.png",350,350,false],"1536x1536":["https:\/\/meeplendice.net\/wp-content\/uploads\/2022\/01\/Imhotep.png",350,350,false],"2048x2048":["https:\/\/meeplendice.net\/wp-content\/uploads\/2022\/01\/Imhotep.png",350,350,false],"ashe-slider-grid-thumbnail":["https:\/\/meeplendice.net\/wp-content\/uploads\/2022\/01\/Imhotep.png",350,350,false],"ashe-full-thumbnail":["https:\/\/meeplendice.net\/wp-content\/uploads\/2022\/01\/Imhotep.png",350,350,false],"ashe-grid-thumbnail":["https:\/\/meeplendice.net\/wp-content\/uploads\/2022\/01\/Imhotep-350x330.png",350,330,true],"ashe-list-thumbnail":["https:\/\/meeplendice.net\/wp-content\/uploads\/2022\/01\/Imhotep-300x300.png",300,300,true],"ashe-single-navigation":["https:\/\/meeplendice.net\/wp-content\/uploads\/2022\/01\/Imhotep-75x75.png",75,75,true],"mailpoet_newsletter_max":["https:\/\/meeplendice.net\/wp-content\/uploads\/2022\/01\/Imhotep.png",350,350,false],"rpwe-thumbnail":["https:\/\/meeplendice.net\/wp-content\/uploads\/2022\/01\/Imhotep-45x45.png",45,45,true],"sow-carousel-default":["https:\/\/meeplendice.net\/wp-content\/uploads\/2022\/01\/Imhotep-272x182.png",272,182,true],"rt_custom":["https:\/\/meeplendice.net\/wp-content\/uploads\/2022\/01\/Imhotep.png",350,350,false]},"rttpg_author":{"display_name":"Karnby","author_link":"https:\/\/meeplendice.net\/?author=2"},"rttpg_comment":0,"rttpg_category":null,"rttpg_excerpt":"Nombre de joueurs : 2 - 2 Dur\u00e9e moyenne : 30 min Age : 10 ans et plus Auteur(s) : Phil Walker-Harding Illustrations : Claus Stefan \u00c9dition : Iello 2020 Version : Fran\u00e7aise","_links":{"self":[{"href":"https:\/\/meeplendice.net\/index.php?rest_route=\/wp\/v2\/pages\/9125","targetHints":{"allow":["GET"]}}],"collection":[{"href":"https:\/\/meeplendice.net\/index.php?rest_route=\/wp\/v2\/pages"}],"about":[{"href":"https:\/\/meeplendice.net\/index.php?rest_route=\/wp\/v2\/types\/page"}],"author":[{"embeddable":true,"href":"https:\/\/meeplendice.net\/index.php?rest_route=\/wp\/v2\/users\/2"}],"replies":[{"embeddable":true,"href":"https:\/\/meeplendice.net\/index.php?rest_route=%2Fwp%2Fv2%2Fcomments&post=9125"}],"version-history":[{"count":4,"href":"https:\/\/meeplendice.net\/index.php?rest_route=\/wp\/v2\/pages\/9125\/revisions"}],"predecessor-version":[{"id":9135,"href":"https:\/\/meeplendice.net\/index.php?rest_route=\/wp\/v2\/pages\/9125\/revisions\/9135"}],"wp:featuredmedia":[{"embeddable":true,"href":"https:\/\/meeplendice.net\/index.php?rest_route=\/wp\/v2\/media\/9000"}],"wp:attachment":[{"href":"https:\/\/meeplendice.net\/index.php?rest_route=%2Fwp%2Fv2%2Fmedia&parent=9125"}],"curies":[{"name":"wp","href":"https:\/\/api.w.org\/{rel}","templated":true}]}}