{"id":9137,"date":"2022-01-18T19:32:59","date_gmt":"2022-01-18T18:32:59","guid":{"rendered":"https:\/\/meeplendice.net\/?page_id=9137"},"modified":"2022-01-18T19:48:43","modified_gmt":"2022-01-18T18:48:43","slug":"nicodemus-2","status":"publish","type":"page","link":"https:\/\/meeplendice.net\/?page_id=9137","title":{"rendered":"Nicodemus"},"content":{"rendered":"<div id=\"pl-9137\"  class=\"panel-layout\" ><div id=\"pg-9137-0\"  class=\"panel-grid panel-no-style\" ><div id=\"pgc-9137-0-0\"  class=\"panel-grid-cell\" ><div id=\"panel-9137-0-0-0\" class=\"so-panel widget widget_sow-editor panel-first-child panel-last-child\" data-index=\"0\" ><div\n\t\t\t\n\t\t\tclass=\"so-widget-sow-editor so-widget-sow-editor-base\"\n\t\t\t\n\t\t>\n<div class=\"siteorigin-widget-tinymce textwidget\">\n\t<p style=\"text-align: center;\"><strong>Nombre de joueurs :<\/strong><br \/>\n2 - 2<\/p>\n<\/div>\n<\/div><\/div><\/div><div id=\"pgc-9137-0-1\"  class=\"panel-grid-cell\" ><div id=\"panel-9137-0-1-0\" class=\"so-panel widget widget_sow-editor panel-first-child panel-last-child\" data-index=\"1\" ><div\n\t\t\t\n\t\t\tclass=\"so-widget-sow-editor so-widget-sow-editor-base\"\n\t\t\t\n\t\t>\n<div class=\"siteorigin-widget-tinymce textwidget\">\n\t<p style=\"text-align: center;\"><strong>Dur\u00e9e moyenne :<\/strong><br \/>\n45 min<\/p>\n<\/div>\n<\/div><\/div><\/div><div id=\"pgc-9137-0-2\"  class=\"panel-grid-cell\" ><div id=\"panel-9137-0-2-0\" class=\"so-panel widget widget_sow-editor panel-first-child panel-last-child\" data-index=\"2\" ><div\n\t\t\t\n\t\t\tclass=\"so-widget-sow-editor so-widget-sow-editor-base\"\n\t\t\t\n\t\t>\n<div class=\"siteorigin-widget-tinymce textwidget\">\n\t<p style=\"text-align: center;\"><strong>Age :<\/strong><br \/>\n14 ans et plus<\/p>\n<\/div>\n<\/div><\/div><\/div><\/div><div id=\"pg-9137-1\"  class=\"panel-grid panel-no-style\" ><div id=\"pgc-9137-1-0\"  class=\"panel-grid-cell\" ><div id=\"panel-9137-1-0-0\" class=\"so-panel widget widget_sow-editor panel-first-child panel-last-child\" data-index=\"3\" ><div\n\t\t\t\n\t\t\tclass=\"so-widget-sow-editor so-widget-sow-editor-base\"\n\t\t\t\n\t\t>\n<div class=\"siteorigin-widget-tinymce textwidget\">\n\t<p style=\"text-align: center;\"><strong>Auteur(s) :<br \/>\n<\/strong>Bruno Cathala<br \/>\nFlorian Sirieix<\/p>\n<\/div>\n<\/div><\/div><\/div><div id=\"pgc-9137-1-1\"  class=\"panel-grid-cell\" ><div id=\"panel-9137-1-1-0\" class=\"so-panel widget widget_sow-editor panel-first-child panel-last-child\" data-index=\"4\" ><div\n\t\t\t\n\t\t\tclass=\"so-widget-sow-editor so-widget-sow-editor-base\"\n\t\t\t\n\t\t>\n<div class=\"siteorigin-widget-tinymce textwidget\">\n\t<p style=\"text-align: center;\"><strong>Illustrations :<\/strong><br \/>\nFelideus Budastis<\/p>\n<\/div>\n<\/div><\/div><\/div><div id=\"pgc-9137-1-2\"  class=\"panel-grid-cell\" ><div id=\"panel-9137-1-2-0\" class=\"so-panel widget widget_sow-editor panel-first-child panel-last-child\" data-index=\"5\" ><div\n\t\t\t\n\t\t\tclass=\"so-widget-sow-editor so-widget-sow-editor-base\"\n\t\t\t\n\t\t>\n<div class=\"siteorigin-widget-tinymce textwidget\">\n\t<p style=\"text-align: center;\"><strong>\u00c9dition :<\/strong><br \/>\nBombyx<br \/>\n2021<\/p>\n<\/div>\n<\/div><\/div><\/div><div id=\"pgc-9137-1-3\"  class=\"panel-grid-cell\" ><div id=\"panel-9137-1-3-0\" class=\"so-panel widget widget_sow-editor panel-first-child panel-last-child\" data-index=\"6\" ><div\n\t\t\t\n\t\t\tclass=\"so-widget-sow-editor so-widget-sow-editor-base\"\n\t\t\t\n\t\t>\n<div class=\"siteorigin-widget-tinymce textwidget\">\n\t<p style=\"text-align: center;\"><strong>Version :<\/strong><br \/>\nFran\u00e7aise<\/p>\n<\/div>\n<\/div><\/div><\/div><\/div><div id=\"pg-9137-2\"  class=\"panel-grid panel-no-style\" ><div id=\"pgc-9137-2-0\"  class=\"panel-grid-cell\" ><div id=\"panel-9137-2-0-0\" class=\"so-panel widget widget_sow-editor panel-first-child panel-last-child\" data-index=\"7\" ><div\n\t\t\t\n\t\t\tclass=\"so-widget-sow-editor so-widget-sow-editor-base\"\n\t\t\t\n\t\t>\n<div class=\"siteorigin-widget-tinymce textwidget\">\n\t<hr \/>\n<p><em>Nicodemus Gideon, bricoleur \u00e0 la manufacture des r\u00eaves, prend sa retraite !<\/em><\/p>\n<p><em>Pendant 352 ans, il a r\u00e9par\u00e9 les fascinantes machines du bric-\u00e0-brac, indispensables \u00e0 la production de ressources et de charbonium. Les assistants int\u00e9ress\u00e9s par son poste devront s'affronter dans un duel de bricolage aux r\u00e8gles strictes. La s\u00e9lection sera draconienne !<\/em><\/p>\n<div>Pour le remplacer, deux assistants de l'Usine \u00e0 r\u00eaves - c'est-\u00e0-dire vous et un autre joueur - s'affronteront dans un duel o\u00f9 il faudra r\u00e9parer des machines et r\u00e9aliser des projets le plus rapidement possible afin de marquer en premier, 20 points ou plus.<\/div>\n<div>\u00c0 chaque tour, vous avez le choix entre deux actions :<\/div>\n<ul>\n<li>\u00a0\u00a0\u00a0 Jouer une carte machine de votre main vers le Bric-\u00e0-brac pour gagner du charbonium, produire une ressource ou appliquer l'effet de la machine.<\/li>\n<li>\u00a0\u00a0\u00a0 R\u00e9parer une machine du Bric-\u00e0-brac pour marquer des points et placer cette machine dans votre atelier.<\/li>\n<\/ul>\n<p>Chaque ressource indiqu\u00e9e dans la zone de production des machines de votre atelier r\u00e9duit le nombre de ressources n\u00e9cessaires pour r\u00e9parer les machines suivantes. De plus, la r\u00e9paration d'une machine peut vous aider \u00e0 r\u00e9aliser des projets sp\u00e9cifiques et \u00e0 gagner des points... avant votre adversaire.<\/p>\n<\/div>\n<\/div><\/div><\/div><\/div><div id=\"pg-9137-3\"  class=\"panel-grid panel-no-style\" ><div id=\"pgc-9137-3-0\"  class=\"panel-grid-cell\" ><div id=\"panel-9137-3-0-0\" class=\"so-panel widget widget_sow-editor panel-first-child panel-last-child\" data-index=\"8\" ><div\n\t\t\t\n\t\t\tclass=\"so-widget-sow-editor so-widget-sow-editor-base\"\n\t\t\t\n\t\t>\n<div class=\"siteorigin-widget-tinymce textwidget\">\n\t<hr \/>\n<h3 style=\"text-align: center;\"><strong>En vid\u00e9o<\/strong><\/h3>\n<p><a href=\"https:\/\/www.youtube.com\/embed\/ont8zKr7gcc\" target=\"_blank\" rel=\"noopener\"><img loading=\"lazy\" decoding=\"async\" class=\"alignnone size-full wp-image-9090\" src=\"https:\/\/meeplendice.net\/wp-content\/uploads\/2022\/01\/Link_CJ_v2.png\" alt=\"\" width=\"200\" height=\"170\" \/><\/a><\/p>\n<\/div>\n<\/div><\/div><\/div><\/div><div id=\"pg-9137-4\"  class=\"panel-grid panel-no-style\" ><div id=\"pgc-9137-4-0\"  class=\"panel-grid-cell\" ><div id=\"panel-9137-4-0-0\" class=\"so-panel widget widget_sow-editor panel-first-child panel-last-child\" data-index=\"9\" ><div\n\t\t\t\n\t\t\tclass=\"so-widget-sow-editor so-widget-sow-editor-base\"\n\t\t\t\n\t\t>\n<div class=\"siteorigin-widget-tinymce textwidget\">\n\t<hr \/>\n<h3 style=\"text-align: center;\"><strong>Pour aller plus loin<br \/>\n<\/strong><\/h3>\n<\/div>\n<\/div><\/div><\/div><\/div><\/div>","protected":false},"excerpt":{"rendered":"<p>Nombre de joueurs : 2 &#8211; 2 Dur\u00e9e moyenne : 45 min Age : 14 ans et plus Auteur(s) : Bruno Cathala Florian Sirieix Illustrations : Felideus Budastis \u00c9dition : Bombyx 2021 Version : Fran\u00e7aise<\/p>\n","protected":false},"author":2,"featured_media":9006,"parent":0,"menu_order":0,"comment_status":"closed","ping_status":"closed","template":"","meta":{"footnotes":""},"class_list":["post-9137","page","type-page","status-publish","has-post-thumbnail","hentry"],"acf":[],"rttpg_featured_image_url":{"full":["https:\/\/meeplendice.net\/wp-content\/uploads\/2022\/01\/Nicodemus.png",350,350,false],"landscape":["https:\/\/meeplendice.net\/wp-content\/uploads\/2022\/01\/Nicodemus.png",350,350,false],"portraits":["https:\/\/meeplendice.net\/wp-content\/uploads\/2022\/01\/Nicodemus.png",350,350,false],"thumbnail":["https:\/\/meeplendice.net\/wp-content\/uploads\/2022\/01\/Nicodemus-150x150.png",150,150,true],"medium":["https:\/\/meeplendice.net\/wp-content\/uploads\/2022\/01\/Nicodemus-300x300.png",300,300,true],"large":["https:\/\/meeplendice.net\/wp-content\/uploads\/2022\/01\/Nicodemus.png",350,350,false],"ug_big":["https:\/\/meeplendice.net\/wp-content\/uploads\/2022\/01\/Nicodemus.png",350,350,false],"1536x1536":["https:\/\/meeplendice.net\/wp-content\/uploads\/2022\/01\/Nicodemus.png",350,350,false],"2048x2048":["https:\/\/meeplendice.net\/wp-content\/uploads\/2022\/01\/Nicodemus.png",350,350,false],"ashe-slider-grid-thumbnail":["https:\/\/meeplendice.net\/wp-content\/uploads\/2022\/01\/Nicodemus.png",350,350,false],"ashe-full-thumbnail":["https:\/\/meeplendice.net\/wp-content\/uploads\/2022\/01\/Nicodemus.png",350,350,false],"ashe-grid-thumbnail":["https:\/\/meeplendice.net\/wp-content\/uploads\/2022\/01\/Nicodemus-350x330.png",350,330,true],"ashe-list-thumbnail":["https:\/\/meeplendice.net\/wp-content\/uploads\/2022\/01\/Nicodemus-300x300.png",300,300,true],"ashe-single-navigation":["https:\/\/meeplendice.net\/wp-content\/uploads\/2022\/01\/Nicodemus-75x75.png",75,75,true],"mailpoet_newsletter_max":["https:\/\/meeplendice.net\/wp-content\/uploads\/2022\/01\/Nicodemus.png",350,350,false],"rpwe-thumbnail":["https:\/\/meeplendice.net\/wp-content\/uploads\/2022\/01\/Nicodemus-45x45.png",45,45,true],"sow-carousel-default":["https:\/\/meeplendice.net\/wp-content\/uploads\/2022\/01\/Nicodemus-272x182.png",272,182,true],"rt_custom":["https:\/\/meeplendice.net\/wp-content\/uploads\/2022\/01\/Nicodemus.png",350,350,false]},"rttpg_author":{"display_name":"Karnby","author_link":"https:\/\/meeplendice.net\/?author=2"},"rttpg_comment":0,"rttpg_category":null,"rttpg_excerpt":"Nombre de joueurs : 2 - 2 Dur\u00e9e moyenne : 45 min Age : 14 ans et plus Auteur(s) : Bruno Cathala Florian Sirieix Illustrations : Felideus Budastis \u00c9dition : Bombyx 2021 Version : Fran\u00e7aise","_links":{"self":[{"href":"https:\/\/meeplendice.net\/index.php?rest_route=\/wp\/v2\/pages\/9137","targetHints":{"allow":["GET"]}}],"collection":[{"href":"https:\/\/meeplendice.net\/index.php?rest_route=\/wp\/v2\/pages"}],"about":[{"href":"https:\/\/meeplendice.net\/index.php?rest_route=\/wp\/v2\/types\/page"}],"author":[{"embeddable":true,"href":"https:\/\/meeplendice.net\/index.php?rest_route=\/wp\/v2\/users\/2"}],"replies":[{"embeddable":true,"href":"https:\/\/meeplendice.net\/index.php?rest_route=%2Fwp%2Fv2%2Fcomments&post=9137"}],"version-history":[{"count":5,"href":"https:\/\/meeplendice.net\/index.php?rest_route=\/wp\/v2\/pages\/9137\/revisions"}],"predecessor-version":[{"id":9145,"href":"https:\/\/meeplendice.net\/index.php?rest_route=\/wp\/v2\/pages\/9137\/revisions\/9145"}],"wp:featuredmedia":[{"embeddable":true,"href":"https:\/\/meeplendice.net\/index.php?rest_route=\/wp\/v2\/media\/9006"}],"wp:attachment":[{"href":"https:\/\/meeplendice.net\/index.php?rest_route=%2Fwp%2Fv2%2Fmedia&parent=9137"}],"curies":[{"name":"wp","href":"https:\/\/api.w.org\/{rel}","templated":true}]}}