{"id":9146,"date":"2022-01-18T19:50:29","date_gmt":"2022-01-18T18:50:29","guid":{"rendered":"https:\/\/meeplendice.net\/?page_id=9146"},"modified":"2022-01-18T20:21:11","modified_gmt":"2022-01-18T19:21:11","slug":"targui-2","status":"publish","type":"page","link":"https:\/\/meeplendice.net\/?page_id=9146","title":{"rendered":"Targui"},"content":{"rendered":"<div id=\"pl-9146\"  class=\"panel-layout\" ><div id=\"pg-9146-0\"  class=\"panel-grid panel-no-style\" ><div id=\"pgc-9146-0-0\"  class=\"panel-grid-cell\" ><div id=\"panel-9146-0-0-0\" class=\"so-panel widget widget_sow-editor panel-first-child panel-last-child\" data-index=\"0\" ><div\n\t\t\t\n\t\t\tclass=\"so-widget-sow-editor so-widget-sow-editor-base\"\n\t\t\t\n\t\t>\n<div class=\"siteorigin-widget-tinymce textwidget\">\n\t<p style=\"text-align: center;\"><strong>Nombre de joueurs :<\/strong><br \/>\n2 - 2<\/p>\n<\/div>\n<\/div><\/div><\/div><div id=\"pgc-9146-0-1\"  class=\"panel-grid-cell\" ><div id=\"panel-9146-0-1-0\" class=\"so-panel widget widget_sow-editor panel-first-child panel-last-child\" data-index=\"1\" ><div\n\t\t\t\n\t\t\tclass=\"so-widget-sow-editor so-widget-sow-editor-base\"\n\t\t\t\n\t\t>\n<div class=\"siteorigin-widget-tinymce textwidget\">\n\t<p style=\"text-align: center;\"><strong>Dur\u00e9e moyenne :<\/strong><br \/>\n60 min<\/p>\n<\/div>\n<\/div><\/div><\/div><div id=\"pgc-9146-0-2\"  class=\"panel-grid-cell\" ><div id=\"panel-9146-0-2-0\" class=\"so-panel widget widget_sow-editor panel-first-child panel-last-child\" data-index=\"2\" ><div\n\t\t\t\n\t\t\tclass=\"so-widget-sow-editor so-widget-sow-editor-base\"\n\t\t\t\n\t\t>\n<div class=\"siteorigin-widget-tinymce textwidget\">\n\t<p style=\"text-align: center;\"><strong>Age :<\/strong><br \/>\n12 ans et plus<\/p>\n<\/div>\n<\/div><\/div><\/div><\/div><div id=\"pg-9146-1\"  class=\"panel-grid panel-no-style\" ><div id=\"pgc-9146-1-0\"  class=\"panel-grid-cell\" ><div id=\"panel-9146-1-0-0\" class=\"so-panel widget widget_sow-editor panel-first-child panel-last-child\" data-index=\"3\" ><div\n\t\t\t\n\t\t\tclass=\"so-widget-sow-editor so-widget-sow-editor-base\"\n\t\t\t\n\t\t>\n<div class=\"siteorigin-widget-tinymce textwidget\">\n\t<p style=\"text-align: center;\"><strong>Auteur(s) :<br \/>\n<\/strong>Andreas Steiger<\/p>\n<\/div>\n<\/div><\/div><\/div><div id=\"pgc-9146-1-1\"  class=\"panel-grid-cell\" ><div id=\"panel-9146-1-1-0\" class=\"so-panel widget widget_sow-editor panel-first-child panel-last-child\" data-index=\"4\" ><div\n\t\t\t\n\t\t\tclass=\"so-widget-sow-editor so-widget-sow-editor-base\"\n\t\t\t\n\t\t>\n<div class=\"siteorigin-widget-tinymce textwidget\">\n\t<p style=\"text-align: center;\"><strong>Illustrations :<\/strong><br \/>\nFranz Vohwinkel<\/p>\n<\/div>\n<\/div><\/div><\/div><div id=\"pgc-9146-1-2\"  class=\"panel-grid-cell\" ><div id=\"panel-9146-1-2-0\" class=\"so-panel widget widget_sow-editor panel-first-child panel-last-child\" data-index=\"5\" ><div\n\t\t\t\n\t\t\tclass=\"so-widget-sow-editor so-widget-sow-editor-base\"\n\t\t\t\n\t\t>\n<div class=\"siteorigin-widget-tinymce textwidget\">\n\t<p style=\"text-align: center;\"><strong>\u00c9dition :<br \/>\n<\/strong>Iello<br \/>\n2019<\/p>\n<\/div>\n<\/div><\/div><\/div><div id=\"pgc-9146-1-3\"  class=\"panel-grid-cell\" ><div id=\"panel-9146-1-3-0\" class=\"so-panel widget widget_sow-editor panel-first-child panel-last-child\" data-index=\"6\" ><div\n\t\t\t\n\t\t\tclass=\"so-widget-sow-editor so-widget-sow-editor-base\"\n\t\t\t\n\t\t>\n<div class=\"siteorigin-widget-tinymce textwidget\">\n\t<p style=\"text-align: center;\"><strong>Version :<\/strong><br \/>\nFran\u00e7aise<\/p>\n<\/div>\n<\/div><\/div><\/div><\/div><div id=\"pg-9146-2\"  class=\"panel-grid panel-no-style\" ><div id=\"pgc-9146-2-0\"  class=\"panel-grid-cell\" ><div id=\"panel-9146-2-0-0\" class=\"so-panel widget widget_sow-editor panel-first-child panel-last-child\" data-index=\"7\" ><div\n\t\t\t\n\t\t\tclass=\"so-widget-sow-editor so-widget-sow-editor-base\"\n\t\t\t\n\t\t>\n<div class=\"siteorigin-widget-tinymce textwidget\">\n\t<hr \/>\n<div><span class=\"PBLongTxt PBItemDesc\">Chez les Touaregs, les hommes se couvrent le visage. Ces hommes du d\u00e9sert, on les appelle les Targuis. Les femmes, les Targuias, occupent une place primordiale au sein de cette soci\u00e9t\u00e9 bas\u00e9e sur le matriarcat. Les Touaregs se regroupent par familles avec \u00e0 leur t\u00eate un \"amenokal\u201d ou une \"tamenokalt\u201d (signifiant noble).<\/p>\n<p><\/span><span class=\"PBLongTxt PBItemDesc\">Dans Targui, vous incarnez les chefs de deux tribus touar\u00e8gues et \u00e9changez des biens locaux (du sel, des dattes) ou import\u00e9s (du poivre) contre de l\u2019or et divers b\u00e9n\u00e9fices. Vous enrichissez et faites ainsi grandir votre tribu.<\/p>\n<p><\/span><span class=\"PBLongTxt PBItemDesc\">Chaque tour vous apporte son lot de nouvelles marchandises, de nouveaux avantages, mais gare aux pillages et \u00e0 la concurrence : seul celui qui a le plus de points gagne la partie<\/span>.<\/div>\n<\/div>\n<\/div><\/div><\/div><\/div><div id=\"pg-9146-3\"  class=\"panel-grid panel-no-style\" ><div id=\"pgc-9146-3-0\"  class=\"panel-grid-cell\" ><div id=\"panel-9146-3-0-0\" class=\"so-panel widget widget_sow-editor panel-first-child panel-last-child\" data-index=\"8\" ><div\n\t\t\t\n\t\t\tclass=\"so-widget-sow-editor so-widget-sow-editor-base\"\n\t\t\t\n\t\t>\n<div class=\"siteorigin-widget-tinymce textwidget\">\n\t<hr \/>\n<h3 style=\"text-align: center;\">Extension(s)<\/h3>\n<p style=\"text-align: center;\"><style type='text\/css' media='all'>#rt-tpg-container-1837218223 .read-more a{border-radius:px;}#rt-tpg-container-1837218223 .rt-img-holder img.rt-img-responsive,#rt-tpg-container-1837218223 .rt-img-holder,\n\t\t\t\t\t#rt-tpg-container-1837218223 .rt-post-overlay .post-img,\n\t\t\t\t\t#rt-tpg-container-1837218223 .post-sm .post-img,\n\t\t\t\t\t#rt-tpg-container-1837218223 .rt-post-grid .post-img,\n\t\t\t\t\t#rt-tpg-container-1837218223 .post-img img {border-radius:px;}#rt-tpg-container-1837218223 .layout9 .rt-holder h2.entry-title,\n\t\t\t\t\t#rt-tpg-container-1837218223 .layout9 .rt-holder h3.entry-title,\n\t\t\t\t\t#rt-tpg-container-1837218223 .layout9 .rt-holder h4.entry-title,\n\t\t\t\t\t#rt-tpg-container-1837218223 .layout9 .rt-holder h2.entry-title a,\n\t\t\t\t\t#rt-tpg-container-1837218223 .layout9 .rt-holder h3.entry-title a,\n\t\t\t\t\t#rt-tpg-container-1837218223 .layout9 .rt-holder h4.entry-title a,\n\t\t\t\t\t#rt-tpg-container-1837218223 .rt-holder .rt-woo-info h2 a,\n\t\t\t\t\t#rt-tpg-container-1837218223 .rt-holder .rt-woo-info h3 a,\n\t\t\t\t\t#rt-tpg-container-1837218223 .rt-holder .rt-woo-info h4 a,\n\t\t\t\t\t#rt-tpg-container-1837218223 .post-content .post-title,\n\t\t\t\t\t#rt-tpg-container-1837218223 .rt-post-grid .post-title,\n\t\t\t\t\t#rt-tpg-container-1837218223 .rt-post-grid .post-title a,\n\t\t\t\t\t#rt-tpg-container-1837218223 .post-content .post-title a,\n\t\t\t\t\t#rt-tpg-container-1837218223 .rt-holder .rt-woo-info h2,\n\t\t\t\t\t#rt-tpg-container-1837218223 .rt-holder .rt-woo-info h3,\n\t\t\t\t\t#rt-tpg-container-1837218223 .rt-holder .rt-woo-info h4{font-size:16px;line-height:26px;font-weight:normal;text-align:center;}#rt-tpg-container-1837218223 .post-grid-lg-style-1 .post-title,\n\t\t\t\t\t\t#rt-tpg-container-1837218223 .post-grid-lg-style-1 .post-title a,\n\t\t\t\t\t\t#rt-tpg-container-1837218223 .big-layout .post-title,\n\t\t\t\t\t\t#rt-tpg-container-1837218223 .big-layout .post-title a,\n\t\t\t\t\t\t#rt-tpg-container-1837218223 .post-grid-lg-style-1 .post-title,\n\t\t\t\t\t\t#rt-tpg-container-1837218223 .post-grid-lg-style-1 .post-title a {font-size:24px;line-height:34px;}<\/style><div class='rt-container-fluid rt-tpg-container tpg-shortcode-main-wrapper ' id='rt-tpg-container-1837218223'   data-layout='layout9' data-grid-style='even' data-desktop-col='3'  data-tab-col='2'  data-mobile-col='1' data-sc-id='9152'><div data-title='Loading ...' class='rt-row rt-content-loader   layout9 tpg-even '><div class=\"rt-col-md-4 rt-col-sm-6 rt-col-xs-12 even-grid-item rt-grid-item img_zoom_in\" data-id=\"9154\"><div class=\"rt-holder\"><div class='overlay'><a data-id='9154' class=' tpg-single-popup' href='https:\/\/meeplendice.net\/?page_id=9154'><img loading=\"lazy\" decoding=\"async\" width=\"350\" height=\"350\" src=\"https:\/\/meeplendice.net\/wp-content\/uploads\/2021\/12\/Targui_extension.png\" class=\"rt-img-responsive \" alt=\"\" \/><\/a><\/div><div class='post-info'><h3 class=\"entry-title\"><a data-id=\"9154\" class=\" tpg-single-popup\" href=\"https:\/\/meeplendice.net\/?page_id=9154\">L&rsquo;extension<\/a><\/h3><div class='post-meta-user '><\/div><\/div><\/div><\/div><\/div><div class='rt-pagination-wrap' data-total-pages='1' data-posts-per-page='3' data-type='pagination_ajax'  ><div class='rt-page-numbers'><\/div><\/div><\/div><\/p>\n<\/div>\n<\/div><\/div><\/div><\/div><div id=\"pg-9146-4\"  class=\"panel-grid panel-no-style\" ><div id=\"pgc-9146-4-0\"  class=\"panel-grid-cell\" ><div id=\"panel-9146-4-0-0\" class=\"so-panel widget widget_sow-editor panel-first-child panel-last-child\" data-index=\"9\" ><div\n\t\t\t\n\t\t\tclass=\"so-widget-sow-editor so-widget-sow-editor-base\"\n\t\t\t\n\t\t>\n<div class=\"siteorigin-widget-tinymce textwidget\">\n\t<hr \/>\n<h3 style=\"text-align: center;\">En vid\u00e9o<\/h3>\n<\/div>\n<\/div><\/div><\/div><\/div><div id=\"pg-9146-5\"  class=\"panel-grid panel-no-style\" ><div id=\"pgc-9146-5-0\"  class=\"panel-grid-cell\" ><div id=\"panel-9146-5-0-0\" class=\"so-panel widget widget_sow-editor panel-first-child panel-last-child\" data-index=\"10\" ><div\n\t\t\t\n\t\t\tclass=\"so-widget-sow-editor so-widget-sow-editor-base\"\n\t\t\t\n\t\t>\n<div class=\"siteorigin-widget-tinymce textwidget\">\n\t<hr \/>\n<h3 style=\"text-align: center;\">Pour aller plus loin<\/h3>\n<\/div>\n<\/div><\/div><\/div><\/div><\/div>","protected":false},"excerpt":{"rendered":"<p>Nombre de joueurs : 2 &#8211; 2 Dur\u00e9e moyenne : 60 min Age : 12 ans et plus Auteur(s) : Andreas Steiger Illustrations : Franz Vohwinkel \u00c9dition : Iello 2019 Version : Fran\u00e7aise<\/p>\n","protected":false},"author":2,"featured_media":9011,"parent":0,"menu_order":0,"comment_status":"closed","ping_status":"closed","template":"","meta":{"footnotes":""},"class_list":["post-9146","page","type-page","status-publish","has-post-thumbnail","hentry"],"acf":[],"rttpg_featured_image_url":{"full":["https:\/\/meeplendice.net\/wp-content\/uploads\/2022\/01\/Targui.png",350,350,false],"landscape":["https:\/\/meeplendice.net\/wp-content\/uploads\/2022\/01\/Targui.png",350,350,false],"portraits":["https:\/\/meeplendice.net\/wp-content\/uploads\/2022\/01\/Targui.png",350,350,false],"thumbnail":["https:\/\/meeplendice.net\/wp-content\/uploads\/2022\/01\/Targui-150x150.png",150,150,true],"medium":["https:\/\/meeplendice.net\/wp-content\/uploads\/2022\/01\/Targui-300x300.png",300,300,true],"large":["https:\/\/meeplendice.net\/wp-content\/uploads\/2022\/01\/Targui.png",350,350,false],"ug_big":["https:\/\/meeplendice.net\/wp-content\/uploads\/2022\/01\/Targui.png",350,350,false],"1536x1536":["https:\/\/meeplendice.net\/wp-content\/uploads\/2022\/01\/Targui.png",350,350,false],"2048x2048":["https:\/\/meeplendice.net\/wp-content\/uploads\/2022\/01\/Targui.png",350,350,false],"ashe-slider-grid-thumbnail":["https:\/\/meeplendice.net\/wp-content\/uploads\/2022\/01\/Targui.png",350,350,false],"ashe-full-thumbnail":["https:\/\/meeplendice.net\/wp-content\/uploads\/2022\/01\/Targui.png",350,350,false],"ashe-grid-thumbnail":["https:\/\/meeplendice.net\/wp-content\/uploads\/2022\/01\/Targui-350x330.png",350,330,true],"ashe-list-thumbnail":["https:\/\/meeplendice.net\/wp-content\/uploads\/2022\/01\/Targui-300x300.png",300,300,true],"ashe-single-navigation":["https:\/\/meeplendice.net\/wp-content\/uploads\/2022\/01\/Targui-75x75.png",75,75,true],"mailpoet_newsletter_max":["https:\/\/meeplendice.net\/wp-content\/uploads\/2022\/01\/Targui.png",350,350,false],"rpwe-thumbnail":["https:\/\/meeplendice.net\/wp-content\/uploads\/2022\/01\/Targui-45x45.png",45,45,true],"sow-carousel-default":["https:\/\/meeplendice.net\/wp-content\/uploads\/2022\/01\/Targui-272x182.png",272,182,true],"rt_custom":["https:\/\/meeplendice.net\/wp-content\/uploads\/2022\/01\/Targui.png",350,350,false]},"rttpg_author":{"display_name":"Karnby","author_link":"https:\/\/meeplendice.net\/?author=2"},"rttpg_comment":0,"rttpg_category":null,"rttpg_excerpt":"Nombre de joueurs : 2 - 2 Dur\u00e9e moyenne : 60 min Age : 12 ans et plus Auteur(s) : Andreas Steiger Illustrations : Franz Vohwinkel \u00c9dition : Iello 2019 Version : Fran\u00e7aise","_links":{"self":[{"href":"https:\/\/meeplendice.net\/index.php?rest_route=\/wp\/v2\/pages\/9146","targetHints":{"allow":["GET"]}}],"collection":[{"href":"https:\/\/meeplendice.net\/index.php?rest_route=\/wp\/v2\/pages"}],"about":[{"href":"https:\/\/meeplendice.net\/index.php?rest_route=\/wp\/v2\/types\/page"}],"author":[{"embeddable":true,"href":"https:\/\/meeplendice.net\/index.php?rest_route=\/wp\/v2\/users\/2"}],"replies":[{"embeddable":true,"href":"https:\/\/meeplendice.net\/index.php?rest_route=%2Fwp%2Fv2%2Fcomments&post=9146"}],"version-history":[{"count":6,"href":"https:\/\/meeplendice.net\/index.php?rest_route=\/wp\/v2\/pages\/9146\/revisions"}],"predecessor-version":[{"id":9158,"href":"https:\/\/meeplendice.net\/index.php?rest_route=\/wp\/v2\/pages\/9146\/revisions\/9158"}],"wp:featuredmedia":[{"embeddable":true,"href":"https:\/\/meeplendice.net\/index.php?rest_route=\/wp\/v2\/media\/9011"}],"wp:attachment":[{"href":"https:\/\/meeplendice.net\/index.php?rest_route=%2Fwp%2Fv2%2Fmedia&parent=9146"}],"curies":[{"name":"wp","href":"https:\/\/api.w.org\/{rel}","templated":true}]}}