{"id":9154,"date":"2022-01-18T20:19:21","date_gmt":"2022-01-18T19:19:21","guid":{"rendered":"https:\/\/meeplendice.net\/?page_id=9154"},"modified":"2022-02-24T10:52:45","modified_gmt":"2022-02-24T09:52:45","slug":"lextension","status":"publish","type":"page","link":"https:\/\/meeplendice.net\/?page_id=9154","title":{"rendered":"L&rsquo;extension"},"content":{"rendered":"<p><strong>De retour sur les routes du d\u00e9sert !<br \/>\n<\/strong><br \/>\nLe moment est venu de prendre des d\u00e9cisions encore plus difficiles, avec l&rsquo;arriv\u00e9e de nouvelles cartes Tribu et P\u00e9riph\u00e9rie. Vous aurez l&rsquo;opportunit\u00e9 de rencontrer la Targuia, la femme touareg, qui se d\u00e9place dans le sens inverse du Pillard et apporte de nouveaux avantages, ou encore de partir \u00e0 la d\u00e9couverte des Dunes Mouvantes, et d&rsquo;obtenir d&rsquo;importantes r\u00e9compense. Mais chaque avantage se paye&#8230;<\/p>\n<p>Saurez-vous g\u00e9rer vos r\u00e9serves d&rsquo;eau, cette ressource plus pr\u00e9cieuse que jamais ?<\/p>\n<p>Cette extension de <em>Targui<\/em>, riche en nouveaut\u00e9s, apporte un nouveau souffle \u00e0 cet incontournable du jeu \u00e0 2 joueurs.<\/p>\n","protected":false},"excerpt":{"rendered":"<p>De retour sur les routes du d\u00e9sert ! Le moment est venu de prendre des d\u00e9cisions encore plus difficiles, avec l&rsquo;arriv\u00e9e de nouvelles cartes Tribu et P\u00e9riph\u00e9rie. Vous aurez l&rsquo;opportunit\u00e9 de rencontrer la Targuia, la femme touareg, qui se d\u00e9place dans le sens inverse du Pillard et apporte de nouveaux avantages, ou encore de partir \u00e0 la d\u00e9couverte des Dunes Mouvantes, et d&rsquo;obtenir d&rsquo;importantes r\u00e9compense. Mais chaque avantage se paye&#8230; Saurez-vous g\u00e9rer vos r\u00e9serves d&rsquo;eau, cette ressource plus pr\u00e9cieuse que jamais ? Cette extension de Targui, riche en nouveaut\u00e9s, apporte un nouveau souffle \u00e0 cet incontournable du jeu \u00e0 2 joueurs.<\/p>\n","protected":false},"author":2,"featured_media":8881,"parent":9146,"menu_order":1,"comment_status":"closed","ping_status":"closed","template":"","meta":{"footnotes":""},"class_list":["post-9154","page","type-page","status-publish","has-post-thumbnail","hentry"],"acf":[],"rttpg_featured_image_url":{"full":["https:\/\/meeplendice.net\/wp-content\/uploads\/2021\/12\/Targui_extension.png",350,350,false],"landscape":["https:\/\/meeplendice.net\/wp-content\/uploads\/2021\/12\/Targui_extension.png",350,350,false],"portraits":["https:\/\/meeplendice.net\/wp-content\/uploads\/2021\/12\/Targui_extension.png",350,350,false],"thumbnail":["https:\/\/meeplendice.net\/wp-content\/uploads\/2021\/12\/Targui_extension-150x150.png",150,150,true],"medium":["https:\/\/meeplendice.net\/wp-content\/uploads\/2021\/12\/Targui_extension-300x300.png",300,300,true],"large":["https:\/\/meeplendice.net\/wp-content\/uploads\/2021\/12\/Targui_extension.png",350,350,false],"ug_big":["https:\/\/meeplendice.net\/wp-content\/uploads\/2021\/12\/Targui_extension.png",350,350,false],"1536x1536":["https:\/\/meeplendice.net\/wp-content\/uploads\/2021\/12\/Targui_extension.png",350,350,false],"2048x2048":["https:\/\/meeplendice.net\/wp-content\/uploads\/2021\/12\/Targui_extension.png",350,350,false],"ashe-slider-grid-thumbnail":["https:\/\/meeplendice.net\/wp-content\/uploads\/2021\/12\/Targui_extension.png",350,350,false],"ashe-full-thumbnail":["https:\/\/meeplendice.net\/wp-content\/uploads\/2021\/12\/Targui_extension.png",350,350,false],"ashe-grid-thumbnail":["https:\/\/meeplendice.net\/wp-content\/uploads\/2021\/12\/Targui_extension-350x330.png",350,330,true],"ashe-list-thumbnail":["https:\/\/meeplendice.net\/wp-content\/uploads\/2021\/12\/Targui_extension-300x300.png",300,300,true],"ashe-single-navigation":["https:\/\/meeplendice.net\/wp-content\/uploads\/2021\/12\/Targui_extension-75x75.png",75,75,true],"mailpoet_newsletter_max":["https:\/\/meeplendice.net\/wp-content\/uploads\/2021\/12\/Targui_extension.png",350,350,false],"rpwe-thumbnail":["https:\/\/meeplendice.net\/wp-content\/uploads\/2021\/12\/Targui_extension-45x45.png",45,45,true],"sow-carousel-default":["https:\/\/meeplendice.net\/wp-content\/uploads\/2021\/12\/Targui_extension-272x182.png",272,182,true],"rt_custom":["https:\/\/meeplendice.net\/wp-content\/uploads\/2021\/12\/Targui_extension.png",350,350,false]},"rttpg_author":{"display_name":"Karnby","author_link":"https:\/\/meeplendice.net\/?author=2"},"rttpg_comment":0,"rttpg_category":null,"rttpg_excerpt":"De retour sur les routes du d\u00e9sert ! Le moment est venu de prendre des d\u00e9cisions encore plus difficiles, avec l&rsquo;arriv\u00e9e de nouvelles cartes Tribu et P\u00e9riph\u00e9rie. Vous aurez l&rsquo;opportunit\u00e9 de rencontrer la Targuia, la femme touareg, qui se d\u00e9place dans le sens inverse du Pillard et apporte de nouveaux avantages, ou encore de partir\u2026","_links":{"self":[{"href":"https:\/\/meeplendice.net\/index.php?rest_route=\/wp\/v2\/pages\/9154","targetHints":{"allow":["GET"]}}],"collection":[{"href":"https:\/\/meeplendice.net\/index.php?rest_route=\/wp\/v2\/pages"}],"about":[{"href":"https:\/\/meeplendice.net\/index.php?rest_route=\/wp\/v2\/types\/page"}],"author":[{"embeddable":true,"href":"https:\/\/meeplendice.net\/index.php?rest_route=\/wp\/v2\/users\/2"}],"replies":[{"embeddable":true,"href":"https:\/\/meeplendice.net\/index.php?rest_route=%2Fwp%2Fv2%2Fcomments&post=9154"}],"version-history":[{"count":1,"href":"https:\/\/meeplendice.net\/index.php?rest_route=\/wp\/v2\/pages\/9154\/revisions"}],"predecessor-version":[{"id":9156,"href":"https:\/\/meeplendice.net\/index.php?rest_route=\/wp\/v2\/pages\/9154\/revisions\/9156"}],"up":[{"embeddable":true,"href":"https:\/\/meeplendice.net\/index.php?rest_route=\/wp\/v2\/pages\/9146"}],"wp:featuredmedia":[{"embeddable":true,"href":"https:\/\/meeplendice.net\/index.php?rest_route=\/wp\/v2\/media\/8881"}],"wp:attachment":[{"href":"https:\/\/meeplendice.net\/index.php?rest_route=%2Fwp%2Fv2%2Fmedia&parent=9154"}],"curies":[{"name":"wp","href":"https:\/\/api.w.org\/{rel}","templated":true}]}}