{"id":9159,"date":"2022-01-18T21:03:04","date_gmt":"2022-01-18T20:03:04","guid":{"rendered":"https:\/\/meeplendice.net\/?page_id=9159"},"modified":"2022-01-18T21:05:21","modified_gmt":"2022-01-18T20:05:21","slug":"into-the-blue","status":"publish","type":"page","link":"https:\/\/meeplendice.net\/?page_id=9159","title":{"rendered":"Into the Blue"},"content":{"rendered":"<div id=\"pl-9159\"  class=\"panel-layout\" ><div id=\"pg-9159-0\"  class=\"panel-grid panel-no-style\" ><div id=\"pgc-9159-0-0\"  class=\"panel-grid-cell\" ><div id=\"panel-9159-0-0-0\" class=\"so-panel widget widget_sow-editor panel-first-child panel-last-child\" data-index=\"0\" ><div\n\t\t\t\n\t\t\tclass=\"so-widget-sow-editor so-widget-sow-editor-base\"\n\t\t\t\n\t\t>\n<div class=\"siteorigin-widget-tinymce textwidget\">\n\t<p style=\"text-align: center;\"><strong>Nombre de joueurs :<\/strong><br \/>\n2 - 5<\/p>\n<\/div>\n<\/div><\/div><\/div><div id=\"pgc-9159-0-1\"  class=\"panel-grid-cell\" ><div id=\"panel-9159-0-1-0\" class=\"so-panel widget widget_sow-editor panel-first-child panel-last-child\" data-index=\"1\" ><div\n\t\t\t\n\t\t\tclass=\"so-widget-sow-editor so-widget-sow-editor-base\"\n\t\t\t\n\t\t>\n<div class=\"siteorigin-widget-tinymce textwidget\">\n\t<p style=\"text-align: center;\"><strong>Dur\u00e9e moyenne :<\/strong><br \/>\n20 min<\/p>\n<\/div>\n<\/div><\/div><\/div><div id=\"pgc-9159-0-2\"  class=\"panel-grid-cell\" ><div id=\"panel-9159-0-2-0\" class=\"so-panel widget widget_sow-editor panel-first-child panel-last-child\" data-index=\"2\" ><div\n\t\t\t\n\t\t\tclass=\"so-widget-sow-editor so-widget-sow-editor-base\"\n\t\t\t\n\t\t>\n<div class=\"siteorigin-widget-tinymce textwidget\">\n\t<p style=\"text-align: center;\"><strong>Age :<\/strong><br \/>\n8 ans et plus<\/p>\n<\/div>\n<\/div><\/div><\/div><\/div><div id=\"pg-9159-1\"  class=\"panel-grid panel-no-style\" ><div id=\"pgc-9159-1-0\"  class=\"panel-grid-cell\" ><div id=\"panel-9159-1-0-0\" class=\"so-panel widget widget_sow-editor panel-first-child panel-last-child\" data-index=\"3\" ><div\n\t\t\t\n\t\t\tclass=\"so-widget-sow-editor so-widget-sow-editor-base\"\n\t\t\t\n\t\t>\n<div class=\"siteorigin-widget-tinymce textwidget\">\n\t<p style=\"text-align: center;\"><strong>Auteur(s) :<br \/>\n<\/strong>Reiner Knizia<\/p>\n<\/div>\n<\/div><\/div><\/div><div id=\"pgc-9159-1-1\"  class=\"panel-grid-cell\" ><div id=\"panel-9159-1-1-0\" class=\"so-panel widget widget_sow-editor panel-first-child panel-last-child\" data-index=\"4\" ><div\n\t\t\t\n\t\t\tclass=\"so-widget-sow-editor so-widget-sow-editor-base\"\n\t\t\t\n\t\t>\n<div class=\"siteorigin-widget-tinymce textwidget\">\n\t<p style=\"text-align: center;\"><strong>Illustrations :<\/strong><br \/>\nAlain Boyer<\/p>\n<\/div>\n<\/div><\/div><\/div><div id=\"pgc-9159-1-2\"  class=\"panel-grid-cell\" ><div id=\"panel-9159-1-2-0\" class=\"so-panel widget widget_sow-editor panel-first-child panel-last-child\" data-index=\"5\" ><div\n\t\t\t\n\t\t\tclass=\"so-widget-sow-editor so-widget-sow-editor-base\"\n\t\t\t\n\t\t>\n<div class=\"siteorigin-widget-tinymce textwidget\">\n\t<p style=\"text-align: center;\"><strong>\u00c9dition :<\/strong><br \/>\nFunnyfox<br \/>\n2021<\/p>\n<\/div>\n<\/div><\/div><\/div><div id=\"pgc-9159-1-3\"  class=\"panel-grid-cell\" ><div id=\"panel-9159-1-3-0\" class=\"so-panel widget widget_sow-editor panel-first-child panel-last-child\" data-index=\"6\" ><div\n\t\t\t\n\t\t\tclass=\"so-widget-sow-editor so-widget-sow-editor-base\"\n\t\t\t\n\t\t>\n<div class=\"siteorigin-widget-tinymce textwidget\">\n\t<p style=\"text-align: center;\"><strong>Version :<\/strong><br \/>\nFran\u00e7aise<\/p>\n<\/div>\n<\/div><\/div><\/div><\/div><div id=\"pg-9159-2\"  class=\"panel-grid panel-no-style\" ><div id=\"pgc-9159-2-0\"  class=\"panel-grid-cell\" ><div id=\"panel-9159-2-0-0\" class=\"so-panel widget widget_sow-editor panel-first-child panel-last-child\" data-index=\"7\" ><div\n\t\t\t\n\t\t\tclass=\"so-widget-sow-editor so-widget-sow-editor-base\"\n\t\t\t\n\t\t>\n<div class=\"siteorigin-widget-tinymce textwidget\">\n\t<hr \/>\n<p><em>Vous incarnez une \u00e9quipe de plongeurs \u00e0 la recherche de myst\u00e9rieux tr\u00e9sors enfouis sous les eaux. Mais attention, nous n'\u00eates pas seul \u00e0 vouloir vous emparer de ces merveilles immerg\u00e9es... Explorez les profondeurs et tentez de remonter les biens les plus pr\u00e9cieux. Marquez votre pr\u00e9sence dans les diff\u00e9rentes zones pour esp\u00e9rer en prendre le contr\u00f4le et vous attribuer leurs richesses !<\/em><\/p>\n<p>Dans <em>Into the Blue<\/em>, les joueurs devront chacun leur tour lancer des d\u00e9s pour r\u00e9aliser des suites de chiffres qui leur permettront de d\u00e9poser leurs coquillages sur les diff\u00e9rents paliers de plong\u00e9e dans le but d'en obtenir le contr\u00f4le. Une plong\u00e9e parfaite vous permettra de r\u00e9cup\u00e9rer les plus beaux tr\u00e9sors, mais gare \u00e0 ne pas trop prendre de risques, vous pourriez repartir les mains vides !<\/p>\n<\/div>\n<\/div><\/div><\/div><\/div><div id=\"pg-9159-3\"  class=\"panel-grid panel-no-style\" ><div id=\"pgc-9159-3-0\"  class=\"panel-grid-cell\" ><div id=\"panel-9159-3-0-0\" class=\"so-panel widget widget_sow-editor panel-first-child panel-last-child\" data-index=\"8\" ><div\n\t\t\t\n\t\t\tclass=\"so-widget-sow-editor so-widget-sow-editor-base\"\n\t\t\t\n\t\t>\n<div class=\"siteorigin-widget-tinymce textwidget\">\n\t<hr \/>\n<h3 style=\"text-align: center;\">En vid\u00e9o<\/h3>\n<\/div>\n<\/div><\/div><\/div><\/div><div id=\"pg-9159-4\"  class=\"panel-grid panel-no-style\" ><div id=\"pgc-9159-4-0\"  class=\"panel-grid-cell\" ><div id=\"panel-9159-4-0-0\" class=\"so-panel widget widget_sow-editor panel-first-child panel-last-child\" data-index=\"9\" ><div\n\t\t\t\n\t\t\tclass=\"so-widget-sow-editor so-widget-sow-editor-base\"\n\t\t\t\n\t\t>\n<div class=\"siteorigin-widget-tinymce textwidget\">\n\t<hr \/>\n<h3 style=\"text-align: center;\">Pour aller plus loin<\/h3>\n<\/div>\n<\/div><\/div><\/div><\/div><\/div>","protected":false},"excerpt":{"rendered":"<p>Nombre de joueurs : 2 &#8211; 5 Dur\u00e9e moyenne : 20 min Age : 8 ans et plus Auteur(s) : Reiner Knizia Illustrations : Alain Boyer \u00c9dition : Funnyfox 2021 Version : Fran\u00e7aise<\/p>\n","protected":false},"author":2,"featured_media":8991,"parent":0,"menu_order":0,"comment_status":"closed","ping_status":"closed","template":"","meta":{"footnotes":""},"class_list":["post-9159","page","type-page","status-publish","has-post-thumbnail","hentry"],"acf":[],"rttpg_featured_image_url":{"full":["https:\/\/meeplendice.net\/wp-content\/uploads\/2022\/01\/Into_the_blue.png",350,350,false],"landscape":["https:\/\/meeplendice.net\/wp-content\/uploads\/2022\/01\/Into_the_blue.png",350,350,false],"portraits":["https:\/\/meeplendice.net\/wp-content\/uploads\/2022\/01\/Into_the_blue.png",350,350,false],"thumbnail":["https:\/\/meeplendice.net\/wp-content\/uploads\/2022\/01\/Into_the_blue-150x150.png",150,150,true],"medium":["https:\/\/meeplendice.net\/wp-content\/uploads\/2022\/01\/Into_the_blue-300x300.png",300,300,true],"large":["https:\/\/meeplendice.net\/wp-content\/uploads\/2022\/01\/Into_the_blue.png",350,350,false],"ug_big":["https:\/\/meeplendice.net\/wp-content\/uploads\/2022\/01\/Into_the_blue.png",350,350,false],"1536x1536":["https:\/\/meeplendice.net\/wp-content\/uploads\/2022\/01\/Into_the_blue.png",350,350,false],"2048x2048":["https:\/\/meeplendice.net\/wp-content\/uploads\/2022\/01\/Into_the_blue.png",350,350,false],"ashe-slider-grid-thumbnail":["https:\/\/meeplendice.net\/wp-content\/uploads\/2022\/01\/Into_the_blue.png",350,350,false],"ashe-full-thumbnail":["https:\/\/meeplendice.net\/wp-content\/uploads\/2022\/01\/Into_the_blue.png",350,350,false],"ashe-grid-thumbnail":["https:\/\/meeplendice.net\/wp-content\/uploads\/2022\/01\/Into_the_blue-350x330.png",350,330,true],"ashe-list-thumbnail":["https:\/\/meeplendice.net\/wp-content\/uploads\/2022\/01\/Into_the_blue-300x300.png",300,300,true],"ashe-single-navigation":["https:\/\/meeplendice.net\/wp-content\/uploads\/2022\/01\/Into_the_blue-75x75.png",75,75,true],"mailpoet_newsletter_max":["https:\/\/meeplendice.net\/wp-content\/uploads\/2022\/01\/Into_the_blue.png",350,350,false],"rpwe-thumbnail":["https:\/\/meeplendice.net\/wp-content\/uploads\/2022\/01\/Into_the_blue-45x45.png",45,45,true],"sow-carousel-default":["https:\/\/meeplendice.net\/wp-content\/uploads\/2022\/01\/Into_the_blue-272x182.png",272,182,true],"rt_custom":["https:\/\/meeplendice.net\/wp-content\/uploads\/2022\/01\/Into_the_blue.png",350,350,false]},"rttpg_author":{"display_name":"Karnby","author_link":"https:\/\/meeplendice.net\/?author=2"},"rttpg_comment":0,"rttpg_category":null,"rttpg_excerpt":"Nombre de joueurs : 2 - 5 Dur\u00e9e moyenne : 20 min Age : 8 ans et plus Auteur(s) : Reiner Knizia Illustrations : Alain Boyer \u00c9dition : Funnyfox 2021 Version : Fran\u00e7aise","_links":{"self":[{"href":"https:\/\/meeplendice.net\/index.php?rest_route=\/wp\/v2\/pages\/9159","targetHints":{"allow":["GET"]}}],"collection":[{"href":"https:\/\/meeplendice.net\/index.php?rest_route=\/wp\/v2\/pages"}],"about":[{"href":"https:\/\/meeplendice.net\/index.php?rest_route=\/wp\/v2\/types\/page"}],"author":[{"embeddable":true,"href":"https:\/\/meeplendice.net\/index.php?rest_route=\/wp\/v2\/users\/2"}],"replies":[{"embeddable":true,"href":"https:\/\/meeplendice.net\/index.php?rest_route=%2Fwp%2Fv2%2Fcomments&post=9159"}],"version-history":[{"count":5,"href":"https:\/\/meeplendice.net\/index.php?rest_route=\/wp\/v2\/pages\/9159\/revisions"}],"predecessor-version":[{"id":9165,"href":"https:\/\/meeplendice.net\/index.php?rest_route=\/wp\/v2\/pages\/9159\/revisions\/9165"}],"wp:featuredmedia":[{"embeddable":true,"href":"https:\/\/meeplendice.net\/index.php?rest_route=\/wp\/v2\/media\/8991"}],"wp:attachment":[{"href":"https:\/\/meeplendice.net\/index.php?rest_route=%2Fwp%2Fv2%2Fmedia&parent=9159"}],"curies":[{"name":"wp","href":"https:\/\/api.w.org\/{rel}","templated":true}]}}