{"id":9166,"date":"2022-01-18T21:09:30","date_gmt":"2022-01-18T20:09:30","guid":{"rendered":"https:\/\/meeplendice.net\/?page_id=9166"},"modified":"2022-01-18T21:26:53","modified_gmt":"2022-01-18T20:26:53","slug":"ixiens-tleilaxu","status":"publish","type":"page","link":"https:\/\/meeplendice.net\/?page_id=9166","title":{"rendered":"Ixiens &#038; Tleilaxu"},"content":{"rendered":"<p>Ixiens et les Tleilaxu, deux nouvelles maisons pour Dune: Le jeu de plateau<\/p>\n<p>&#8211; Tleilaxu: Men\u00e9s par le Conseil des Ma\u00eetres, les Tleilaxu sont fanatiques et x\u00e9nophobes, mais tol\u00e9r\u00e9s en raison de leur ma\u00eetrise du g\u00e9nie g\u00e9n\u00e9tique. Aussi m\u00e9pris\u00e9s que sous-estim\u00e9s, ils esp\u00e8rent encore dominer l\u2019univers<\/p>\n<p>&#8211; Les Ixiens sont gouvern\u00e9s par le prince cyborg Rhombur de la maison Vernius. Ils ma\u00eetrisent des techniques d\u2019ing\u00e9nierie de pointe et des technologies qu\u2019eux seuls savent utiliser.<\/p>\n<p>Les Ixiens et les Tleilaxu jouent un r\u00f4le d\u00e9cisif dans l\u2019\u00e9conomie du CHOM et de l\u2019Imperium. La famille royale d\u2019Ix \u00e9tait l\u2019une des plus riches de l\u2019Imperium. Depuis l\u2019invasion d\u2019Ix par les Tleilaxu et les Sardaukar de l\u2019Empereur, puis la lib\u00e9ration d\u2019Ix par les forces Ixiennes et Atr\u00e9ides, les Ixiens et les Tleilaxu se vouent mutuellement une haine mortelle.<\/p>\n<p>Cette extension propose \u00e9galement de nouvelles m\u00e9caniques de jeu qui vous aideront \u00e0 prendre l\u2019avantage sur les factions rivales.<\/p>\n","protected":false},"excerpt":{"rendered":"<p>Ixiens et les Tleilaxu, deux nouvelles maisons pour Dune: Le jeu de plateau &#8211; Tleilaxu: Men\u00e9s par le Conseil des Ma\u00eetres, les Tleilaxu sont fanatiques et x\u00e9nophobes, mais tol\u00e9r\u00e9s en raison de leur ma\u00eetrise du g\u00e9nie g\u00e9n\u00e9tique. Aussi m\u00e9pris\u00e9s que sous-estim\u00e9s, ils esp\u00e8rent encore dominer l\u2019univers &#8211; Les Ixiens sont gouvern\u00e9s par le prince cyborg Rhombur de la maison Vernius. Ils ma\u00eetrisent des techniques d\u2019ing\u00e9nierie de pointe et des technologies qu\u2019eux seuls savent utiliser. Les Ixiens et les Tleilaxu jouent un r\u00f4le d\u00e9cisif dans l\u2019\u00e9conomie du CHOM et de l\u2019Imperium. La famille royale d\u2019Ix \u00e9tait l\u2019une des plus riches de l\u2019Imperium. Depuis l\u2019invasion d\u2019Ix par les Tleilaxu et les Sardaukar de l\u2019Empereur, puis la lib\u00e9ration d\u2019Ix par les forces Ixiennes et Atr\u00e9ides, les Ixiens et les Tleilaxu se vouent mutuellement une haine mortelle. Cette extension propose \u00e9galement de nouvelles m\u00e9caniques de jeu qui vous aideront \u00e0 prendre l\u2019avantage sur les factions rivales.<\/p>\n","protected":false},"author":2,"featured_media":8883,"parent":0,"menu_order":1,"comment_status":"closed","ping_status":"closed","template":"","meta":{"footnotes":""},"class_list":["post-9166","page","type-page","status-publish","has-post-thumbnail","hentry"],"acf":[],"rttpg_featured_image_url":{"full":["https:\/\/meeplendice.net\/wp-content\/uploads\/2021\/12\/Dune_IT.png",350,350,false],"landscape":["https:\/\/meeplendice.net\/wp-content\/uploads\/2021\/12\/Dune_IT.png",350,350,false],"portraits":["https:\/\/meeplendice.net\/wp-content\/uploads\/2021\/12\/Dune_IT.png",350,350,false],"thumbnail":["https:\/\/meeplendice.net\/wp-content\/uploads\/2021\/12\/Dune_IT-150x150.png",150,150,true],"medium":["https:\/\/meeplendice.net\/wp-content\/uploads\/2021\/12\/Dune_IT-300x300.png",300,300,true],"large":["https:\/\/meeplendice.net\/wp-content\/uploads\/2021\/12\/Dune_IT.png",350,350,false],"ug_big":["https:\/\/meeplendice.net\/wp-content\/uploads\/2021\/12\/Dune_IT.png",350,350,false],"1536x1536":["https:\/\/meeplendice.net\/wp-content\/uploads\/2021\/12\/Dune_IT.png",350,350,false],"2048x2048":["https:\/\/meeplendice.net\/wp-content\/uploads\/2021\/12\/Dune_IT.png",350,350,false],"ashe-slider-grid-thumbnail":["https:\/\/meeplendice.net\/wp-content\/uploads\/2021\/12\/Dune_IT.png",350,350,false],"ashe-full-thumbnail":["https:\/\/meeplendice.net\/wp-content\/uploads\/2021\/12\/Dune_IT.png",350,350,false],"ashe-grid-thumbnail":["https:\/\/meeplendice.net\/wp-content\/uploads\/2021\/12\/Dune_IT-350x330.png",350,330,true],"ashe-list-thumbnail":["https:\/\/meeplendice.net\/wp-content\/uploads\/2021\/12\/Dune_IT-300x300.png",300,300,true],"ashe-single-navigation":["https:\/\/meeplendice.net\/wp-content\/uploads\/2021\/12\/Dune_IT-75x75.png",75,75,true],"mailpoet_newsletter_max":["https:\/\/meeplendice.net\/wp-content\/uploads\/2021\/12\/Dune_IT.png",350,350,false],"rpwe-thumbnail":["https:\/\/meeplendice.net\/wp-content\/uploads\/2021\/12\/Dune_IT-45x45.png",45,45,true],"sow-carousel-default":["https:\/\/meeplendice.net\/wp-content\/uploads\/2021\/12\/Dune_IT-272x182.png",272,182,true],"rt_custom":["https:\/\/meeplendice.net\/wp-content\/uploads\/2021\/12\/Dune_IT.png",350,350,false]},"rttpg_author":{"display_name":"Karnby","author_link":"https:\/\/meeplendice.net\/?author=2"},"rttpg_comment":0,"rttpg_category":null,"rttpg_excerpt":"Ixiens et les Tleilaxu, deux nouvelles maisons pour Dune: Le jeu de plateau &#8211; Tleilaxu: Men\u00e9s par le Conseil des Ma\u00eetres, les Tleilaxu sont fanatiques et x\u00e9nophobes, mais tol\u00e9r\u00e9s en raison de leur ma\u00eetrise du g\u00e9nie g\u00e9n\u00e9tique. Aussi m\u00e9pris\u00e9s que sous-estim\u00e9s, ils esp\u00e8rent encore dominer l\u2019univers &#8211; Les Ixiens sont gouvern\u00e9s par le prince cyborg\u2026","_links":{"self":[{"href":"https:\/\/meeplendice.net\/index.php?rest_route=\/wp\/v2\/pages\/9166","targetHints":{"allow":["GET"]}}],"collection":[{"href":"https:\/\/meeplendice.net\/index.php?rest_route=\/wp\/v2\/pages"}],"about":[{"href":"https:\/\/meeplendice.net\/index.php?rest_route=\/wp\/v2\/types\/page"}],"author":[{"embeddable":true,"href":"https:\/\/meeplendice.net\/index.php?rest_route=\/wp\/v2\/users\/2"}],"replies":[{"embeddable":true,"href":"https:\/\/meeplendice.net\/index.php?rest_route=%2Fwp%2Fv2%2Fcomments&post=9166"}],"version-history":[{"count":2,"href":"https:\/\/meeplendice.net\/index.php?rest_route=\/wp\/v2\/pages\/9166\/revisions"}],"predecessor-version":[{"id":9170,"href":"https:\/\/meeplendice.net\/index.php?rest_route=\/wp\/v2\/pages\/9166\/revisions\/9170"}],"wp:featuredmedia":[{"embeddable":true,"href":"https:\/\/meeplendice.net\/index.php?rest_route=\/wp\/v2\/media\/8883"}],"wp:attachment":[{"href":"https:\/\/meeplendice.net\/index.php?rest_route=%2Fwp%2Fv2%2Fmedia&parent=9166"}],"curies":[{"name":"wp","href":"https:\/\/api.w.org\/{rel}","templated":true}]}}