{"id":9171,"date":"2022-01-18T21:27:14","date_gmt":"2022-01-18T20:27:14","guid":{"rendered":"https:\/\/meeplendice.net\/?page_id=9171"},"modified":"2022-02-24T10:52:29","modified_gmt":"2022-02-24T09:52:29","slug":"under-the-moonlight","status":"publish","type":"page","link":"https:\/\/meeplendice.net\/?page_id=9171","title":{"rendered":"Under the Moonlight"},"content":{"rendered":"<p>Enrichissez l&rsquo;exp\u00e9rience Photosynthesis avec son extension Under the Moonlight !<\/p>\n<p>&#8211; La Lune tourne en sens inverse du Soleil et donne des points de Lune aux Animaux qui se trouvent sur ses lignes de diffusion de lumi\u00e8re<\/p>\n<p>&#8211; Chaque joueur peut anticiper le prochain positionnement de la Lune en d\u00e9pla\u00e7ant son Animal et en utilisant ses capacit\u00e9s<\/p>\n<p>&#8211; Le Grand Ancien projette une ombre sur toutes les cases \u00e0 l\u2019oppos\u00e9 de la lumi\u00e8re du Soleil mais \u00e9galement \u00e0 l\u2019oppos\u00e9 de la lumi\u00e8re de la Lune.<\/p>\n","protected":false},"excerpt":{"rendered":"<p>Enrichissez l&rsquo;exp\u00e9rience Photosynthesis avec son extension Under the Moonlight ! &#8211; La Lune tourne en sens inverse du Soleil et donne des points de Lune aux Animaux qui se trouvent sur ses lignes de diffusion de lumi\u00e8re &#8211; Chaque joueur peut anticiper le prochain positionnement de la Lune en d\u00e9pla\u00e7ant son Animal et en utilisant ses capacit\u00e9s &#8211; Le Grand Ancien projette une ombre sur toutes les cases \u00e0 l\u2019oppos\u00e9 de la lumi\u00e8re du Soleil mais \u00e9galement \u00e0 l\u2019oppos\u00e9 de la lumi\u00e8re de la Lune.<\/p>\n","protected":false},"author":2,"featured_media":8884,"parent":3613,"menu_order":1,"comment_status":"closed","ping_status":"closed","template":"","meta":{"footnotes":""},"class_list":["post-9171","page","type-page","status-publish","has-post-thumbnail","hentry"],"acf":[],"rttpg_featured_image_url":{"full":["https:\/\/meeplendice.net\/wp-content\/uploads\/2021\/12\/Photosynthesis_Undermoonlight.png",350,350,false],"landscape":["https:\/\/meeplendice.net\/wp-content\/uploads\/2021\/12\/Photosynthesis_Undermoonlight.png",350,350,false],"portraits":["https:\/\/meeplendice.net\/wp-content\/uploads\/2021\/12\/Photosynthesis_Undermoonlight.png",350,350,false],"thumbnail":["https:\/\/meeplendice.net\/wp-content\/uploads\/2021\/12\/Photosynthesis_Undermoonlight-150x150.png",150,150,true],"medium":["https:\/\/meeplendice.net\/wp-content\/uploads\/2021\/12\/Photosynthesis_Undermoonlight-300x300.png",300,300,true],"large":["https:\/\/meeplendice.net\/wp-content\/uploads\/2021\/12\/Photosynthesis_Undermoonlight.png",350,350,false],"ug_big":["https:\/\/meeplendice.net\/wp-content\/uploads\/2021\/12\/Photosynthesis_Undermoonlight.png",350,350,false],"1536x1536":["https:\/\/meeplendice.net\/wp-content\/uploads\/2021\/12\/Photosynthesis_Undermoonlight.png",350,350,false],"2048x2048":["https:\/\/meeplendice.net\/wp-content\/uploads\/2021\/12\/Photosynthesis_Undermoonlight.png",350,350,false],"ashe-slider-grid-thumbnail":["https:\/\/meeplendice.net\/wp-content\/uploads\/2021\/12\/Photosynthesis_Undermoonlight.png",350,350,false],"ashe-full-thumbnail":["https:\/\/meeplendice.net\/wp-content\/uploads\/2021\/12\/Photosynthesis_Undermoonlight.png",350,350,false],"ashe-grid-thumbnail":["https:\/\/meeplendice.net\/wp-content\/uploads\/2021\/12\/Photosynthesis_Undermoonlight-350x330.png",350,330,true],"ashe-list-thumbnail":["https:\/\/meeplendice.net\/wp-content\/uploads\/2021\/12\/Photosynthesis_Undermoonlight-300x300.png",300,300,true],"ashe-single-navigation":["https:\/\/meeplendice.net\/wp-content\/uploads\/2021\/12\/Photosynthesis_Undermoonlight-75x75.png",75,75,true],"mailpoet_newsletter_max":["https:\/\/meeplendice.net\/wp-content\/uploads\/2021\/12\/Photosynthesis_Undermoonlight.png",350,350,false],"rpwe-thumbnail":["https:\/\/meeplendice.net\/wp-content\/uploads\/2021\/12\/Photosynthesis_Undermoonlight-45x45.png",45,45,true],"sow-carousel-default":["https:\/\/meeplendice.net\/wp-content\/uploads\/2021\/12\/Photosynthesis_Undermoonlight-272x182.png",272,182,true],"rt_custom":["https:\/\/meeplendice.net\/wp-content\/uploads\/2021\/12\/Photosynthesis_Undermoonlight.png",350,350,false]},"rttpg_author":{"display_name":"Karnby","author_link":"https:\/\/meeplendice.net\/?author=2"},"rttpg_comment":0,"rttpg_category":null,"rttpg_excerpt":"Enrichissez l&rsquo;exp\u00e9rience Photosynthesis avec son extension Under the Moonlight ! &#8211; La Lune tourne en sens inverse du Soleil et donne des points de Lune aux Animaux qui se trouvent sur ses lignes de diffusion de lumi\u00e8re &#8211; Chaque joueur peut anticiper le prochain positionnement de la Lune en d\u00e9pla\u00e7ant son Animal et en utilisant\u2026","_links":{"self":[{"href":"https:\/\/meeplendice.net\/index.php?rest_route=\/wp\/v2\/pages\/9171","targetHints":{"allow":["GET"]}}],"collection":[{"href":"https:\/\/meeplendice.net\/index.php?rest_route=\/wp\/v2\/pages"}],"about":[{"href":"https:\/\/meeplendice.net\/index.php?rest_route=\/wp\/v2\/types\/page"}],"author":[{"embeddable":true,"href":"https:\/\/meeplendice.net\/index.php?rest_route=\/wp\/v2\/users\/2"}],"replies":[{"embeddable":true,"href":"https:\/\/meeplendice.net\/index.php?rest_route=%2Fwp%2Fv2%2Fcomments&post=9171"}],"version-history":[{"count":1,"href":"https:\/\/meeplendice.net\/index.php?rest_route=\/wp\/v2\/pages\/9171\/revisions"}],"predecessor-version":[{"id":9172,"href":"https:\/\/meeplendice.net\/index.php?rest_route=\/wp\/v2\/pages\/9171\/revisions\/9172"}],"up":[{"embeddable":true,"href":"https:\/\/meeplendice.net\/index.php?rest_route=\/wp\/v2\/pages\/3613"}],"wp:featuredmedia":[{"embeddable":true,"href":"https:\/\/meeplendice.net\/index.php?rest_route=\/wp\/v2\/media\/8884"}],"wp:attachment":[{"href":"https:\/\/meeplendice.net\/index.php?rest_route=%2Fwp%2Fv2%2Fmedia&parent=9171"}],"curies":[{"name":"wp","href":"https:\/\/api.w.org\/{rel}","templated":true}]}}