{"id":9199,"date":"2022-01-22T16:36:20","date_gmt":"2022-01-22T15:36:20","guid":{"rendered":"https:\/\/meeplendice.net\/?page_id=9199"},"modified":"2023-02-02T11:06:20","modified_gmt":"2023-02-02T10:06:20","slug":"little-town","status":"publish","type":"page","link":"https:\/\/meeplendice.net\/?page_id=9199","title":{"rendered":"Little Town"},"content":{"rendered":"<div id=\"pl-9199\"  class=\"panel-layout\" ><div id=\"pg-9199-0\"  class=\"panel-grid panel-no-style\" ><div id=\"pgc-9199-0-0\"  class=\"panel-grid-cell\" ><div id=\"panel-9199-0-0-0\" class=\"so-panel widget widget_sow-editor panel-first-child panel-last-child\" data-index=\"0\" ><div\n\t\t\t\n\t\t\tclass=\"so-widget-sow-editor so-widget-sow-editor-base\"\n\t\t\t\n\t\t>\n<div class=\"siteorigin-widget-tinymce textwidget\">\n\t<p style=\"text-align: center;\"><strong>Nombre de joueurs :<\/strong><br \/>\n2 - 4<\/p>\n<\/div>\n<\/div><\/div><\/div><div id=\"pgc-9199-0-1\"  class=\"panel-grid-cell\" ><div id=\"panel-9199-0-1-0\" class=\"so-panel widget widget_sow-editor panel-first-child panel-last-child\" data-index=\"1\" ><div\n\t\t\t\n\t\t\tclass=\"so-widget-sow-editor so-widget-sow-editor-base\"\n\t\t\t\n\t\t>\n<div class=\"siteorigin-widget-tinymce textwidget\">\n\t<p style=\"text-align: center;\"><strong>Dur\u00e9e moyenne :<\/strong><br \/>\n45 min<\/p>\n<\/div>\n<\/div><\/div><\/div><div id=\"pgc-9199-0-2\"  class=\"panel-grid-cell\" ><div id=\"panel-9199-0-2-0\" class=\"so-panel widget widget_sow-editor panel-first-child panel-last-child\" data-index=\"2\" ><div\n\t\t\t\n\t\t\tclass=\"so-widget-sow-editor so-widget-sow-editor-base\"\n\t\t\t\n\t\t>\n<div class=\"siteorigin-widget-tinymce textwidget\">\n\t<p style=\"text-align: center;\"><strong>Age :<\/strong><br \/>\n10 ans et plus<\/p>\n<\/div>\n<\/div><\/div><\/div><\/div><div id=\"pg-9199-1\"  class=\"panel-grid panel-no-style\" ><div id=\"pgc-9199-1-0\"  class=\"panel-grid-cell\" ><div id=\"panel-9199-1-0-0\" class=\"so-panel widget widget_sow-editor panel-first-child panel-last-child\" data-index=\"3\" ><div\n\t\t\t\n\t\t\tclass=\"so-widget-sow-editor so-widget-sow-editor-base\"\n\t\t\t\n\t\t>\n<div class=\"siteorigin-widget-tinymce textwidget\">\n\t<p style=\"text-align: center;\"><strong>Auteur(s) :<br \/>\n<\/strong>Shun Taguchi<br \/>\nAya Taguchi<\/p>\n<\/div>\n<\/div><\/div><\/div><div id=\"pgc-9199-1-1\"  class=\"panel-grid-cell\" ><div id=\"panel-9199-1-1-0\" class=\"so-panel widget widget_sow-editor panel-first-child panel-last-child\" data-index=\"4\" ><div\n\t\t\t\n\t\t\tclass=\"so-widget-sow-editor so-widget-sow-editor-base\"\n\t\t\t\n\t\t>\n<div class=\"siteorigin-widget-tinymce textwidget\">\n\t<p style=\"text-align: center;\"><strong>Illustrations :<\/strong><br \/>\nSabrina Miramon<\/p>\n<\/div>\n<\/div><\/div><\/div><div id=\"pgc-9199-1-2\"  class=\"panel-grid-cell\" ><div id=\"panel-9199-1-2-0\" class=\"so-panel widget widget_sow-editor panel-first-child panel-last-child\" data-index=\"5\" ><div\n\t\t\t\n\t\t\tclass=\"so-widget-sow-editor so-widget-sow-editor-base\"\n\t\t\t\n\t\t>\n<div class=\"siteorigin-widget-tinymce textwidget\">\n\t<p style=\"text-align: center;\"><strong>\u00c9dition :<\/strong><br \/>\nIello<br \/>\n2020<\/p>\n<\/div>\n<\/div><\/div><\/div><div id=\"pgc-9199-1-3\"  class=\"panel-grid-cell\" ><div id=\"panel-9199-1-3-0\" class=\"so-panel widget widget_sow-editor panel-first-child panel-last-child\" data-index=\"6\" ><div\n\t\t\t\n\t\t\tclass=\"so-widget-sow-editor so-widget-sow-editor-base\"\n\t\t\t\n\t\t>\n<div class=\"siteorigin-widget-tinymce textwidget\">\n\t<p style=\"text-align: center;\"><strong>Version :<\/strong><br \/>\nFran\u00e7aise<\/p>\n<\/div>\n<\/div><\/div><\/div><\/div><div id=\"pg-9199-2\"  class=\"panel-grid panel-no-style\" ><div id=\"pgc-9199-2-0\"  class=\"panel-grid-cell\" ><div id=\"panel-9199-2-0-0\" class=\"so-panel widget widget_sow-editor panel-first-child panel-last-child\" data-index=\"7\" ><div\n\t\t\t\n\t\t\tclass=\"so-widget-sow-editor so-widget-sow-editor-base\"\n\t\t\t\n\t\t>\n<div class=\"siteorigin-widget-tinymce textwidget\">\n\t<hr \/>\n<p><em>Il existe, bien au-del\u00e0 des montagnes les plus recul\u00e9es, une r\u00e9gion riche et verdoyante encore inexplor\u00e9e. Ce lieu regorgeant de richesse est l'endroit id\u00e9al pour b\u00e2tir la ville de vos r\u00eaves. Il vous faudra r\u00e9colter des ressources pour ensuite \u00e9riger un premier b\u00e2timent, puis un autre, et encore un autre... Faites na\u00eetre ainsi une cit\u00e9 resplendissante !<\/em><\/p>\n<p>Quel architecte sera le plus ambitieux et le plus talentueux ?.<\/p>\n<p>R\u00e9coltez des ressources... construisez vos propres b\u00e2timents...combinez les effets des tuiles qui vous entourent... pour gagner un maximum de points de victoires !<\/p>\n<\/div>\n<\/div><\/div><\/div><\/div><div id=\"pg-9199-3\"  class=\"panel-grid panel-no-style\" ><div id=\"pgc-9199-3-0\"  class=\"panel-grid-cell\" ><div id=\"panel-9199-3-0-0\" class=\"so-panel widget widget_sow-editor panel-first-child panel-last-child\" data-index=\"8\" ><div\n\t\t\t\n\t\t\tclass=\"so-widget-sow-editor so-widget-sow-editor-base\"\n\t\t\t\n\t\t>\n<div class=\"siteorigin-widget-tinymce textwidget\">\n\t<hr \/>\n<h3 style=\"text-align: center;\">En vid\u00e9o<\/h3>\n<p><a href=\"https:\/\/www.trictrac.net\/video\/Little_Town_De_Lexplipartie\" target=\"_blank\" rel=\"noopener\"><img loading=\"lazy\" decoding=\"async\" class=\"alignnone size-full wp-image-9090\" src=\"https:\/\/meeplendice.net\/wp-content\/uploads\/2022\/01\/Link_CJ_v2.png\" alt=\"\" width=\"200\" height=\"170\" \/><\/a><\/p>\n<\/div>\n<\/div><\/div><\/div><\/div><div id=\"pg-9199-4\"  class=\"panel-grid panel-no-style\" ><div id=\"pgc-9199-4-0\"  class=\"panel-grid-cell\" ><div id=\"panel-9199-4-0-0\" class=\"so-panel widget widget_sow-editor panel-first-child panel-last-child\" data-index=\"9\" ><div\n\t\t\t\n\t\t\tclass=\"so-widget-sow-editor so-widget-sow-editor-base\"\n\t\t\t\n\t\t>\n<div class=\"siteorigin-widget-tinymce textwidget\">\n\t<hr \/>\n<h3 style=\"text-align: center;\">Extension(s)<\/h3>\n<style type='text\/css' media='all'>#rt-tpg-container-2669417038 .read-more a{border-radius:px;}#rt-tpg-container-2669417038 .rt-img-holder img.rt-img-responsive,#rt-tpg-container-2669417038 .rt-img-holder,\n\t\t\t\t\t#rt-tpg-container-2669417038 .rt-post-overlay .post-img,\n\t\t\t\t\t#rt-tpg-container-2669417038 .post-sm .post-img,\n\t\t\t\t\t#rt-tpg-container-2669417038 .rt-post-grid .post-img,\n\t\t\t\t\t#rt-tpg-container-2669417038 .post-img img {border-radius:px;}#rt-tpg-container-2669417038 .layout9 .rt-holder h2.entry-title,\n\t\t\t\t\t#rt-tpg-container-2669417038 .layout9 .rt-holder h3.entry-title,\n\t\t\t\t\t#rt-tpg-container-2669417038 .layout9 .rt-holder h4.entry-title,\n\t\t\t\t\t#rt-tpg-container-2669417038 .layout9 .rt-holder h2.entry-title a,\n\t\t\t\t\t#rt-tpg-container-2669417038 .layout9 .rt-holder h3.entry-title a,\n\t\t\t\t\t#rt-tpg-container-2669417038 .layout9 .rt-holder h4.entry-title a,\n\t\t\t\t\t#rt-tpg-container-2669417038 .rt-holder .rt-woo-info h2 a,\n\t\t\t\t\t#rt-tpg-container-2669417038 .rt-holder .rt-woo-info h3 a,\n\t\t\t\t\t#rt-tpg-container-2669417038 .rt-holder .rt-woo-info h4 a,\n\t\t\t\t\t#rt-tpg-container-2669417038 .post-content .post-title,\n\t\t\t\t\t#rt-tpg-container-2669417038 .rt-post-grid .post-title,\n\t\t\t\t\t#rt-tpg-container-2669417038 .rt-post-grid .post-title a,\n\t\t\t\t\t#rt-tpg-container-2669417038 .post-content .post-title a,\n\t\t\t\t\t#rt-tpg-container-2669417038 .rt-holder .rt-woo-info h2,\n\t\t\t\t\t#rt-tpg-container-2669417038 .rt-holder .rt-woo-info h3,\n\t\t\t\t\t#rt-tpg-container-2669417038 .rt-holder .rt-woo-info h4{font-size:16px;line-height:26px;font-weight:normal;text-align:center;}#rt-tpg-container-2669417038 .post-grid-lg-style-1 .post-title,\n\t\t\t\t\t\t#rt-tpg-container-2669417038 .post-grid-lg-style-1 .post-title a,\n\t\t\t\t\t\t#rt-tpg-container-2669417038 .big-layout .post-title,\n\t\t\t\t\t\t#rt-tpg-container-2669417038 .big-layout .post-title a,\n\t\t\t\t\t\t#rt-tpg-container-2669417038 .post-grid-lg-style-1 .post-title,\n\t\t\t\t\t\t#rt-tpg-container-2669417038 .post-grid-lg-style-1 .post-title a {font-size:24px;line-height:34px;}<\/style><div class='rt-container-fluid rt-tpg-container tpg-shortcode-main-wrapper ' id='rt-tpg-container-2669417038'   data-layout='layout9' data-grid-style='masonry' data-desktop-col='3'  data-tab-col='2'  data-mobile-col='1' data-sc-id='10599'><div data-title='Loading ...' class='rt-row rt-content-loader   layout9 tpg-masonry '><div class=\"rt-col-md-4 rt-col-sm-6 rt-col-xs-12 masonry-grid-item rt-grid-item img_zoom_in\" data-id=\"10595\"><div class=\"rt-holder\"><div class='overlay'><a data-id='10595' class=' tpg-single-popup' href='https:\/\/meeplendice.net\/?page_id=10595'><img loading=\"lazy\" decoding=\"async\" width=\"350\" height=\"350\" src=\"https:\/\/meeplendice.net\/wp-content\/uploads\/2023\/02\/LT_Artisans.png\" class=\"rt-img-responsive \" alt=\"\" \/><\/a><\/div><div class='post-info'><h3 class=\"entry-title\"><a data-id=\"10595\" class=\" tpg-single-popup\" href=\"https:\/\/meeplendice.net\/?page_id=10595\">Artisans<\/a><\/h3><div class='post-meta-user '><\/div><\/div><\/div><\/div><\/div><div class='rt-pagination-wrap' data-total-pages='1' data-posts-per-page='3' data-type='pagination_ajax'  ><div class='rt-page-numbers'><\/div><\/div><\/div>\n<\/div>\n<\/div><\/div><\/div><\/div><div id=\"pg-9199-5\"  class=\"panel-grid panel-no-style\" ><div id=\"pgc-9199-5-0\"  class=\"panel-grid-cell\" ><div id=\"panel-9199-5-0-0\" class=\"so-panel widget widget_sow-editor panel-first-child panel-last-child\" data-index=\"10\" ><div\n\t\t\t\n\t\t\tclass=\"so-widget-sow-editor so-widget-sow-editor-base\"\n\t\t\t\n\t\t>\n<div class=\"siteorigin-widget-tinymce textwidget\">\n\t<hr \/>\n<h3 style=\"text-align: center;\">Pour aller plus loin<\/h3>\n<\/div>\n<\/div><\/div><\/div><\/div><\/div>","protected":false},"excerpt":{"rendered":"<p>Nombre de joueurs : 2 &#8211; 4 Dur\u00e9e moyenne : 45 min Age : 10 ans et plus Auteur(s) : Shun Taguchi Aya Taguchi Illustrations : Sabrina Miramon \u00c9dition : Iello 2020 Version : Fran\u00e7aise<\/p>\n","protected":false},"author":2,"featured_media":9004,"parent":0,"menu_order":0,"comment_status":"closed","ping_status":"closed","template":"","meta":{"footnotes":""},"class_list":["post-9199","page","type-page","status-publish","has-post-thumbnail","hentry"],"acf":[],"rttpg_featured_image_url":{"full":["https:\/\/meeplendice.net\/wp-content\/uploads\/2022\/01\/Little_town.png",350,350,false],"landscape":["https:\/\/meeplendice.net\/wp-content\/uploads\/2022\/01\/Little_town.png",350,350,false],"portraits":["https:\/\/meeplendice.net\/wp-content\/uploads\/2022\/01\/Little_town.png",350,350,false],"thumbnail":["https:\/\/meeplendice.net\/wp-content\/uploads\/2022\/01\/Little_town-150x150.png",150,150,true],"medium":["https:\/\/meeplendice.net\/wp-content\/uploads\/2022\/01\/Little_town-300x300.png",300,300,true],"large":["https:\/\/meeplendice.net\/wp-content\/uploads\/2022\/01\/Little_town.png",350,350,false],"ug_big":["https:\/\/meeplendice.net\/wp-content\/uploads\/2022\/01\/Little_town.png",350,350,false],"1536x1536":["https:\/\/meeplendice.net\/wp-content\/uploads\/2022\/01\/Little_town.png",350,350,false],"2048x2048":["https:\/\/meeplendice.net\/wp-content\/uploads\/2022\/01\/Little_town.png",350,350,false],"ashe-slider-grid-thumbnail":["https:\/\/meeplendice.net\/wp-content\/uploads\/2022\/01\/Little_town.png",350,350,false],"ashe-full-thumbnail":["https:\/\/meeplendice.net\/wp-content\/uploads\/2022\/01\/Little_town.png",350,350,false],"ashe-grid-thumbnail":["https:\/\/meeplendice.net\/wp-content\/uploads\/2022\/01\/Little_town-350x330.png",350,330,true],"ashe-list-thumbnail":["https:\/\/meeplendice.net\/wp-content\/uploads\/2022\/01\/Little_town-300x300.png",300,300,true],"ashe-single-navigation":["https:\/\/meeplendice.net\/wp-content\/uploads\/2022\/01\/Little_town-75x75.png",75,75,true],"mailpoet_newsletter_max":["https:\/\/meeplendice.net\/wp-content\/uploads\/2022\/01\/Little_town.png",350,350,false],"rpwe-thumbnail":["https:\/\/meeplendice.net\/wp-content\/uploads\/2022\/01\/Little_town-45x45.png",45,45,true],"sow-carousel-default":["https:\/\/meeplendice.net\/wp-content\/uploads\/2022\/01\/Little_town-272x182.png",272,182,true],"rt_custom":["https:\/\/meeplendice.net\/wp-content\/uploads\/2022\/01\/Little_town.png",350,350,false]},"rttpg_author":{"display_name":"Karnby","author_link":"https:\/\/meeplendice.net\/?author=2"},"rttpg_comment":0,"rttpg_category":null,"rttpg_excerpt":"Nombre de joueurs : 2 - 4 Dur\u00e9e moyenne : 45 min Age : 10 ans et plus Auteur(s) : Shun Taguchi Aya Taguchi Illustrations : Sabrina Miramon \u00c9dition : Iello 2020 Version : Fran\u00e7aise","_links":{"self":[{"href":"https:\/\/meeplendice.net\/index.php?rest_route=\/wp\/v2\/pages\/9199","targetHints":{"allow":["GET"]}}],"collection":[{"href":"https:\/\/meeplendice.net\/index.php?rest_route=\/wp\/v2\/pages"}],"about":[{"href":"https:\/\/meeplendice.net\/index.php?rest_route=\/wp\/v2\/types\/page"}],"author":[{"embeddable":true,"href":"https:\/\/meeplendice.net\/index.php?rest_route=\/wp\/v2\/users\/2"}],"replies":[{"embeddable":true,"href":"https:\/\/meeplendice.net\/index.php?rest_route=%2Fwp%2Fv2%2Fcomments&post=9199"}],"version-history":[{"count":7,"href":"https:\/\/meeplendice.net\/index.php?rest_route=\/wp\/v2\/pages\/9199\/revisions"}],"predecessor-version":[{"id":10600,"href":"https:\/\/meeplendice.net\/index.php?rest_route=\/wp\/v2\/pages\/9199\/revisions\/10600"}],"wp:featuredmedia":[{"embeddable":true,"href":"https:\/\/meeplendice.net\/index.php?rest_route=\/wp\/v2\/media\/9004"}],"wp:attachment":[{"href":"https:\/\/meeplendice.net\/index.php?rest_route=%2Fwp%2Fv2%2Fmedia&parent=9199"}],"curies":[{"name":"wp","href":"https:\/\/api.w.org\/{rel}","templated":true}]}}