{"id":9209,"date":"2022-01-22T17:02:35","date_gmt":"2022-01-22T16:02:35","guid":{"rendered":"https:\/\/meeplendice.net\/?page_id=9209"},"modified":"2025-12-15T18:06:08","modified_gmt":"2025-12-15T16:06:08","slug":"unlock-game-adventures","status":"publish","type":"page","link":"https:\/\/meeplendice.net\/?page_id=9209","title":{"rendered":"Game Adventures"},"content":{"rendered":"<div id=\"pl-9209\"  class=\"panel-layout\" ><div id=\"pg-9209-0\"  class=\"panel-grid panel-no-style\" ><div id=\"pgc-9209-0-0\"  class=\"panel-grid-cell\" ><div id=\"panel-9209-0-0-0\" class=\"so-panel widget widget_sow-editor panel-first-child panel-last-child\" data-index=\"0\" ><div\n\t\t\t\n\t\t\tclass=\"so-widget-sow-editor so-widget-sow-editor-base\"\n\t\t\t\n\t\t>\n<div class=\"siteorigin-widget-tinymce textwidget\">\n\t<p style=\"text-align: center;\"><strong>Auteur(s) :<br \/>\n<\/strong>Cyril Demaegd<strong><br \/>\n<\/strong>Thomas Cau\u00ebt<br \/>\nMathieu Casnin<br \/>\nJeremy Koch<\/p>\n<\/div>\n<\/div><\/div><\/div><div id=\"pgc-9209-0-1\"  class=\"panel-grid-cell\" ><div id=\"panel-9209-0-1-0\" class=\"so-panel widget widget_sow-editor panel-first-child panel-last-child\" data-index=\"1\" ><div\n\t\t\t\n\t\t\tclass=\"so-widget-sow-editor so-widget-sow-editor-base\"\n\t\t\t\n\t\t>\n<div class=\"siteorigin-widget-tinymce textwidget\">\n\t<p style=\"text-align: center;\"><strong>Illustrations :<br \/>\n<\/strong>Julien Delval<br \/>\nMartin Mottet<br \/>\nXavier Collette<br \/>\nJ\u00e9r\u00f4me P\u00e9lissier<br \/>\nChris Quilliams<br \/>\nAtha Kanaani<\/p>\n<\/div>\n<\/div><\/div><\/div><div id=\"pgc-9209-0-2\"  class=\"panel-grid-cell\" ><div id=\"panel-9209-0-2-0\" class=\"so-panel widget widget_sow-editor panel-first-child panel-last-child\" data-index=\"2\" ><div\n\t\t\t\n\t\t\tclass=\"so-widget-sow-editor so-widget-sow-editor-base\"\n\t\t\t\n\t\t>\n<div class=\"siteorigin-widget-tinymce textwidget\">\n\t<p style=\"text-align: center;\"><strong>\u00c9dition :<br \/>\n<\/strong> Space Cowboys<br \/>\n2021<\/p>\n<\/div>\n<\/div><\/div><\/div><div id=\"pgc-9209-0-3\"  class=\"panel-grid-cell\" ><div id=\"panel-9209-0-3-0\" class=\"so-panel widget widget_sow-editor panel-first-child panel-last-child\" data-index=\"3\" ><div\n\t\t\t\n\t\t\tclass=\"so-widget-sow-editor so-widget-sow-editor-base\"\n\t\t\t\n\t\t>\n<div class=\"siteorigin-widget-tinymce textwidget\">\n\t<p style=\"text-align: center;\"><strong>Version :<\/strong><br \/>\nFran\u00e7aise<\/p>\n<\/div>\n<\/div><\/div><\/div><\/div><div id=\"pg-9209-1\"  class=\"panel-grid panel-no-style\" ><div id=\"pgc-9209-1-0\"  class=\"panel-grid-cell\" ><div id=\"panel-9209-1-0-0\" class=\"so-panel widget widget_sow-editor panel-first-child panel-last-child\" data-index=\"4\" ><div\n\t\t\t\n\t\t\tclass=\"so-widget-sow-editor so-widget-sow-editor-base\"\n\t\t\t\n\t\t>\n<div class=\"siteorigin-widget-tinymce textwidget\">\n\t<p>La bo\u00eete <em>Unlock! Game Adventures<\/em> contient trois aventures :<\/p>\n<p><strong><em>Mysterium<\/em><\/strong><br \/>\nEntrez dans le manoir Warwick pour une enqu\u00eate sombre et onirique.<\/p>\n<p><strong><em>Les Aventuriers du Rail<br \/>\n<\/em><\/strong>D\u00e9jouez le complot des barons du rail dans un p\u00e9riple mouvement\u00e9 \u00e0 travers les Etats-Unis.<\/p>\n<p><em><strong>Pandemic<\/strong><br \/>\n<\/em>Une \u00e9pid\u00e9mie menace l'humanit\u00e9. Son avenir d\u00e9pend de vous et votre \u00e9quipe d'experts.<\/p>\n<\/div>\n<\/div><\/div><\/div><\/div><\/div>","protected":false},"excerpt":{"rendered":"<p>Auteur(s) : Cyril Demaegd Thomas Cau\u00ebt Mathieu Casnin Jeremy Koch Illustrations : Julien Delval Martin Mottet Xavier Collette J\u00e9r\u00f4me P\u00e9lissier Chris Quilliams Atha Kanaani \u00c9dition : Space Cowboys 2021 Version : Fran\u00e7aise La bo\u00eete Unlock! Game Adventures contient trois aventures : Mysterium Entrez dans le manoir Warwick pour une enqu\u00eate sombre et onirique. Les Aventuriers du Rail D\u00e9jouez le complot des barons du rail dans un p\u00e9riple mouvement\u00e9 \u00e0 travers les Etats-Unis. Pandemic Une \u00e9pid\u00e9mie menace l&rsquo;humanit\u00e9. Son avenir d\u00e9pend de vous et votre \u00e9quipe d&rsquo;experts.<\/p>\n","protected":false},"author":2,"featured_media":13779,"parent":2446,"menu_order":10,"comment_status":"closed","ping_status":"closed","template":"","meta":{"footnotes":""},"class_list":["post-9209","page","type-page","status-publish","has-post-thumbnail","hentry"],"acf":[],"rttpg_featured_image_url":{"full":["https:\/\/meeplendice.net\/wp-content\/uploads\/2025\/12\/Unlock_Game.png",350,350,false],"landscape":["https:\/\/meeplendice.net\/wp-content\/uploads\/2025\/12\/Unlock_Game.png",350,350,false],"portraits":["https:\/\/meeplendice.net\/wp-content\/uploads\/2025\/12\/Unlock_Game.png",350,350,false],"thumbnail":["https:\/\/meeplendice.net\/wp-content\/uploads\/2025\/12\/Unlock_Game-150x150.png",150,150,true],"medium":["https:\/\/meeplendice.net\/wp-content\/uploads\/2025\/12\/Unlock_Game-300x300.png",300,300,true],"large":["https:\/\/meeplendice.net\/wp-content\/uploads\/2025\/12\/Unlock_Game.png",350,350,false],"ug_big":["https:\/\/meeplendice.net\/wp-content\/uploads\/2025\/12\/Unlock_Game.png",350,350,false],"1536x1536":["https:\/\/meeplendice.net\/wp-content\/uploads\/2025\/12\/Unlock_Game.png",350,350,false],"2048x2048":["https:\/\/meeplendice.net\/wp-content\/uploads\/2025\/12\/Unlock_Game.png",350,350,false],"ashe-slider-grid-thumbnail":["https:\/\/meeplendice.net\/wp-content\/uploads\/2025\/12\/Unlock_Game.png",350,350,false],"ashe-full-thumbnail":["https:\/\/meeplendice.net\/wp-content\/uploads\/2025\/12\/Unlock_Game.png",350,350,false],"ashe-grid-thumbnail":["https:\/\/meeplendice.net\/wp-content\/uploads\/2025\/12\/Unlock_Game-350x330.png",350,330,true],"ashe-list-thumbnail":["https:\/\/meeplendice.net\/wp-content\/uploads\/2025\/12\/Unlock_Game-300x300.png",300,300,true],"ashe-single-navigation":["https:\/\/meeplendice.net\/wp-content\/uploads\/2025\/12\/Unlock_Game-75x75.png",75,75,true],"mailpoet_newsletter_max":["https:\/\/meeplendice.net\/wp-content\/uploads\/2025\/12\/Unlock_Game.png",350,350,false],"rpwe-thumbnail":["https:\/\/meeplendice.net\/wp-content\/uploads\/2025\/12\/Unlock_Game-45x45.png",45,45,true],"sow-carousel-default":["https:\/\/meeplendice.net\/wp-content\/uploads\/2025\/12\/Unlock_Game-272x182.png",272,182,true],"rt_custom":["https:\/\/meeplendice.net\/wp-content\/uploads\/2025\/12\/Unlock_Game.png",350,350,false]},"rttpg_author":{"display_name":"Karnby","author_link":"https:\/\/meeplendice.net\/?author=2"},"rttpg_comment":0,"rttpg_category":null,"rttpg_excerpt":"Auteur(s) : Cyril Demaegd Thomas Cau\u00ebt Mathieu Casnin Jeremy Koch Illustrations : Julien Delval Martin Mottet Xavier Collette J\u00e9r\u00f4me P\u00e9lissier Chris Quilliams Atha Kanaani \u00c9dition : Space Cowboys 2021 Version : Fran\u00e7aise La bo\u00eete Unlock! Game Adventures contient trois aventures : Mysterium Entrez dans le manoir Warwick pour une enqu\u00eate sombre et onirique. Les Aventuriers\u2026","_links":{"self":[{"href":"https:\/\/meeplendice.net\/index.php?rest_route=\/wp\/v2\/pages\/9209","targetHints":{"allow":["GET"]}}],"collection":[{"href":"https:\/\/meeplendice.net\/index.php?rest_route=\/wp\/v2\/pages"}],"about":[{"href":"https:\/\/meeplendice.net\/index.php?rest_route=\/wp\/v2\/types\/page"}],"author":[{"embeddable":true,"href":"https:\/\/meeplendice.net\/index.php?rest_route=\/wp\/v2\/users\/2"}],"replies":[{"embeddable":true,"href":"https:\/\/meeplendice.net\/index.php?rest_route=%2Fwp%2Fv2%2Fcomments&post=9209"}],"version-history":[{"count":7,"href":"https:\/\/meeplendice.net\/index.php?rest_route=\/wp\/v2\/pages\/9209\/revisions"}],"predecessor-version":[{"id":13818,"href":"https:\/\/meeplendice.net\/index.php?rest_route=\/wp\/v2\/pages\/9209\/revisions\/13818"}],"up":[{"embeddable":true,"href":"https:\/\/meeplendice.net\/index.php?rest_route=\/wp\/v2\/pages\/2446"}],"wp:featuredmedia":[{"embeddable":true,"href":"https:\/\/meeplendice.net\/index.php?rest_route=\/wp\/v2\/media\/13779"}],"wp:attachment":[{"href":"https:\/\/meeplendice.net\/index.php?rest_route=%2Fwp%2Fv2%2Fmedia&parent=9209"}],"curies":[{"name":"wp","href":"https:\/\/api.w.org\/{rel}","templated":true}]}}