{"id":9219,"date":"2022-01-22T17:20:39","date_gmt":"2022-01-22T16:20:39","guid":{"rendered":"https:\/\/meeplendice.net\/?page_id=9219"},"modified":"2022-01-22T17:46:28","modified_gmt":"2022-01-22T16:46:28","slug":"welcome-to-the-moon","status":"publish","type":"page","link":"https:\/\/meeplendice.net\/?page_id=9219","title":{"rendered":"Welcome to the Moon"},"content":{"rendered":"<div id=\"pl-9219\"  class=\"panel-layout\" ><div id=\"pg-9219-0\"  class=\"panel-grid panel-no-style\" ><div id=\"pgc-9219-0-0\"  class=\"panel-grid-cell\" ><div id=\"panel-9219-0-0-0\" class=\"so-panel widget widget_sow-editor panel-first-child panel-last-child\" data-index=\"0\" ><div\n\t\t\t\n\t\t\tclass=\"so-widget-sow-editor so-widget-sow-editor-base\"\n\t\t\t\n\t\t>\n<div class=\"siteorigin-widget-tinymce textwidget\">\n\t<p style=\"text-align: center;\"><strong>Nombre de joueurs :<\/strong><br \/>\n1 - 6<\/p>\n<\/div>\n<\/div><\/div><\/div><div id=\"pgc-9219-0-1\"  class=\"panel-grid-cell\" ><div id=\"panel-9219-0-1-0\" class=\"so-panel widget widget_sow-editor panel-first-child panel-last-child\" data-index=\"1\" ><div\n\t\t\t\n\t\t\tclass=\"so-widget-sow-editor so-widget-sow-editor-base\"\n\t\t\t\n\t\t>\n<div class=\"siteorigin-widget-tinymce textwidget\">\n\t<p style=\"text-align: center;\"><strong>Dur\u00e9e moyenne :<\/strong><br \/>\n25 min<\/p>\n<\/div>\n<\/div><\/div><\/div><div id=\"pgc-9219-0-2\"  class=\"panel-grid-cell\" ><div id=\"panel-9219-0-2-0\" class=\"so-panel widget widget_sow-editor panel-first-child panel-last-child\" data-index=\"2\" ><div\n\t\t\t\n\t\t\tclass=\"so-widget-sow-editor so-widget-sow-editor-base\"\n\t\t\t\n\t\t>\n<div class=\"siteorigin-widget-tinymce textwidget\">\n\t<p style=\"text-align: center;\"><strong>Age :<\/strong><br \/>\n10 ans et plus<\/p>\n<\/div>\n<\/div><\/div><\/div><\/div><div id=\"pg-9219-1\"  class=\"panel-grid panel-no-style\" ><div id=\"pgc-9219-1-0\"  class=\"panel-grid-cell\" ><div id=\"panel-9219-1-0-0\" class=\"so-panel widget widget_sow-editor panel-first-child panel-last-child\" data-index=\"3\" ><div\n\t\t\t\n\t\t\tclass=\"so-widget-sow-editor so-widget-sow-editor-base\"\n\t\t\t\n\t\t>\n<div class=\"siteorigin-widget-tinymce textwidget\">\n\t<p style=\"text-align: center;\"><strong>Auteur(s) :\u00a0<\/strong><br \/>\nBenoit Turpin<br \/>\nAlexis Allard<\/p>\n<\/div>\n<\/div><\/div><\/div><div id=\"pgc-9219-1-1\"  class=\"panel-grid-cell\" ><div id=\"panel-9219-1-1-0\" class=\"so-panel widget widget_sow-editor panel-first-child panel-last-child\" data-index=\"4\" ><div\n\t\t\t\n\t\t\tclass=\"so-widget-sow-editor so-widget-sow-editor-base\"\n\t\t\t\n\t\t>\n<div class=\"siteorigin-widget-tinymce textwidget\">\n\t<p style=\"text-align: center;\"><strong>Illustrations :<\/strong><br \/>\nAnne Heidsteck<\/p>\n<\/div>\n<\/div><\/div><\/div><div id=\"pgc-9219-1-2\"  class=\"panel-grid-cell\" ><div id=\"panel-9219-1-2-0\" class=\"so-panel widget widget_sow-editor panel-first-child panel-last-child\" data-index=\"5\" ><div\n\t\t\t\n\t\t\tclass=\"so-widget-sow-editor so-widget-sow-editor-base\"\n\t\t\t\n\t\t>\n<div class=\"siteorigin-widget-tinymce textwidget\">\n\t<p style=\"text-align: center;\"><strong>\u00c9dition :<\/strong><br \/>\nBlue Cooker<br \/>\n2021<\/p>\n<\/div>\n<\/div><\/div><\/div><div id=\"pgc-9219-1-3\"  class=\"panel-grid-cell\" ><div id=\"panel-9219-1-3-0\" class=\"so-panel widget widget_sow-editor panel-first-child panel-last-child\" data-index=\"6\" ><div\n\t\t\t\n\t\t\tclass=\"so-widget-sow-editor so-widget-sow-editor-base\"\n\t\t\t\n\t\t>\n<div class=\"siteorigin-widget-tinymce textwidget\">\n\t<p style=\"text-align: center;\"><strong>Version :<\/strong><br \/>\nFran\u00e7aise<\/p>\n<\/div>\n<\/div><\/div><\/div><\/div><div id=\"pg-9219-2\"  class=\"panel-grid panel-no-style\" ><div id=\"pgc-9219-2-0\"  class=\"panel-grid-cell\" ><div id=\"panel-9219-2-0-0\" class=\"so-panel widget widget_sow-editor panel-first-child panel-last-child\" data-index=\"7\" ><div\n\t\t\t\n\t\t\tclass=\"so-widget-sow-editor so-widget-sow-editor-base\"\n\t\t\t\n\t\t>\n<div class=\"siteorigin-widget-tinymce textwidget\">\n\t<hr \/>\n<p><em>\"Citoyennes et citoyens de la Terre, l'heure est grave : notre plan\u00e8te est condamn\u00e9e ! Le sort de l'humanit\u00e9 est entre vos mains....<br \/>\nIl ne s'agit plus de pr\u00e9server nos modes de vie ou nos \u00e9conomies. D\u00e9sormais c'est notre existence m\u00eame dont il est question. Et notre survie passe imp\u00e9rativement par la conqu\u00eate de la Lune.<br \/>\nCette conqu\u00eate, ce dernier espoir de survie, nous vous la confions. Vous serez en comp\u00e9tition afin de nous donner les meilleures chances de succ\u00e8s. Vous \u00e9crirez ainsi une page d\u00e9cisive de notre Histoire en nous sauvant, tous et toutes.<br \/>\n<\/em><\/p>\n<p><em>Welcome to the Moon !\"<br \/>\n<\/em><em>- extrait du discours de Katalin Nelson Blue, premi\u00e8re pr\u00e9sidente de l'Alliance Humaine.<\/em><\/p>\n<p><em>Welcome to the Moon<\/em> est un jeu \u00e0 cocher narratif et \u00e9volutif<br \/>\nil est constitu\u00e9 de 8 Aventures diff\u00e9rentes qui forme une histoire compl\u00e8te avec une difficult\u00e9 croissante.<\/p>\n<p>Vous pouvez jouer ces 8 Aventures ind\u00e9pendamment (mode Aventure), ou successivement (mode Compagne) pour d\u00e9couvrir votre histoire.<\/p>\n<\/div>\n<\/div><\/div><\/div><\/div><div id=\"pg-9219-3\"  class=\"panel-grid panel-no-style\" ><div id=\"pgc-9219-3-0\"  class=\"panel-grid-cell\" ><div id=\"panel-9219-3-0-0\" class=\"so-panel widget widget_sow-editor panel-first-child panel-last-child\" data-index=\"8\" ><div\n\t\t\t\n\t\t\tclass=\"so-widget-sow-editor so-widget-sow-editor-base\"\n\t\t\t\n\t\t>\n<div class=\"siteorigin-widget-tinymce textwidget\">\n\t<hr \/>\n<h3 style=\"text-align: center;\">En vid\u00e9o<\/h3>\n<\/div>\n<\/div><\/div><\/div><\/div><div id=\"pg-9219-4\"  class=\"panel-grid panel-no-style\" ><div id=\"pgc-9219-4-0\"  class=\"panel-grid-cell\" ><div id=\"panel-9219-4-0-0\" class=\"so-panel widget widget_sow-editor panel-first-child panel-last-child\" data-index=\"9\" ><div\n\t\t\t\n\t\t\tclass=\"so-widget-sow-editor so-widget-sow-editor-base\"\n\t\t\t\n\t\t>\n<div class=\"siteorigin-widget-tinymce textwidget\">\n\t<hr \/>\n<h3 style=\"text-align: center;\">Pour aller plus loin<\/h3>\n<\/div>\n<\/div><\/div><\/div><\/div><\/div>","protected":false},"excerpt":{"rendered":"<p>Nombre de joueurs : 1 &#8211; 6 Dur\u00e9e moyenne : 25 min Age : 10 ans et plus Auteur(s) :\u00a0 Benoit Turpin Alexis Allard Illustrations : Anne Heidsteck \u00c9dition : Blue Cooker 2021 Version : Fran\u00e7aise<\/p>\n","protected":false},"author":2,"featured_media":8997,"parent":0,"menu_order":0,"comment_status":"closed","ping_status":"closed","template":"","meta":{"footnotes":""},"class_list":["post-9219","page","type-page","status-publish","has-post-thumbnail","hentry"],"acf":[],"rttpg_featured_image_url":{"full":["https:\/\/meeplendice.net\/wp-content\/uploads\/2022\/01\/Welcometo_themoon.png",350,350,false],"landscape":["https:\/\/meeplendice.net\/wp-content\/uploads\/2022\/01\/Welcometo_themoon.png",350,350,false],"portraits":["https:\/\/meeplendice.net\/wp-content\/uploads\/2022\/01\/Welcometo_themoon.png",350,350,false],"thumbnail":["https:\/\/meeplendice.net\/wp-content\/uploads\/2022\/01\/Welcometo_themoon-150x150.png",150,150,true],"medium":["https:\/\/meeplendice.net\/wp-content\/uploads\/2022\/01\/Welcometo_themoon-300x300.png",300,300,true],"large":["https:\/\/meeplendice.net\/wp-content\/uploads\/2022\/01\/Welcometo_themoon.png",350,350,false],"ug_big":["https:\/\/meeplendice.net\/wp-content\/uploads\/2022\/01\/Welcometo_themoon.png",350,350,false],"1536x1536":["https:\/\/meeplendice.net\/wp-content\/uploads\/2022\/01\/Welcometo_themoon.png",350,350,false],"2048x2048":["https:\/\/meeplendice.net\/wp-content\/uploads\/2022\/01\/Welcometo_themoon.png",350,350,false],"ashe-slider-grid-thumbnail":["https:\/\/meeplendice.net\/wp-content\/uploads\/2022\/01\/Welcometo_themoon.png",350,350,false],"ashe-full-thumbnail":["https:\/\/meeplendice.net\/wp-content\/uploads\/2022\/01\/Welcometo_themoon.png",350,350,false],"ashe-grid-thumbnail":["https:\/\/meeplendice.net\/wp-content\/uploads\/2022\/01\/Welcometo_themoon-350x330.png",350,330,true],"ashe-list-thumbnail":["https:\/\/meeplendice.net\/wp-content\/uploads\/2022\/01\/Welcometo_themoon-300x300.png",300,300,true],"ashe-single-navigation":["https:\/\/meeplendice.net\/wp-content\/uploads\/2022\/01\/Welcometo_themoon-75x75.png",75,75,true],"mailpoet_newsletter_max":["https:\/\/meeplendice.net\/wp-content\/uploads\/2022\/01\/Welcometo_themoon.png",350,350,false],"rpwe-thumbnail":["https:\/\/meeplendice.net\/wp-content\/uploads\/2022\/01\/Welcometo_themoon-45x45.png",45,45,true],"sow-carousel-default":["https:\/\/meeplendice.net\/wp-content\/uploads\/2022\/01\/Welcometo_themoon-272x182.png",272,182,true],"rt_custom":["https:\/\/meeplendice.net\/wp-content\/uploads\/2022\/01\/Welcometo_themoon.png",350,350,false]},"rttpg_author":{"display_name":"Karnby","author_link":"https:\/\/meeplendice.net\/?author=2"},"rttpg_comment":0,"rttpg_category":null,"rttpg_excerpt":"Nombre de joueurs : 1 - 6 Dur\u00e9e moyenne : 25 min Age : 10 ans et plus Auteur(s) :\u00a0 Benoit Turpin Alexis Allard Illustrations : Anne Heidsteck \u00c9dition : Blue Cooker 2021 Version : Fran\u00e7aise","_links":{"self":[{"href":"https:\/\/meeplendice.net\/index.php?rest_route=\/wp\/v2\/pages\/9219","targetHints":{"allow":["GET"]}}],"collection":[{"href":"https:\/\/meeplendice.net\/index.php?rest_route=\/wp\/v2\/pages"}],"about":[{"href":"https:\/\/meeplendice.net\/index.php?rest_route=\/wp\/v2\/types\/page"}],"author":[{"embeddable":true,"href":"https:\/\/meeplendice.net\/index.php?rest_route=\/wp\/v2\/users\/2"}],"replies":[{"embeddable":true,"href":"https:\/\/meeplendice.net\/index.php?rest_route=%2Fwp%2Fv2%2Fcomments&post=9219"}],"version-history":[{"count":9,"href":"https:\/\/meeplendice.net\/index.php?rest_route=\/wp\/v2\/pages\/9219\/revisions"}],"predecessor-version":[{"id":9222,"href":"https:\/\/meeplendice.net\/index.php?rest_route=\/wp\/v2\/pages\/9219\/revisions\/9222"}],"wp:featuredmedia":[{"embeddable":true,"href":"https:\/\/meeplendice.net\/index.php?rest_route=\/wp\/v2\/media\/8997"}],"wp:attachment":[{"href":"https:\/\/meeplendice.net\/index.php?rest_route=%2Fwp%2Fv2%2Fmedia&parent=9219"}],"curies":[{"name":"wp","href":"https:\/\/api.w.org\/{rel}","templated":true}]}}