{"id":9231,"date":"2022-01-22T18:12:40","date_gmt":"2022-01-22T17:12:40","guid":{"rendered":"https:\/\/meeplendice.net\/?page_id=9231"},"modified":"2023-06-05T15:09:37","modified_gmt":"2023-06-05T14:09:37","slug":"living-forest","status":"publish","type":"page","link":"https:\/\/meeplendice.net\/?page_id=9231","title":{"rendered":"Living Forest"},"content":{"rendered":"<div id=\"pl-9231\"  class=\"panel-layout\" ><div id=\"pg-9231-0\"  class=\"panel-grid panel-no-style\" ><div id=\"pgc-9231-0-0\"  class=\"panel-grid-cell\" ><div id=\"panel-9231-0-0-0\" class=\"so-panel widget widget_sow-editor panel-first-child panel-last-child\" data-index=\"0\" ><div\n\t\t\t\n\t\t\tclass=\"so-widget-sow-editor so-widget-sow-editor-base\"\n\t\t\t\n\t\t>\n<div class=\"siteorigin-widget-tinymce textwidget\">\n\t<p style=\"text-align: center;\"><strong>Nombre de joueurs :<\/strong><br \/>\n2 - 4<\/p>\n<\/div>\n<\/div><\/div><\/div><div id=\"pgc-9231-0-1\"  class=\"panel-grid-cell\" ><div id=\"panel-9231-0-1-0\" class=\"so-panel widget widget_sow-editor panel-first-child panel-last-child\" data-index=\"1\" ><div\n\t\t\t\n\t\t\tclass=\"so-widget-sow-editor so-widget-sow-editor-base\"\n\t\t\t\n\t\t>\n<div class=\"siteorigin-widget-tinymce textwidget\">\n\t<p style=\"text-align: center;\"><strong>Dur\u00e9e moyenne :<\/strong><br \/>\n40 min<\/p>\n<\/div>\n<\/div><\/div><\/div><div id=\"pgc-9231-0-2\"  class=\"panel-grid-cell\" ><div id=\"panel-9231-0-2-0\" class=\"so-panel widget widget_sow-editor panel-first-child panel-last-child\" data-index=\"2\" ><div\n\t\t\t\n\t\t\tclass=\"so-widget-sow-editor so-widget-sow-editor-base\"\n\t\t\t\n\t\t>\n<div class=\"siteorigin-widget-tinymce textwidget\">\n\t<p style=\"text-align: center;\"><strong>Age :<\/strong><br \/>\n10 ans et plus<\/p>\n<\/div>\n<\/div><\/div><\/div><\/div><div id=\"pg-9231-1\"  class=\"panel-grid panel-no-style\" ><div id=\"pgc-9231-1-0\"  class=\"panel-grid-cell\" ><div id=\"panel-9231-1-0-0\" class=\"so-panel widget widget_sow-editor panel-first-child panel-last-child\" data-index=\"3\" ><div\n\t\t\t\n\t\t\tclass=\"so-widget-sow-editor so-widget-sow-editor-base\"\n\t\t\t\n\t\t>\n<div class=\"siteorigin-widget-tinymce textwidget\">\n\t<p style=\"text-align: center;\"><strong>Auteur(s) :<br \/>\n<\/strong>Aske Christiansen<\/p>\n<\/div>\n<\/div><\/div><\/div><div id=\"pgc-9231-1-1\"  class=\"panel-grid-cell\" ><div id=\"panel-9231-1-1-0\" class=\"so-panel widget widget_sow-editor panel-first-child panel-last-child\" data-index=\"4\" ><div\n\t\t\t\n\t\t\tclass=\"so-widget-sow-editor so-widget-sow-editor-base\"\n\t\t\t\n\t\t>\n<div class=\"siteorigin-widget-tinymce textwidget\">\n\t<p style=\"text-align: center;\"><strong>Illustrations :<br \/>\n<\/strong>Apolline Etienne<\/p>\n<\/div>\n<\/div><\/div><\/div><div id=\"pgc-9231-1-2\"  class=\"panel-grid-cell\" ><div id=\"panel-9231-1-2-0\" class=\"so-panel widget widget_sow-editor panel-first-child panel-last-child\" data-index=\"5\" ><div\n\t\t\t\n\t\t\tclass=\"so-widget-sow-editor so-widget-sow-editor-base\"\n\t\t\t\n\t\t>\n<div class=\"siteorigin-widget-tinymce textwidget\">\n\t<p style=\"text-align: center;\"><strong>\u00c9dition :<\/strong><br \/>\nLudonaute<br \/>\n2021<\/p>\n<\/div>\n<\/div><\/div><\/div><div id=\"pgc-9231-1-3\"  class=\"panel-grid-cell\" ><div id=\"panel-9231-1-3-0\" class=\"so-panel widget widget_sow-editor panel-first-child panel-last-child\" data-index=\"6\" ><div\n\t\t\t\n\t\t\tclass=\"so-widget-sow-editor so-widget-sow-editor-base\"\n\t\t\t\n\t\t>\n<div class=\"siteorigin-widget-tinymce textwidget\">\n\t<p style=\"text-align: center;\"><strong>Version :<\/strong><br \/>\nFran\u00e7aise<\/p>\n<\/div>\n<\/div><\/div><\/div><\/div><div id=\"pg-9231-2\"  class=\"panel-grid panel-no-style\" ><div id=\"pgc-9231-2-0\"  class=\"panel-grid-cell\" ><div id=\"panel-9231-2-0-0\" class=\"so-panel widget widget_sow-editor panel-first-child panel-last-child\" data-index=\"7\" ><div\n\t\t\t\n\t\t\tclass=\"so-widget-sow-editor so-widget-sow-editor-base\"\n\t\t\t\n\t\t>\n<div class=\"siteorigin-widget-tinymce textwidget\">\n\t<hr \/>\n<p><em>Quatre Esprit de la nature - Hiver, Printemps, Et\u00e9 et Automne - ont \u00e9t\u00e9 d\u00e9sign\u00e9s pour secourir l'Arbre sacr\u00e9 de la for\u00eat en proie aux flammes d\u00e9vastatrices d'Onibi. Tous veulent entrer dans la l\u00e9gende en sauvant leur habitat et en recevant l'honorable titre de Grand protecteur. Pour esp\u00e9rer gagner cette bataille contre le terrible Oini, ils vont devoir agir ! Replanter des arbres protecteurs, repousser les flammes incessantes ou bien r\u00e9veiller Sanki, le Gardien de la for\u00eat... Quelle sera la meilleure tactique ?<\/em><\/p>\n<div class=\"wpb_text_column wpb_content_element \">\n<div class=\"wpb_wrapper\">\n<p>Dans\u00a0<em>Living Forest <\/em>vous incarnez un Esprit de la nature qui va tenter de sauver la for\u00eat et son Arbre sacr\u00e9 des flammes d\u2019Onibi.<\/p>\n<p>Mais vous n\u2019\u00eates pas seul.e dans votre mission, les Animaux gardiens se sont r\u00e9unis pour vous pr\u00eater main forte autour du Cercle des Esprits o\u00f9 vous progressez. <span data-sheets-value=\"{&quot;1&quot;:2,&quot;2&quot;:&quot;Des Animaux Gardiens sont l\u00e0 pour vous aider dans vos actions, \u00e0 chaque tour ils vous apportent de pr\u00e9cieux \u00e9l\u00e9ments.&quot;}\" data-sheets-userformat=\"{&quot;2&quot;:769,&quot;3&quot;:{&quot;1&quot;:0},&quot;11&quot;:4,&quot;12&quot;:0}\">\u00c0 chaque tour, ils vous apportent de pr\u00e9cieux \u00e9l\u00e9ments\u2026 Tentez de combiner au mieux votre \u00e9quipe d\u2019Animaux gardien afin de mener vos actions de mani\u00e8re optimale, mais attention, certains sont solitaires et n\u2019aiment pas \u00eatre m\u00eal\u00e9s aux autres.<\/span><\/p>\n<\/div>\n<\/div>\n<\/div>\n<\/div><\/div><\/div><\/div><div id=\"pg-9231-3\"  class=\"panel-grid panel-no-style\" ><div id=\"pgc-9231-3-0\"  class=\"panel-grid-cell\" ><div id=\"panel-9231-3-0-0\" class=\"so-panel widget widget_sow-editor panel-first-child panel-last-child\" data-index=\"8\" ><div\n\t\t\t\n\t\t\tclass=\"so-widget-sow-editor so-widget-sow-editor-base\"\n\t\t\t\n\t\t>\n<div class=\"siteorigin-widget-tinymce textwidget\">\n\t<hr \/>\n<h3 style=\"text-align: center;\">En vid\u00e9o<\/h3>\n<p><a href=\"https:\/\/youtu.be\/QTDu5wCZBMQ\" target=\"_blank\" rel=\"noopener\"><img loading=\"lazy\" decoding=\"async\" class=\"alignnone size-full wp-image-9090\" src=\"https:\/\/meeplendice.net\/wp-content\/uploads\/2022\/01\/Link_CJ_v2.png\" alt=\"\" width=\"200\" height=\"170\" \/><\/a><\/p>\n<\/div>\n<\/div><\/div><\/div><\/div><div id=\"pg-9231-4\"  class=\"panel-grid panel-no-style\" ><div id=\"pgc-9231-4-0\"  class=\"panel-grid-cell\" ><div id=\"panel-9231-4-0-0\" class=\"so-panel widget widget_sow-editor panel-first-child panel-last-child\" data-index=\"9\" ><div\n\t\t\t\n\t\t\tclass=\"so-widget-sow-editor so-widget-sow-editor-base\"\n\t\t\t\n\t\t>\n<div class=\"siteorigin-widget-tinymce textwidget\">\n\t<hr \/>\n<h3 style=\"text-align: center;\">Extension(s)<\/h3>\n<style type='text\/css' media='all'>#rt-tpg-container-108150460 .read-more a{border-radius:px;}#rt-tpg-container-108150460 .rt-img-holder img.rt-img-responsive,#rt-tpg-container-108150460 .rt-img-holder,\n\t\t\t\t\t#rt-tpg-container-108150460 .rt-post-overlay .post-img,\n\t\t\t\t\t#rt-tpg-container-108150460 .post-sm .post-img,\n\t\t\t\t\t#rt-tpg-container-108150460 .rt-post-grid .post-img,\n\t\t\t\t\t#rt-tpg-container-108150460 .post-img img {border-radius:px;}#rt-tpg-container-108150460 .layout9 .rt-holder h2.entry-title,\n\t\t\t\t\t#rt-tpg-container-108150460 .layout9 .rt-holder h3.entry-title,\n\t\t\t\t\t#rt-tpg-container-108150460 .layout9 .rt-holder h4.entry-title,\n\t\t\t\t\t#rt-tpg-container-108150460 .layout9 .rt-holder h2.entry-title a,\n\t\t\t\t\t#rt-tpg-container-108150460 .layout9 .rt-holder h3.entry-title a,\n\t\t\t\t\t#rt-tpg-container-108150460 .layout9 .rt-holder h4.entry-title a,\n\t\t\t\t\t#rt-tpg-container-108150460 .rt-holder .rt-woo-info h2 a,\n\t\t\t\t\t#rt-tpg-container-108150460 .rt-holder .rt-woo-info h3 a,\n\t\t\t\t\t#rt-tpg-container-108150460 .rt-holder .rt-woo-info h4 a,\n\t\t\t\t\t#rt-tpg-container-108150460 .post-content .post-title,\n\t\t\t\t\t#rt-tpg-container-108150460 .rt-post-grid .post-title,\n\t\t\t\t\t#rt-tpg-container-108150460 .rt-post-grid .post-title a,\n\t\t\t\t\t#rt-tpg-container-108150460 .post-content .post-title a,\n\t\t\t\t\t#rt-tpg-container-108150460 .rt-holder .rt-woo-info h2,\n\t\t\t\t\t#rt-tpg-container-108150460 .rt-holder .rt-woo-info h3,\n\t\t\t\t\t#rt-tpg-container-108150460 .rt-holder .rt-woo-info h4{font-size:16px;line-height:26px;font-weight:normal;text-align:center;}#rt-tpg-container-108150460 .post-grid-lg-style-1 .post-title,\n\t\t\t\t\t\t#rt-tpg-container-108150460 .post-grid-lg-style-1 .post-title a,\n\t\t\t\t\t\t#rt-tpg-container-108150460 .big-layout .post-title,\n\t\t\t\t\t\t#rt-tpg-container-108150460 .big-layout .post-title a,\n\t\t\t\t\t\t#rt-tpg-container-108150460 .post-grid-lg-style-1 .post-title,\n\t\t\t\t\t\t#rt-tpg-container-108150460 .post-grid-lg-style-1 .post-title a {font-size:24px;line-height:34px;}<\/style><div class='rt-container-fluid rt-tpg-container tpg-shortcode-main-wrapper ' id='rt-tpg-container-108150460'   data-layout='layout9' data-grid-style='masonry' data-desktop-col='3'  data-tab-col='2'  data-mobile-col='1' data-sc-id='10992'><div data-title='Loading ...' class='rt-row rt-content-loader   layout9 tpg-masonry '><p>No post found<\/p><\/div><div class='rt-pagination-wrap' data-total-pages='0' data-posts-per-page='3' data-type='pagination_ajax'  ><div class='rt-page-numbers'><\/div><\/div><\/div>\n<\/div>\n<\/div><\/div><\/div><\/div><div id=\"pg-9231-5\"  class=\"panel-grid panel-no-style\" ><div id=\"pgc-9231-5-0\"  class=\"panel-grid-cell\" ><div id=\"panel-9231-5-0-0\" class=\"so-panel widget widget_sow-editor panel-first-child panel-last-child\" data-index=\"10\" ><div\n\t\t\t\n\t\t\tclass=\"so-widget-sow-editor so-widget-sow-editor-base\"\n\t\t\t\n\t\t>\n<div class=\"siteorigin-widget-tinymce textwidget\">\n\t<hr \/>\n<h3 style=\"text-align: center;\">Pour aller plus loin<\/h3>\n<\/div>\n<\/div><\/div><\/div><\/div><\/div>","protected":false},"excerpt":{"rendered":"<p>Nombre de joueurs : 2 &#8211; 4 Dur\u00e9e moyenne : 40 min Age : 10 ans et plus Auteur(s) : Aske Christiansen Illustrations : Apolline Etienne \u00c9dition : Ludonaute 2021 Version : Fran\u00e7aise<\/p>\n","protected":false},"author":2,"featured_media":9005,"parent":0,"menu_order":0,"comment_status":"closed","ping_status":"closed","template":"","meta":{"footnotes":""},"class_list":["post-9231","page","type-page","status-publish","has-post-thumbnail","hentry"],"acf":[],"rttpg_featured_image_url":{"full":["https:\/\/meeplendice.net\/wp-content\/uploads\/2022\/01\/Living_forest.png",350,350,false],"landscape":["https:\/\/meeplendice.net\/wp-content\/uploads\/2022\/01\/Living_forest.png",350,350,false],"portraits":["https:\/\/meeplendice.net\/wp-content\/uploads\/2022\/01\/Living_forest.png",350,350,false],"thumbnail":["https:\/\/meeplendice.net\/wp-content\/uploads\/2022\/01\/Living_forest-150x150.png",150,150,true],"medium":["https:\/\/meeplendice.net\/wp-content\/uploads\/2022\/01\/Living_forest-300x300.png",300,300,true],"large":["https:\/\/meeplendice.net\/wp-content\/uploads\/2022\/01\/Living_forest.png",350,350,false],"ug_big":["https:\/\/meeplendice.net\/wp-content\/uploads\/2022\/01\/Living_forest.png",350,350,false],"1536x1536":["https:\/\/meeplendice.net\/wp-content\/uploads\/2022\/01\/Living_forest.png",350,350,false],"2048x2048":["https:\/\/meeplendice.net\/wp-content\/uploads\/2022\/01\/Living_forest.png",350,350,false],"ashe-slider-grid-thumbnail":["https:\/\/meeplendice.net\/wp-content\/uploads\/2022\/01\/Living_forest.png",350,350,false],"ashe-full-thumbnail":["https:\/\/meeplendice.net\/wp-content\/uploads\/2022\/01\/Living_forest.png",350,350,false],"ashe-grid-thumbnail":["https:\/\/meeplendice.net\/wp-content\/uploads\/2022\/01\/Living_forest-350x330.png",350,330,true],"ashe-list-thumbnail":["https:\/\/meeplendice.net\/wp-content\/uploads\/2022\/01\/Living_forest-300x300.png",300,300,true],"ashe-single-navigation":["https:\/\/meeplendice.net\/wp-content\/uploads\/2022\/01\/Living_forest-75x75.png",75,75,true],"mailpoet_newsletter_max":["https:\/\/meeplendice.net\/wp-content\/uploads\/2022\/01\/Living_forest.png",350,350,false],"rpwe-thumbnail":["https:\/\/meeplendice.net\/wp-content\/uploads\/2022\/01\/Living_forest-45x45.png",45,45,true],"sow-carousel-default":["https:\/\/meeplendice.net\/wp-content\/uploads\/2022\/01\/Living_forest-272x182.png",272,182,true],"rt_custom":["https:\/\/meeplendice.net\/wp-content\/uploads\/2022\/01\/Living_forest.png",350,350,false]},"rttpg_author":{"display_name":"Karnby","author_link":"https:\/\/meeplendice.net\/?author=2"},"rttpg_comment":0,"rttpg_category":null,"rttpg_excerpt":"Nombre de joueurs : 2 - 4 Dur\u00e9e moyenne : 40 min Age : 10 ans et plus Auteur(s) : Aske Christiansen Illustrations : Apolline Etienne \u00c9dition : Ludonaute 2021 Version : Fran\u00e7aise","_links":{"self":[{"href":"https:\/\/meeplendice.net\/index.php?rest_route=\/wp\/v2\/pages\/9231","targetHints":{"allow":["GET"]}}],"collection":[{"href":"https:\/\/meeplendice.net\/index.php?rest_route=\/wp\/v2\/pages"}],"about":[{"href":"https:\/\/meeplendice.net\/index.php?rest_route=\/wp\/v2\/types\/page"}],"author":[{"embeddable":true,"href":"https:\/\/meeplendice.net\/index.php?rest_route=\/wp\/v2\/users\/2"}],"replies":[{"embeddable":true,"href":"https:\/\/meeplendice.net\/index.php?rest_route=%2Fwp%2Fv2%2Fcomments&post=9231"}],"version-history":[{"count":6,"href":"https:\/\/meeplendice.net\/index.php?rest_route=\/wp\/v2\/pages\/9231\/revisions"}],"predecessor-version":[{"id":10993,"href":"https:\/\/meeplendice.net\/index.php?rest_route=\/wp\/v2\/pages\/9231\/revisions\/10993"}],"wp:featuredmedia":[{"embeddable":true,"href":"https:\/\/meeplendice.net\/index.php?rest_route=\/wp\/v2\/media\/9005"}],"wp:attachment":[{"href":"https:\/\/meeplendice.net\/index.php?rest_route=%2Fwp%2Fv2%2Fmedia&parent=9231"}],"curies":[{"name":"wp","href":"https:\/\/api.w.org\/{rel}","templated":true}]}}