{"id":9238,"date":"2022-01-22T18:31:42","date_gmt":"2022-01-22T17:31:42","guid":{"rendered":"https:\/\/meeplendice.net\/?page_id=9238"},"modified":"2022-01-22T18:32:53","modified_gmt":"2022-01-22T17:32:53","slug":"star-scrappers-orbital","status":"publish","type":"page","link":"https:\/\/meeplendice.net\/?page_id=9238","title":{"rendered":"Star Scrappers Orbital"},"content":{"rendered":"<div id=\"pl-9238\"  class=\"panel-layout\" ><div id=\"pg-9238-0\"  class=\"panel-grid panel-no-style\" ><div id=\"pgc-9238-0-0\"  class=\"panel-grid-cell\" ><div id=\"panel-9238-0-0-0\" class=\"so-panel widget widget_sow-editor panel-first-child panel-last-child\" data-index=\"0\" ><div\n\t\t\t\n\t\t\tclass=\"so-widget-sow-editor so-widget-sow-editor-base\"\n\t\t\t\n\t\t>\n<div class=\"siteorigin-widget-tinymce textwidget\">\n\t<p style=\"text-align: center;\"><strong>Nombre de joueurs :<\/strong><br \/>\n1 - 5<\/p>\n<\/div>\n<\/div><\/div><\/div><div id=\"pgc-9238-0-1\"  class=\"panel-grid-cell\" ><div id=\"panel-9238-0-1-0\" class=\"so-panel widget widget_sow-editor panel-first-child panel-last-child\" data-index=\"1\" ><div\n\t\t\t\n\t\t\tclass=\"so-widget-sow-editor so-widget-sow-editor-base\"\n\t\t\t\n\t\t>\n<div class=\"siteorigin-widget-tinymce textwidget\">\n\t<p style=\"text-align: center;\"><strong>Dur\u00e9e moyenne :<\/strong><br \/>\n60 min<\/p>\n<\/div>\n<\/div><\/div><\/div><div id=\"pgc-9238-0-2\"  class=\"panel-grid-cell\" ><div id=\"panel-9238-0-2-0\" class=\"so-panel widget widget_sow-editor panel-first-child panel-last-child\" data-index=\"2\" ><div\n\t\t\t\n\t\t\tclass=\"so-widget-sow-editor so-widget-sow-editor-base\"\n\t\t\t\n\t\t>\n<div class=\"siteorigin-widget-tinymce textwidget\">\n\t<p style=\"text-align: center;\"><strong>Age :<\/strong><br \/>\n10 ans et plus<\/p>\n<\/div>\n<\/div><\/div><\/div><\/div><div id=\"pg-9238-1\"  class=\"panel-grid panel-no-style\" ><div id=\"pgc-9238-1-0\"  class=\"panel-grid-cell\" ><div id=\"panel-9238-1-0-0\" class=\"so-panel widget widget_sow-editor panel-first-child panel-last-child\" data-index=\"3\" ><div\n\t\t\t\n\t\t\tclass=\"so-widget-sow-editor so-widget-sow-editor-base\"\n\t\t\t\n\t\t>\n<div class=\"siteorigin-widget-tinymce textwidget\">\n\t<p style=\"text-align: center;\"><strong>Auteur(s) :<br \/>\n<\/strong>Jacob Fryxelius<\/p>\n<\/div>\n<\/div><\/div><\/div><div id=\"pgc-9238-1-1\"  class=\"panel-grid-cell\" ><div id=\"panel-9238-1-1-0\" class=\"so-panel widget widget_sow-editor panel-first-child panel-last-child\" data-index=\"4\" ><div\n\t\t\t\n\t\t\tclass=\"so-widget-sow-editor so-widget-sow-editor-base\"\n\t\t\t\n\t\t>\n<div class=\"siteorigin-widget-tinymce textwidget\">\n\t<p style=\"text-align: center;\"><strong>Illustrations :<\/strong><br \/>\nPrzemys\u0142aw Gul<\/p>\n<\/div>\n<\/div><\/div><\/div><div id=\"pgc-9238-1-2\"  class=\"panel-grid-cell\" ><div id=\"panel-9238-1-2-0\" class=\"so-panel widget widget_sow-editor panel-first-child panel-last-child\" data-index=\"5\" ><div\n\t\t\t\n\t\t\tclass=\"so-widget-sow-editor so-widget-sow-editor-base\"\n\t\t\t\n\t\t>\n<div class=\"siteorigin-widget-tinymce textwidget\">\n\t<p style=\"text-align: center;\"><strong>\u00c9dition :<\/strong><br \/>\n<span class=\"data-siloing\" data-siloing=\"\n\n                                                            https:\/\/www.philibertnet.com\/fr\/1959_hexy-studio\n\n                            \">Hexy Studio<br \/>\n2021<\/span><\/p>\n<\/div>\n<\/div><\/div><\/div><div id=\"pgc-9238-1-3\"  class=\"panel-grid-cell\" ><div id=\"panel-9238-1-3-0\" class=\"so-panel widget widget_sow-editor panel-first-child panel-last-child\" data-index=\"6\" ><div\n\t\t\t\n\t\t\tclass=\"so-widget-sow-editor so-widget-sow-editor-base\"\n\t\t\t\n\t\t>\n<div class=\"siteorigin-widget-tinymce textwidget\">\n\t<p style=\"text-align: center;\"><strong>Version :<\/strong><br \/>\nFran\u00e7aise<\/p>\n<\/div>\n<\/div><\/div><\/div><\/div><div id=\"pg-9238-2\"  class=\"panel-grid panel-no-style\" ><div id=\"pgc-9238-2-0\"  class=\"panel-grid-cell\" ><div id=\"panel-9238-2-0-0\" class=\"so-panel widget widget_sow-editor panel-first-child panel-last-child\" data-index=\"7\" ><div\n\t\t\t\n\t\t\tclass=\"so-widget-sow-editor so-widget-sow-editor-base\"\n\t\t\t\n\t\t>\n<div class=\"siteorigin-widget-tinymce textwidget\">\n\t<hr \/>\n<p><em>Commandez une station spatiale dans une galaxie lointaine !<\/em><\/p>\n<p>L'industrie spatiale reprend son essort apr\u00e8s les guerres Hy'Dran !<br \/>\nPour encourager le d\u00e9veloppement, des fondations interstellaires d\u00e9cernent des r\u00e9compenses aux entreprises qui se d\u00e9marquent dans diff\u00e9rents domaines. En tant que propri\u00e9taire de l'une de ces soci\u00e9t\u00e9s, vous \u00eates en concurrence pour construire la plus grande, la meilleure et la plus prestigieuse station spatiale que le monde ait jamais connue...<\/p>\n<p>Votre but sera de r\u00e9colter plus de minerais que vos adversaires pendant les 5 ann\u00e9es (5 tours) que dure le jeu. Entre les modules militaires, les modules technologiques, de support ou bien \u00e9cologique, vous devrez construire la station orbitale la plus optimis\u00e9e. Mais attention certains \u00e9v\u00e8nements comme des pluies de m\u00e9t\u00e9orites, des crises financi\u00e8res, etc... viendront perturber votre progression.<\/p>\n<\/div>\n<\/div><\/div><\/div><\/div><div id=\"pg-9238-3\"  class=\"panel-grid panel-no-style\" ><div id=\"pgc-9238-3-0\"  class=\"panel-grid-cell\" ><div id=\"panel-9238-3-0-0\" class=\"so-panel widget widget_sow-editor panel-first-child panel-last-child\" data-index=\"8\" ><div\n\t\t\t\n\t\t\tclass=\"so-widget-sow-editor so-widget-sow-editor-base\"\n\t\t\t\n\t\t>\n<div class=\"siteorigin-widget-tinymce textwidget\">\n\t<hr \/>\n<h3 style=\"text-align: center;\">En vid\u00e9o<\/h3>\n<\/div>\n<\/div><\/div><\/div><\/div><div id=\"pg-9238-4\"  class=\"panel-grid panel-no-style\" ><div id=\"pgc-9238-4-0\"  class=\"panel-grid-cell\" ><div id=\"panel-9238-4-0-0\" class=\"so-panel widget widget_sow-editor panel-first-child panel-last-child\" data-index=\"9\" ><div\n\t\t\t\n\t\t\tclass=\"so-widget-sow-editor so-widget-sow-editor-base\"\n\t\t\t\n\t\t>\n<div class=\"siteorigin-widget-tinymce textwidget\">\n\t<hr \/>\n<h3 style=\"text-align: center;\">Pour aller plus loin<\/h3>\n<\/div>\n<\/div><\/div><\/div><\/div><\/div>","protected":false},"excerpt":{"rendered":"<p>Nombre de joueurs : 1 &#8211; 5 Dur\u00e9e moyenne : 60 min Age : 10 ans et plus Auteur(s) : Jacob Fryxelius Illustrations : Przemys\u0142aw Gul \u00c9dition : Hexy Studio 2021 Version : Fran\u00e7aise<\/p>\n","protected":false},"author":2,"featured_media":9010,"parent":0,"menu_order":0,"comment_status":"closed","ping_status":"closed","template":"","meta":{"footnotes":""},"class_list":["post-9238","page","type-page","status-publish","has-post-thumbnail","hentry"],"acf":[],"rttpg_featured_image_url":{"full":["https:\/\/meeplendice.net\/wp-content\/uploads\/2022\/01\/StarscrappersOrbital.png",350,350,false],"landscape":["https:\/\/meeplendice.net\/wp-content\/uploads\/2022\/01\/StarscrappersOrbital.png",350,350,false],"portraits":["https:\/\/meeplendice.net\/wp-content\/uploads\/2022\/01\/StarscrappersOrbital.png",350,350,false],"thumbnail":["https:\/\/meeplendice.net\/wp-content\/uploads\/2022\/01\/StarscrappersOrbital-150x150.png",150,150,true],"medium":["https:\/\/meeplendice.net\/wp-content\/uploads\/2022\/01\/StarscrappersOrbital-300x300.png",300,300,true],"large":["https:\/\/meeplendice.net\/wp-content\/uploads\/2022\/01\/StarscrappersOrbital.png",350,350,false],"ug_big":["https:\/\/meeplendice.net\/wp-content\/uploads\/2022\/01\/StarscrappersOrbital.png",350,350,false],"1536x1536":["https:\/\/meeplendice.net\/wp-content\/uploads\/2022\/01\/StarscrappersOrbital.png",350,350,false],"2048x2048":["https:\/\/meeplendice.net\/wp-content\/uploads\/2022\/01\/StarscrappersOrbital.png",350,350,false],"ashe-slider-grid-thumbnail":["https:\/\/meeplendice.net\/wp-content\/uploads\/2022\/01\/StarscrappersOrbital.png",350,350,false],"ashe-full-thumbnail":["https:\/\/meeplendice.net\/wp-content\/uploads\/2022\/01\/StarscrappersOrbital.png",350,350,false],"ashe-grid-thumbnail":["https:\/\/meeplendice.net\/wp-content\/uploads\/2022\/01\/StarscrappersOrbital-350x330.png",350,330,true],"ashe-list-thumbnail":["https:\/\/meeplendice.net\/wp-content\/uploads\/2022\/01\/StarscrappersOrbital-300x300.png",300,300,true],"ashe-single-navigation":["https:\/\/meeplendice.net\/wp-content\/uploads\/2022\/01\/StarscrappersOrbital-75x75.png",75,75,true],"mailpoet_newsletter_max":["https:\/\/meeplendice.net\/wp-content\/uploads\/2022\/01\/StarscrappersOrbital.png",350,350,false],"rpwe-thumbnail":["https:\/\/meeplendice.net\/wp-content\/uploads\/2022\/01\/StarscrappersOrbital-45x45.png",45,45,true],"sow-carousel-default":["https:\/\/meeplendice.net\/wp-content\/uploads\/2022\/01\/StarscrappersOrbital-272x182.png",272,182,true],"rt_custom":["https:\/\/meeplendice.net\/wp-content\/uploads\/2022\/01\/StarscrappersOrbital.png",350,350,false]},"rttpg_author":{"display_name":"Karnby","author_link":"https:\/\/meeplendice.net\/?author=2"},"rttpg_comment":0,"rttpg_category":null,"rttpg_excerpt":"Nombre de joueurs : 1 - 5 Dur\u00e9e moyenne : 60 min Age : 10 ans et plus Auteur(s) : Jacob Fryxelius Illustrations : Przemys\u0142aw Gul \u00c9dition : Hexy Studio 2021 Version : Fran\u00e7aise","_links":{"self":[{"href":"https:\/\/meeplendice.net\/index.php?rest_route=\/wp\/v2\/pages\/9238","targetHints":{"allow":["GET"]}}],"collection":[{"href":"https:\/\/meeplendice.net\/index.php?rest_route=\/wp\/v2\/pages"}],"about":[{"href":"https:\/\/meeplendice.net\/index.php?rest_route=\/wp\/v2\/types\/page"}],"author":[{"embeddable":true,"href":"https:\/\/meeplendice.net\/index.php?rest_route=\/wp\/v2\/users\/2"}],"replies":[{"embeddable":true,"href":"https:\/\/meeplendice.net\/index.php?rest_route=%2Fwp%2Fv2%2Fcomments&post=9238"}],"version-history":[{"count":4,"href":"https:\/\/meeplendice.net\/index.php?rest_route=\/wp\/v2\/pages\/9238\/revisions"}],"predecessor-version":[{"id":9243,"href":"https:\/\/meeplendice.net\/index.php?rest_route=\/wp\/v2\/pages\/9238\/revisions\/9243"}],"wp:featuredmedia":[{"embeddable":true,"href":"https:\/\/meeplendice.net\/index.php?rest_route=\/wp\/v2\/media\/9010"}],"wp:attachment":[{"href":"https:\/\/meeplendice.net\/index.php?rest_route=%2Fwp%2Fv2%2Fmedia&parent=9238"}],"curies":[{"name":"wp","href":"https:\/\/api.w.org\/{rel}","templated":true}]}}