{"id":9265,"date":"2022-01-22T19:10:30","date_gmt":"2022-01-22T18:10:30","guid":{"rendered":"https:\/\/meeplendice.net\/?page_id=9265"},"modified":"2024-03-31T22:18:22","modified_gmt":"2024-03-31T21:18:22","slug":"iki-2","status":"publish","type":"page","link":"https:\/\/meeplendice.net\/?page_id=9265","title":{"rendered":"Iki"},"content":{"rendered":"<div id=\"pl-9265\"  class=\"panel-layout\" ><div id=\"pg-9265-0\"  class=\"panel-grid panel-no-style\" ><div id=\"pgc-9265-0-0\"  class=\"panel-grid-cell\" ><div id=\"panel-9265-0-0-0\" class=\"so-panel widget widget_sow-editor panel-first-child panel-last-child\" data-index=\"0\" ><div\n\t\t\t\n\t\t\tclass=\"so-widget-sow-editor so-widget-sow-editor-base\"\n\t\t\t\n\t\t>\n<div class=\"siteorigin-widget-tinymce textwidget\">\n\t<p style=\"text-align: center;\"><strong>Nombre de joueurs :<\/strong><br \/>\n2 - 4<\/p>\n<\/div>\n<\/div><\/div><\/div><div id=\"pgc-9265-0-1\"  class=\"panel-grid-cell\" ><div id=\"panel-9265-0-1-0\" class=\"so-panel widget widget_sow-editor panel-first-child panel-last-child\" data-index=\"1\" ><div\n\t\t\t\n\t\t\tclass=\"so-widget-sow-editor so-widget-sow-editor-base\"\n\t\t\t\n\t\t>\n<div class=\"siteorigin-widget-tinymce textwidget\">\n\t<p style=\"text-align: center;\"><strong>Dur\u00e9e moyenne :<\/strong><br \/>\n90 min<\/p>\n<\/div>\n<\/div><\/div><\/div><div id=\"pgc-9265-0-2\"  class=\"panel-grid-cell\" ><div id=\"panel-9265-0-2-0\" class=\"so-panel widget widget_sow-editor panel-first-child panel-last-child\" data-index=\"2\" ><div\n\t\t\t\n\t\t\tclass=\"so-widget-sow-editor so-widget-sow-editor-base\"\n\t\t\t\n\t\t>\n<div class=\"siteorigin-widget-tinymce textwidget\">\n\t<p style=\"text-align: center;\"><strong>Age :<\/strong><br \/>\n14 ans et plus<\/p>\n<\/div>\n<\/div><\/div><\/div><\/div><div id=\"pg-9265-1\"  class=\"panel-grid panel-no-style\" ><div id=\"pgc-9265-1-0\"  class=\"panel-grid-cell\" ><div id=\"panel-9265-1-0-0\" class=\"so-panel widget widget_sow-editor panel-first-child panel-last-child\" data-index=\"3\" ><div\n\t\t\t\n\t\t\tclass=\"so-widget-sow-editor so-widget-sow-editor-base\"\n\t\t\t\n\t\t>\n<div class=\"siteorigin-widget-tinymce textwidget\">\n\t<p style=\"text-align: center;\"><strong>Auteur(s) :<br \/>\n<\/strong>Koota Yamada<\/p>\n<\/div>\n<\/div><\/div><\/div><div id=\"pgc-9265-1-1\"  class=\"panel-grid-cell\" ><div id=\"panel-9265-1-1-0\" class=\"so-panel widget widget_sow-editor panel-first-child panel-last-child\" data-index=\"4\" ><div\n\t\t\t\n\t\t\tclass=\"so-widget-sow-editor so-widget-sow-editor-base\"\n\t\t\t\n\t\t>\n<div class=\"siteorigin-widget-tinymce textwidget\">\n\t<p style=\"text-align: center;\"><strong>Illustrations :<br \/>\n<\/strong>David Sitbon<\/p>\n<\/div>\n<\/div><\/div><\/div><div id=\"pgc-9265-1-2\"  class=\"panel-grid-cell\" ><div id=\"panel-9265-1-2-0\" class=\"so-panel widget widget_sow-editor panel-first-child panel-last-child\" data-index=\"5\" ><div\n\t\t\t\n\t\t\tclass=\"so-widget-sow-editor so-widget-sow-editor-base\"\n\t\t\t\n\t\t>\n<div class=\"siteorigin-widget-tinymce textwidget\">\n\t<p style=\"text-align: center;\"><strong>\u00c9dition :<\/strong><br \/>\nSorry We Are French<br \/>\n2021<\/p>\n<\/div>\n<\/div><\/div><\/div><div id=\"pgc-9265-1-3\"  class=\"panel-grid-cell\" ><div id=\"panel-9265-1-3-0\" class=\"so-panel widget widget_sow-editor panel-first-child panel-last-child\" data-index=\"6\" ><div\n\t\t\t\n\t\t\tclass=\"so-widget-sow-editor so-widget-sow-editor-base\"\n\t\t\t\n\t\t>\n<div class=\"siteorigin-widget-tinymce textwidget\">\n\t<p style=\"text-align: center;\"><strong>Version :<\/strong><br \/>\nFran\u00e7aise<\/p>\n<\/div>\n<\/div><\/div><\/div><\/div><div id=\"pg-9265-2\"  class=\"panel-grid panel-no-style\" ><div id=\"pgc-9265-2-0\"  class=\"panel-grid-cell\" ><div id=\"panel-9265-2-0-0\" class=\"so-panel widget widget_sow-editor panel-first-child panel-last-child\" data-index=\"7\" ><div\n\t\t\t\n\t\t\tclass=\"so-widget-sow-editor so-widget-sow-editor-base\"\n\t\t\t\n\t\t>\n<div class=\"siteorigin-widget-tinymce textwidget\">\n\t<hr \/>\n<p><em>Bienvenue a Edo.<br \/>\n<\/em><\/p>\n<p><em>Iki se d\u00e9roule \u00e0 Edo pendant la p\u00e9riode du m\u00eame nom (1603-1868). Edo \u00e9tait le nom du Tokyo de l\u2019\u00e9poque. Dans le quartier de Nihonbashi, se trouve le march\u00e9 le plus anim\u00e9 de la ville. Le long de la grande rue de Nihonbashi, de nombreux commer\u00e7ants aux activit\u00e9s vari\u00e9es installent leurs \u00e9tals et attirent une foule de clients. Non loin de la grande rue, se tient un march\u00e9 aux poissons, o\u00f9 les bateaux apportent leurs cargaisons et o\u00f9 r\u00e9sonnent les appels des acheteurs et des vendeurs.<\/em><\/p>\n<p><em>Dans des maisons autour de la grande rue appel\u00e9es Nagaya, habitent des artisans et des marchands, aux comp\u00e9tences diverses et n\u00e9cessaires \u00e0 la vie quotidienne des habitants d\u2019Edo. Selon les estimations, entre 700 et 800 m\u00e9tiers diff\u00e9rents existent \u00e0 Edo : fabricants d\u2019\u00e9ventails ou de lanternes, tisseurs de tatamis, imprimeurs d\u2019estampes, colporteurs, \u00e9choppes de vendeurs de tempuras ou de sushis, geishas, com\u00e9diens de kabuki et beaucoup d\u2019autres sont repr\u00e9sent\u00e9s dans Iki sous forme de cartes<\/em><em>.<\/em><\/p>\n<p>Vivez une ann\u00e9e enti\u00e8re \u00e0 Edo et tentez de devenir le meilleur Edokko, \"l\u2019enfant d\u2019Edo\" en veillant au bien-\u00eatre et \u00e0 la prosp\u00e9rit\u00e9 de la ville et de ses habitants. Recrutez des personnages de diff\u00e9rents corps de m\u00e9tiers, faites-les travailler dans la grande rue de Nihonbashi et faites-leur accumuler de l\u2019exp\u00e9rience jusqu\u2019\u00e0 ce qu\u2019ils partent \u00e0 la retraite.<\/p>\n<p>Le vainqueur est l\u2019Edokko ayant accumul\u00e9 le plus d\u2019Iki, un concept philosophique de l\u2019\u00e9poque Edo consid\u00e9r\u00e9 comme un id\u00e9al de vie.<\/p>\n<\/div>\n<\/div><\/div><\/div><\/div><div id=\"pg-9265-3\"  class=\"panel-grid panel-no-style\" ><div id=\"pgc-9265-3-0\"  class=\"panel-grid-cell\" ><div id=\"panel-9265-3-0-0\" class=\"so-panel widget widget_sow-editor panel-first-child panel-last-child\" data-index=\"8\" ><div\n\t\t\t\n\t\t\tclass=\"so-widget-sow-editor so-widget-sow-editor-base\"\n\t\t\t\n\t\t>\n<div class=\"siteorigin-widget-tinymce textwidget\">\n\t<hr \/>\n<h3 style=\"text-align: center;\">En vid\u00e9o<\/h3>\n<\/div>\n<\/div><\/div><\/div><\/div><div id=\"pg-9265-4\"  class=\"panel-grid panel-no-style\" ><div id=\"pgc-9265-4-0\"  class=\"panel-grid-cell\" ><div id=\"panel-9265-4-0-0\" class=\"so-panel widget widget_sow-editor panel-first-child panel-last-child\" data-index=\"9\" ><div\n\t\t\t\n\t\t\tclass=\"so-widget-sow-editor so-widget-sow-editor-base\"\n\t\t\t\n\t\t>\n<div class=\"siteorigin-widget-tinymce textwidget\">\n\t<hr \/>\n<h3 style=\"text-align: center;\">Extension(s)<\/h3>\n<p style=\"text-align: center;\"><style type='text\/css' media='all'>#rt-tpg-container-2896967303 .read-more a{border-radius:px;}#rt-tpg-container-2896967303 .rt-img-holder img.rt-img-responsive,#rt-tpg-container-2896967303 .rt-img-holder,\n\t\t\t\t\t#rt-tpg-container-2896967303 .rt-post-overlay .post-img,\n\t\t\t\t\t#rt-tpg-container-2896967303 .post-sm .post-img,\n\t\t\t\t\t#rt-tpg-container-2896967303 .rt-post-grid .post-img,\n\t\t\t\t\t#rt-tpg-container-2896967303 .post-img img {border-radius:px;}#rt-tpg-container-2896967303 .layout9 .rt-holder h2.entry-title,\n\t\t\t\t\t#rt-tpg-container-2896967303 .layout9 .rt-holder h3.entry-title,\n\t\t\t\t\t#rt-tpg-container-2896967303 .layout9 .rt-holder h4.entry-title,\n\t\t\t\t\t#rt-tpg-container-2896967303 .layout9 .rt-holder h2.entry-title a,\n\t\t\t\t\t#rt-tpg-container-2896967303 .layout9 .rt-holder h3.entry-title a,\n\t\t\t\t\t#rt-tpg-container-2896967303 .layout9 .rt-holder h4.entry-title a,\n\t\t\t\t\t#rt-tpg-container-2896967303 .rt-holder .rt-woo-info h2 a,\n\t\t\t\t\t#rt-tpg-container-2896967303 .rt-holder .rt-woo-info h3 a,\n\t\t\t\t\t#rt-tpg-container-2896967303 .rt-holder .rt-woo-info h4 a,\n\t\t\t\t\t#rt-tpg-container-2896967303 .post-content .post-title,\n\t\t\t\t\t#rt-tpg-container-2896967303 .rt-post-grid .post-title,\n\t\t\t\t\t#rt-tpg-container-2896967303 .rt-post-grid .post-title a,\n\t\t\t\t\t#rt-tpg-container-2896967303 .post-content .post-title a,\n\t\t\t\t\t#rt-tpg-container-2896967303 .rt-holder .rt-woo-info h2,\n\t\t\t\t\t#rt-tpg-container-2896967303 .rt-holder .rt-woo-info h3,\n\t\t\t\t\t#rt-tpg-container-2896967303 .rt-holder .rt-woo-info h4{font-size:16px;line-height:26px;font-weight:normal;text-align:center;}#rt-tpg-container-2896967303 .post-grid-lg-style-1 .post-title,\n\t\t\t\t\t\t#rt-tpg-container-2896967303 .post-grid-lg-style-1 .post-title a,\n\t\t\t\t\t\t#rt-tpg-container-2896967303 .big-layout .post-title,\n\t\t\t\t\t\t#rt-tpg-container-2896967303 .big-layout .post-title a,\n\t\t\t\t\t\t#rt-tpg-container-2896967303 .post-grid-lg-style-1 .post-title,\n\t\t\t\t\t\t#rt-tpg-container-2896967303 .post-grid-lg-style-1 .post-title a {font-size:24px;line-height:34px;}<\/style><div class='rt-container-fluid rt-tpg-container tpg-shortcode-main-wrapper ' id='rt-tpg-container-2896967303'   data-layout='layout9' data-grid-style='masonry' data-desktop-col='3'  data-tab-col='2'  data-mobile-col='1' data-sc-id='12006'><div data-title='Loading ...' class='rt-row rt-content-loader   layout9 tpg-masonry '><div class=\"rt-col-md-4 rt-col-sm-6 rt-col-xs-12 masonry-grid-item rt-grid-item img_zoom_in\" data-id=\"12005\"><div class=\"rt-holder\"><div class='overlay'><a data-id='12005' class=' tpg-single-popup' href='https:\/\/meeplendice.net\/?page_id=12005'><img loading=\"lazy\" decoding=\"async\" width=\"350\" height=\"350\" src=\"https:\/\/meeplendice.net\/wp-content\/uploads\/2024\/03\/IKI_Akebono.png\" class=\"rt-img-responsive \" alt=\"\" \/><\/a><\/div><div class='post-info'><h3 class=\"entry-title\"><a data-id=\"12005\" class=\" tpg-single-popup\" href=\"https:\/\/meeplendice.net\/?page_id=12005\">Akebono<\/a><\/h3><div class='post-meta-user '><\/div><\/div><\/div><\/div><\/div><div class='rt-pagination-wrap' data-total-pages='1' data-posts-per-page='3' data-type='pagination_ajax'  ><div class='rt-page-numbers'><\/div><\/div><\/div><\/p>\n<\/div>\n<\/div><\/div><\/div><\/div><div id=\"pg-9265-5\"  class=\"panel-grid panel-no-style\" ><div id=\"pgc-9265-5-0\"  class=\"panel-grid-cell\" ><div id=\"panel-9265-5-0-0\" class=\"so-panel widget widget_sow-editor panel-first-child panel-last-child\" data-index=\"10\" ><div\n\t\t\t\n\t\t\tclass=\"so-widget-sow-editor so-widget-sow-editor-base\"\n\t\t\t\n\t\t>\n<div class=\"siteorigin-widget-tinymce textwidget\">\n\t<hr \/>\n<h3 style=\"text-align: center;\">Pour aller plus loin<\/h3>\n<\/div>\n<\/div><\/div><\/div><\/div><\/div>","protected":false},"excerpt":{"rendered":"<p>Nombre de joueurs : 2 &#8211; 4 Dur\u00e9e moyenne : 90 min Age : 14 ans et plus Auteur(s) : Koota Yamada Illustrations : David Sitbon \u00c9dition : Sorry We Are French 2021 Version : Fran\u00e7aise<\/p>\n","protected":false},"author":2,"featured_media":8999,"parent":0,"menu_order":0,"comment_status":"closed","ping_status":"closed","template":"","meta":{"footnotes":""},"class_list":["post-9265","page","type-page","status-publish","has-post-thumbnail","hentry"],"acf":[],"rttpg_featured_image_url":{"full":["https:\/\/meeplendice.net\/wp-content\/uploads\/2022\/01\/Iki.png",350,350,false],"landscape":["https:\/\/meeplendice.net\/wp-content\/uploads\/2022\/01\/Iki.png",350,350,false],"portraits":["https:\/\/meeplendice.net\/wp-content\/uploads\/2022\/01\/Iki.png",350,350,false],"thumbnail":["https:\/\/meeplendice.net\/wp-content\/uploads\/2022\/01\/Iki-150x150.png",150,150,true],"medium":["https:\/\/meeplendice.net\/wp-content\/uploads\/2022\/01\/Iki-300x300.png",300,300,true],"large":["https:\/\/meeplendice.net\/wp-content\/uploads\/2022\/01\/Iki.png",350,350,false],"ug_big":["https:\/\/meeplendice.net\/wp-content\/uploads\/2022\/01\/Iki.png",350,350,false],"1536x1536":["https:\/\/meeplendice.net\/wp-content\/uploads\/2022\/01\/Iki.png",350,350,false],"2048x2048":["https:\/\/meeplendice.net\/wp-content\/uploads\/2022\/01\/Iki.png",350,350,false],"ashe-slider-grid-thumbnail":["https:\/\/meeplendice.net\/wp-content\/uploads\/2022\/01\/Iki.png",350,350,false],"ashe-full-thumbnail":["https:\/\/meeplendice.net\/wp-content\/uploads\/2022\/01\/Iki.png",350,350,false],"ashe-grid-thumbnail":["https:\/\/meeplendice.net\/wp-content\/uploads\/2022\/01\/Iki-350x330.png",350,330,true],"ashe-list-thumbnail":["https:\/\/meeplendice.net\/wp-content\/uploads\/2022\/01\/Iki-300x300.png",300,300,true],"ashe-single-navigation":["https:\/\/meeplendice.net\/wp-content\/uploads\/2022\/01\/Iki-75x75.png",75,75,true],"mailpoet_newsletter_max":["https:\/\/meeplendice.net\/wp-content\/uploads\/2022\/01\/Iki.png",350,350,false],"rpwe-thumbnail":["https:\/\/meeplendice.net\/wp-content\/uploads\/2022\/01\/Iki-45x45.png",45,45,true],"sow-carousel-default":["https:\/\/meeplendice.net\/wp-content\/uploads\/2022\/01\/Iki-272x182.png",272,182,true],"rt_custom":["https:\/\/meeplendice.net\/wp-content\/uploads\/2022\/01\/Iki.png",350,350,false]},"rttpg_author":{"display_name":"Karnby","author_link":"https:\/\/meeplendice.net\/?author=2"},"rttpg_comment":0,"rttpg_category":null,"rttpg_excerpt":"Nombre de joueurs : 2 - 4 Dur\u00e9e moyenne : 90 min Age : 14 ans et plus Auteur(s) : Koota Yamada Illustrations : David Sitbon \u00c9dition : Sorry We Are French 2021 Version : Fran\u00e7aise","_links":{"self":[{"href":"https:\/\/meeplendice.net\/index.php?rest_route=\/wp\/v2\/pages\/9265","targetHints":{"allow":["GET"]}}],"collection":[{"href":"https:\/\/meeplendice.net\/index.php?rest_route=\/wp\/v2\/pages"}],"about":[{"href":"https:\/\/meeplendice.net\/index.php?rest_route=\/wp\/v2\/types\/page"}],"author":[{"embeddable":true,"href":"https:\/\/meeplendice.net\/index.php?rest_route=\/wp\/v2\/users\/2"}],"replies":[{"embeddable":true,"href":"https:\/\/meeplendice.net\/index.php?rest_route=%2Fwp%2Fv2%2Fcomments&post=9265"}],"version-history":[{"count":9,"href":"https:\/\/meeplendice.net\/index.php?rest_route=\/wp\/v2\/pages\/9265\/revisions"}],"predecessor-version":[{"id":12009,"href":"https:\/\/meeplendice.net\/index.php?rest_route=\/wp\/v2\/pages\/9265\/revisions\/12009"}],"wp:featuredmedia":[{"embeddable":true,"href":"https:\/\/meeplendice.net\/index.php?rest_route=\/wp\/v2\/media\/8999"}],"wp:attachment":[{"href":"https:\/\/meeplendice.net\/index.php?rest_route=%2Fwp%2Fv2%2Fmedia&parent=9265"}],"curies":[{"name":"wp","href":"https:\/\/api.w.org\/{rel}","templated":true}]}}