{"id":9274,"date":"2022-01-22T19:21:55","date_gmt":"2022-01-22T18:21:55","guid":{"rendered":"https:\/\/meeplendice.net\/?page_id=9274"},"modified":"2022-01-22T21:47:05","modified_gmt":"2022-01-22T20:47:05","slug":"khora-2","status":"publish","type":"page","link":"https:\/\/meeplendice.net\/?page_id=9274","title":{"rendered":"Kh\u00f4ra"},"content":{"rendered":"<div id=\"pl-9274\"  class=\"panel-layout\" ><div id=\"pg-9274-0\"  class=\"panel-grid panel-no-style\" ><div id=\"pgc-9274-0-0\"  class=\"panel-grid-cell\" ><div id=\"panel-9274-0-0-0\" class=\"so-panel widget widget_sow-editor panel-first-child panel-last-child\" data-index=\"0\" ><div\n\t\t\t\n\t\t\tclass=\"so-widget-sow-editor so-widget-sow-editor-base\"\n\t\t\t\n\t\t>\n<div class=\"siteorigin-widget-tinymce textwidget\">\n\t<p style=\"text-align: center;\"><strong>Nombre de joueurs :<\/strong><br \/>\n2 - 4<\/p>\n<\/div>\n<\/div><\/div><\/div><div id=\"pgc-9274-0-1\"  class=\"panel-grid-cell\" ><div id=\"panel-9274-0-1-0\" class=\"so-panel widget widget_sow-editor panel-first-child panel-last-child\" data-index=\"1\" ><div\n\t\t\t\n\t\t\tclass=\"so-widget-sow-editor so-widget-sow-editor-base\"\n\t\t\t\n\t\t>\n<div class=\"siteorigin-widget-tinymce textwidget\">\n\t<p style=\"text-align: center;\"><strong>Dur\u00e9e moyenne :<\/strong><br \/>\n75 min<\/p>\n<\/div>\n<\/div><\/div><\/div><div id=\"pgc-9274-0-2\"  class=\"panel-grid-cell\" ><div id=\"panel-9274-0-2-0\" class=\"so-panel widget widget_sow-editor panel-first-child panel-last-child\" data-index=\"2\" ><div\n\t\t\t\n\t\t\tclass=\"so-widget-sow-editor so-widget-sow-editor-base\"\n\t\t\t\n\t\t>\n<div class=\"siteorigin-widget-tinymce textwidget\">\n\t<p style=\"text-align: center;\"><strong>Age :<\/strong><br \/>\n14 ans et plus<\/p>\n<\/div>\n<\/div><\/div><\/div><\/div><div id=\"pg-9274-1\"  class=\"panel-grid panel-no-style\" ><div id=\"pgc-9274-1-0\"  class=\"panel-grid-cell\" ><div id=\"panel-9274-1-0-0\" class=\"so-panel widget widget_sow-editor panel-first-child panel-last-child\" data-index=\"3\" ><div\n\t\t\t\n\t\t\tclass=\"so-widget-sow-editor so-widget-sow-editor-base\"\n\t\t\t\n\t\t>\n<div class=\"siteorigin-widget-tinymce textwidget\">\n\t<p style=\"text-align: center;\"><strong>Auteur(s) :<br \/>\n<\/strong>Head Quarter Simulation Game Club<\/p>\n<\/div>\n<\/div><\/div><\/div><div id=\"pgc-9274-1-1\"  class=\"panel-grid-cell\" ><div id=\"panel-9274-1-1-0\" class=\"so-panel widget widget_sow-editor panel-first-child panel-last-child\" data-index=\"4\" ><div\n\t\t\t\n\t\t\tclass=\"so-widget-sow-editor so-widget-sow-editor-base\"\n\t\t\t\n\t\t>\n<div class=\"siteorigin-widget-tinymce textwidget\">\n\t<p style=\"text-align: center;\"><strong>Illustrations :<\/strong><br \/>\nJocelyn Millet<br \/>\nDavid Chapoulet<\/p>\n<\/div>\n<\/div><\/div><\/div><div id=\"pgc-9274-1-2\"  class=\"panel-grid-cell\" ><div id=\"panel-9274-1-2-0\" class=\"so-panel widget widget_sow-editor panel-first-child panel-last-child\" data-index=\"5\" ><div\n\t\t\t\n\t\t\tclass=\"so-widget-sow-editor so-widget-sow-editor-base\"\n\t\t\t\n\t\t>\n<div class=\"siteorigin-widget-tinymce textwidget\">\n\t<p style=\"text-align: center;\"><strong>\u00c9dition :<\/strong><br \/>\nIello<br \/>\n2021<\/p>\n<\/div>\n<\/div><\/div><\/div><div id=\"pgc-9274-1-3\"  class=\"panel-grid-cell\" ><div id=\"panel-9274-1-3-0\" class=\"so-panel widget widget_sow-editor panel-first-child panel-last-child\" data-index=\"6\" ><div\n\t\t\t\n\t\t\tclass=\"so-widget-sow-editor so-widget-sow-editor-base\"\n\t\t\t\n\t\t>\n<div class=\"siteorigin-widget-tinymce textwidget\">\n\t<p style=\"text-align: center;\"><strong>Version :<\/strong><br \/>\nFran\u00e7aise<\/p>\n<\/div>\n<\/div><\/div><\/div><\/div><div id=\"pg-9274-2\"  class=\"panel-grid panel-no-style\" ><div id=\"pgc-9274-2-0\"  class=\"panel-grid-cell\" ><div id=\"panel-9274-2-0-0\" class=\"so-panel widget widget_sow-editor panel-first-child panel-last-child\" data-index=\"7\" ><div\n\t\t\t\n\t\t\tclass=\"so-widget-sow-editor so-widget-sow-editor-base\"\n\t\t\t\n\t\t>\n<div class=\"siteorigin-widget-tinymce textwidget\">\n\t<hr \/>\n<p><em>Sur l'agora, les rumeurs passent d'un citoyen \u00e0 l'autre, de surprise en exclamations. La clameur de la foule s'intensifie, la parole se fait plus dure.<br \/>\n\"Sparte ? Ha ! Sparte ne peut rien contre nous ? Qu'ils viennent ! M\u00e9fiez-vous plut\u00f4t de Corinthe ! Ils sont en train d'ouvrir de nouvelles routes commerciales vers l'est ! Nous devons agir\".<br \/>\n\"Si seulement nous ne d\u00e9pensions pas toutes les taxes collect\u00e9es, notre cot\u00e9 serait bien plus influente !\"<br \/>\n\"Avant de partir en guerre, il faudrait d\u00e9j\u00e0 songer \u00e0 b\u00e2tir ! Le temple de Zeus est en bien mauvais \u00e9tat.\"<\/em><\/p>\n<p><em>D'une oreille attentive, vous \u00e9coutez le peuple d\u00e9battre. Votre cit\u00e9 est en plein essor. Qu'allez-vous d\u00e9cider ?<\/em><\/p>\n<p>Imposez la puissance de votre cit\u00e9 !<br \/>\nDans la Gr\u00e8ce antique, les cit\u00e9s-Etats rivalisent de richesse et de puissance. A vous de mener votre cit\u00e9 \u00e0 la gloire en exploitant ses atouts ! Politique, \u00e9conomie, arts militaires, culture : prenez les bonnes d\u00e9cisions et faites rayonner le nom de votre kh\u00f4ra sur l'ensemble du monde grec !<\/p>\n<p>Aux origines de la polis, il y a la kh\u00f4ra, le territoire des cit\u00e9s-Etats. Prenez-en le contr\u00f4le et d\u00e9couvrez un palpitant jeu de strat\u00e9gie et de gestion, intense et subtil, dans lequel vous d\u00e9terminez tour apr\u00e8s tour l'avenir de votre glorieuse cit\u00e9 !<\/p>\n<\/div>\n<\/div><\/div><\/div><\/div><div id=\"pg-9274-3\"  class=\"panel-grid panel-no-style\" ><div id=\"pgc-9274-3-0\"  class=\"panel-grid-cell\" ><div id=\"panel-9274-3-0-0\" class=\"so-panel widget widget_sow-editor panel-first-child panel-last-child\" data-index=\"8\" ><div\n\t\t\t\n\t\t\tclass=\"so-widget-sow-editor so-widget-sow-editor-base\"\n\t\t\t\n\t\t>\n<div class=\"siteorigin-widget-tinymce textwidget\">\n\t<hr \/>\n<h3 style=\"text-align: center;\">En vid\u00e9o<\/h3>\n<\/div>\n<\/div><\/div><\/div><\/div><div id=\"pg-9274-4\"  class=\"panel-grid panel-no-style\" ><div id=\"pgc-9274-4-0\"  class=\"panel-grid-cell\" ><div id=\"panel-9274-4-0-0\" class=\"so-panel widget widget_sow-editor panel-first-child panel-last-child\" data-index=\"9\" ><div\n\t\t\t\n\t\t\tclass=\"so-widget-sow-editor so-widget-sow-editor-base\"\n\t\t\t\n\t\t>\n<div class=\"siteorigin-widget-tinymce textwidget\">\n\t<hr \/>\n<h3 style=\"text-align: center;\">Pour aller plus loin<\/h3>\n<\/div>\n<\/div><\/div><\/div><\/div><\/div>","protected":false},"excerpt":{"rendered":"<p>Nombre de joueurs : 2 &#8211; 4 Dur\u00e9e moyenne : 75 min Age : 14 ans et plus Auteur(s) : Head Quarter Simulation Game Club Illustrations : Jocelyn Millet David Chapoulet \u00c9dition : Iello 2021 Version : Fran\u00e7aise<\/p>\n","protected":false},"author":2,"featured_media":9002,"parent":0,"menu_order":0,"comment_status":"closed","ping_status":"closed","template":"","meta":{"footnotes":""},"class_list":["post-9274","page","type-page","status-publish","has-post-thumbnail","hentry"],"acf":[],"rttpg_featured_image_url":{"full":["https:\/\/meeplendice.net\/wp-content\/uploads\/2022\/01\/Khora.png",350,350,false],"landscape":["https:\/\/meeplendice.net\/wp-content\/uploads\/2022\/01\/Khora.png",350,350,false],"portraits":["https:\/\/meeplendice.net\/wp-content\/uploads\/2022\/01\/Khora.png",350,350,false],"thumbnail":["https:\/\/meeplendice.net\/wp-content\/uploads\/2022\/01\/Khora-150x150.png",150,150,true],"medium":["https:\/\/meeplendice.net\/wp-content\/uploads\/2022\/01\/Khora-300x300.png",300,300,true],"large":["https:\/\/meeplendice.net\/wp-content\/uploads\/2022\/01\/Khora.png",350,350,false],"ug_big":["https:\/\/meeplendice.net\/wp-content\/uploads\/2022\/01\/Khora.png",350,350,false],"1536x1536":["https:\/\/meeplendice.net\/wp-content\/uploads\/2022\/01\/Khora.png",350,350,false],"2048x2048":["https:\/\/meeplendice.net\/wp-content\/uploads\/2022\/01\/Khora.png",350,350,false],"ashe-slider-grid-thumbnail":["https:\/\/meeplendice.net\/wp-content\/uploads\/2022\/01\/Khora.png",350,350,false],"ashe-full-thumbnail":["https:\/\/meeplendice.net\/wp-content\/uploads\/2022\/01\/Khora.png",350,350,false],"ashe-grid-thumbnail":["https:\/\/meeplendice.net\/wp-content\/uploads\/2022\/01\/Khora-350x330.png",350,330,true],"ashe-list-thumbnail":["https:\/\/meeplendice.net\/wp-content\/uploads\/2022\/01\/Khora-300x300.png",300,300,true],"ashe-single-navigation":["https:\/\/meeplendice.net\/wp-content\/uploads\/2022\/01\/Khora-75x75.png",75,75,true],"mailpoet_newsletter_max":["https:\/\/meeplendice.net\/wp-content\/uploads\/2022\/01\/Khora.png",350,350,false],"rpwe-thumbnail":["https:\/\/meeplendice.net\/wp-content\/uploads\/2022\/01\/Khora-45x45.png",45,45,true],"sow-carousel-default":["https:\/\/meeplendice.net\/wp-content\/uploads\/2022\/01\/Khora-272x182.png",272,182,true],"rt_custom":["https:\/\/meeplendice.net\/wp-content\/uploads\/2022\/01\/Khora.png",350,350,false]},"rttpg_author":{"display_name":"Karnby","author_link":"https:\/\/meeplendice.net\/?author=2"},"rttpg_comment":0,"rttpg_category":null,"rttpg_excerpt":"Nombre de joueurs : 2 - 4 Dur\u00e9e moyenne : 75 min Age : 14 ans et plus Auteur(s) : Head Quarter Simulation Game Club Illustrations : Jocelyn Millet David Chapoulet \u00c9dition : Iello 2021 Version : Fran\u00e7aise","_links":{"self":[{"href":"https:\/\/meeplendice.net\/index.php?rest_route=\/wp\/v2\/pages\/9274","targetHints":{"allow":["GET"]}}],"collection":[{"href":"https:\/\/meeplendice.net\/index.php?rest_route=\/wp\/v2\/pages"}],"about":[{"href":"https:\/\/meeplendice.net\/index.php?rest_route=\/wp\/v2\/types\/page"}],"author":[{"embeddable":true,"href":"https:\/\/meeplendice.net\/index.php?rest_route=\/wp\/v2\/users\/2"}],"replies":[{"embeddable":true,"href":"https:\/\/meeplendice.net\/index.php?rest_route=%2Fwp%2Fv2%2Fcomments&post=9274"}],"version-history":[{"count":7,"href":"https:\/\/meeplendice.net\/index.php?rest_route=\/wp\/v2\/pages\/9274\/revisions"}],"predecessor-version":[{"id":9284,"href":"https:\/\/meeplendice.net\/index.php?rest_route=\/wp\/v2\/pages\/9274\/revisions\/9284"}],"wp:featuredmedia":[{"embeddable":true,"href":"https:\/\/meeplendice.net\/index.php?rest_route=\/wp\/v2\/media\/9002"}],"wp:attachment":[{"href":"https:\/\/meeplendice.net\/index.php?rest_route=%2Fwp%2Fv2%2Fmedia&parent=9274"}],"curies":[{"name":"wp","href":"https:\/\/api.w.org\/{rel}","templated":true}]}}