{"id":9285,"date":"2022-01-22T21:51:07","date_gmt":"2022-01-22T20:51:07","guid":{"rendered":"https:\/\/meeplendice.net\/?page_id=9285"},"modified":"2024-10-02T23:49:42","modified_gmt":"2024-10-02T21:49:42","slug":"linsondable-2","status":"publish","type":"page","link":"https:\/\/meeplendice.net\/?page_id=9285","title":{"rendered":"L&rsquo;Insondable"},"content":{"rendered":"<div id=\"pl-9285\"  class=\"panel-layout\" ><div id=\"pg-9285-0\"  class=\"panel-grid panel-no-style\" ><div id=\"pgc-9285-0-0\"  class=\"panel-grid-cell\" ><div id=\"panel-9285-0-0-0\" class=\"so-panel widget widget_sow-editor panel-first-child panel-last-child\" data-index=\"0\" ><div\n\t\t\t\n\t\t\tclass=\"so-widget-sow-editor so-widget-sow-editor-base\"\n\t\t\t\n\t\t>\n<div class=\"siteorigin-widget-tinymce textwidget\">\n\t<p style=\"text-align: center;\"><strong>Nombre de joueurs :<\/strong><br \/>\n3 - 6<\/p>\n<\/div>\n<\/div><\/div><\/div><div id=\"pgc-9285-0-1\"  class=\"panel-grid-cell\" ><div id=\"panel-9285-0-1-0\" class=\"so-panel widget widget_sow-editor panel-first-child panel-last-child\" data-index=\"1\" ><div\n\t\t\t\n\t\t\tclass=\"so-widget-sow-editor so-widget-sow-editor-base\"\n\t\t\t\n\t\t>\n<div class=\"siteorigin-widget-tinymce textwidget\">\n\t<p style=\"text-align: center;\"><strong>Dur\u00e9e moyenne :<\/strong><br \/>\n180 min<\/p>\n<\/div>\n<\/div><\/div><\/div><div id=\"pgc-9285-0-2\"  class=\"panel-grid-cell\" ><div id=\"panel-9285-0-2-0\" class=\"so-panel widget widget_sow-editor panel-first-child panel-last-child\" data-index=\"2\" ><div\n\t\t\t\n\t\t\tclass=\"so-widget-sow-editor so-widget-sow-editor-base\"\n\t\t\t\n\t\t>\n<div class=\"siteorigin-widget-tinymce textwidget\">\n\t<p style=\"text-align: center;\"><strong>Age :<\/strong><br \/>\n14 ans et plus<\/p>\n<\/div>\n<\/div><\/div><\/div><\/div><div id=\"pg-9285-1\"  class=\"panel-grid panel-no-style\" ><div id=\"pgc-9285-1-0\"  class=\"panel-grid-cell\" ><div id=\"panel-9285-1-0-0\" class=\"so-panel widget widget_sow-editor panel-first-child panel-last-child\" data-index=\"3\" ><div\n\t\t\t\n\t\t\tclass=\"so-widget-sow-editor so-widget-sow-editor-base\"\n\t\t\t\n\t\t>\n<div class=\"siteorigin-widget-tinymce textwidget\">\n\t<p style=\"text-align: center;\"><strong>Auteur(s) :<br \/>\n<\/strong>Tony Fanchi<br \/>\nCorey Konieczka<\/p>\n<\/div>\n<\/div><\/div><\/div><div id=\"pgc-9285-1-1\"  class=\"panel-grid-cell\" ><div id=\"panel-9285-1-1-0\" class=\"so-panel widget widget_sow-editor panel-first-child panel-last-child\" data-index=\"4\" ><div\n\t\t\t\n\t\t\tclass=\"so-widget-sow-editor so-widget-sow-editor-base\"\n\t\t\t\n\t\t>\n<div class=\"siteorigin-widget-tinymce textwidget\">\n\t<p style=\"text-align: center;\"><strong>Illustrations :<\/strong><br \/>\nJokubas Uogintas<br \/>\nHenning Ludvigen<br \/>\nTiziano Baracchi<br \/>\nJoshua Cairos<br \/>\n...<\/p>\n<\/div>\n<\/div><\/div><\/div><div id=\"pgc-9285-1-2\"  class=\"panel-grid-cell\" ><div id=\"panel-9285-1-2-0\" class=\"so-panel widget widget_sow-editor panel-first-child panel-last-child\" data-index=\"5\" ><div\n\t\t\t\n\t\t\tclass=\"so-widget-sow-editor so-widget-sow-editor-base\"\n\t\t\t\n\t\t>\n<div class=\"siteorigin-widget-tinymce textwidget\">\n\t<p style=\"text-align: center;\"><strong>\u00c9dition :<\/strong><br \/>\nFantasy Flight Games<br \/>\nEdge Entertainement<br \/>\n2021<\/p>\n<\/div>\n<\/div><\/div><\/div><div id=\"pgc-9285-1-3\"  class=\"panel-grid-cell\" ><div id=\"panel-9285-1-3-0\" class=\"so-panel widget widget_sow-editor panel-first-child panel-last-child\" data-index=\"6\" ><div\n\t\t\t\n\t\t\tclass=\"so-widget-sow-editor so-widget-sow-editor-base\"\n\t\t\t\n\t\t>\n<div class=\"siteorigin-widget-tinymce textwidget\">\n\t<p style=\"text-align: center;\"><strong>Version :<\/strong><br \/>\nFran\u00e7aise<\/p>\n<\/div>\n<\/div><\/div><\/div><\/div><div id=\"pg-9285-2\"  class=\"panel-grid panel-no-style\" ><div id=\"pgc-9285-2-0\"  class=\"panel-grid-cell\" ><div id=\"panel-9285-2-0-0\" class=\"so-panel widget widget_sow-editor panel-first-child panel-last-child\" data-index=\"7\" ><div\n\t\t\t\n\t\t\tclass=\"so-widget-sow-editor so-widget-sow-editor-base\"\n\t\t\t\n\t\t>\n<div class=\"siteorigin-widget-tinymce textwidget\">\n\t<hr \/>\n<p><em>Le SS Atlantica fait route vers Boston, suivi par des ombres inqui\u00e9tantes cach\u00e9es sous les vagues. Certains des autres passagers semblent \u00e9trangement envo\u00fbt\u00e9, scrutant le large dans une attente silencieuse et languissante. Vos nuits sont tourment\u00e9es par de troublants cauchemars aquatiques, et une passag\u00e8re vient d'\u00eatre assassin\u00e9e.<\/em><\/p>\n<p>Doute, loyaut\u00e9 secr\u00e8tes et strat\u00e9gies retorses sont de mise ! <em>L'Insondable<\/em> met votre groupe aux commandes d'un navire \u00e0 vapeur, mais vos amis ne sont pas tous dignes de confiance. Alors que de monstrueux Profonds surgissent des eaux glaciales de l'oc\u00e9an, chaque joueur peut vous cacher sa v\u00e9ritable identit\u00e9 d'inf\u00e2me cultiste ou d'immonde Profond hybride. Ne baissez votre garde avec personne : vous devrez rester vigilants pour sauver votre navire du naufrage.<\/p>\n<p>Dans <em>L'Insondable<\/em>, combattez des vagues de Profonds, d\u00e9masquez les traitres et menez <em>l'Atlantica<\/em> \u00e0 bon port !<\/p>\n<\/div>\n<\/div><\/div><\/div><\/div><div id=\"pg-9285-3\"  class=\"panel-grid panel-no-style\" ><div id=\"pgc-9285-3-0\"  class=\"panel-grid-cell\" ><div id=\"panel-9285-3-0-0\" class=\"so-panel widget widget_sow-editor panel-first-child panel-last-child\" data-index=\"8\" ><div\n\t\t\t\n\t\t\tclass=\"so-widget-sow-editor so-widget-sow-editor-base\"\n\t\t\t\n\t\t>\n<div class=\"siteorigin-widget-tinymce textwidget\">\n\t<hr \/>\n<h3 style=\"text-align: center;\">En vid\u00e9o<\/h3>\n<\/div>\n<\/div><\/div><\/div><\/div><div id=\"pg-9285-4\"  class=\"panel-grid panel-no-style\" ><div id=\"pgc-9285-4-0\"  class=\"panel-grid-cell\" ><div id=\"panel-9285-4-0-0\" class=\"so-panel widget widget_sow-editor panel-first-child panel-last-child\" data-index=\"9\" ><div\n\t\t\t\n\t\t\tclass=\"so-widget-sow-editor so-widget-sow-editor-base\"\n\t\t\t\n\t\t>\n<div class=\"siteorigin-widget-tinymce textwidget\">\n\t<hr \/>\n<h3 style=\"text-align: center;\">Extension(s)<\/h3>\n<style type='text\/css' media='all'>#rt-tpg-container-1035036432 .read-more a{border-radius:px;}#rt-tpg-container-1035036432 .rt-img-holder img.rt-img-responsive,#rt-tpg-container-1035036432 .rt-img-holder,\n\t\t\t\t\t#rt-tpg-container-1035036432 .rt-post-overlay .post-img,\n\t\t\t\t\t#rt-tpg-container-1035036432 .post-sm .post-img,\n\t\t\t\t\t#rt-tpg-container-1035036432 .rt-post-grid .post-img,\n\t\t\t\t\t#rt-tpg-container-1035036432 .post-img img {border-radius:px;}#rt-tpg-container-1035036432 .layout9 .rt-holder h2.entry-title,\n\t\t\t\t\t#rt-tpg-container-1035036432 .layout9 .rt-holder h3.entry-title,\n\t\t\t\t\t#rt-tpg-container-1035036432 .layout9 .rt-holder h4.entry-title,\n\t\t\t\t\t#rt-tpg-container-1035036432 .layout9 .rt-holder h2.entry-title a,\n\t\t\t\t\t#rt-tpg-container-1035036432 .layout9 .rt-holder h3.entry-title a,\n\t\t\t\t\t#rt-tpg-container-1035036432 .layout9 .rt-holder h4.entry-title a,\n\t\t\t\t\t#rt-tpg-container-1035036432 .rt-holder .rt-woo-info h2 a,\n\t\t\t\t\t#rt-tpg-container-1035036432 .rt-holder .rt-woo-info h3 a,\n\t\t\t\t\t#rt-tpg-container-1035036432 .rt-holder .rt-woo-info h4 a,\n\t\t\t\t\t#rt-tpg-container-1035036432 .post-content .post-title,\n\t\t\t\t\t#rt-tpg-container-1035036432 .rt-post-grid .post-title,\n\t\t\t\t\t#rt-tpg-container-1035036432 .rt-post-grid .post-title a,\n\t\t\t\t\t#rt-tpg-container-1035036432 .post-content .post-title a,\n\t\t\t\t\t#rt-tpg-container-1035036432 .rt-holder .rt-woo-info h2,\n\t\t\t\t\t#rt-tpg-container-1035036432 .rt-holder .rt-woo-info h3,\n\t\t\t\t\t#rt-tpg-container-1035036432 .rt-holder .rt-woo-info h4{font-size:16px;line-height:26px;font-weight:normal;text-align:center;}#rt-tpg-container-1035036432 .post-grid-lg-style-1 .post-title,\n\t\t\t\t\t\t#rt-tpg-container-1035036432 .post-grid-lg-style-1 .post-title a,\n\t\t\t\t\t\t#rt-tpg-container-1035036432 .big-layout .post-title,\n\t\t\t\t\t\t#rt-tpg-container-1035036432 .big-layout .post-title a,\n\t\t\t\t\t\t#rt-tpg-container-1035036432 .post-grid-lg-style-1 .post-title,\n\t\t\t\t\t\t#rt-tpg-container-1035036432 .post-grid-lg-style-1 .post-title a {font-size:24px;line-height:34px;}<\/style><div class='rt-container-fluid rt-tpg-container tpg-shortcode-main-wrapper ' id='rt-tpg-container-1035036432'   data-layout='layout9' data-grid-style='masonry' data-desktop-col='3'  data-tab-col='2'  data-mobile-col='1' data-sc-id='12720'><div data-title='Loading ...' class='rt-row rt-content-loader   layout9 tpg-masonry '><div class=\"rt-col-md-4 rt-col-sm-6 rt-col-xs-12 masonry-grid-item rt-grid-item img_zoom_in\" data-id=\"12718\"><div class=\"rt-holder\"><div class='overlay'><a data-id='12718' class=' tpg-single-popup' href='https:\/\/meeplendice.net\/?page_id=12718'><img loading=\"lazy\" decoding=\"async\" width=\"350\" height=\"350\" src=\"https:\/\/meeplendice.net\/wp-content\/uploads\/2024\/10\/Insondable_Abysses.png\" class=\"rt-img-responsive \" alt=\"\" \/><\/a><\/div><div class='post-info'><h3 class=\"entry-title\"><a data-id=\"12718\" class=\" tpg-single-popup\" href=\"https:\/\/meeplendice.net\/?page_id=12718\">Surgi des Abysses<\/a><\/h3><div class='post-meta-user '><\/div><\/div><\/div><\/div><\/div><div class='rt-pagination-wrap' data-total-pages='1' data-posts-per-page='3' data-type='pagination_ajax'  ><div class='rt-page-numbers'><\/div><\/div><\/div>\n<\/div>\n<\/div><\/div><\/div><\/div><div id=\"pg-9285-5\"  class=\"panel-grid panel-no-style\" ><div id=\"pgc-9285-5-0\"  class=\"panel-grid-cell\" ><div id=\"panel-9285-5-0-0\" class=\"so-panel widget widget_sow-editor panel-first-child panel-last-child\" data-index=\"10\" ><div\n\t\t\t\n\t\t\tclass=\"so-widget-sow-editor so-widget-sow-editor-base\"\n\t\t\t\n\t\t>\n<div class=\"siteorigin-widget-tinymce textwidget\">\n\t<hr \/>\n<h3 style=\"text-align: center;\">Pour aller plus loin<\/h3>\n<\/div>\n<\/div><\/div><\/div><\/div><\/div>","protected":false},"excerpt":{"rendered":"<p>Nombre de joueurs : 3 &#8211; 6 Dur\u00e9e moyenne : 180 min Age : 14 ans et plus Auteur(s) : Tony Fanchi Corey Konieczka Illustrations : Jokubas Uogintas Henning Ludvigen Tiziano Baracchi Joshua Cairos &#8230; \u00c9dition : Fantasy Flight Games Edge Entertainement 2021 Version : Fran\u00e7aise<\/p>\n","protected":false},"author":2,"featured_media":9003,"parent":0,"menu_order":0,"comment_status":"closed","ping_status":"closed","template":"","meta":{"footnotes":""},"class_list":["post-9285","page","type-page","status-publish","has-post-thumbnail","hentry"],"acf":[],"rttpg_featured_image_url":{"full":["https:\/\/meeplendice.net\/wp-content\/uploads\/2022\/01\/Linsondable.png",350,350,false],"landscape":["https:\/\/meeplendice.net\/wp-content\/uploads\/2022\/01\/Linsondable.png",350,350,false],"portraits":["https:\/\/meeplendice.net\/wp-content\/uploads\/2022\/01\/Linsondable.png",350,350,false],"thumbnail":["https:\/\/meeplendice.net\/wp-content\/uploads\/2022\/01\/Linsondable-150x150.png",150,150,true],"medium":["https:\/\/meeplendice.net\/wp-content\/uploads\/2022\/01\/Linsondable-300x300.png",300,300,true],"large":["https:\/\/meeplendice.net\/wp-content\/uploads\/2022\/01\/Linsondable.png",350,350,false],"ug_big":["https:\/\/meeplendice.net\/wp-content\/uploads\/2022\/01\/Linsondable.png",350,350,false],"1536x1536":["https:\/\/meeplendice.net\/wp-content\/uploads\/2022\/01\/Linsondable.png",350,350,false],"2048x2048":["https:\/\/meeplendice.net\/wp-content\/uploads\/2022\/01\/Linsondable.png",350,350,false],"ashe-slider-grid-thumbnail":["https:\/\/meeplendice.net\/wp-content\/uploads\/2022\/01\/Linsondable.png",350,350,false],"ashe-full-thumbnail":["https:\/\/meeplendice.net\/wp-content\/uploads\/2022\/01\/Linsondable.png",350,350,false],"ashe-grid-thumbnail":["https:\/\/meeplendice.net\/wp-content\/uploads\/2022\/01\/Linsondable-350x330.png",350,330,true],"ashe-list-thumbnail":["https:\/\/meeplendice.net\/wp-content\/uploads\/2022\/01\/Linsondable-300x300.png",300,300,true],"ashe-single-navigation":["https:\/\/meeplendice.net\/wp-content\/uploads\/2022\/01\/Linsondable-75x75.png",75,75,true],"mailpoet_newsletter_max":["https:\/\/meeplendice.net\/wp-content\/uploads\/2022\/01\/Linsondable.png",350,350,false],"rpwe-thumbnail":["https:\/\/meeplendice.net\/wp-content\/uploads\/2022\/01\/Linsondable-45x45.png",45,45,true],"sow-carousel-default":["https:\/\/meeplendice.net\/wp-content\/uploads\/2022\/01\/Linsondable-272x182.png",272,182,true],"rt_custom":["https:\/\/meeplendice.net\/wp-content\/uploads\/2022\/01\/Linsondable.png",350,350,false]},"rttpg_author":{"display_name":"Karnby","author_link":"https:\/\/meeplendice.net\/?author=2"},"rttpg_comment":0,"rttpg_category":null,"rttpg_excerpt":"Nombre de joueurs : 3 - 6 Dur\u00e9e moyenne : 180 min Age : 14 ans et plus Auteur(s) : Tony Fanchi Corey Konieczka Illustrations : Jokubas Uogintas Henning Ludvigen Tiziano Baracchi Joshua Cairos ... \u00c9dition : Fantasy Flight Games Edge Entertainement 2021 Version : Fran\u00e7aise","_links":{"self":[{"href":"https:\/\/meeplendice.net\/index.php?rest_route=\/wp\/v2\/pages\/9285","targetHints":{"allow":["GET"]}}],"collection":[{"href":"https:\/\/meeplendice.net\/index.php?rest_route=\/wp\/v2\/pages"}],"about":[{"href":"https:\/\/meeplendice.net\/index.php?rest_route=\/wp\/v2\/types\/page"}],"author":[{"embeddable":true,"href":"https:\/\/meeplendice.net\/index.php?rest_route=\/wp\/v2\/users\/2"}],"replies":[{"embeddable":true,"href":"https:\/\/meeplendice.net\/index.php?rest_route=%2Fwp%2Fv2%2Fcomments&post=9285"}],"version-history":[{"count":5,"href":"https:\/\/meeplendice.net\/index.php?rest_route=\/wp\/v2\/pages\/9285\/revisions"}],"predecessor-version":[{"id":12721,"href":"https:\/\/meeplendice.net\/index.php?rest_route=\/wp\/v2\/pages\/9285\/revisions\/12721"}],"wp:featuredmedia":[{"embeddable":true,"href":"https:\/\/meeplendice.net\/index.php?rest_route=\/wp\/v2\/media\/9003"}],"wp:attachment":[{"href":"https:\/\/meeplendice.net\/index.php?rest_route=%2Fwp%2Fv2%2Fmedia&parent=9285"}],"curies":[{"name":"wp","href":"https:\/\/api.w.org\/{rel}","templated":true}]}}