{"id":9292,"date":"2022-01-22T22:14:29","date_gmt":"2022-01-22T21:14:29","guid":{"rendered":"https:\/\/meeplendice.net\/?page_id=9292"},"modified":"2023-02-02T11:19:49","modified_gmt":"2023-02-02T10:19:49","slug":"the-hunger","status":"publish","type":"page","link":"https:\/\/meeplendice.net\/?page_id=9292","title":{"rendered":"The Hunger"},"content":{"rendered":"<div id=\"pl-9292\"  class=\"panel-layout\" ><div id=\"pg-9292-0\"  class=\"panel-grid panel-no-style\" ><div id=\"pgc-9292-0-0\"  class=\"panel-grid-cell\" ><div id=\"panel-9292-0-0-0\" class=\"so-panel widget widget_sow-editor panel-first-child panel-last-child\" data-index=\"0\" ><div\n\t\t\t\n\t\t\tclass=\"so-widget-sow-editor so-widget-sow-editor-base\"\n\t\t\t\n\t\t>\n<div class=\"siteorigin-widget-tinymce textwidget\">\n\t<p style=\"text-align: center;\"><strong>Nombre de joueurs :<\/strong><br \/>\n2 - 6<\/p>\n<\/div>\n<\/div><\/div><\/div><div id=\"pgc-9292-0-1\"  class=\"panel-grid-cell\" ><div id=\"panel-9292-0-1-0\" class=\"so-panel widget widget_sow-editor panel-first-child panel-last-child\" data-index=\"1\" ><div\n\t\t\t\n\t\t\tclass=\"so-widget-sow-editor so-widget-sow-editor-base\"\n\t\t\t\n\t\t>\n<div class=\"siteorigin-widget-tinymce textwidget\">\n\t<p style=\"text-align: center;\"><strong>Dur\u00e9e moyenne :<\/strong><br \/>\n60 min<\/p>\n<\/div>\n<\/div><\/div><\/div><div id=\"pgc-9292-0-2\"  class=\"panel-grid-cell\" ><div id=\"panel-9292-0-2-0\" class=\"so-panel widget widget_sow-editor panel-first-child panel-last-child\" data-index=\"2\" ><div\n\t\t\t\n\t\t\tclass=\"so-widget-sow-editor so-widget-sow-editor-base\"\n\t\t\t\n\t\t>\n<div class=\"siteorigin-widget-tinymce textwidget\">\n\t<p style=\"text-align: center;\"><strong>Age :<\/strong><br \/>\n12 ans et plus<\/p>\n<\/div>\n<\/div><\/div><\/div><\/div><div id=\"pg-9292-1\"  class=\"panel-grid panel-no-style\" ><div id=\"pgc-9292-1-0\"  class=\"panel-grid-cell\" ><div id=\"panel-9292-1-0-0\" class=\"so-panel widget widget_sow-editor panel-first-child panel-last-child\" data-index=\"3\" ><div\n\t\t\t\n\t\t\tclass=\"so-widget-sow-editor so-widget-sow-editor-base\"\n\t\t\t\n\t\t>\n<div class=\"siteorigin-widget-tinymce textwidget\">\n\t<p style=\"text-align: center;\"><strong>Auteur(s) :<br \/>\n<\/strong>Richard Garfield<\/p>\n<\/div>\n<\/div><\/div><\/div><div id=\"pgc-9292-1-1\"  class=\"panel-grid-cell\" ><div id=\"panel-9292-1-1-0\" class=\"so-panel widget widget_sow-editor panel-first-child panel-last-child\" data-index=\"4\" ><div\n\t\t\t\n\t\t\tclass=\"so-widget-sow-editor so-widget-sow-editor-base\"\n\t\t\t\n\t\t>\n<div class=\"siteorigin-widget-tinymce textwidget\">\n\t<p style=\"text-align: center;\"><strong>Illustrations :<\/strong><br \/>\nJocelyne Millet<br \/>\nSemyon Proskuryakov<br \/>\nMarta Ivanova<br \/>\nAlexey Bogdanov<\/p>\n<\/div>\n<\/div><\/div><\/div><div id=\"pgc-9292-1-2\"  class=\"panel-grid-cell\" ><div id=\"panel-9292-1-2-0\" class=\"so-panel widget widget_sow-editor panel-first-child panel-last-child\" data-index=\"5\" ><div\n\t\t\t\n\t\t\tclass=\"so-widget-sow-editor so-widget-sow-editor-base\"\n\t\t\t\n\t\t>\n<div class=\"siteorigin-widget-tinymce textwidget\">\n\t<p style=\"text-align: center;\"><strong>\u00c9dition :<\/strong><br \/>\nRenegade Game Studio<br \/>\n2021<\/p>\n<\/div>\n<\/div><\/div><\/div><div id=\"pgc-9292-1-3\"  class=\"panel-grid-cell\" ><div id=\"panel-9292-1-3-0\" class=\"so-panel widget widget_sow-editor panel-first-child panel-last-child\" data-index=\"6\" ><div\n\t\t\t\n\t\t\tclass=\"so-widget-sow-editor so-widget-sow-editor-base\"\n\t\t\t\n\t\t>\n<div class=\"siteorigin-widget-tinymce textwidget\">\n\t<p style=\"text-align: center;\"><strong>Version :<\/strong><br \/>\nFran\u00e7aise<\/p>\n<\/div>\n<\/div><\/div><\/div><\/div><div id=\"pg-9292-2\"  class=\"panel-grid panel-no-style\" ><div id=\"pgc-9292-2-0\"  class=\"panel-grid-cell\" ><div id=\"panel-9292-2-0-0\" class=\"so-panel widget widget_sow-editor panel-first-child panel-last-child\" data-index=\"7\" ><div\n\t\t\t\n\t\t\tclass=\"so-widget-sow-editor so-widget-sow-editor-base\"\n\t\t\t\n\t\t>\n<div class=\"siteorigin-widget-tinymce textwidget\">\n\t<hr \/>\n<p><em>Les vampires s'\u00e9veillent \u00e0 l'\u00e9closion des roses \u00e9ternelles. Vous avez jusqu'\u00e0 l'aube pour atteindre le labyrinthe et trouver la rose unique, vous nourrir d'humain, s\u00e9duire des familiers et augmenter vos pouvoirs pour devenir le plus c\u00e9l\u00e8bre des vampires.<\/em><\/p>\n<p>The Hunger est une course durant laquelle chaque joueur va devoir optimiser son deck de cartes, chasser des humains pour gagner des Point de Victoire, remplir des Missions secr\u00e8tes, \u00e9ventuellement tenter de cueillir une rose. Mais plus un joueur chasse, plus il est repu et plus son deck s\u2019alourdit, ce qui complique la t\u00e2che pour rentrer au Ch\u00e2teau avant l'aube.<\/p>\n<p>Serez-vous capable de devenir le plus c\u00e9l\u00e8bre des vampires sans \u00eatre r\u00e9duit en cendres au petit matin ?<\/p>\n<\/div>\n<\/div><\/div><\/div><\/div><div id=\"pg-9292-3\"  class=\"panel-grid panel-no-style\" ><div id=\"pgc-9292-3-0\"  class=\"panel-grid-cell\" ><div id=\"panel-9292-3-0-0\" class=\"so-panel widget widget_sow-editor panel-first-child panel-last-child\" data-index=\"8\" ><div\n\t\t\t\n\t\t\tclass=\"so-widget-sow-editor so-widget-sow-editor-base\"\n\t\t\t\n\t\t>\n<div class=\"siteorigin-widget-tinymce textwidget\">\n\t<hr \/>\n<h3 style=\"text-align: center;\">En vid\u00e9o<\/h3>\n<p><a href=\"https:\/\/www.youtube.com\/embed\/UcZHQhnKNOs\" target=\"_blank\" rel=\"noopener\"><img loading=\"lazy\" decoding=\"async\" class=\"alignnone size-full wp-image-9090\" src=\"https:\/\/meeplendice.net\/wp-content\/uploads\/2022\/01\/Link_CJ_v2.png\" alt=\"\" width=\"200\" height=\"170\" \/><\/a><\/p>\n<\/div>\n<\/div><\/div><\/div><\/div><div id=\"pg-9292-4\"  class=\"panel-grid panel-no-style\" ><div id=\"pgc-9292-4-0\"  class=\"panel-grid-cell\" ><div id=\"panel-9292-4-0-0\" class=\"so-panel widget widget_sow-editor panel-first-child panel-last-child\" data-index=\"9\" ><div\n\t\t\t\n\t\t\tclass=\"so-widget-sow-editor so-widget-sow-editor-base\"\n\t\t\t\n\t\t>\n<div class=\"siteorigin-widget-tinymce textwidget\">\n\t<hr \/>\n<h3 style=\"text-align: center;\">Extension(s)<\/h3>\n<style type='text\/css' media='all'>#rt-tpg-container-589391055 .read-more a{border-radius:px;}#rt-tpg-container-589391055 .rt-img-holder img.rt-img-responsive,#rt-tpg-container-589391055 .rt-img-holder,\n\t\t\t\t\t#rt-tpg-container-589391055 .rt-post-overlay .post-img,\n\t\t\t\t\t#rt-tpg-container-589391055 .post-sm .post-img,\n\t\t\t\t\t#rt-tpg-container-589391055 .rt-post-grid .post-img,\n\t\t\t\t\t#rt-tpg-container-589391055 .post-img img {border-radius:px;}#rt-tpg-container-589391055 .layout9 .rt-holder h2.entry-title,\n\t\t\t\t\t#rt-tpg-container-589391055 .layout9 .rt-holder h3.entry-title,\n\t\t\t\t\t#rt-tpg-container-589391055 .layout9 .rt-holder h4.entry-title,\n\t\t\t\t\t#rt-tpg-container-589391055 .layout9 .rt-holder h2.entry-title a,\n\t\t\t\t\t#rt-tpg-container-589391055 .layout9 .rt-holder h3.entry-title a,\n\t\t\t\t\t#rt-tpg-container-589391055 .layout9 .rt-holder h4.entry-title a,\n\t\t\t\t\t#rt-tpg-container-589391055 .rt-holder .rt-woo-info h2 a,\n\t\t\t\t\t#rt-tpg-container-589391055 .rt-holder .rt-woo-info h3 a,\n\t\t\t\t\t#rt-tpg-container-589391055 .rt-holder .rt-woo-info h4 a,\n\t\t\t\t\t#rt-tpg-container-589391055 .post-content .post-title,\n\t\t\t\t\t#rt-tpg-container-589391055 .rt-post-grid .post-title,\n\t\t\t\t\t#rt-tpg-container-589391055 .rt-post-grid .post-title a,\n\t\t\t\t\t#rt-tpg-container-589391055 .post-content .post-title a,\n\t\t\t\t\t#rt-tpg-container-589391055 .rt-holder .rt-woo-info h2,\n\t\t\t\t\t#rt-tpg-container-589391055 .rt-holder .rt-woo-info h3,\n\t\t\t\t\t#rt-tpg-container-589391055 .rt-holder .rt-woo-info h4{font-size:16px;line-height:26px;font-weight:normal;text-align:center;}#rt-tpg-container-589391055 .post-grid-lg-style-1 .post-title,\n\t\t\t\t\t\t#rt-tpg-container-589391055 .post-grid-lg-style-1 .post-title a,\n\t\t\t\t\t\t#rt-tpg-container-589391055 .big-layout .post-title,\n\t\t\t\t\t\t#rt-tpg-container-589391055 .big-layout .post-title a,\n\t\t\t\t\t\t#rt-tpg-container-589391055 .post-grid-lg-style-1 .post-title,\n\t\t\t\t\t\t#rt-tpg-container-589391055 .post-grid-lg-style-1 .post-title a {font-size:24px;line-height:34px;}<\/style><div class='rt-container-fluid rt-tpg-container tpg-shortcode-main-wrapper ' id='rt-tpg-container-589391055'   data-layout='layout9' data-grid-style='masonry' data-desktop-col='3'  data-tab-col='2'  data-mobile-col='1' data-sc-id='10605'><div data-title='Loading ...' class='rt-row rt-content-loader   layout9 tpg-masonry '><div class=\"rt-col-md-4 rt-col-sm-6 rt-col-xs-12 masonry-grid-item rt-grid-item img_zoom_in\" data-id=\"10594\"><div class=\"rt-holder\"><div class='overlay'><a data-id='10594' class=' tpg-single-popup' href='https:\/\/meeplendice.net\/?page_id=10594'><img loading=\"lazy\" decoding=\"async\" width=\"350\" height=\"350\" src=\"https:\/\/meeplendice.net\/wp-content\/uploads\/2023\/02\/TheHunger_Auclair.png\" class=\"rt-img-responsive \" alt=\"\" \/><\/a><\/div><div class='post-info'><h3 class=\"entry-title\"><a data-id=\"10594\" class=\" tpg-single-popup\" href=\"https:\/\/meeplendice.net\/?page_id=10594\">Au clair de la lune<\/a><\/h3><div class='post-meta-user '><\/div><\/div><\/div><\/div><\/div><div class='rt-pagination-wrap' data-total-pages='1' data-posts-per-page='3' data-type='pagination_ajax'  ><div class='rt-page-numbers'><\/div><\/div><\/div>\n<\/div>\n<\/div><\/div><\/div><\/div><div id=\"pg-9292-5\"  class=\"panel-grid panel-no-style\" ><div id=\"pgc-9292-5-0\"  class=\"panel-grid-cell\" ><div id=\"panel-9292-5-0-0\" class=\"so-panel widget widget_sow-editor panel-first-child panel-last-child\" data-index=\"10\" ><div\n\t\t\t\n\t\t\tclass=\"so-widget-sow-editor so-widget-sow-editor-base\"\n\t\t\t\n\t\t>\n<div class=\"siteorigin-widget-tinymce textwidget\">\n\t<hr \/>\n<h3 style=\"text-align: center;\">Pour aller plus loin<\/h3>\n<\/div>\n<\/div><\/div><\/div><\/div><\/div>","protected":false},"excerpt":{"rendered":"<p>Nombre de joueurs : 2 &#8211; 6 Dur\u00e9e moyenne : 60 min Age : 12 ans et plus Auteur(s) : Richard Garfield Illustrations : Jocelyne Millet Semyon Proskuryakov Marta Ivanova Alexey Bogdanov \u00c9dition : Renegade Game Studio 2021 Version : Fran\u00e7aise<\/p>\n","protected":false},"author":2,"featured_media":9012,"parent":0,"menu_order":0,"comment_status":"closed","ping_status":"closed","template":"","meta":{"footnotes":""},"class_list":["post-9292","page","type-page","status-publish","has-post-thumbnail","hentry"],"acf":[],"rttpg_featured_image_url":{"full":["https:\/\/meeplendice.net\/wp-content\/uploads\/2022\/01\/The_Hunger.png",350,350,false],"landscape":["https:\/\/meeplendice.net\/wp-content\/uploads\/2022\/01\/The_Hunger.png",350,350,false],"portraits":["https:\/\/meeplendice.net\/wp-content\/uploads\/2022\/01\/The_Hunger.png",350,350,false],"thumbnail":["https:\/\/meeplendice.net\/wp-content\/uploads\/2022\/01\/The_Hunger-150x150.png",150,150,true],"medium":["https:\/\/meeplendice.net\/wp-content\/uploads\/2022\/01\/The_Hunger-300x300.png",300,300,true],"large":["https:\/\/meeplendice.net\/wp-content\/uploads\/2022\/01\/The_Hunger.png",350,350,false],"ug_big":["https:\/\/meeplendice.net\/wp-content\/uploads\/2022\/01\/The_Hunger.png",350,350,false],"1536x1536":["https:\/\/meeplendice.net\/wp-content\/uploads\/2022\/01\/The_Hunger.png",350,350,false],"2048x2048":["https:\/\/meeplendice.net\/wp-content\/uploads\/2022\/01\/The_Hunger.png",350,350,false],"ashe-slider-grid-thumbnail":["https:\/\/meeplendice.net\/wp-content\/uploads\/2022\/01\/The_Hunger.png",350,350,false],"ashe-full-thumbnail":["https:\/\/meeplendice.net\/wp-content\/uploads\/2022\/01\/The_Hunger.png",350,350,false],"ashe-grid-thumbnail":["https:\/\/meeplendice.net\/wp-content\/uploads\/2022\/01\/The_Hunger-350x330.png",350,330,true],"ashe-list-thumbnail":["https:\/\/meeplendice.net\/wp-content\/uploads\/2022\/01\/The_Hunger-300x300.png",300,300,true],"ashe-single-navigation":["https:\/\/meeplendice.net\/wp-content\/uploads\/2022\/01\/The_Hunger-75x75.png",75,75,true],"mailpoet_newsletter_max":["https:\/\/meeplendice.net\/wp-content\/uploads\/2022\/01\/The_Hunger.png",350,350,false],"rpwe-thumbnail":["https:\/\/meeplendice.net\/wp-content\/uploads\/2022\/01\/The_Hunger-45x45.png",45,45,true],"sow-carousel-default":["https:\/\/meeplendice.net\/wp-content\/uploads\/2022\/01\/The_Hunger-272x182.png",272,182,true],"rt_custom":["https:\/\/meeplendice.net\/wp-content\/uploads\/2022\/01\/The_Hunger.png",350,350,false]},"rttpg_author":{"display_name":"Karnby","author_link":"https:\/\/meeplendice.net\/?author=2"},"rttpg_comment":0,"rttpg_category":null,"rttpg_excerpt":"Nombre de joueurs : 2 - 6 Dur\u00e9e moyenne : 60 min Age : 12 ans et plus Auteur(s) : Richard Garfield Illustrations : Jocelyne Millet Semyon Proskuryakov Marta Ivanova Alexey Bogdanov \u00c9dition : Renegade Game Studio 2021 Version : Fran\u00e7aise","_links":{"self":[{"href":"https:\/\/meeplendice.net\/index.php?rest_route=\/wp\/v2\/pages\/9292","targetHints":{"allow":["GET"]}}],"collection":[{"href":"https:\/\/meeplendice.net\/index.php?rest_route=\/wp\/v2\/pages"}],"about":[{"href":"https:\/\/meeplendice.net\/index.php?rest_route=\/wp\/v2\/types\/page"}],"author":[{"embeddable":true,"href":"https:\/\/meeplendice.net\/index.php?rest_route=\/wp\/v2\/users\/2"}],"replies":[{"embeddable":true,"href":"https:\/\/meeplendice.net\/index.php?rest_route=%2Fwp%2Fv2%2Fcomments&post=9292"}],"version-history":[{"count":6,"href":"https:\/\/meeplendice.net\/index.php?rest_route=\/wp\/v2\/pages\/9292\/revisions"}],"predecessor-version":[{"id":10607,"href":"https:\/\/meeplendice.net\/index.php?rest_route=\/wp\/v2\/pages\/9292\/revisions\/10607"}],"wp:featuredmedia":[{"embeddable":true,"href":"https:\/\/meeplendice.net\/index.php?rest_route=\/wp\/v2\/media\/9012"}],"wp:attachment":[{"href":"https:\/\/meeplendice.net\/index.php?rest_route=%2Fwp%2Fv2%2Fmedia&parent=9292"}],"curies":[{"name":"wp","href":"https:\/\/api.w.org\/{rel}","templated":true}]}}