{"id":9298,"date":"2022-01-22T22:27:05","date_gmt":"2022-01-22T21:27:05","guid":{"rendered":"https:\/\/meeplendice.net\/?page_id=9298"},"modified":"2022-01-22T22:35:36","modified_gmt":"2022-01-22T21:35:36","slug":"vienna-connection","status":"publish","type":"page","link":"https:\/\/meeplendice.net\/?page_id=9298","title":{"rendered":"Vienna Connection"},"content":{"rendered":"<div id=\"pl-9298\"  class=\"panel-layout\" ><div id=\"pg-9298-0\"  class=\"panel-grid panel-no-style\" ><div id=\"pgc-9298-0-0\"  class=\"panel-grid-cell\" ><div id=\"panel-9298-0-0-0\" class=\"so-panel widget widget_sow-editor panel-first-child panel-last-child\" data-index=\"0\" ><div\n\t\t\t\n\t\t\tclass=\"so-widget-sow-editor so-widget-sow-editor-base\"\n\t\t\t\n\t\t>\n<div class=\"siteorigin-widget-tinymce textwidget\">\n\t<p style=\"text-align: center;\"><strong>Nombre de joueurs :<\/strong><br \/>\n1 - 5<\/p>\n<\/div>\n<\/div><\/div><\/div><div id=\"pgc-9298-0-1\"  class=\"panel-grid-cell\" ><div id=\"panel-9298-0-1-0\" class=\"so-panel widget widget_sow-editor panel-first-child panel-last-child\" data-index=\"1\" ><div\n\t\t\t\n\t\t\tclass=\"so-widget-sow-editor so-widget-sow-editor-base\"\n\t\t\t\n\t\t>\n<div class=\"siteorigin-widget-tinymce textwidget\">\n\t<p style=\"text-align: center;\"><strong>Dur\u00e9e moyenne :<\/strong><br \/>\n180 min<\/p>\n<\/div>\n<\/div><\/div><\/div><div id=\"pgc-9298-0-2\"  class=\"panel-grid-cell\" ><div id=\"panel-9298-0-2-0\" class=\"so-panel widget widget_sow-editor panel-first-child panel-last-child\" data-index=\"2\" ><div\n\t\t\t\n\t\t\tclass=\"so-widget-sow-editor so-widget-sow-editor-base\"\n\t\t\t\n\t\t>\n<div class=\"siteorigin-widget-tinymce textwidget\">\n\t<p style=\"text-align: center;\"><strong>Age :<\/strong><br \/>\n16 ans et plus<\/p>\n<\/div>\n<\/div><\/div><\/div><\/div><div id=\"pg-9298-1\"  class=\"panel-grid panel-no-style\" ><div id=\"pgc-9298-1-0\"  class=\"panel-grid-cell\" ><div id=\"panel-9298-1-0-0\" class=\"so-panel widget widget_sow-editor panel-first-child panel-last-child\" data-index=\"3\" ><div\n\t\t\t\n\t\t\tclass=\"so-widget-sow-editor so-widget-sow-editor-base\"\n\t\t\t\n\t\t>\n<div class=\"siteorigin-widget-tinymce textwidget\">\n\t<p style=\"text-align: center;\"><strong>Auteur(s) :<br \/>\n<\/strong>Ignacy Trzewiczek<br \/>\nJakub \u0141apot<br \/>\nPrzemys\u0142aw Rymer<br \/>\nJakub Pocz\u0119ty<\/p>\n<\/div>\n<\/div><\/div><\/div><div id=\"pgc-9298-1-1\"  class=\"panel-grid-cell\" ><div id=\"panel-9298-1-1-0\" class=\"so-panel widget widget_sow-editor panel-first-child panel-last-child\" data-index=\"4\" ><div\n\t\t\t\n\t\t\tclass=\"so-widget-sow-editor so-widget-sow-editor-base\"\n\t\t\t\n\t\t>\n<div class=\"siteorigin-widget-tinymce textwidget\">\n\t<p style=\"text-align: center;\"><strong>Illustrations :<br \/>\n<\/strong>Mateusz Kopacz<br \/>\nRafat Szyma<\/p>\n<\/div>\n<\/div><\/div><\/div><div id=\"pgc-9298-1-2\"  class=\"panel-grid-cell\" ><div id=\"panel-9298-1-2-0\" class=\"so-panel widget widget_sow-editor panel-first-child panel-last-child\" data-index=\"5\" ><div\n\t\t\t\n\t\t\tclass=\"so-widget-sow-editor so-widget-sow-editor-base\"\n\t\t\t\n\t\t>\n<div class=\"siteorigin-widget-tinymce textwidget\">\n\t<p style=\"text-align: center;\"><strong>\u00c9dition :<\/strong><br \/>\nIello<br \/>\n2021<\/p>\n<\/div>\n<\/div><\/div><\/div><div id=\"pgc-9298-1-3\"  class=\"panel-grid-cell\" ><div id=\"panel-9298-1-3-0\" class=\"so-panel widget widget_sow-editor panel-first-child panel-last-child\" data-index=\"6\" ><div\n\t\t\t\n\t\t\tclass=\"so-widget-sow-editor so-widget-sow-editor-base\"\n\t\t\t\n\t\t>\n<div class=\"siteorigin-widget-tinymce textwidget\">\n\t<p style=\"text-align: center;\"><strong>Version :<br \/>\n<\/strong>Fran\u00e7aise<\/p>\n<\/div>\n<\/div><\/div><\/div><\/div><div id=\"pg-9298-2\"  class=\"panel-grid panel-no-style\" ><div id=\"pgc-9298-2-0\"  class=\"panel-grid-cell\" ><div id=\"panel-9298-2-0-0\" class=\"so-panel widget widget_sow-editor panel-first-child panel-last-child\" data-index=\"7\" ><div\n\t\t\t\n\t\t\tclass=\"so-widget-sow-editor so-widget-sow-editor-base\"\n\t\t\t\n\t\t>\n<div class=\"siteorigin-widget-tinymce textwidget\">\n\t<hr \/>\n<p><em>Vienne, 17 janvier 1977.<br \/>\nLe cadavre d'un voyageur am\u00e9ricain vient d'\u00eatre retrouv\u00e9. Il aurait \u00e9t\u00e9 tortur\u00e9. Apr\u00e8s enqu\u00eate, la police f\u00e9d\u00e9rale d\u00e9couvre une myst\u00e9rieuse carte code...<\/em><\/p>\n<p><em>2 f\u00e9vrier 1977. Une \u00e9quipe de la CIA atterrit \u00e0 l'a\u00e9roport de Vienne. La mission Abeille Blanche est lanc\u00e9e.<\/em><\/p>\n<p>Vienna Connection est un jeu coop\u00e9ratif qui se d\u00e9roule en pleine guerre froide. Vous dirigez une \u00e9quipe d'agents de la CIA en charge d'op\u00e9rations secr\u00e8tes dans toute l'Europe centrale. Collectez des informations, rassemblez des indices et analysez les donn\u00e9es pour mener \u00e0 bien vos missions.<\/p>\n<\/div>\n<\/div><\/div><\/div><\/div><div id=\"pg-9298-3\"  class=\"panel-grid panel-no-style\" ><div id=\"pgc-9298-3-0\"  class=\"panel-grid-cell\" ><div id=\"panel-9298-3-0-0\" class=\"so-panel widget widget_sow-editor panel-first-child panel-last-child\" data-index=\"8\" ><div\n\t\t\t\n\t\t\tclass=\"so-widget-sow-editor so-widget-sow-editor-base\"\n\t\t\t\n\t\t>\n<div class=\"siteorigin-widget-tinymce textwidget\">\n\t<hr \/>\n<h3 style=\"text-align: center;\">En vid\u00e9o<\/h3>\n<\/div>\n<\/div><\/div><\/div><\/div><div id=\"pg-9298-4\"  class=\"panel-grid panel-no-style\" ><div id=\"pgc-9298-4-0\"  class=\"panel-grid-cell\" ><div id=\"panel-9298-4-0-0\" class=\"so-panel widget widget_sow-editor panel-first-child panel-last-child\" data-index=\"9\" ><div\n\t\t\t\n\t\t\tclass=\"so-widget-sow-editor so-widget-sow-editor-base\"\n\t\t\t\n\t\t>\n<div class=\"siteorigin-widget-tinymce textwidget\">\n\t<hr \/>\n<h3 style=\"text-align: center;\">Pour aller plus loin<\/h3>\n<\/div>\n<\/div><\/div><\/div><\/div><\/div>","protected":false},"excerpt":{"rendered":"<p>Nombre de joueurs : 1 &#8211; 5 Dur\u00e9e moyenne : 180 min Age : 16 ans et plus Auteur(s) : Ignacy Trzewiczek Jakub \u0141apot Przemys\u0142aw Rymer Jakub Pocz\u0119ty Illustrations : Mateusz Kopacz Rafat Szyma \u00c9dition : Iello 2021 Version : Fran\u00e7aise<\/p>\n","protected":false},"author":2,"featured_media":9013,"parent":0,"menu_order":0,"comment_status":"closed","ping_status":"closed","template":"","meta":{"footnotes":""},"class_list":["post-9298","page","type-page","status-publish","has-post-thumbnail","hentry"],"acf":[],"rttpg_featured_image_url":{"full":["https:\/\/meeplendice.net\/wp-content\/uploads\/2022\/01\/Viennaconnection.png",350,350,false],"landscape":["https:\/\/meeplendice.net\/wp-content\/uploads\/2022\/01\/Viennaconnection.png",350,350,false],"portraits":["https:\/\/meeplendice.net\/wp-content\/uploads\/2022\/01\/Viennaconnection.png",350,350,false],"thumbnail":["https:\/\/meeplendice.net\/wp-content\/uploads\/2022\/01\/Viennaconnection-150x150.png",150,150,true],"medium":["https:\/\/meeplendice.net\/wp-content\/uploads\/2022\/01\/Viennaconnection-300x300.png",300,300,true],"large":["https:\/\/meeplendice.net\/wp-content\/uploads\/2022\/01\/Viennaconnection.png",350,350,false],"ug_big":["https:\/\/meeplendice.net\/wp-content\/uploads\/2022\/01\/Viennaconnection.png",350,350,false],"1536x1536":["https:\/\/meeplendice.net\/wp-content\/uploads\/2022\/01\/Viennaconnection.png",350,350,false],"2048x2048":["https:\/\/meeplendice.net\/wp-content\/uploads\/2022\/01\/Viennaconnection.png",350,350,false],"ashe-slider-grid-thumbnail":["https:\/\/meeplendice.net\/wp-content\/uploads\/2022\/01\/Viennaconnection.png",350,350,false],"ashe-full-thumbnail":["https:\/\/meeplendice.net\/wp-content\/uploads\/2022\/01\/Viennaconnection.png",350,350,false],"ashe-grid-thumbnail":["https:\/\/meeplendice.net\/wp-content\/uploads\/2022\/01\/Viennaconnection-350x330.png",350,330,true],"ashe-list-thumbnail":["https:\/\/meeplendice.net\/wp-content\/uploads\/2022\/01\/Viennaconnection-300x300.png",300,300,true],"ashe-single-navigation":["https:\/\/meeplendice.net\/wp-content\/uploads\/2022\/01\/Viennaconnection-75x75.png",75,75,true],"mailpoet_newsletter_max":["https:\/\/meeplendice.net\/wp-content\/uploads\/2022\/01\/Viennaconnection.png",350,350,false],"rpwe-thumbnail":["https:\/\/meeplendice.net\/wp-content\/uploads\/2022\/01\/Viennaconnection-45x45.png",45,45,true],"sow-carousel-default":["https:\/\/meeplendice.net\/wp-content\/uploads\/2022\/01\/Viennaconnection-272x182.png",272,182,true],"rt_custom":["https:\/\/meeplendice.net\/wp-content\/uploads\/2022\/01\/Viennaconnection.png",350,350,false]},"rttpg_author":{"display_name":"Karnby","author_link":"https:\/\/meeplendice.net\/?author=2"},"rttpg_comment":0,"rttpg_category":null,"rttpg_excerpt":"Nombre de joueurs : 1 - 5 Dur\u00e9e moyenne : 180 min Age : 16 ans et plus Auteur(s) : Ignacy Trzewiczek Jakub \u0141apot Przemys\u0142aw Rymer Jakub Pocz\u0119ty Illustrations : Mateusz Kopacz Rafat Szyma \u00c9dition : Iello 2021 Version : Fran\u00e7aise","_links":{"self":[{"href":"https:\/\/meeplendice.net\/index.php?rest_route=\/wp\/v2\/pages\/9298","targetHints":{"allow":["GET"]}}],"collection":[{"href":"https:\/\/meeplendice.net\/index.php?rest_route=\/wp\/v2\/pages"}],"about":[{"href":"https:\/\/meeplendice.net\/index.php?rest_route=\/wp\/v2\/types\/page"}],"author":[{"embeddable":true,"href":"https:\/\/meeplendice.net\/index.php?rest_route=\/wp\/v2\/users\/2"}],"replies":[{"embeddable":true,"href":"https:\/\/meeplendice.net\/index.php?rest_route=%2Fwp%2Fv2%2Fcomments&post=9298"}],"version-history":[{"count":5,"href":"https:\/\/meeplendice.net\/index.php?rest_route=\/wp\/v2\/pages\/9298\/revisions"}],"predecessor-version":[{"id":9301,"href":"https:\/\/meeplendice.net\/index.php?rest_route=\/wp\/v2\/pages\/9298\/revisions\/9301"}],"wp:featuredmedia":[{"embeddable":true,"href":"https:\/\/meeplendice.net\/index.php?rest_route=\/wp\/v2\/media\/9013"}],"wp:attachment":[{"href":"https:\/\/meeplendice.net\/index.php?rest_route=%2Fwp%2Fv2%2Fmedia&parent=9298"}],"curies":[{"name":"wp","href":"https:\/\/api.w.org\/{rel}","templated":true}]}}