{"id":9305,"date":"2022-01-22T22:39:36","date_gmt":"2022-01-22T21:39:36","guid":{"rendered":"https:\/\/meeplendice.net\/?page_id=9305"},"modified":"2022-01-22T23:15:22","modified_gmt":"2022-01-22T22:15:22","slug":"descent-legendes-des-tenebres-acte-i","status":"publish","type":"page","link":"https:\/\/meeplendice.net\/?page_id=9305","title":{"rendered":"Descent : L\u00e9gendes des T\u00e9n\u00e8bres &#8211; Acte I"},"content":{"rendered":"<div id=\"pl-9305\"  class=\"panel-layout\" ><div id=\"pg-9305-0\"  class=\"panel-grid panel-no-style\" ><div id=\"pgc-9305-0-0\"  class=\"panel-grid-cell\" ><div id=\"panel-9305-0-0-0\" class=\"so-panel widget widget_sow-editor panel-first-child panel-last-child\" data-index=\"0\" ><div\n\t\t\t\n\t\t\tclass=\"so-widget-sow-editor so-widget-sow-editor-base\"\n\t\t\t\n\t\t>\n<div class=\"siteorigin-widget-tinymce textwidget\">\n\t<p style=\"text-align: center;\"><strong>Nombre de joueurs :<\/strong><br \/>\n1 - 4<\/p>\n<\/div>\n<\/div><\/div><\/div><div id=\"pgc-9305-0-1\"  class=\"panel-grid-cell\" ><div id=\"panel-9305-0-1-0\" class=\"so-panel widget widget_sow-editor panel-first-child panel-last-child\" data-index=\"1\" ><div\n\t\t\t\n\t\t\tclass=\"so-widget-sow-editor so-widget-sow-editor-base\"\n\t\t\t\n\t\t>\n<div class=\"siteorigin-widget-tinymce textwidget\">\n\t<p style=\"text-align: center;\"><strong>Dur\u00e9e moyenne :<\/strong><br \/>\n180 min<\/p>\n<\/div>\n<\/div><\/div><\/div><div id=\"pgc-9305-0-2\"  class=\"panel-grid-cell\" ><div id=\"panel-9305-0-2-0\" class=\"so-panel widget widget_sow-editor panel-first-child panel-last-child\" data-index=\"2\" ><div\n\t\t\t\n\t\t\tclass=\"so-widget-sow-editor so-widget-sow-editor-base\"\n\t\t\t\n\t\t>\n<div class=\"siteorigin-widget-tinymce textwidget\">\n\t<p style=\"text-align: center;\"><strong>Age :<\/strong><br \/>\n14 ans et plus<\/p>\n<\/div>\n<\/div><\/div><\/div><\/div><div id=\"pg-9305-1\"  class=\"panel-grid panel-no-style\" ><div id=\"pgc-9305-1-0\"  class=\"panel-grid-cell\" ><div id=\"panel-9305-1-0-0\" class=\"so-panel widget widget_sow-editor panel-first-child panel-last-child\" data-index=\"3\" ><div\n\t\t\t\n\t\t\tclass=\"so-widget-sow-editor so-widget-sow-editor-base\"\n\t\t\t\n\t\t>\n<div class=\"siteorigin-widget-tinymce textwidget\">\n\t<p style=\"text-align: center;\"><strong>Auteur(s) :<br \/>\n<\/strong>Kara Centell-Dunk<br \/>\nNathan Hajek<\/p>\n<\/div>\n<\/div><\/div><\/div><div id=\"pgc-9305-1-1\"  class=\"panel-grid-cell\" ><div id=\"panel-9305-1-1-0\" class=\"so-panel widget widget_sow-editor panel-first-child panel-last-child\" data-index=\"4\" ><div\n\t\t\t\n\t\t\tclass=\"so-widget-sow-editor so-widget-sow-editor-base\"\n\t\t\t\n\t\t>\n<div class=\"siteorigin-widget-tinymce textwidget\">\n\t<p style=\"text-align: center;\"><strong>Illustrations :<\/strong><br \/>\nDavid Auden Nash<br \/>\nYoann Boissonnet<br \/>\nFrancesca Baerald<br \/>\nJulio Bencid<br \/>\n...<\/p>\n<\/div>\n<\/div><\/div><\/div><div id=\"pgc-9305-1-2\"  class=\"panel-grid-cell\" ><div id=\"panel-9305-1-2-0\" class=\"so-panel widget widget_sow-editor panel-first-child panel-last-child\" data-index=\"5\" ><div\n\t\t\t\n\t\t\tclass=\"so-widget-sow-editor so-widget-sow-editor-base\"\n\t\t\t\n\t\t>\n<div class=\"siteorigin-widget-tinymce textwidget\">\n\t<p style=\"text-align: center;\"><strong>\u00c9dition :<\/strong><br \/>\nFantasy Flight Games<br \/>\nEdge Entertainement<br \/>\n2021<\/p>\n<\/div>\n<\/div><\/div><\/div><div id=\"pgc-9305-1-3\"  class=\"panel-grid-cell\" ><div id=\"panel-9305-1-3-0\" class=\"so-panel widget widget_sow-editor panel-first-child panel-last-child\" data-index=\"6\" ><div\n\t\t\t\n\t\t\tclass=\"so-widget-sow-editor so-widget-sow-editor-base\"\n\t\t\t\n\t\t>\n<div class=\"siteorigin-widget-tinymce textwidget\">\n\t<p style=\"text-align: center;\"><strong>Version :<\/strong><br \/>\nFran\u00e7aise<\/p>\n<\/div>\n<\/div><\/div><\/div><\/div><div id=\"pg-9305-2\"  class=\"panel-grid panel-no-style\" ><div id=\"pgc-9305-2-0\"  class=\"panel-grid-cell\" ><div id=\"panel-9305-2-0-0\" class=\"so-panel widget widget_sow-editor panel-first-child panel-last-child\" data-index=\"7\" ><div\n\t\t\t\n\t\t\tclass=\"so-widget-sow-editor so-widget-sow-editor-base\"\n\t\t\t\n\t\t>\n<div class=\"siteorigin-widget-tinymce textwidget\">\n\t<hr \/>\n<p>Le plus vieil ennemi du royaume est de retour et les \u00e9l\u00e9ments de la confrontation \u00e0 venir entre les forces du mal et Terrinoth s'agencent in\u00e9luctablement dans <em>Descent : L\u00e9gendes des T\u00e9n\u00e8bres,<\/em> le jeu ultime d'exploration de donjon pour 1 \u00e0 4 joueurs !<\/p>\n<p>Embarquez dans la 1\u00e8re partie d'une campagne in\u00e9dite en vous laissant guider par l'application num\u00e9rique. Parcourez des terres enchant\u00e9es, explorez des for\u00eats obscures et d'anciens champs de bataille, affrontez des morts-vivants tapis derri\u00e8re un voile de brume ou guerroyez contre des barbares d\u00e9moniaques qui envahissent le royaume !<\/p>\n<p>Relevez des d\u00e9fis toujours plus grands en aff\u00fbtant vos comp\u00e9tences, confectionnez des armes mortelles et des armures ind\u00e9fectibles, et acqu\u00e9rez une puissance redoutable qui vous suivra dans les aventures \u00e0 venir, bien au-del\u00e0 de cette boite....<\/p>\n<\/div>\n<\/div><\/div><\/div><\/div><div id=\"pg-9305-3\"  class=\"panel-grid panel-no-style\" ><div id=\"pgc-9305-3-0\"  class=\"panel-grid-cell\" ><div id=\"panel-9305-3-0-0\" class=\"so-panel widget widget_sow-editor panel-first-child panel-last-child\" data-index=\"8\" ><div\n\t\t\t\n\t\t\tclass=\"so-widget-sow-editor so-widget-sow-editor-base\"\n\t\t\t\n\t\t>\n<div class=\"siteorigin-widget-tinymce textwidget\">\n\t<hr \/>\n<h3 style=\"text-align: center;\">En vid\u00e9o<\/h3>\n<p><a href=\"https:\/\/www.youtube.com\/embed\/XeejfLQLRjU\" target=\"_blank\" rel=\"noopener\"><img loading=\"lazy\" decoding=\"async\" class=\"alignnone size-full wp-image-9090\" src=\"https:\/\/meeplendice.net\/wp-content\/uploads\/2022\/01\/Link_CJ_v2.png\" alt=\"\" width=\"200\" height=\"170\" \/><\/a><\/p>\n<\/div>\n<\/div><\/div><\/div><\/div><div id=\"pg-9305-4\"  class=\"panel-grid panel-no-style\" ><div id=\"pgc-9305-4-0\"  class=\"panel-grid-cell\" ><div id=\"panel-9305-4-0-0\" class=\"so-panel widget widget_sow-editor panel-first-child panel-last-child\" data-index=\"9\" ><div\n\t\t\t\n\t\t\tclass=\"so-widget-sow-editor so-widget-sow-editor-base\"\n\t\t\t\n\t\t>\n<div class=\"siteorigin-widget-tinymce textwidget\">\n\t<hr \/>\n<h3 style=\"text-align: center;\">Pour aller plus loin<\/h3>\n<\/div>\n<\/div><\/div><\/div><\/div><\/div>","protected":false},"excerpt":{"rendered":"<p>Nombre de joueurs : 1 &#8211; 4 Dur\u00e9e moyenne : 180 min Age : 14 ans et plus Auteur(s) : Kara Centell-Dunk Nathan Hajek Illustrations : David Auden Nash Yoann Boissonnet Francesca Baerald Julio Bencid &#8230; \u00c9dition : Fantasy Flight Games Edge Entertainement 2021 Version : Fran\u00e7aise<\/p>\n","protected":false},"author":2,"featured_media":9015,"parent":0,"menu_order":0,"comment_status":"closed","ping_status":"closed","template":"","meta":{"footnotes":""},"class_list":["post-9305","page","type-page","status-publish","has-post-thumbnail","hentry"],"acf":[],"rttpg_featured_image_url":{"full":["https:\/\/meeplendice.net\/wp-content\/uploads\/2022\/01\/Descentv3.png",350,350,false],"landscape":["https:\/\/meeplendice.net\/wp-content\/uploads\/2022\/01\/Descentv3.png",350,350,false],"portraits":["https:\/\/meeplendice.net\/wp-content\/uploads\/2022\/01\/Descentv3.png",350,350,false],"thumbnail":["https:\/\/meeplendice.net\/wp-content\/uploads\/2022\/01\/Descentv3-150x150.png",150,150,true],"medium":["https:\/\/meeplendice.net\/wp-content\/uploads\/2022\/01\/Descentv3-300x300.png",300,300,true],"large":["https:\/\/meeplendice.net\/wp-content\/uploads\/2022\/01\/Descentv3.png",350,350,false],"ug_big":["https:\/\/meeplendice.net\/wp-content\/uploads\/2022\/01\/Descentv3.png",350,350,false],"1536x1536":["https:\/\/meeplendice.net\/wp-content\/uploads\/2022\/01\/Descentv3.png",350,350,false],"2048x2048":["https:\/\/meeplendice.net\/wp-content\/uploads\/2022\/01\/Descentv3.png",350,350,false],"ashe-slider-grid-thumbnail":["https:\/\/meeplendice.net\/wp-content\/uploads\/2022\/01\/Descentv3.png",350,350,false],"ashe-full-thumbnail":["https:\/\/meeplendice.net\/wp-content\/uploads\/2022\/01\/Descentv3.png",350,350,false],"ashe-grid-thumbnail":["https:\/\/meeplendice.net\/wp-content\/uploads\/2022\/01\/Descentv3-350x330.png",350,330,true],"ashe-list-thumbnail":["https:\/\/meeplendice.net\/wp-content\/uploads\/2022\/01\/Descentv3-300x300.png",300,300,true],"ashe-single-navigation":["https:\/\/meeplendice.net\/wp-content\/uploads\/2022\/01\/Descentv3-75x75.png",75,75,true],"mailpoet_newsletter_max":["https:\/\/meeplendice.net\/wp-content\/uploads\/2022\/01\/Descentv3.png",350,350,false],"rpwe-thumbnail":["https:\/\/meeplendice.net\/wp-content\/uploads\/2022\/01\/Descentv3-45x45.png",45,45,true],"sow-carousel-default":["https:\/\/meeplendice.net\/wp-content\/uploads\/2022\/01\/Descentv3-272x182.png",272,182,true],"rt_custom":["https:\/\/meeplendice.net\/wp-content\/uploads\/2022\/01\/Descentv3.png",350,350,false]},"rttpg_author":{"display_name":"Karnby","author_link":"https:\/\/meeplendice.net\/?author=2"},"rttpg_comment":0,"rttpg_category":null,"rttpg_excerpt":"Nombre de joueurs : 1 - 4 Dur\u00e9e moyenne : 180 min Age : 14 ans et plus Auteur(s) : Kara Centell-Dunk Nathan Hajek Illustrations : David Auden Nash Yoann Boissonnet Francesca Baerald Julio Bencid ... \u00c9dition : Fantasy Flight Games Edge Entertainement 2021 Version : Fran\u00e7aise","_links":{"self":[{"href":"https:\/\/meeplendice.net\/index.php?rest_route=\/wp\/v2\/pages\/9305","targetHints":{"allow":["GET"]}}],"collection":[{"href":"https:\/\/meeplendice.net\/index.php?rest_route=\/wp\/v2\/pages"}],"about":[{"href":"https:\/\/meeplendice.net\/index.php?rest_route=\/wp\/v2\/types\/page"}],"author":[{"embeddable":true,"href":"https:\/\/meeplendice.net\/index.php?rest_route=\/wp\/v2\/users\/2"}],"replies":[{"embeddable":true,"href":"https:\/\/meeplendice.net\/index.php?rest_route=%2Fwp%2Fv2%2Fcomments&post=9305"}],"version-history":[{"count":6,"href":"https:\/\/meeplendice.net\/index.php?rest_route=\/wp\/v2\/pages\/9305\/revisions"}],"predecessor-version":[{"id":9308,"href":"https:\/\/meeplendice.net\/index.php?rest_route=\/wp\/v2\/pages\/9305\/revisions\/9308"}],"wp:featuredmedia":[{"embeddable":true,"href":"https:\/\/meeplendice.net\/index.php?rest_route=\/wp\/v2\/media\/9015"}],"wp:attachment":[{"href":"https:\/\/meeplendice.net\/index.php?rest_route=%2Fwp%2Fv2%2Fmedia&parent=9305"}],"curies":[{"name":"wp","href":"https:\/\/api.w.org\/{rel}","templated":true}]}}