{"id":9315,"date":"2022-01-22T23:30:37","date_gmt":"2022-01-22T22:30:37","guid":{"rendered":"https:\/\/meeplendice.net\/?page_id=9315"},"modified":"2022-01-22T23:46:21","modified_gmt":"2022-01-22T22:46:21","slug":"micromacro-crime-city-full-house","status":"publish","type":"page","link":"https:\/\/meeplendice.net\/?page_id=9315","title":{"rendered":"MicroMacro : Crime City &#8211; Full House"},"content":{"rendered":"<div id=\"pl-9315\"  class=\"panel-layout\" ><div id=\"pg-9315-0\"  class=\"panel-grid panel-no-style\" ><div id=\"pgc-9315-0-0\"  class=\"panel-grid-cell\" ><div id=\"panel-9315-0-0-0\" class=\"so-panel widget widget_sow-editor panel-first-child panel-last-child\" data-index=\"0\" ><div\n\t\t\t\n\t\t\tclass=\"so-widget-sow-editor so-widget-sow-editor-base\"\n\t\t\t\n\t\t>\n<div class=\"siteorigin-widget-tinymce textwidget\">\n\t<p style=\"text-align: center;\"><strong>Nombre de joueurs :<\/strong><br \/>\n1 - 4<\/p>\n<\/div>\n<\/div><\/div><\/div><div id=\"pgc-9315-0-1\"  class=\"panel-grid-cell\" ><div id=\"panel-9315-0-1-0\" class=\"so-panel widget widget_sow-editor panel-first-child panel-last-child\" data-index=\"1\" ><div\n\t\t\t\n\t\t\tclass=\"so-widget-sow-editor so-widget-sow-editor-base\"\n\t\t\t\n\t\t>\n<div class=\"siteorigin-widget-tinymce textwidget\">\n\t<p style=\"text-align: center;\"><strong>Dur\u00e9e moyenne :<\/strong><br \/>\n45 min<\/p>\n<\/div>\n<\/div><\/div><\/div><div id=\"pgc-9315-0-2\"  class=\"panel-grid-cell\" ><div id=\"panel-9315-0-2-0\" class=\"so-panel widget widget_sow-editor panel-first-child panel-last-child\" data-index=\"2\" ><div\n\t\t\t\n\t\t\tclass=\"so-widget-sow-editor so-widget-sow-editor-base\"\n\t\t\t\n\t\t>\n<div class=\"siteorigin-widget-tinymce textwidget\">\n\t<p style=\"text-align: center;\"><strong>Age :<\/strong><br \/>\n10 ans et plus<\/p>\n<\/div>\n<\/div><\/div><\/div><\/div><div id=\"pg-9315-1\"  class=\"panel-grid panel-no-style\" ><div id=\"pgc-9315-1-0\"  class=\"panel-grid-cell\" ><div id=\"panel-9315-1-0-0\" class=\"so-panel widget widget_sow-editor panel-first-child panel-last-child\" data-index=\"3\" ><div\n\t\t\t\n\t\t\tclass=\"so-widget-sow-editor so-widget-sow-editor-base\"\n\t\t\t\n\t\t>\n<div class=\"siteorigin-widget-tinymce textwidget\">\n\t<p style=\"text-align: center;\"><strong>Auteur(s) :<br \/>\n<\/strong>Johannes Sich<\/p>\n<\/div>\n<\/div><\/div><\/div><div id=\"pgc-9315-1-1\"  class=\"panel-grid-cell\" ><div id=\"panel-9315-1-1-0\" class=\"so-panel widget widget_sow-editor panel-first-child panel-last-child\" data-index=\"4\" ><div\n\t\t\t\n\t\t\tclass=\"so-widget-sow-editor so-widget-sow-editor-base\"\n\t\t\t\n\t\t>\n<div class=\"siteorigin-widget-tinymce textwidget\">\n\t<p style=\"text-align: center;\"><strong>Illustrations :<\/strong><br \/>\nJohannes Sich<br \/>\nDaniel Goll<br \/>\nTobias Jochinke<\/p>\n<\/div>\n<\/div><\/div><\/div><div id=\"pgc-9315-1-2\"  class=\"panel-grid-cell\" ><div id=\"panel-9315-1-2-0\" class=\"so-panel widget widget_sow-editor panel-first-child panel-last-child\" data-index=\"5\" ><div\n\t\t\t\n\t\t\tclass=\"so-widget-sow-editor so-widget-sow-editor-base\"\n\t\t\t\n\t\t>\n<div class=\"siteorigin-widget-tinymce textwidget\">\n\t<p style=\"text-align: center;\"><strong>\u00c9dition :<\/strong><br \/>\nEdition Spielwiese<br \/>\nBlackrock<br \/>\n2020<\/p>\n<\/div>\n<\/div><\/div><\/div><div id=\"pgc-9315-1-3\"  class=\"panel-grid-cell\" ><div id=\"panel-9315-1-3-0\" class=\"so-panel widget widget_sow-editor panel-first-child panel-last-child\" data-index=\"6\" ><div\n\t\t\t\n\t\t\tclass=\"so-widget-sow-editor so-widget-sow-editor-base\"\n\t\t\t\n\t\t>\n<div class=\"siteorigin-widget-tinymce textwidget\">\n\t<p style=\"text-align: center;\"><strong>Version :<\/strong><br \/>\nFran\u00e7aise<\/p>\n<\/div>\n<\/div><\/div><\/div><\/div><div id=\"pg-9315-2\"  class=\"panel-grid panel-no-style\" ><div id=\"pgc-9315-2-0\"  class=\"panel-grid-cell\" ><div id=\"panel-9315-2-0-0\" class=\"so-panel widget widget_sow-editor panel-first-child panel-last-child\" data-index=\"7\" ><div\n\t\t\t\n\t\t\tclass=\"so-widget-sow-editor so-widget-sow-editor-base\"\n\t\t\t\n\t\t>\n<div class=\"siteorigin-widget-tinymce textwidget\">\n\t<hr \/>\n<p><em>Bienvenue \u00e0 Crime City, la ville ville o\u00f9 le crime menace \u00e0 chaque coin de rue. Secrets macabres, vols sournois et meurtres de sang-froid, sont monnaie courante ici.<br \/>\n<\/em><\/p>\n<p><em>Full House<\/em> est le second volet de la s\u00e9rie MicroMacro : Crime City. C'est une nouvelle partie de la ville, avec ses 16 enqu\u00eates \u00e0 mener, qui vous ouvre les bras. Ce jeu est ind\u00e9pendant du premier volet : il n'est pas n\u00e9cessaire de poss\u00e9der ou d'avoir jou\u00e9 \u00e0 l'\u00e9pisode pr\u00e9c\u00e9dent pour vous lancer dans ces nouvelles affaires !<\/p>\n<p><em>MicroMacro<\/em> est un jeu coop\u00e9ratif. Un \u0153il aff\u00fbt\u00e9 et un sens de la d\u00e9duction aiguis\u00e9 seront vos meilleurs atouts pour coincer ensemble les criminels les plus retors !<\/p>\n<\/div>\n<\/div><\/div><\/div><\/div><div id=\"pg-9315-3\"  class=\"panel-grid panel-no-style\" ><div id=\"pgc-9315-3-0\"  class=\"panel-grid-cell\" ><div id=\"panel-9315-3-0-0\" class=\"so-panel widget widget_sow-editor panel-first-child panel-last-child\" data-index=\"8\" ><div\n\t\t\t\n\t\t\tclass=\"so-widget-sow-editor so-widget-sow-editor-base\"\n\t\t\t\n\t\t>\n<div class=\"siteorigin-widget-tinymce textwidget\">\n\t<hr \/>\n<h3 style=\"text-align: center;\">En vid\u00e9o<\/h3>\n<\/div>\n<\/div><\/div><\/div><\/div><div id=\"pg-9315-4\"  class=\"panel-grid panel-no-style\" ><div id=\"pgc-9315-4-0\"  class=\"panel-grid-cell\" ><div id=\"panel-9315-4-0-0\" class=\"so-panel widget widget_sow-editor panel-first-child panel-last-child\" data-index=\"9\" ><div\n\t\t\t\n\t\t\tclass=\"so-widget-sow-editor so-widget-sow-editor-base\"\n\t\t\t\n\t\t>\n<div class=\"siteorigin-widget-tinymce textwidget\">\n\t<hr \/>\n<h3 style=\"text-align: center;\">Pour aller plus loin<\/h3>\n<\/div>\n<\/div><\/div><\/div><\/div><\/div>","protected":false},"excerpt":{"rendered":"<p>Nombre de joueurs : 1 &#8211; 4 Dur\u00e9e moyenne : 45 min Age : 10 ans et plus Auteur(s) : Johannes Sich Illustrations : Johannes Sich Daniel Goll Tobias Jochinke \u00c9dition : Edition Spielwiese Blackrock 2020 Version : Fran\u00e7aise<\/p>\n","protected":false},"author":2,"featured_media":9321,"parent":0,"menu_order":0,"comment_status":"closed","ping_status":"closed","template":"","meta":{"footnotes":""},"class_list":["post-9315","page","type-page","status-publish","has-post-thumbnail","hentry"],"acf":[],"rttpg_featured_image_url":{"full":["https:\/\/meeplendice.net\/wp-content\/uploads\/2022\/01\/Micromacro_crimecity_FH.png",350,350,false],"landscape":["https:\/\/meeplendice.net\/wp-content\/uploads\/2022\/01\/Micromacro_crimecity_FH.png",350,350,false],"portraits":["https:\/\/meeplendice.net\/wp-content\/uploads\/2022\/01\/Micromacro_crimecity_FH.png",350,350,false],"thumbnail":["https:\/\/meeplendice.net\/wp-content\/uploads\/2022\/01\/Micromacro_crimecity_FH-150x150.png",150,150,true],"medium":["https:\/\/meeplendice.net\/wp-content\/uploads\/2022\/01\/Micromacro_crimecity_FH-300x300.png",300,300,true],"large":["https:\/\/meeplendice.net\/wp-content\/uploads\/2022\/01\/Micromacro_crimecity_FH.png",350,350,false],"ug_big":["https:\/\/meeplendice.net\/wp-content\/uploads\/2022\/01\/Micromacro_crimecity_FH.png",350,350,false],"1536x1536":["https:\/\/meeplendice.net\/wp-content\/uploads\/2022\/01\/Micromacro_crimecity_FH.png",350,350,false],"2048x2048":["https:\/\/meeplendice.net\/wp-content\/uploads\/2022\/01\/Micromacro_crimecity_FH.png",350,350,false],"ashe-slider-grid-thumbnail":["https:\/\/meeplendice.net\/wp-content\/uploads\/2022\/01\/Micromacro_crimecity_FH.png",350,350,false],"ashe-full-thumbnail":["https:\/\/meeplendice.net\/wp-content\/uploads\/2022\/01\/Micromacro_crimecity_FH.png",350,350,false],"ashe-grid-thumbnail":["https:\/\/meeplendice.net\/wp-content\/uploads\/2022\/01\/Micromacro_crimecity_FH-350x330.png",350,330,true],"ashe-list-thumbnail":["https:\/\/meeplendice.net\/wp-content\/uploads\/2022\/01\/Micromacro_crimecity_FH-300x300.png",300,300,true],"ashe-single-navigation":["https:\/\/meeplendice.net\/wp-content\/uploads\/2022\/01\/Micromacro_crimecity_FH-75x75.png",75,75,true],"mailpoet_newsletter_max":["https:\/\/meeplendice.net\/wp-content\/uploads\/2022\/01\/Micromacro_crimecity_FH.png",350,350,false],"rpwe-thumbnail":["https:\/\/meeplendice.net\/wp-content\/uploads\/2022\/01\/Micromacro_crimecity_FH-45x45.png",45,45,true],"sow-carousel-default":["https:\/\/meeplendice.net\/wp-content\/uploads\/2022\/01\/Micromacro_crimecity_FH-272x182.png",272,182,true],"rt_custom":["https:\/\/meeplendice.net\/wp-content\/uploads\/2022\/01\/Micromacro_crimecity_FH.png",350,350,false]},"rttpg_author":{"display_name":"Karnby","author_link":"https:\/\/meeplendice.net\/?author=2"},"rttpg_comment":0,"rttpg_category":null,"rttpg_excerpt":"Nombre de joueurs : 1 - 4 Dur\u00e9e moyenne : 45 min Age : 10 ans et plus Auteur(s) : Johannes Sich Illustrations : Johannes Sich Daniel Goll Tobias Jochinke \u00c9dition : Edition Spielwiese Blackrock 2020 Version : Fran\u00e7aise","_links":{"self":[{"href":"https:\/\/meeplendice.net\/index.php?rest_route=\/wp\/v2\/pages\/9315","targetHints":{"allow":["GET"]}}],"collection":[{"href":"https:\/\/meeplendice.net\/index.php?rest_route=\/wp\/v2\/pages"}],"about":[{"href":"https:\/\/meeplendice.net\/index.php?rest_route=\/wp\/v2\/types\/page"}],"author":[{"embeddable":true,"href":"https:\/\/meeplendice.net\/index.php?rest_route=\/wp\/v2\/users\/2"}],"replies":[{"embeddable":true,"href":"https:\/\/meeplendice.net\/index.php?rest_route=%2Fwp%2Fv2%2Fcomments&post=9315"}],"version-history":[{"count":6,"href":"https:\/\/meeplendice.net\/index.php?rest_route=\/wp\/v2\/pages\/9315\/revisions"}],"predecessor-version":[{"id":9320,"href":"https:\/\/meeplendice.net\/index.php?rest_route=\/wp\/v2\/pages\/9315\/revisions\/9320"}],"wp:featuredmedia":[{"embeddable":true,"href":"https:\/\/meeplendice.net\/index.php?rest_route=\/wp\/v2\/media\/9321"}],"wp:attachment":[{"href":"https:\/\/meeplendice.net\/index.php?rest_route=%2Fwp%2Fv2%2Fmedia&parent=9315"}],"curies":[{"name":"wp","href":"https:\/\/api.w.org\/{rel}","templated":true}]}}