{"id":9329,"date":"2022-01-22T23:56:57","date_gmt":"2022-01-22T22:56:57","guid":{"rendered":"https:\/\/meeplendice.net\/?page_id=9329"},"modified":"2022-01-22T23:57:57","modified_gmt":"2022-01-22T22:57:57","slug":"eaux-glacees","status":"publish","type":"page","link":"https:\/\/meeplendice.net\/?page_id=9329","title":{"rendered":"Eaux Glac\u00e9es"},"content":{"rendered":"<p>La lutte pour les ressources parmi les Grands Royaumes des Atlantes continue.<br \/>\nLe changement climatique apporte de nouveaux courants dans leurs eaux, peupl\u00e9s des redoutables cr\u00e9atures du grand nord, aussi terribles que myst\u00e9rieuses. La comp\u00e9tition est plus farouche que jamais et les Rois des Atlantes \u00e9tendent leurs recherches, quitte \u00e0 demander de l&rsquo;aide des nombreuses tribus qui sillonnent les fonds marins.<br \/>\nLeurs comp\u00e9tences et pouvoir sont de pr\u00e9cieux alli\u00e9s, pour qui peut s&rsquo;offrir leurs services&#8230;<\/p>\n","protected":false},"excerpt":{"rendered":"<p>La lutte pour les ressources parmi les Grands Royaumes des Atlantes continue. Le changement climatique apporte de nouveaux courants dans leurs eaux, peupl\u00e9s des redoutables cr\u00e9atures du grand nord, aussi terribles que myst\u00e9rieuses. La comp\u00e9tition est plus farouche que jamais et les Rois des Atlantes \u00e9tendent leurs recherches, quitte \u00e0 demander de l&rsquo;aide des nombreuses tribus qui sillonnent les fonds marins. Leurs comp\u00e9tences et pouvoir sont de pr\u00e9cieux alli\u00e9s, pour qui peut s&rsquo;offrir leurs services&#8230;<\/p>\n","protected":false},"author":2,"featured_media":8882,"parent":7130,"menu_order":1,"comment_status":"closed","ping_status":"closed","template":"","meta":{"footnotes":""},"class_list":["post-9329","page","type-page","status-publish","has-post-thumbnail","hentry"],"acf":[],"rttpg_featured_image_url":{"full":["https:\/\/meeplendice.net\/wp-content\/uploads\/2021\/12\/Atlantes_Eauxglacees.png",350,350,false],"landscape":["https:\/\/meeplendice.net\/wp-content\/uploads\/2021\/12\/Atlantes_Eauxglacees.png",350,350,false],"portraits":["https:\/\/meeplendice.net\/wp-content\/uploads\/2021\/12\/Atlantes_Eauxglacees.png",350,350,false],"thumbnail":["https:\/\/meeplendice.net\/wp-content\/uploads\/2021\/12\/Atlantes_Eauxglacees-150x150.png",150,150,true],"medium":["https:\/\/meeplendice.net\/wp-content\/uploads\/2021\/12\/Atlantes_Eauxglacees-300x300.png",300,300,true],"large":["https:\/\/meeplendice.net\/wp-content\/uploads\/2021\/12\/Atlantes_Eauxglacees.png",350,350,false],"ug_big":["https:\/\/meeplendice.net\/wp-content\/uploads\/2021\/12\/Atlantes_Eauxglacees.png",350,350,false],"1536x1536":["https:\/\/meeplendice.net\/wp-content\/uploads\/2021\/12\/Atlantes_Eauxglacees.png",350,350,false],"2048x2048":["https:\/\/meeplendice.net\/wp-content\/uploads\/2021\/12\/Atlantes_Eauxglacees.png",350,350,false],"ashe-slider-grid-thumbnail":["https:\/\/meeplendice.net\/wp-content\/uploads\/2021\/12\/Atlantes_Eauxglacees.png",350,350,false],"ashe-full-thumbnail":["https:\/\/meeplendice.net\/wp-content\/uploads\/2021\/12\/Atlantes_Eauxglacees.png",350,350,false],"ashe-grid-thumbnail":["https:\/\/meeplendice.net\/wp-content\/uploads\/2021\/12\/Atlantes_Eauxglacees-350x330.png",350,330,true],"ashe-list-thumbnail":["https:\/\/meeplendice.net\/wp-content\/uploads\/2021\/12\/Atlantes_Eauxglacees-300x300.png",300,300,true],"ashe-single-navigation":["https:\/\/meeplendice.net\/wp-content\/uploads\/2021\/12\/Atlantes_Eauxglacees-75x75.png",75,75,true],"mailpoet_newsletter_max":["https:\/\/meeplendice.net\/wp-content\/uploads\/2021\/12\/Atlantes_Eauxglacees.png",350,350,false],"rpwe-thumbnail":["https:\/\/meeplendice.net\/wp-content\/uploads\/2021\/12\/Atlantes_Eauxglacees-45x45.png",45,45,true],"sow-carousel-default":["https:\/\/meeplendice.net\/wp-content\/uploads\/2021\/12\/Atlantes_Eauxglacees-272x182.png",272,182,true],"rt_custom":["https:\/\/meeplendice.net\/wp-content\/uploads\/2021\/12\/Atlantes_Eauxglacees.png",350,350,false]},"rttpg_author":{"display_name":"Karnby","author_link":"https:\/\/meeplendice.net\/?author=2"},"rttpg_comment":0,"rttpg_category":null,"rttpg_excerpt":"La lutte pour les ressources parmi les Grands Royaumes des Atlantes continue. Le changement climatique apporte de nouveaux courants dans leurs eaux, peupl\u00e9s des redoutables cr\u00e9atures du grand nord, aussi terribles que myst\u00e9rieuses. La comp\u00e9tition est plus farouche que jamais et les Rois des Atlantes \u00e9tendent leurs recherches, quitte \u00e0 demander de l&rsquo;aide des nombreuses\u2026","_links":{"self":[{"href":"https:\/\/meeplendice.net\/index.php?rest_route=\/wp\/v2\/pages\/9329","targetHints":{"allow":["GET"]}}],"collection":[{"href":"https:\/\/meeplendice.net\/index.php?rest_route=\/wp\/v2\/pages"}],"about":[{"href":"https:\/\/meeplendice.net\/index.php?rest_route=\/wp\/v2\/types\/page"}],"author":[{"embeddable":true,"href":"https:\/\/meeplendice.net\/index.php?rest_route=\/wp\/v2\/users\/2"}],"replies":[{"embeddable":true,"href":"https:\/\/meeplendice.net\/index.php?rest_route=%2Fwp%2Fv2%2Fcomments&post=9329"}],"version-history":[{"count":1,"href":"https:\/\/meeplendice.net\/index.php?rest_route=\/wp\/v2\/pages\/9329\/revisions"}],"predecessor-version":[{"id":9330,"href":"https:\/\/meeplendice.net\/index.php?rest_route=\/wp\/v2\/pages\/9329\/revisions\/9330"}],"up":[{"embeddable":true,"href":"https:\/\/meeplendice.net\/index.php?rest_route=\/wp\/v2\/pages\/7130"}],"wp:featuredmedia":[{"embeddable":true,"href":"https:\/\/meeplendice.net\/index.php?rest_route=\/wp\/v2\/media\/8882"}],"wp:attachment":[{"href":"https:\/\/meeplendice.net\/index.php?rest_route=%2Fwp%2Fv2%2Fmedia&parent=9329"}],"curies":[{"name":"wp","href":"https:\/\/api.w.org\/{rel}","templated":true}]}}