{"id":9335,"date":"2022-01-23T00:14:47","date_gmt":"2022-01-22T23:14:47","guid":{"rendered":"https:\/\/meeplendice.net\/?page_id=9335"},"modified":"2025-11-30T13:01:58","modified_gmt":"2025-11-30T11:01:58","slug":"unmatched-cobble-fog","status":"publish","type":"page","link":"https:\/\/meeplendice.net\/?page_id=9335","title":{"rendered":"Unmatched : Cobble &#038; Fog"},"content":{"rendered":"<div id=\"pl-9335\"  class=\"panel-layout\" ><div id=\"pg-9335-0\"  class=\"panel-grid panel-no-style\" ><div id=\"pgc-9335-0-0\"  class=\"panel-grid-cell\" ><div id=\"panel-9335-0-0-0\" class=\"so-panel widget widget_sow-editor panel-first-child panel-last-child\" data-index=\"0\" ><div\n\t\t\t\n\t\t\tclass=\"so-widget-sow-editor so-widget-sow-editor-base\"\n\t\t\t\n\t\t>\n<div class=\"siteorigin-widget-tinymce textwidget\">\n\t<p style=\"text-align: center;\"><strong>Nombre de joueurs :<\/strong><br \/>\n2 - 4<\/p>\n<\/div>\n<\/div><\/div><\/div><div id=\"pgc-9335-0-1\"  class=\"panel-grid-cell\" ><div id=\"panel-9335-0-1-0\" class=\"so-panel widget widget_sow-editor panel-first-child panel-last-child\" data-index=\"1\" ><div\n\t\t\t\n\t\t\tclass=\"so-widget-sow-editor so-widget-sow-editor-base\"\n\t\t\t\n\t\t>\n<div class=\"siteorigin-widget-tinymce textwidget\">\n\t<p style=\"text-align: center;\"><strong>Auteur(s) :<br \/>\n<\/strong>Rob Daviau<br \/>\nJustin D. Jacobson<\/p>\n<\/div>\n<\/div><\/div><\/div><div id=\"pgc-9335-0-2\"  class=\"panel-grid-cell\" ><div id=\"panel-9335-0-2-0\" class=\"so-panel widget widget_sow-editor panel-first-child panel-last-child\" data-index=\"2\" ><div\n\t\t\t\n\t\t\tclass=\"so-widget-sow-editor so-widget-sow-editor-base\"\n\t\t\t\n\t\t>\n<div class=\"siteorigin-widget-tinymce textwidget\">\n\t<p style=\"text-align: center;\"><strong>Illustrations :<br \/>\n<\/strong>Andrew Thompson<br \/>\nIan O'Toole<\/p>\n<\/div>\n<\/div><\/div><\/div><div id=\"pgc-9335-0-3\"  class=\"panel-grid-cell\" ><div id=\"panel-9335-0-3-0\" class=\"so-panel widget widget_sow-editor panel-first-child panel-last-child\" data-index=\"3\" ><div\n\t\t\t\n\t\t\tclass=\"so-widget-sow-editor so-widget-sow-editor-base\"\n\t\t\t\n\t\t>\n<div class=\"siteorigin-widget-tinymce textwidget\">\n\t<p style=\"text-align: center;\"><strong>\u00c9dition :<\/strong><br \/>\nIello<br \/>\n2021<\/p>\n<\/div>\n<\/div><\/div><\/div><div id=\"pgc-9335-0-4\"  class=\"panel-grid-cell\" ><div id=\"panel-9335-0-4-0\" class=\"so-panel widget widget_sow-editor panel-first-child panel-last-child\" data-index=\"4\" ><div\n\t\t\t\n\t\t\tclass=\"so-widget-sow-editor so-widget-sow-editor-base\"\n\t\t\t\n\t\t>\n<div class=\"siteorigin-widget-tinymce textwidget\">\n\t<p style=\"text-align: center;\"><strong>Version :<\/strong><br \/>\nFran\u00e7aise<\/p>\n<\/div>\n<\/div><\/div><\/div><\/div><div id=\"pg-9335-1\"  class=\"panel-grid panel-no-style\" ><div id=\"pgc-9335-1-0\"  class=\"panel-grid-cell\" ><div id=\"panel-9335-1-0-0\" class=\"so-panel widget widget_sow-editor panel-first-child panel-last-child\" data-index=\"5\" ><div\n\t\t\t\n\t\t\tclass=\"so-widget-sow-editor so-widget-sow-editor-base\"\n\t\t\t\n\t\t>\n<div class=\"siteorigin-widget-tinymce textwidget\">\n\t<hr \/>\n<p><em>Unmatched : Cobble &amp; Fog<\/em> vous permet d\u2019incarner Dracula, Jekyll &amp; Hyde, L'Homme Invisible ou encore Sherlock Holmes.<\/p>\n<ul>\n<li>Dracula - Acolytes S\u0153urs<br \/>\n<em>Prenez garde \u00e0 ne pas croiser son regard, de peur d'\u00eatre asservi \u00e0 jamais. Ou, lorsque votre esprit sera embrum\u00e9, ses trois s\u0153urs mal\u00e9fiques et lui vous offriront votre bapt\u00eame du sang.<\/em><em><br \/>\n<\/em><\/li>\n<\/ul>\n<p>&nbsp;<\/p>\n<ul>\n<li>Jekyll &amp; Hyde - Jeton Transformation<br \/>\n<em>Deux facettes d'un m\u00eame homme : l'intriguant Dr Jekyll et le redoutable Mr Hyde. Qui sera l'artisan de votre perte ?<\/em><\/li>\n<\/ul>\n<p>&nbsp;<\/p>\n<ul>\n<li>L'Homme Invisible - Jetons Brouillard<br \/>\n<em>Comment se d\u00e9fendre contre quelque chose que l'on ne voit pas ? Un simple reflet m\u00e9tallique et il est d\u00e9j\u00e0 trop tard. Une attaque surprise avant de s'\u00e9vanouir dans les volutes d'un \u00e9pais brouillard.<\/em><\/li>\n<\/ul>\n<p>&nbsp;<\/p>\n<ul>\n<li>Sherlock Holmes - Acolytes Dr Watson<br \/>\n<em>La partie est lanc\u00e9e ! Assist\u00e9 du fid\u00e8le Dr Watson, il d\u00e9duira votre strat\u00e9gie et vous laissera pantois quant \u00e0 la fa\u00e7on dont il a fait s\u2019\u00e9crouler votre plan suppos\u00e9 parfait. En un mot : \u00e9l\u00e9mentaire.<\/em><\/li>\n<\/ul>\n<p>&nbsp;<\/p>\n<\/div>\n<\/div><\/div><\/div><\/div><\/div>","protected":false},"excerpt":{"rendered":"<p>Nombre de joueurs : 2 &#8211; 4 Auteur(s) : Rob Daviau Justin D. Jacobson Illustrations : Andrew Thompson Ian O&rsquo;Toole \u00c9dition : Iello 2021 Version : Fran\u00e7aise Unmatched : Cobble &amp; Fog vous permet d\u2019incarner Dracula, Jekyll &amp; Hyde, L&rsquo;Homme Invisible ou encore Sherlock Holmes. Dracula &#8211; Acolytes S\u0153urs Prenez garde \u00e0 ne pas croiser son regard, de peur d&rsquo;\u00eatre asservi \u00e0 jamais. Ou, lorsque votre esprit sera embrum\u00e9, ses trois s\u0153urs mal\u00e9fiques et lui vous offriront votre bapt\u00eame du sang. &nbsp; Jekyll &amp; Hyde &#8211; Jeton Transformation Deux facettes d&rsquo;un m\u00eame homme : l&rsquo;intriguant Dr Jekyll et le redoutable Mr Hyde. Qui sera l&rsquo;artisan de votre perte ? &nbsp; L&rsquo;Homme Invisible &#8211; Jetons Brouillard Comment se d\u00e9fendre contre quelque chose que l&rsquo;on ne voit pas ? Un simple reflet m\u00e9tallique et il est d\u00e9j\u00e0 trop tard. Une attaque surprise avant de s&rsquo;\u00e9vanouir dans les volutes d&rsquo;un \u00e9pais brouillard. &nbsp; Sherlock Holmes &#8211; Acolytes Dr Watson La partie est lanc\u00e9e ! Assist\u00e9 du fid\u00e8le Dr Watson, il d\u00e9duira votre strat\u00e9gie et vous laissera pantois quant \u00e0 la fa\u00e7on dont il a fait s\u2019\u00e9crouler votre plan suppos\u00e9 parfait. En un mot : \u00e9l\u00e9mentaire. &nbsp;<\/p>\n","protected":false},"author":2,"featured_media":12914,"parent":12879,"menu_order":1,"comment_status":"closed","ping_status":"closed","template":"","meta":{"footnotes":""},"class_list":["post-9335","page","type-page","status-publish","has-post-thumbnail","hentry"],"acf":[],"rttpg_featured_image_url":{"full":["https:\/\/meeplendice.net\/wp-content\/uploads\/2024\/11\/Unmatched_CF_vol.png",350,350,false],"landscape":["https:\/\/meeplendice.net\/wp-content\/uploads\/2024\/11\/Unmatched_CF_vol.png",350,350,false],"portraits":["https:\/\/meeplendice.net\/wp-content\/uploads\/2024\/11\/Unmatched_CF_vol.png",350,350,false],"thumbnail":["https:\/\/meeplendice.net\/wp-content\/uploads\/2024\/11\/Unmatched_CF_vol-150x150.png",150,150,true],"medium":["https:\/\/meeplendice.net\/wp-content\/uploads\/2024\/11\/Unmatched_CF_vol-300x300.png",300,300,true],"large":["https:\/\/meeplendice.net\/wp-content\/uploads\/2024\/11\/Unmatched_CF_vol.png",350,350,false],"ug_big":["https:\/\/meeplendice.net\/wp-content\/uploads\/2024\/11\/Unmatched_CF_vol.png",350,350,false],"1536x1536":["https:\/\/meeplendice.net\/wp-content\/uploads\/2024\/11\/Unmatched_CF_vol.png",350,350,false],"2048x2048":["https:\/\/meeplendice.net\/wp-content\/uploads\/2024\/11\/Unmatched_CF_vol.png",350,350,false],"ashe-slider-grid-thumbnail":["https:\/\/meeplendice.net\/wp-content\/uploads\/2024\/11\/Unmatched_CF_vol.png",350,350,false],"ashe-full-thumbnail":["https:\/\/meeplendice.net\/wp-content\/uploads\/2024\/11\/Unmatched_CF_vol.png",350,350,false],"ashe-grid-thumbnail":["https:\/\/meeplendice.net\/wp-content\/uploads\/2024\/11\/Unmatched_CF_vol-350x330.png",350,330,true],"ashe-list-thumbnail":["https:\/\/meeplendice.net\/wp-content\/uploads\/2024\/11\/Unmatched_CF_vol-300x300.png",300,300,true],"ashe-single-navigation":["https:\/\/meeplendice.net\/wp-content\/uploads\/2024\/11\/Unmatched_CF_vol-75x75.png",75,75,true],"mailpoet_newsletter_max":["https:\/\/meeplendice.net\/wp-content\/uploads\/2024\/11\/Unmatched_CF_vol.png",350,350,false],"rpwe-thumbnail":["https:\/\/meeplendice.net\/wp-content\/uploads\/2024\/11\/Unmatched_CF_vol-45x45.png",45,45,true],"sow-carousel-default":["https:\/\/meeplendice.net\/wp-content\/uploads\/2024\/11\/Unmatched_CF_vol-272x182.png",272,182,true],"rt_custom":["https:\/\/meeplendice.net\/wp-content\/uploads\/2024\/11\/Unmatched_CF_vol.png",350,350,false]},"rttpg_author":{"display_name":"Karnby","author_link":"https:\/\/meeplendice.net\/?author=2"},"rttpg_comment":0,"rttpg_category":null,"rttpg_excerpt":"Nombre de joueurs : 2 - 4 Auteur(s) : Rob Daviau Justin D. Jacobson Illustrations : Andrew Thompson Ian O'Toole \u00c9dition : Iello 2021 Version : Fran\u00e7aise Unmatched : Cobble &amp; Fog vous permet d\u2019incarner Dracula, Jekyll &amp; Hyde, L'Homme Invisible ou encore Sherlock Holmes. Dracula - Acolytes S\u0153urs Prenez garde \u00e0 ne pas croiser\u2026","_links":{"self":[{"href":"https:\/\/meeplendice.net\/index.php?rest_route=\/wp\/v2\/pages\/9335","targetHints":{"allow":["GET"]}}],"collection":[{"href":"https:\/\/meeplendice.net\/index.php?rest_route=\/wp\/v2\/pages"}],"about":[{"href":"https:\/\/meeplendice.net\/index.php?rest_route=\/wp\/v2\/types\/page"}],"author":[{"embeddable":true,"href":"https:\/\/meeplendice.net\/index.php?rest_route=\/wp\/v2\/users\/2"}],"replies":[{"embeddable":true,"href":"https:\/\/meeplendice.net\/index.php?rest_route=%2Fwp%2Fv2%2Fcomments&post=9335"}],"version-history":[{"count":12,"href":"https:\/\/meeplendice.net\/index.php?rest_route=\/wp\/v2\/pages\/9335\/revisions"}],"predecessor-version":[{"id":13508,"href":"https:\/\/meeplendice.net\/index.php?rest_route=\/wp\/v2\/pages\/9335\/revisions\/13508"}],"up":[{"embeddable":true,"href":"https:\/\/meeplendice.net\/index.php?rest_route=\/wp\/v2\/pages\/12879"}],"wp:featuredmedia":[{"embeddable":true,"href":"https:\/\/meeplendice.net\/index.php?rest_route=\/wp\/v2\/media\/12914"}],"wp:attachment":[{"href":"https:\/\/meeplendice.net\/index.php?rest_route=%2Fwp%2Fv2%2Fmedia&parent=9335"}],"curies":[{"name":"wp","href":"https:\/\/api.w.org\/{rel}","templated":true}]}}