{"id":9345,"date":"2022-01-23T00:33:06","date_gmt":"2022-01-22T23:33:06","guid":{"rendered":"https:\/\/meeplendice.net\/?page_id=9345"},"modified":"2025-11-30T13:02:01","modified_gmt":"2025-11-30T11:02:01","slug":"unmatched-robin-des-bois-vs-bigfoot","status":"publish","type":"page","link":"https:\/\/meeplendice.net\/?page_id=9345","title":{"rendered":"Unmatched : Robin des Bois VS Bigfoot"},"content":{"rendered":"<div id=\"pl-9345\"  class=\"panel-layout\" ><div id=\"pg-9345-0\"  class=\"panel-grid panel-no-style\" ><div id=\"pgc-9345-0-0\"  class=\"panel-grid-cell\" ><div id=\"panel-9345-0-0-0\" class=\"so-panel widget widget_sow-editor panel-first-child panel-last-child\" data-index=\"0\" ><div\n\t\t\t\n\t\t\tclass=\"so-widget-sow-editor so-widget-sow-editor-base\"\n\t\t\t\n\t\t>\n<div class=\"siteorigin-widget-tinymce textwidget\">\n\t<p style=\"text-align: center;\"><strong>Nombre de joueurs :<\/strong><br \/>\n2 - 2<\/p>\n<\/div>\n<\/div><\/div><\/div><div id=\"pgc-9345-0-1\"  class=\"panel-grid-cell\" ><div id=\"panel-9345-0-1-0\" class=\"so-panel widget widget_sow-editor panel-first-child panel-last-child\" data-index=\"1\" ><div\n\t\t\t\n\t\t\tclass=\"so-widget-sow-editor so-widget-sow-editor-base\"\n\t\t\t\n\t\t>\n<div class=\"siteorigin-widget-tinymce textwidget\">\n\t<p style=\"text-align: center;\"><strong>Auteur(s) :<br \/>\n<\/strong>Rob Daviau<br \/>\nJustin D. Jacobson<br \/>\n<span class=\"data-siloing\" title=\"Voir tous les jeux\" data-siloing=\"https:\/\/www.philibertnet.com\/fr\/recherche?feature=31&amp;feature_value=JR Honeycutt\">JR Honeycutt<\/span><\/p>\n<\/div>\n<\/div><\/div><\/div><div id=\"pgc-9345-0-2\"  class=\"panel-grid-cell\" ><div id=\"panel-9345-0-2-0\" class=\"so-panel widget widget_sow-editor panel-first-child panel-last-child\" data-index=\"2\" ><div\n\t\t\t\n\t\t\tclass=\"so-widget-sow-editor so-widget-sow-editor-base\"\n\t\t\t\n\t\t>\n<div class=\"siteorigin-widget-tinymce textwidget\">\n\t<p style=\"text-align: center;\"><strong>Illustrations :<br \/>\n<\/strong>Oliver Barrett<br \/>\nJuan Esteban Rodriguez<\/p>\n<\/div>\n<\/div><\/div><\/div><div id=\"pgc-9345-0-3\"  class=\"panel-grid-cell\" ><div id=\"panel-9345-0-3-0\" class=\"so-panel widget widget_sow-editor panel-first-child panel-last-child\" data-index=\"3\" ><div\n\t\t\t\n\t\t\tclass=\"so-widget-sow-editor so-widget-sow-editor-base\"\n\t\t\t\n\t\t>\n<div class=\"siteorigin-widget-tinymce textwidget\">\n\t<p style=\"text-align: center;\"><strong>\u00c9dition :<\/strong><br \/>\nIello<br \/>\n2021<\/p>\n<\/div>\n<\/div><\/div><\/div><div id=\"pgc-9345-0-4\"  class=\"panel-grid-cell\" ><div id=\"panel-9345-0-4-0\" class=\"so-panel widget widget_sow-editor panel-first-child panel-last-child\" data-index=\"4\" ><div\n\t\t\t\n\t\t\tclass=\"so-widget-sow-editor so-widget-sow-editor-base\"\n\t\t\t\n\t\t>\n<div class=\"siteorigin-widget-tinymce textwidget\">\n\t<p style=\"text-align: center;\"><strong>Version :<\/strong><br \/>\nFran\u00e7aise<\/p>\n<\/div>\n<\/div><\/div><\/div><\/div><div id=\"pg-9345-1\"  class=\"panel-grid panel-no-style\" ><div id=\"pgc-9345-1-0\"  class=\"panel-grid-cell\" ><div id=\"panel-9345-1-0-0\" class=\"so-panel widget widget_sow-editor panel-first-child panel-last-child\" data-index=\"5\" ><div\n\t\t\t\n\t\t\tclass=\"so-widget-sow-editor so-widget-sow-editor-base\"\n\t\t\t\n\t\t>\n<div class=\"siteorigin-widget-tinymce textwidget\">\n\t<hr \/>\n<p><em>Unmatched : Robin des bois VS Bigfoot<\/em> vous permet d\u2019incarner Robin des bois ou encore le Bigfoot.<\/p>\n<ul>\n<li>Robin des bois - Acolytes Hors-la-loi<br \/>\n<em>Ce bandit \u00e0 l'esprit vif est un adversaire rus\u00e9, difficile \u00e0 attraper et fort dangereux avec un arc. Vous l'avez cern\u00e9 ? Ses hors-la-loi surgissent pour vous voler !<\/em><em><br \/>\n<\/em><\/li>\n<\/ul>\n<p>&nbsp;<\/p>\n<ul>\n<li>Bigfoot - Acolyte Jackalope<br \/>\n<em>Puissant comme un s\u00e9quoia et indomptable comme le vent, Bigfoot appara\u00eet soudain avec le Jackalope \u00e0 sa suite. Le temps de constater leur puissance, et ils ont d\u00e9j\u00e0 disparu comme s'ils n'avait \u00e9t\u00e9 qu'une l\u00e9gende.<\/em><\/li>\n<\/ul>\n<\/div>\n<\/div><\/div><\/div><\/div><\/div>","protected":false},"excerpt":{"rendered":"<p>Nombre de joueurs : 2 &#8211; 2 Auteur(s) : Rob Daviau Justin D. Jacobson JR Honeycutt Illustrations : Oliver Barrett Juan Esteban Rodriguez \u00c9dition : Iello 2021 Version : Fran\u00e7aise Unmatched : Robin des bois VS Bigfoot vous permet d\u2019incarner Robin des bois ou encore le Bigfoot. Robin des bois &#8211; Acolytes Hors-la-loi Ce bandit \u00e0 l&rsquo;esprit vif est un adversaire rus\u00e9, difficile \u00e0 attraper et fort dangereux avec un arc. Vous l&rsquo;avez cern\u00e9 ? Ses hors-la-loi surgissent pour vous voler ! &nbsp; Bigfoot &#8211; Acolyte Jackalope Puissant comme un s\u00e9quoia et indomptable comme le vent, Bigfoot appara\u00eet soudain avec le Jackalope \u00e0 sa suite. Le temps de constater leur puissance, et ils ont d\u00e9j\u00e0 disparu comme s&rsquo;ils n&rsquo;avait \u00e9t\u00e9 qu&rsquo;une l\u00e9gende.<\/p>\n","protected":false},"author":2,"featured_media":12911,"parent":12879,"menu_order":1,"comment_status":"closed","ping_status":"closed","template":"","meta":{"footnotes":""},"class_list":["post-9345","page","type-page","status-publish","has-post-thumbnail","hentry"],"acf":[],"rttpg_featured_image_url":{"full":["https:\/\/meeplendice.net\/wp-content\/uploads\/2024\/11\/Unmatched_RobVsBig_ex.png",350,350,false],"landscape":["https:\/\/meeplendice.net\/wp-content\/uploads\/2024\/11\/Unmatched_RobVsBig_ex.png",350,350,false],"portraits":["https:\/\/meeplendice.net\/wp-content\/uploads\/2024\/11\/Unmatched_RobVsBig_ex.png",350,350,false],"thumbnail":["https:\/\/meeplendice.net\/wp-content\/uploads\/2024\/11\/Unmatched_RobVsBig_ex-150x150.png",150,150,true],"medium":["https:\/\/meeplendice.net\/wp-content\/uploads\/2024\/11\/Unmatched_RobVsBig_ex-300x300.png",300,300,true],"large":["https:\/\/meeplendice.net\/wp-content\/uploads\/2024\/11\/Unmatched_RobVsBig_ex.png",350,350,false],"ug_big":["https:\/\/meeplendice.net\/wp-content\/uploads\/2024\/11\/Unmatched_RobVsBig_ex.png",350,350,false],"1536x1536":["https:\/\/meeplendice.net\/wp-content\/uploads\/2024\/11\/Unmatched_RobVsBig_ex.png",350,350,false],"2048x2048":["https:\/\/meeplendice.net\/wp-content\/uploads\/2024\/11\/Unmatched_RobVsBig_ex.png",350,350,false],"ashe-slider-grid-thumbnail":["https:\/\/meeplendice.net\/wp-content\/uploads\/2024\/11\/Unmatched_RobVsBig_ex.png",350,350,false],"ashe-full-thumbnail":["https:\/\/meeplendice.net\/wp-content\/uploads\/2024\/11\/Unmatched_RobVsBig_ex.png",350,350,false],"ashe-grid-thumbnail":["https:\/\/meeplendice.net\/wp-content\/uploads\/2024\/11\/Unmatched_RobVsBig_ex-350x330.png",350,330,true],"ashe-list-thumbnail":["https:\/\/meeplendice.net\/wp-content\/uploads\/2024\/11\/Unmatched_RobVsBig_ex-300x300.png",300,300,true],"ashe-single-navigation":["https:\/\/meeplendice.net\/wp-content\/uploads\/2024\/11\/Unmatched_RobVsBig_ex-75x75.png",75,75,true],"mailpoet_newsletter_max":["https:\/\/meeplendice.net\/wp-content\/uploads\/2024\/11\/Unmatched_RobVsBig_ex.png",350,350,false],"rpwe-thumbnail":["https:\/\/meeplendice.net\/wp-content\/uploads\/2024\/11\/Unmatched_RobVsBig_ex-45x45.png",45,45,true],"sow-carousel-default":["https:\/\/meeplendice.net\/wp-content\/uploads\/2024\/11\/Unmatched_RobVsBig_ex-272x182.png",272,182,true],"rt_custom":["https:\/\/meeplendice.net\/wp-content\/uploads\/2024\/11\/Unmatched_RobVsBig_ex.png",350,350,false]},"rttpg_author":{"display_name":"Karnby","author_link":"https:\/\/meeplendice.net\/?author=2"},"rttpg_comment":0,"rttpg_category":null,"rttpg_excerpt":"Nombre de joueurs : 2 - 2 Auteur(s) : Rob Daviau Justin D. Jacobson JR Honeycutt Illustrations : Oliver Barrett Juan Esteban Rodriguez \u00c9dition : Iello 2021 Version : Fran\u00e7aise Unmatched : Robin des bois VS Bigfoot vous permet d\u2019incarner Robin des bois ou encore le Bigfoot. Robin des bois - Acolytes Hors-la-loi Ce bandit\u2026","_links":{"self":[{"href":"https:\/\/meeplendice.net\/index.php?rest_route=\/wp\/v2\/pages\/9345","targetHints":{"allow":["GET"]}}],"collection":[{"href":"https:\/\/meeplendice.net\/index.php?rest_route=\/wp\/v2\/pages"}],"about":[{"href":"https:\/\/meeplendice.net\/index.php?rest_route=\/wp\/v2\/types\/page"}],"author":[{"embeddable":true,"href":"https:\/\/meeplendice.net\/index.php?rest_route=\/wp\/v2\/users\/2"}],"replies":[{"embeddable":true,"href":"https:\/\/meeplendice.net\/index.php?rest_route=%2Fwp%2Fv2%2Fcomments&post=9345"}],"version-history":[{"count":11,"href":"https:\/\/meeplendice.net\/index.php?rest_route=\/wp\/v2\/pages\/9345\/revisions"}],"predecessor-version":[{"id":13510,"href":"https:\/\/meeplendice.net\/index.php?rest_route=\/wp\/v2\/pages\/9345\/revisions\/13510"}],"up":[{"embeddable":true,"href":"https:\/\/meeplendice.net\/index.php?rest_route=\/wp\/v2\/pages\/12879"}],"wp:featuredmedia":[{"embeddable":true,"href":"https:\/\/meeplendice.net\/index.php?rest_route=\/wp\/v2\/media\/12911"}],"wp:attachment":[{"href":"https:\/\/meeplendice.net\/index.php?rest_route=%2Fwp%2Fv2%2Fmedia&parent=9345"}],"curies":[{"name":"wp","href":"https:\/\/api.w.org\/{rel}","templated":true}]}}