{"id":9359,"date":"2022-01-23T15:59:19","date_gmt":"2022-01-23T14:59:19","guid":{"rendered":"https:\/\/meeplendice.net\/?page_id=9359"},"modified":"2025-03-02T01:53:22","modified_gmt":"2025-03-01T23:53:22","slug":"its-a-wonderful-kingdom","status":"publish","type":"page","link":"https:\/\/meeplendice.net\/?page_id=9359","title":{"rendered":"It&rsquo;s a Wonderful Kingdom &#8211; Legends"},"content":{"rendered":"<div id=\"pl-9359\"  class=\"panel-layout\" ><div id=\"pg-9359-0\"  class=\"panel-grid panel-no-style\" ><div id=\"pgc-9359-0-0\"  class=\"panel-grid-cell\" ><div id=\"panel-9359-0-0-0\" class=\"so-panel widget widget_sow-editor panel-first-child panel-last-child\" data-index=\"0\" ><div\n\t\t\t\n\t\t\tclass=\"so-widget-sow-editor so-widget-sow-editor-base\"\n\t\t\t\n\t\t>\n<div class=\"siteorigin-widget-tinymce textwidget\">\n\t<p style=\"text-align: center;\"><strong>Nombre de joueurs :<\/strong><br \/>\n1 - 2<\/p>\n<\/div>\n<\/div><\/div><\/div><div id=\"pgc-9359-0-1\"  class=\"panel-grid-cell\" ><div id=\"panel-9359-0-1-0\" class=\"so-panel widget widget_sow-editor panel-first-child panel-last-child\" data-index=\"1\" ><div\n\t\t\t\n\t\t\tclass=\"so-widget-sow-editor so-widget-sow-editor-base\"\n\t\t\t\n\t\t>\n<div class=\"siteorigin-widget-tinymce textwidget\">\n\t<p style=\"text-align: center;\"><strong>Dur\u00e9e moyenne :<\/strong><br \/>\n45 min<\/p>\n<\/div>\n<\/div><\/div><\/div><div id=\"pgc-9359-0-2\"  class=\"panel-grid-cell\" ><div id=\"panel-9359-0-2-0\" class=\"so-panel widget widget_sow-editor panel-first-child panel-last-child\" data-index=\"2\" ><div\n\t\t\t\n\t\t\tclass=\"so-widget-sow-editor so-widget-sow-editor-base\"\n\t\t\t\n\t\t>\n<div class=\"siteorigin-widget-tinymce textwidget\">\n\t<p style=\"text-align: center;\"><strong>Age :<\/strong><br \/>\n14 ans et plus<\/p>\n<\/div>\n<\/div><\/div><\/div><\/div><div id=\"pg-9359-1\"  class=\"panel-grid panel-no-style\" ><div id=\"pgc-9359-1-0\"  class=\"panel-grid-cell\" ><div id=\"panel-9359-1-0-0\" class=\"so-panel widget widget_sow-editor panel-first-child panel-last-child\" data-index=\"3\" ><div\n\t\t\t\n\t\t\tclass=\"so-widget-sow-editor so-widget-sow-editor-base\"\n\t\t\t\n\t\t>\n<div class=\"siteorigin-widget-tinymce textwidget\">\n\t<p style=\"text-align: center;\"><strong>Auteur(s) :<br \/>\n<\/strong>Fr\u00e9d\u00e9ric Gu\u00e9rard<\/p>\n<\/div>\n<\/div><\/div><\/div><div id=\"pgc-9359-1-1\"  class=\"panel-grid-cell\" ><div id=\"panel-9359-1-1-0\" class=\"so-panel widget widget_sow-editor panel-first-child panel-last-child\" data-index=\"4\" ><div\n\t\t\t\n\t\t\tclass=\"so-widget-sow-editor so-widget-sow-editor-base\"\n\t\t\t\n\t\t>\n<div class=\"siteorigin-widget-tinymce textwidget\">\n\t<p style=\"text-align: center;\"><strong>Illustrations :<\/strong><br \/>\nAnthony Wolff<\/p>\n<\/div>\n<\/div><\/div><\/div><div id=\"pgc-9359-1-2\"  class=\"panel-grid-cell\" ><div id=\"panel-9359-1-2-0\" class=\"so-panel widget widget_sow-editor panel-first-child panel-last-child\" data-index=\"5\" ><div\n\t\t\t\n\t\t\tclass=\"so-widget-sow-editor so-widget-sow-editor-base\"\n\t\t\t\n\t\t>\n<div class=\"siteorigin-widget-tinymce textwidget\">\n\t<p style=\"text-align: center;\"><strong>\u00c9dition :<\/strong><br \/>\nLa Boite de Jeu<br \/>\n2021<\/p>\n<\/div>\n<\/div><\/div><\/div><div id=\"pgc-9359-1-3\"  class=\"panel-grid-cell\" ><div id=\"panel-9359-1-3-0\" class=\"so-panel widget widget_sow-editor panel-first-child panel-last-child\" data-index=\"6\" ><div\n\t\t\t\n\t\t\tclass=\"so-widget-sow-editor so-widget-sow-editor-base\"\n\t\t\t\n\t\t>\n<div class=\"siteorigin-widget-tinymce textwidget\">\n\t<p style=\"text-align: center;\"><strong>Version :<\/strong><br \/>\nFran\u00e7aise<\/p>\n<\/div>\n<\/div><\/div><\/div><\/div><div id=\"pg-9359-2\"  class=\"panel-grid panel-no-style\" ><div id=\"pgc-9359-2-0\"  class=\"panel-grid-cell\" ><div id=\"panel-9359-2-0-0\" class=\"so-panel widget widget_sow-editor panel-first-child panel-last-child\" data-index=\"7\" ><div\n\t\t\t\n\t\t\tclass=\"so-widget-sow-editor so-widget-sow-editor-base\"\n\t\t\t\n\t\t>\n<div class=\"siteorigin-widget-tinymce textwidget\">\n\t<hr \/>\n<p><em>Alors que la Dynastie Gahelm, s\u2019\u00e9teint, les Duch\u00e9s de Valados et Teressie luttent pour le tr\u00f4ne. Ils d\u00e9veloppent leurs cit\u00e9s, conqui\u00e8rent de nouvelles terres, et pr\u00e9parent leur peuple.<\/em><\/p>\n<p><em>Mais leurs ambitions les m\u00e8nent \u00e0 lib\u00e9rer d'anciennes menaces...<\/em><\/p>\n<p>Affrontez-vous pour monter sur le tr\u00f4ne du royaume ! Utilisez les diff\u00e9rents modules pour d\u00e9couvrir de nouvelles sensations de jeu. Apprenez \u00e0 ma\u00eetriser la m\u00e9canique de \"Split &amp; Trap\" pour influencer votre adversaire. Soyez le meilleur pour d\u00e9velopper votre duch\u00e9, et devenez le nouveau monarque de ce <em>Wonderful Kingdom<\/em>.<\/p>\n<div>Cette version Legends inclut :<\/div>\n<ul>\n<li>It's a Wonderful Kingdom - Jeu de Base<\/li>\n<li>les Stretch Goals d\u00e9bloqu\u00e9s lors de la Campagne de financement participatif du jeu<\/li>\n<li>Contenu \"Legends\" (module Conqu\u00eate, jetons m\u00e9talliques, grand plateau ...)<\/li>\n<\/ul>\n<\/div>\n<\/div><\/div><\/div><\/div><div id=\"pg-9359-3\"  class=\"panel-grid panel-no-style\" ><div id=\"pgc-9359-3-0\"  class=\"panel-grid-cell\" ><div id=\"panel-9359-3-0-0\" class=\"so-panel widget widget_sow-editor panel-first-child panel-last-child\" data-index=\"8\" ><div\n\t\t\t\n\t\t\tclass=\"so-widget-sow-editor so-widget-sow-editor-base\"\n\t\t\t\n\t\t>\n<div class=\"siteorigin-widget-tinymce textwidget\">\n\t<hr \/>\n<h3 style=\"text-align: center;\">En vid\u00e9o<\/h3>\n<\/div>\n<\/div><\/div><\/div><\/div><div id=\"pg-9359-4\"  class=\"panel-grid panel-no-style\" ><div id=\"pgc-9359-4-0\"  class=\"panel-grid-cell\" ><div id=\"panel-9359-4-0-0\" class=\"so-panel widget widget_sow-editor panel-first-child panel-last-child\" data-index=\"9\" ><div\n\t\t\t\n\t\t\tclass=\"so-widget-sow-editor so-widget-sow-editor-base\"\n\t\t\t\n\t\t>\n<div class=\"siteorigin-widget-tinymce textwidget\">\n\t<hr \/>\n<h3 style=\"text-align: center;\">Pour aller plus loin<\/h3>\n<\/div>\n<\/div><\/div><\/div><\/div><\/div>","protected":false},"excerpt":{"rendered":"<p>Nombre de joueurs : 1 &#8211; 2 Dur\u00e9e moyenne : 45 min Age : 14 ans et plus Auteur(s) : Fr\u00e9d\u00e9ric Gu\u00e9rard Illustrations : Anthony Wolff \u00c9dition : La Boite de Jeu 2021 Version : Fran\u00e7aise<\/p>\n","protected":false},"author":2,"featured_media":13292,"parent":0,"menu_order":0,"comment_status":"closed","ping_status":"closed","template":"","meta":{"footnotes":""},"class_list":["post-9359","page","type-page","status-publish","has-post-thumbnail","hentry"],"acf":[],"rttpg_featured_image_url":{"full":["https:\/\/meeplendice.net\/wp-content\/uploads\/2025\/03\/Itsawonderfulkingdom_legend.png",350,350,false],"landscape":["https:\/\/meeplendice.net\/wp-content\/uploads\/2025\/03\/Itsawonderfulkingdom_legend.png",350,350,false],"portraits":["https:\/\/meeplendice.net\/wp-content\/uploads\/2025\/03\/Itsawonderfulkingdom_legend.png",350,350,false],"thumbnail":["https:\/\/meeplendice.net\/wp-content\/uploads\/2025\/03\/Itsawonderfulkingdom_legend-150x150.png",150,150,true],"medium":["https:\/\/meeplendice.net\/wp-content\/uploads\/2025\/03\/Itsawonderfulkingdom_legend-300x300.png",300,300,true],"large":["https:\/\/meeplendice.net\/wp-content\/uploads\/2025\/03\/Itsawonderfulkingdom_legend.png",350,350,false],"ug_big":["https:\/\/meeplendice.net\/wp-content\/uploads\/2025\/03\/Itsawonderfulkingdom_legend.png",350,350,false],"1536x1536":["https:\/\/meeplendice.net\/wp-content\/uploads\/2025\/03\/Itsawonderfulkingdom_legend.png",350,350,false],"2048x2048":["https:\/\/meeplendice.net\/wp-content\/uploads\/2025\/03\/Itsawonderfulkingdom_legend.png",350,350,false],"ashe-slider-grid-thumbnail":["https:\/\/meeplendice.net\/wp-content\/uploads\/2025\/03\/Itsawonderfulkingdom_legend.png",350,350,false],"ashe-full-thumbnail":["https:\/\/meeplendice.net\/wp-content\/uploads\/2025\/03\/Itsawonderfulkingdom_legend.png",350,350,false],"ashe-grid-thumbnail":["https:\/\/meeplendice.net\/wp-content\/uploads\/2025\/03\/Itsawonderfulkingdom_legend-350x330.png",350,330,true],"ashe-list-thumbnail":["https:\/\/meeplendice.net\/wp-content\/uploads\/2025\/03\/Itsawonderfulkingdom_legend-300x300.png",300,300,true],"ashe-single-navigation":["https:\/\/meeplendice.net\/wp-content\/uploads\/2025\/03\/Itsawonderfulkingdom_legend-75x75.png",75,75,true],"mailpoet_newsletter_max":["https:\/\/meeplendice.net\/wp-content\/uploads\/2025\/03\/Itsawonderfulkingdom_legend.png",350,350,false],"rpwe-thumbnail":["https:\/\/meeplendice.net\/wp-content\/uploads\/2025\/03\/Itsawonderfulkingdom_legend-45x45.png",45,45,true],"sow-carousel-default":["https:\/\/meeplendice.net\/wp-content\/uploads\/2025\/03\/Itsawonderfulkingdom_legend-272x182.png",272,182,true],"rt_custom":["https:\/\/meeplendice.net\/wp-content\/uploads\/2025\/03\/Itsawonderfulkingdom_legend.png",350,350,false]},"rttpg_author":{"display_name":"Karnby","author_link":"https:\/\/meeplendice.net\/?author=2"},"rttpg_comment":0,"rttpg_category":null,"rttpg_excerpt":"Nombre de joueurs : 1 - 2 Dur\u00e9e moyenne : 45 min Age : 14 ans et plus Auteur(s) : Fr\u00e9d\u00e9ric Gu\u00e9rard Illustrations : Anthony Wolff \u00c9dition : La Boite de Jeu 2021 Version : Fran\u00e7aise","_links":{"self":[{"href":"https:\/\/meeplendice.net\/index.php?rest_route=\/wp\/v2\/pages\/9359","targetHints":{"allow":["GET"]}}],"collection":[{"href":"https:\/\/meeplendice.net\/index.php?rest_route=\/wp\/v2\/pages"}],"about":[{"href":"https:\/\/meeplendice.net\/index.php?rest_route=\/wp\/v2\/types\/page"}],"author":[{"embeddable":true,"href":"https:\/\/meeplendice.net\/index.php?rest_route=\/wp\/v2\/users\/2"}],"replies":[{"embeddable":true,"href":"https:\/\/meeplendice.net\/index.php?rest_route=%2Fwp%2Fv2%2Fcomments&post=9359"}],"version-history":[{"count":4,"href":"https:\/\/meeplendice.net\/index.php?rest_route=\/wp\/v2\/pages\/9359\/revisions"}],"predecessor-version":[{"id":13325,"href":"https:\/\/meeplendice.net\/index.php?rest_route=\/wp\/v2\/pages\/9359\/revisions\/13325"}],"wp:featuredmedia":[{"embeddable":true,"href":"https:\/\/meeplendice.net\/index.php?rest_route=\/wp\/v2\/media\/13292"}],"wp:attachment":[{"href":"https:\/\/meeplendice.net\/index.php?rest_route=%2Fwp%2Fv2%2Fmedia&parent=9359"}],"curies":[{"name":"wp","href":"https:\/\/api.w.org\/{rel}","templated":true}]}}