{"id":9365,"date":"2022-01-23T16:10:41","date_gmt":"2022-01-23T15:10:41","guid":{"rendered":"https:\/\/meeplendice.net\/?page_id=9365"},"modified":"2024-03-31T22:36:48","modified_gmt":"2024-03-31T21:36:48","slug":"canvas-2","status":"publish","type":"page","link":"https:\/\/meeplendice.net\/?page_id=9365","title":{"rendered":"Canvas"},"content":{"rendered":"<div id=\"pl-9365\"  class=\"panel-layout\" ><div id=\"pg-9365-0\"  class=\"panel-grid panel-no-style\" ><div id=\"pgc-9365-0-0\"  class=\"panel-grid-cell\" ><div id=\"panel-9365-0-0-0\" class=\"so-panel widget widget_sow-editor panel-first-child panel-last-child\" data-index=\"0\" ><div\n\t\t\t\n\t\t\tclass=\"so-widget-sow-editor so-widget-sow-editor-base\"\n\t\t\t\n\t\t>\n<div class=\"siteorigin-widget-tinymce textwidget\">\n\t<p style=\"text-align: center;\"><strong>Nombre de joueurs :<\/strong><br \/>\n1 - 5<\/p>\n<\/div>\n<\/div><\/div><\/div><div id=\"pgc-9365-0-1\"  class=\"panel-grid-cell\" ><div id=\"panel-9365-0-1-0\" class=\"so-panel widget widget_sow-editor panel-first-child panel-last-child\" data-index=\"1\" ><div\n\t\t\t\n\t\t\tclass=\"so-widget-sow-editor so-widget-sow-editor-base\"\n\t\t\t\n\t\t>\n<div class=\"siteorigin-widget-tinymce textwidget\">\n\t<p style=\"text-align: center;\"><strong>Dur\u00e9e moyenne :<\/strong><br \/>\n30 min<\/p>\n<\/div>\n<\/div><\/div><\/div><div id=\"pgc-9365-0-2\"  class=\"panel-grid-cell\" ><div id=\"panel-9365-0-2-0\" class=\"so-panel widget widget_sow-editor panel-first-child panel-last-child\" data-index=\"2\" ><div\n\t\t\t\n\t\t\tclass=\"so-widget-sow-editor so-widget-sow-editor-base\"\n\t\t\t\n\t\t>\n<div class=\"siteorigin-widget-tinymce textwidget\">\n\t<p style=\"text-align: center;\"><strong>Age :<\/strong><br \/>\n10 ans et plus<\/p>\n<\/div>\n<\/div><\/div><\/div><\/div><div id=\"pg-9365-1\"  class=\"panel-grid panel-no-style\" ><div id=\"pgc-9365-1-0\"  class=\"panel-grid-cell\" ><div id=\"panel-9365-1-0-0\" class=\"so-panel widget widget_sow-editor panel-first-child panel-last-child\" data-index=\"3\" ><div\n\t\t\t\n\t\t\tclass=\"so-widget-sow-editor so-widget-sow-editor-base\"\n\t\t\t\n\t\t>\n<div class=\"siteorigin-widget-tinymce textwidget\">\n\t<p style=\"text-align: center;\"><strong>Auteur(s) :<br \/>\n<\/strong>Jeffrey Chin<br \/>\nAndrew Nerger<\/p>\n<\/div>\n<\/div><\/div><\/div><div id=\"pgc-9365-1-1\"  class=\"panel-grid-cell\" ><div id=\"panel-9365-1-1-0\" class=\"so-panel widget widget_sow-editor panel-first-child panel-last-child\" data-index=\"4\" ><div\n\t\t\t\n\t\t\tclass=\"so-widget-sow-editor so-widget-sow-editor-base\"\n\t\t\t\n\t\t>\n<div class=\"siteorigin-widget-tinymce textwidget\">\n\t<p style=\"text-align: center;\"><strong>Illustrations :<\/strong><br \/>\nLuan Huynh<\/p>\n<\/div>\n<\/div><\/div><\/div><div id=\"pgc-9365-1-2\"  class=\"panel-grid-cell\" ><div id=\"panel-9365-1-2-0\" class=\"so-panel widget widget_sow-editor panel-first-child panel-last-child\" data-index=\"5\" ><div\n\t\t\t\n\t\t\tclass=\"so-widget-sow-editor so-widget-sow-editor-base\"\n\t\t\t\n\t\t>\n<div class=\"siteorigin-widget-tinymce textwidget\">\n\t<p style=\"text-align: center;\"><strong>\u00c9dition :<\/strong><br \/>\nRoad To Infamy Games<br \/>\n2021<\/p>\n<\/div>\n<\/div><\/div><\/div><div id=\"pgc-9365-1-3\"  class=\"panel-grid-cell\" ><div id=\"panel-9365-1-3-0\" class=\"so-panel widget widget_sow-editor panel-first-child panel-last-child\" data-index=\"6\" ><div\n\t\t\t\n\t\t\tclass=\"so-widget-sow-editor so-widget-sow-editor-base\"\n\t\t\t\n\t\t>\n<div class=\"siteorigin-widget-tinymce textwidget\">\n\t<p style=\"text-align: center;\"><strong>Version :<\/strong><br \/>\nFran\u00e7aise<\/p>\n<\/div>\n<\/div><\/div><\/div><\/div><div id=\"pg-9365-2\"  class=\"panel-grid panel-no-style\" ><div id=\"pgc-9365-2-0\"  class=\"panel-grid-cell\" ><div id=\"panel-9365-2-0-0\" class=\"so-panel widget widget_sow-editor panel-first-child panel-last-child\" data-index=\"7\" ><div\n\t\t\t\n\t\t\tclass=\"so-widget-sow-editor so-widget-sow-editor-base\"\n\t\t\t\n\t\t>\n<div class=\"siteorigin-widget-tinymce textwidget\">\n\t<hr \/>\n<p>Dans <em>Canvas<\/em> vous incarnez un peintre qui participe \u00e0 un prestigieux concours artistique. R\u00e9coltez des cartes transparentes et superposez-les pour cr\u00e9er des tableaux. Selon les cartes choisies et l'ordre dans lequel vous les placez, vous r\u00e9v\u00e9lerez ou recouvrirez des ic\u00f4nes permettant de gagner des rubans et de marquer des points.<\/p>\n<p>Chaque combinaison de cartes cr\u00e9e une image et un titre uniques pour votre tableau !<\/p>\n<\/div>\n<\/div><\/div><\/div><\/div><div id=\"pg-9365-3\"  class=\"panel-grid panel-no-style\" ><div id=\"pgc-9365-3-0\"  class=\"panel-grid-cell\" ><div id=\"panel-9365-3-0-0\" class=\"so-panel widget widget_sow-editor panel-first-child panel-last-child\" data-index=\"8\" ><div\n\t\t\t\n\t\t\tclass=\"so-widget-sow-editor so-widget-sow-editor-base\"\n\t\t\t\n\t\t>\n<div class=\"siteorigin-widget-tinymce textwidget\">\n\t<hr \/>\n<h3 style=\"text-align: center;\">En vid\u00e9o<\/h3>\n<\/div>\n<\/div><\/div><\/div><\/div><div id=\"pg-9365-4\"  class=\"panel-grid panel-no-style\" ><div id=\"pgc-9365-4-0\"  class=\"panel-grid-cell\" ><div id=\"panel-9365-4-0-0\" class=\"so-panel widget widget_sow-editor panel-first-child panel-last-child\" data-index=\"9\" ><div\n\t\t\t\n\t\t\tclass=\"so-widget-sow-editor so-widget-sow-editor-base\"\n\t\t\t\n\t\t>\n<div class=\"siteorigin-widget-tinymce textwidget\">\n\t<hr \/>\n<h3 style=\"text-align: center;\">Extension(s)<\/h3>\n<p style=\"text-align: center;\"><style type='text\/css' media='all'>#rt-tpg-container-4180702986 .read-more a{border-radius:px;}#rt-tpg-container-4180702986 .rt-img-holder img.rt-img-responsive,#rt-tpg-container-4180702986 .rt-img-holder,\n\t\t\t\t\t#rt-tpg-container-4180702986 .rt-post-overlay .post-img,\n\t\t\t\t\t#rt-tpg-container-4180702986 .post-sm .post-img,\n\t\t\t\t\t#rt-tpg-container-4180702986 .rt-post-grid .post-img,\n\t\t\t\t\t#rt-tpg-container-4180702986 .post-img img {border-radius:px;}#rt-tpg-container-4180702986 .layout9 .rt-holder h2.entry-title,\n\t\t\t\t\t#rt-tpg-container-4180702986 .layout9 .rt-holder h3.entry-title,\n\t\t\t\t\t#rt-tpg-container-4180702986 .layout9 .rt-holder h4.entry-title,\n\t\t\t\t\t#rt-tpg-container-4180702986 .layout9 .rt-holder h2.entry-title a,\n\t\t\t\t\t#rt-tpg-container-4180702986 .layout9 .rt-holder h3.entry-title a,\n\t\t\t\t\t#rt-tpg-container-4180702986 .layout9 .rt-holder h4.entry-title a,\n\t\t\t\t\t#rt-tpg-container-4180702986 .rt-holder .rt-woo-info h2 a,\n\t\t\t\t\t#rt-tpg-container-4180702986 .rt-holder .rt-woo-info h3 a,\n\t\t\t\t\t#rt-tpg-container-4180702986 .rt-holder .rt-woo-info h4 a,\n\t\t\t\t\t#rt-tpg-container-4180702986 .post-content .post-title,\n\t\t\t\t\t#rt-tpg-container-4180702986 .rt-post-grid .post-title,\n\t\t\t\t\t#rt-tpg-container-4180702986 .rt-post-grid .post-title a,\n\t\t\t\t\t#rt-tpg-container-4180702986 .post-content .post-title a,\n\t\t\t\t\t#rt-tpg-container-4180702986 .rt-holder .rt-woo-info h2,\n\t\t\t\t\t#rt-tpg-container-4180702986 .rt-holder .rt-woo-info h3,\n\t\t\t\t\t#rt-tpg-container-4180702986 .rt-holder .rt-woo-info h4{font-size:16px;line-height:26px;font-weight:normal;text-align:center;}#rt-tpg-container-4180702986 .post-grid-lg-style-1 .post-title,\n\t\t\t\t\t\t#rt-tpg-container-4180702986 .post-grid-lg-style-1 .post-title a,\n\t\t\t\t\t\t#rt-tpg-container-4180702986 .big-layout .post-title,\n\t\t\t\t\t\t#rt-tpg-container-4180702986 .big-layout .post-title a,\n\t\t\t\t\t\t#rt-tpg-container-4180702986 .post-grid-lg-style-1 .post-title,\n\t\t\t\t\t\t#rt-tpg-container-4180702986 .post-grid-lg-style-1 .post-title a {font-size:24px;line-height:34px;}<\/style><div class='rt-container-fluid rt-tpg-container tpg-shortcode-main-wrapper ' id='rt-tpg-container-4180702986'   data-layout='layout9' data-grid-style='masonry' data-desktop-col='3'  data-tab-col='2'  data-mobile-col='1' data-sc-id='12026'><div data-title='Loading ...' class='rt-row rt-content-loader   layout9 tpg-masonry '><div class=\"rt-col-md-4 rt-col-sm-6 rt-col-xs-12 masonry-grid-item rt-grid-item img_zoom_in\" data-id=\"12023\"><div class=\"rt-holder\"><div class='overlay'><a data-id='12023' class=' tpg-single-popup' href='https:\/\/meeplendice.net\/?page_id=12023'><img loading=\"lazy\" decoding=\"async\" width=\"350\" height=\"350\" src=\"https:\/\/meeplendice.net\/wp-content\/uploads\/2024\/03\/Canvas_reflets.png\" class=\"rt-img-responsive \" alt=\"\" \/><\/a><\/div><div class='post-info'><h3 class=\"entry-title\"><a data-id=\"12023\" class=\" tpg-single-popup\" href=\"https:\/\/meeplendice.net\/?page_id=12023\">Reflets<\/a><\/h3><div class='post-meta-user '><\/div><\/div><\/div><\/div><\/div><div class='rt-pagination-wrap' data-total-pages='1' data-posts-per-page='3' data-type='pagination_ajax'  ><div class='rt-page-numbers'><\/div><\/div><\/div><\/p>\n<\/div>\n<\/div><\/div><\/div><\/div><div id=\"pg-9365-5\"  class=\"panel-grid panel-no-style\" ><div id=\"pgc-9365-5-0\"  class=\"panel-grid-cell\" ><div id=\"panel-9365-5-0-0\" class=\"so-panel widget widget_sow-editor panel-first-child panel-last-child\" data-index=\"10\" ><div\n\t\t\t\n\t\t\tclass=\"so-widget-sow-editor so-widget-sow-editor-base\"\n\t\t\t\n\t\t>\n<div class=\"siteorigin-widget-tinymce textwidget\">\n\t<hr \/>\n<h3 style=\"text-align: center;\">Pour aller plus loin<\/h3>\n<\/div>\n<\/div><\/div><\/div><\/div><\/div>","protected":false},"excerpt":{"rendered":"<p>Nombre de joueurs : 1 &#8211; 5 Dur\u00e9e moyenne : 30 min Age : 10 ans et plus Auteur(s) : Jeffrey Chin Andrew Nerger Illustrations : Luan Huynh \u00c9dition : Road To Infamy Games 2021 Version : Fran\u00e7aise<\/p>\n","protected":false},"author":2,"featured_media":8993,"parent":0,"menu_order":0,"comment_status":"closed","ping_status":"closed","template":"","meta":{"footnotes":""},"class_list":["post-9365","page","type-page","status-publish","has-post-thumbnail","hentry"],"acf":[],"rttpg_featured_image_url":{"full":["https:\/\/meeplendice.net\/wp-content\/uploads\/2022\/01\/Canvas.png",350,350,false],"landscape":["https:\/\/meeplendice.net\/wp-content\/uploads\/2022\/01\/Canvas.png",350,350,false],"portraits":["https:\/\/meeplendice.net\/wp-content\/uploads\/2022\/01\/Canvas.png",350,350,false],"thumbnail":["https:\/\/meeplendice.net\/wp-content\/uploads\/2022\/01\/Canvas-150x150.png",150,150,true],"medium":["https:\/\/meeplendice.net\/wp-content\/uploads\/2022\/01\/Canvas-300x300.png",300,300,true],"large":["https:\/\/meeplendice.net\/wp-content\/uploads\/2022\/01\/Canvas.png",350,350,false],"ug_big":["https:\/\/meeplendice.net\/wp-content\/uploads\/2022\/01\/Canvas.png",350,350,false],"1536x1536":["https:\/\/meeplendice.net\/wp-content\/uploads\/2022\/01\/Canvas.png",350,350,false],"2048x2048":["https:\/\/meeplendice.net\/wp-content\/uploads\/2022\/01\/Canvas.png",350,350,false],"ashe-slider-grid-thumbnail":["https:\/\/meeplendice.net\/wp-content\/uploads\/2022\/01\/Canvas.png",350,350,false],"ashe-full-thumbnail":["https:\/\/meeplendice.net\/wp-content\/uploads\/2022\/01\/Canvas.png",350,350,false],"ashe-grid-thumbnail":["https:\/\/meeplendice.net\/wp-content\/uploads\/2022\/01\/Canvas-350x330.png",350,330,true],"ashe-list-thumbnail":["https:\/\/meeplendice.net\/wp-content\/uploads\/2022\/01\/Canvas-300x300.png",300,300,true],"ashe-single-navigation":["https:\/\/meeplendice.net\/wp-content\/uploads\/2022\/01\/Canvas-75x75.png",75,75,true],"mailpoet_newsletter_max":["https:\/\/meeplendice.net\/wp-content\/uploads\/2022\/01\/Canvas.png",350,350,false],"rpwe-thumbnail":["https:\/\/meeplendice.net\/wp-content\/uploads\/2022\/01\/Canvas-45x45.png",45,45,true],"sow-carousel-default":["https:\/\/meeplendice.net\/wp-content\/uploads\/2022\/01\/Canvas-272x182.png",272,182,true],"rt_custom":["https:\/\/meeplendice.net\/wp-content\/uploads\/2022\/01\/Canvas.png",350,350,false]},"rttpg_author":{"display_name":"Karnby","author_link":"https:\/\/meeplendice.net\/?author=2"},"rttpg_comment":0,"rttpg_category":null,"rttpg_excerpt":"Nombre de joueurs : 1 - 5 Dur\u00e9e moyenne : 30 min Age : 10 ans et plus Auteur(s) : Jeffrey Chin Andrew Nerger Illustrations : Luan Huynh \u00c9dition : Road To Infamy Games 2021 Version : Fran\u00e7aise","_links":{"self":[{"href":"https:\/\/meeplendice.net\/index.php?rest_route=\/wp\/v2\/pages\/9365","targetHints":{"allow":["GET"]}}],"collection":[{"href":"https:\/\/meeplendice.net\/index.php?rest_route=\/wp\/v2\/pages"}],"about":[{"href":"https:\/\/meeplendice.net\/index.php?rest_route=\/wp\/v2\/types\/page"}],"author":[{"embeddable":true,"href":"https:\/\/meeplendice.net\/index.php?rest_route=\/wp\/v2\/users\/2"}],"replies":[{"embeddable":true,"href":"https:\/\/meeplendice.net\/index.php?rest_route=%2Fwp%2Fv2%2Fcomments&post=9365"}],"version-history":[{"count":6,"href":"https:\/\/meeplendice.net\/index.php?rest_route=\/wp\/v2\/pages\/9365\/revisions"}],"predecessor-version":[{"id":12028,"href":"https:\/\/meeplendice.net\/index.php?rest_route=\/wp\/v2\/pages\/9365\/revisions\/12028"}],"wp:featuredmedia":[{"embeddable":true,"href":"https:\/\/meeplendice.net\/index.php?rest_route=\/wp\/v2\/media\/8993"}],"wp:attachment":[{"href":"https:\/\/meeplendice.net\/index.php?rest_route=%2Fwp%2Fv2%2Fmedia&parent=9365"}],"curies":[{"name":"wp","href":"https:\/\/api.w.org\/{rel}","templated":true}]}}