{"id":9392,"date":"2022-01-23T18:18:12","date_gmt":"2022-01-23T17:18:12","guid":{"rendered":"https:\/\/meeplendice.net\/?page_id=9392"},"modified":"2022-01-23T18:18:12","modified_gmt":"2022-01-23T17:18:12","slug":"crisis","status":"publish","type":"page","link":"https:\/\/meeplendice.net\/?page_id=9392","title":{"rendered":"Crisis"},"content":{"rendered":"<div id=\"pl-9392\"  class=\"panel-layout\" ><div id=\"pg-9392-0\"  class=\"panel-grid panel-no-style\" ><div id=\"pgc-9392-0-0\"  class=\"panel-grid-cell\" ><div id=\"panel-9392-0-0-0\" class=\"so-panel widget widget_sow-editor panel-first-child panel-last-child\" data-index=\"0\" ><div\n\t\t\t\n\t\t\tclass=\"so-widget-sow-editor so-widget-sow-editor-base\"\n\t\t\t\n\t\t>\n<div class=\"siteorigin-widget-tinymce textwidget\">\n\t<p style=\"text-align: center;\"><strong>Nombre de joueurs :<\/strong><br \/>\n1 - 5<\/p>\n<\/div>\n<\/div><\/div><\/div><div id=\"pgc-9392-0-1\"  class=\"panel-grid-cell\" ><div id=\"panel-9392-0-1-0\" class=\"so-panel widget widget_sow-editor panel-first-child panel-last-child\" data-index=\"1\" ><div\n\t\t\t\n\t\t\tclass=\"so-widget-sow-editor so-widget-sow-editor-base\"\n\t\t\t\n\t\t>\n<div class=\"siteorigin-widget-tinymce textwidget\">\n\t<p style=\"text-align: center;\"><strong>Dur\u00e9e moyenne :<\/strong><br \/>\n120 min<\/p>\n<\/div>\n<\/div><\/div><\/div><div id=\"pgc-9392-0-2\"  class=\"panel-grid-cell\" ><div id=\"panel-9392-0-2-0\" class=\"so-panel widget widget_sow-editor panel-first-child panel-last-child\" data-index=\"2\" ><div\n\t\t\t\n\t\t\tclass=\"so-widget-sow-editor so-widget-sow-editor-base\"\n\t\t\t\n\t\t>\n<div class=\"siteorigin-widget-tinymce textwidget\">\n\t<p style=\"text-align: center;\"><strong>Age :<\/strong><br \/>\n14 ans et plus<\/p>\n<\/div>\n<\/div><\/div><\/div><\/div><div id=\"pg-9392-1\"  class=\"panel-grid panel-no-style\" ><div id=\"pgc-9392-1-0\"  class=\"panel-grid-cell\" ><div id=\"panel-9392-1-0-0\" class=\"so-panel widget widget_sow-editor panel-first-child panel-last-child\" data-index=\"3\" ><div\n\t\t\t\n\t\t\tclass=\"so-widget-sow-editor so-widget-sow-editor-base\"\n\t\t\t\n\t\t>\n<div class=\"siteorigin-widget-tinymce textwidget\">\n\t<p style=\"text-align: center;\"><strong>Auteur(s) :<br \/>\n<\/strong>Pantelis Bouboulis<br \/>\nSotiris Tsantilas<\/p>\n<\/div>\n<\/div><\/div><\/div><div id=\"pgc-9392-1-1\"  class=\"panel-grid-cell\" ><div id=\"panel-9392-1-1-0\" class=\"so-panel widget widget_sow-editor panel-first-child panel-last-child\" data-index=\"4\" ><div\n\t\t\t\n\t\t\tclass=\"so-widget-sow-editor so-widget-sow-editor-base\"\n\t\t\t\n\t\t>\n<div class=\"siteorigin-widget-tinymce textwidget\">\n\t<p style=\"text-align: center;\"><strong>Illustrations :<\/strong><br \/>\nAnthony Cournoyer<\/p>\n<\/div>\n<\/div><\/div><\/div><div id=\"pgc-9392-1-2\"  class=\"panel-grid-cell\" ><div id=\"panel-9392-1-2-0\" class=\"so-panel widget widget_sow-editor panel-first-child panel-last-child\" data-index=\"5\" ><div\n\t\t\t\n\t\t\tclass=\"so-widget-sow-editor so-widget-sow-editor-base\"\n\t\t\t\n\t\t>\n<div class=\"siteorigin-widget-tinymce textwidget\">\n\t<p style=\"text-align: center;\"><strong>\u00c9dition :<\/strong><br \/>\nGeek Attitude Games<br \/>\n2021<\/p>\n<\/div>\n<\/div><\/div><\/div><div id=\"pgc-9392-1-3\"  class=\"panel-grid-cell\" ><div id=\"panel-9392-1-3-0\" class=\"so-panel widget widget_sow-editor panel-first-child panel-last-child\" data-index=\"6\" ><div\n\t\t\t\n\t\t\tclass=\"so-widget-sow-editor so-widget-sow-editor-base\"\n\t\t\t\n\t\t>\n<div class=\"siteorigin-widget-tinymce textwidget\">\n\t<p style=\"text-align: center;\"><strong>Version :<\/strong><br \/>\nFran\u00e7aise<\/p>\n<\/div>\n<\/div><\/div><\/div><\/div><div id=\"pg-9392-2\"  class=\"panel-grid panel-no-style\" ><div id=\"pgc-9392-2-0\"  class=\"panel-grid-cell\" ><div id=\"panel-9392-2-0-0\" class=\"so-panel widget widget_sow-editor panel-first-child panel-last-child\" data-index=\"7\" ><div\n\t\t\t\n\t\t\tclass=\"so-widget-sow-editor so-widget-sow-editor-base\"\n\t\t\t\n\t\t>\n<div class=\"siteorigin-widget-tinymce textwidget\">\n\t<hr \/>\n<p><em>Axia, un pays au pass\u00e9 glorieux, au pr\u00e9sent incertain et \u00e0 l'avenir impr\u00e9visible.<\/em><\/p>\n<p><em>Habit\u00e9e par un peuple fervant, Axia est en crise \u00e9conomique, sociale et politique : elle conna\u00eet la plus longue r\u00e9cession de son histoire moderne, les plus grandes in\u00e9galit\u00e9s depuis des d\u00e9cennies et un syst\u00e8me politique au bord de l'implosion.<br \/>\nA plus d'un titre, Axia se bat contre elle-m\u00eame. Les dissensions du pass\u00e9 ont refait surface, entra\u00eenant dans leur sillage de nouveaux conflits. La g\u00e9n\u00e9ration actuelle et les suivantes ont tout \u00e0 perdre.<\/em><\/p>\n<p>Prendrez-vous part au soutien \u00e9conomique d'Axia ? Sacrifierez-vous votre profit imm\u00e9diat pour un avenir meilleur ? Peut-\u00eatre pourrez-vous traverser cette \u00e9preuve et m\u00eame prosp\u00e9rer si vous r\u00e9ussissez \u00e0 saisir les opportunit\u00e9s l\u00e0 o\u00f9 les autres ne voient que la crise.<\/p>\n<p>Dans <em>Crisis<\/em>, chaque joueur incarne un investisseur cherchant \u00e0 racheter les entreprises en difficult\u00e9, embaucher des employ\u00e9s, attirer des capitaux et produire des biens d\u2019exportation.<br \/>\nL\u2019\u00e9conomie parall\u00e8le peut faire gagner de l'influence et \u00eatre une autre source de b\u00e9n\u00e9fices, mais les joueurs doivent \u00eatre pr\u00e9cautionneux \u2014 graisser trop de pattes est dangereux et plombe l\u2019\u00e9conomie. Cela peut aller jusqu'\u00e0 la faillite du pays<br \/>\net \u00e0 une fin de partie pr\u00e9matur\u00e9e !<br \/>\nAvec du travail et en anticipant l\u2019avenir, le vainqueur sera celui qui aura su saisir les opportunit\u00e9s l\u00e0 o\u00f9 les autres ne voyaient que la crise !<\/p>\n<p>Toute ressemblance entre le jeu des deux auteurs (grecs) et la r\u00e9alit\u00e9 ne saurait \u00eatre qu'une co\u00efncidence fortuite.<\/p>\n<\/div>\n<\/div><\/div><\/div><\/div><div id=\"pg-9392-3\"  class=\"panel-grid panel-no-style\" ><div id=\"pgc-9392-3-0\"  class=\"panel-grid-cell\" ><div id=\"panel-9392-3-0-0\" class=\"so-panel widget widget_sow-editor panel-first-child panel-last-child\" data-index=\"8\" ><div\n\t\t\t\n\t\t\tclass=\"so-widget-sow-editor so-widget-sow-editor-base\"\n\t\t\t\n\t\t>\n<div class=\"siteorigin-widget-tinymce textwidget\">\n\t<hr \/>\n<h3 style=\"text-align: center;\">En vid\u00e9o<\/h3>\n<\/div>\n<\/div><\/div><\/div><\/div><div id=\"pg-9392-4\"  class=\"panel-grid panel-no-style\" ><div id=\"pgc-9392-4-0\"  class=\"panel-grid-cell\" ><div id=\"panel-9392-4-0-0\" class=\"so-panel widget widget_sow-editor panel-first-child panel-last-child\" data-index=\"9\" ><div\n\t\t\t\n\t\t\tclass=\"so-widget-sow-editor so-widget-sow-editor-base\"\n\t\t\t\n\t\t>\n<div class=\"siteorigin-widget-tinymce textwidget\">\n\t<hr \/>\n<h3 style=\"text-align: center;\">Pour aller plus loin<\/h3>\n<\/div>\n<\/div><\/div><\/div><\/div><\/div>","protected":false},"excerpt":{"rendered":"<p>Nombre de joueurs : 1 &#8211; 5 Dur\u00e9e moyenne : 120 min Age : 14 ans et plus Auteur(s) : Pantelis Bouboulis Sotiris Tsantilas Illustrations : Anthony Cournoyer \u00c9dition : Geek Attitude Games 2021 Version : Fran\u00e7aise<\/p>\n","protected":false},"author":2,"featured_media":9393,"parent":0,"menu_order":0,"comment_status":"closed","ping_status":"closed","template":"","meta":{"footnotes":""},"class_list":["post-9392","page","type-page","status-publish","has-post-thumbnail","hentry"],"acf":[],"rttpg_featured_image_url":{"full":["https:\/\/meeplendice.net\/wp-content\/uploads\/2022\/01\/Crisis.png",350,350,false],"landscape":["https:\/\/meeplendice.net\/wp-content\/uploads\/2022\/01\/Crisis.png",350,350,false],"portraits":["https:\/\/meeplendice.net\/wp-content\/uploads\/2022\/01\/Crisis.png",350,350,false],"thumbnail":["https:\/\/meeplendice.net\/wp-content\/uploads\/2022\/01\/Crisis-150x150.png",150,150,true],"medium":["https:\/\/meeplendice.net\/wp-content\/uploads\/2022\/01\/Crisis-300x300.png",300,300,true],"large":["https:\/\/meeplendice.net\/wp-content\/uploads\/2022\/01\/Crisis.png",350,350,false],"ug_big":["https:\/\/meeplendice.net\/wp-content\/uploads\/2022\/01\/Crisis.png",350,350,false],"1536x1536":["https:\/\/meeplendice.net\/wp-content\/uploads\/2022\/01\/Crisis.png",350,350,false],"2048x2048":["https:\/\/meeplendice.net\/wp-content\/uploads\/2022\/01\/Crisis.png",350,350,false],"ashe-slider-grid-thumbnail":["https:\/\/meeplendice.net\/wp-content\/uploads\/2022\/01\/Crisis.png",350,350,false],"ashe-full-thumbnail":["https:\/\/meeplendice.net\/wp-content\/uploads\/2022\/01\/Crisis.png",350,350,false],"ashe-grid-thumbnail":["https:\/\/meeplendice.net\/wp-content\/uploads\/2022\/01\/Crisis-350x330.png",350,330,true],"ashe-list-thumbnail":["https:\/\/meeplendice.net\/wp-content\/uploads\/2022\/01\/Crisis-300x300.png",300,300,true],"ashe-single-navigation":["https:\/\/meeplendice.net\/wp-content\/uploads\/2022\/01\/Crisis-75x75.png",75,75,true],"mailpoet_newsletter_max":["https:\/\/meeplendice.net\/wp-content\/uploads\/2022\/01\/Crisis.png",350,350,false],"rpwe-thumbnail":["https:\/\/meeplendice.net\/wp-content\/uploads\/2022\/01\/Crisis-45x45.png",45,45,true],"sow-carousel-default":["https:\/\/meeplendice.net\/wp-content\/uploads\/2022\/01\/Crisis-272x182.png",272,182,true],"rt_custom":["https:\/\/meeplendice.net\/wp-content\/uploads\/2022\/01\/Crisis.png",350,350,false]},"rttpg_author":{"display_name":"Karnby","author_link":"https:\/\/meeplendice.net\/?author=2"},"rttpg_comment":0,"rttpg_category":null,"rttpg_excerpt":"Nombre de joueurs : 1 - 5 Dur\u00e9e moyenne : 120 min Age : 14 ans et plus Auteur(s) : Pantelis Bouboulis Sotiris Tsantilas Illustrations : Anthony Cournoyer \u00c9dition : Geek Attitude Games 2021 Version : Fran\u00e7aise","_links":{"self":[{"href":"https:\/\/meeplendice.net\/index.php?rest_route=\/wp\/v2\/pages\/9392","targetHints":{"allow":["GET"]}}],"collection":[{"href":"https:\/\/meeplendice.net\/index.php?rest_route=\/wp\/v2\/pages"}],"about":[{"href":"https:\/\/meeplendice.net\/index.php?rest_route=\/wp\/v2\/types\/page"}],"author":[{"embeddable":true,"href":"https:\/\/meeplendice.net\/index.php?rest_route=\/wp\/v2\/users\/2"}],"replies":[{"embeddable":true,"href":"https:\/\/meeplendice.net\/index.php?rest_route=%2Fwp%2Fv2%2Fcomments&post=9392"}],"version-history":[{"count":3,"href":"https:\/\/meeplendice.net\/index.php?rest_route=\/wp\/v2\/pages\/9392\/revisions"}],"predecessor-version":[{"id":9397,"href":"https:\/\/meeplendice.net\/index.php?rest_route=\/wp\/v2\/pages\/9392\/revisions\/9397"}],"wp:featuredmedia":[{"embeddable":true,"href":"https:\/\/meeplendice.net\/index.php?rest_route=\/wp\/v2\/media\/9393"}],"wp:attachment":[{"href":"https:\/\/meeplendice.net\/index.php?rest_route=%2Fwp%2Fv2%2Fmedia&parent=9392"}],"curies":[{"name":"wp","href":"https:\/\/api.w.org\/{rel}","templated":true}]}}