{"id":9398,"date":"2022-01-23T19:06:42","date_gmt":"2022-01-23T18:06:42","guid":{"rendered":"https:\/\/meeplendice.net\/?page_id=9398"},"modified":"2022-01-23T19:06:42","modified_gmt":"2022-01-23T18:06:42","slug":"tranquillite-2","status":"publish","type":"page","link":"https:\/\/meeplendice.net\/?page_id=9398","title":{"rendered":"Tranquillit\u00e9"},"content":{"rendered":"<div id=\"pl-9398\"  class=\"panel-layout\" ><div id=\"pg-9398-0\"  class=\"panel-grid panel-no-style\" ><div id=\"pgc-9398-0-0\"  class=\"panel-grid-cell\" ><div id=\"panel-9398-0-0-0\" class=\"so-panel widget widget_sow-editor panel-first-child panel-last-child\" data-index=\"0\" ><div\n\t\t\t\n\t\t\tclass=\"so-widget-sow-editor so-widget-sow-editor-base\"\n\t\t\t\n\t\t>\n<div class=\"siteorigin-widget-tinymce textwidget\">\n\t<p style=\"text-align: center;\"><strong>Nombre de joueurs :<\/strong><br \/>\n1 - 5<\/p>\n<\/div>\n<\/div><\/div><\/div><div id=\"pgc-9398-0-1\"  class=\"panel-grid-cell\" ><div id=\"panel-9398-0-1-0\" class=\"so-panel widget widget_sow-editor panel-first-child panel-last-child\" data-index=\"1\" ><div\n\t\t\t\n\t\t\tclass=\"so-widget-sow-editor so-widget-sow-editor-base\"\n\t\t\t\n\t\t>\n<div class=\"siteorigin-widget-tinymce textwidget\">\n\t<p style=\"text-align: center;\"><strong>Dur\u00e9e moyenne :<\/strong><br \/>\n30 min<\/p>\n<\/div>\n<\/div><\/div><\/div><div id=\"pgc-9398-0-2\"  class=\"panel-grid-cell\" ><div id=\"panel-9398-0-2-0\" class=\"so-panel widget widget_sow-editor panel-first-child panel-last-child\" data-index=\"2\" ><div\n\t\t\t\n\t\t\tclass=\"so-widget-sow-editor so-widget-sow-editor-base\"\n\t\t\t\n\t\t>\n<div class=\"siteorigin-widget-tinymce textwidget\">\n\t<p style=\"text-align: center;\"><strong>Age :<\/strong><br \/>\n8 ans et plus<\/p>\n<\/div>\n<\/div><\/div><\/div><\/div><div id=\"pg-9398-1\"  class=\"panel-grid panel-no-style\" ><div id=\"pgc-9398-1-0\"  class=\"panel-grid-cell\" ><div id=\"panel-9398-1-0-0\" class=\"so-panel widget widget_sow-editor panel-first-child panel-last-child\" data-index=\"3\" ><div\n\t\t\t\n\t\t\tclass=\"so-widget-sow-editor so-widget-sow-editor-base\"\n\t\t\t\n\t\t>\n<div class=\"siteorigin-widget-tinymce textwidget\">\n\t<p style=\"text-align: center;\"><strong>Auteur(s) :<br \/>\n<\/strong>James Emmerson<\/p>\n<\/div>\n<\/div><\/div><\/div><div id=\"pgc-9398-1-1\"  class=\"panel-grid-cell\" ><div id=\"panel-9398-1-1-0\" class=\"so-panel widget widget_sow-editor panel-first-child panel-last-child\" data-index=\"4\" ><div\n\t\t\t\n\t\t\tclass=\"so-widget-sow-editor so-widget-sow-editor-base\"\n\t\t\t\n\t\t>\n<div class=\"siteorigin-widget-tinymce textwidget\">\n\t<p style=\"text-align: center;\"><strong>Illustrations :<\/strong><br \/>\nTristam Rossin<\/p>\n<\/div>\n<\/div><\/div><\/div><div id=\"pgc-9398-1-2\"  class=\"panel-grid-cell\" ><div id=\"panel-9398-1-2-0\" class=\"so-panel widget widget_sow-editor panel-first-child panel-last-child\" data-index=\"5\" ><div\n\t\t\t\n\t\t\tclass=\"so-widget-sow-editor so-widget-sow-editor-base\"\n\t\t\t\n\t\t>\n<div class=\"siteorigin-widget-tinymce textwidget\">\n\t<p style=\"text-align: center;\"><strong>\u00c9dition :<br \/>\n<\/strong> Lucky Duck Games<br \/>\n2021<\/p>\n<\/div>\n<\/div><\/div><\/div><div id=\"pgc-9398-1-3\"  class=\"panel-grid-cell\" ><div id=\"panel-9398-1-3-0\" class=\"so-panel widget widget_sow-editor panel-first-child panel-last-child\" data-index=\"6\" ><div\n\t\t\t\n\t\t\tclass=\"so-widget-sow-editor so-widget-sow-editor-base\"\n\t\t\t\n\t\t>\n<div class=\"siteorigin-widget-tinymce textwidget\">\n\t<p style=\"text-align: center;\"><strong>Version :<\/strong><br \/>\nFran\u00e7aise<\/p>\n<\/div>\n<\/div><\/div><\/div><\/div><div id=\"pg-9398-2\"  class=\"panel-grid panel-no-style\" ><div id=\"pgc-9398-2-0\"  class=\"panel-grid-cell\" ><div id=\"panel-9398-2-0-0\" class=\"so-panel widget widget_sow-editor panel-first-child panel-last-child\" data-index=\"7\" ><div\n\t\t\t\n\t\t\tclass=\"so-widget-sow-editor so-widget-sow-editor-base\"\n\t\t\t\n\t\t>\n<div class=\"siteorigin-widget-tinymce textwidget\">\n\t<hr \/>\n<p><em>Tranquillit\u00e9<\/em> est un jeu de cartes coop\u00e9ratif o\u00f9 les joueurs doivent remplir la mer avec des \u00eeles et guider le bateau vers sa destination avant qu'un joueur ne soit \u00e0 court d'actions. Cependant, dans le monde de Tranquillit\u00e9, la seule fa\u00e7on de jouer est en silence.<\/p>\n<\/div>\n<\/div><\/div><\/div><\/div><div id=\"pg-9398-3\"  class=\"panel-grid panel-no-style\" ><div id=\"pgc-9398-3-0\"  class=\"panel-grid-cell\" ><div id=\"panel-9398-3-0-0\" class=\"so-panel widget widget_sow-editor panel-first-child panel-last-child\" data-index=\"8\" ><div\n\t\t\t\n\t\t\tclass=\"so-widget-sow-editor so-widget-sow-editor-base\"\n\t\t\t\n\t\t>\n<div class=\"siteorigin-widget-tinymce textwidget\">\n\t<hr \/>\n<h3 style=\"text-align: center;\">En vid\u00e9o<\/h3>\n<\/div>\n<\/div><\/div><\/div><\/div><div id=\"pg-9398-4\"  class=\"panel-grid panel-no-style\" ><div id=\"pgc-9398-4-0\"  class=\"panel-grid-cell\" ><div id=\"panel-9398-4-0-0\" class=\"so-panel widget widget_sow-editor panel-first-child panel-last-child\" data-index=\"9\" ><div\n\t\t\t\n\t\t\tclass=\"so-widget-sow-editor so-widget-sow-editor-base\"\n\t\t\t\n\t\t>\n<div class=\"siteorigin-widget-tinymce textwidget\">\n\t<hr \/>\n<h3 style=\"text-align: center;\">Pour aller plus loin<\/h3>\n<\/div>\n<\/div><\/div><\/div><\/div><\/div>","protected":false},"excerpt":{"rendered":"<p>Nombre de joueurs : 1 &#8211; 5 Dur\u00e9e moyenne : 30 min Age : 8 ans et plus Auteur(s) : James Emmerson Illustrations : Tristam Rossin \u00c9dition : Lucky Duck Games 2021 Version : Fran\u00e7aise<\/p>\n","protected":false},"author":2,"featured_media":8990,"parent":0,"menu_order":0,"comment_status":"closed","ping_status":"closed","template":"","meta":{"footnotes":""},"class_list":["post-9398","page","type-page","status-publish","has-post-thumbnail","hentry"],"acf":[],"rttpg_featured_image_url":{"full":["https:\/\/meeplendice.net\/wp-content\/uploads\/2022\/01\/Tranquillite.png",350,350,false],"landscape":["https:\/\/meeplendice.net\/wp-content\/uploads\/2022\/01\/Tranquillite.png",350,350,false],"portraits":["https:\/\/meeplendice.net\/wp-content\/uploads\/2022\/01\/Tranquillite.png",350,350,false],"thumbnail":["https:\/\/meeplendice.net\/wp-content\/uploads\/2022\/01\/Tranquillite-150x150.png",150,150,true],"medium":["https:\/\/meeplendice.net\/wp-content\/uploads\/2022\/01\/Tranquillite-300x300.png",300,300,true],"large":["https:\/\/meeplendice.net\/wp-content\/uploads\/2022\/01\/Tranquillite.png",350,350,false],"ug_big":["https:\/\/meeplendice.net\/wp-content\/uploads\/2022\/01\/Tranquillite.png",350,350,false],"1536x1536":["https:\/\/meeplendice.net\/wp-content\/uploads\/2022\/01\/Tranquillite.png",350,350,false],"2048x2048":["https:\/\/meeplendice.net\/wp-content\/uploads\/2022\/01\/Tranquillite.png",350,350,false],"ashe-slider-grid-thumbnail":["https:\/\/meeplendice.net\/wp-content\/uploads\/2022\/01\/Tranquillite.png",350,350,false],"ashe-full-thumbnail":["https:\/\/meeplendice.net\/wp-content\/uploads\/2022\/01\/Tranquillite.png",350,350,false],"ashe-grid-thumbnail":["https:\/\/meeplendice.net\/wp-content\/uploads\/2022\/01\/Tranquillite-350x330.png",350,330,true],"ashe-list-thumbnail":["https:\/\/meeplendice.net\/wp-content\/uploads\/2022\/01\/Tranquillite-300x300.png",300,300,true],"ashe-single-navigation":["https:\/\/meeplendice.net\/wp-content\/uploads\/2022\/01\/Tranquillite-75x75.png",75,75,true],"mailpoet_newsletter_max":["https:\/\/meeplendice.net\/wp-content\/uploads\/2022\/01\/Tranquillite.png",350,350,false],"rpwe-thumbnail":["https:\/\/meeplendice.net\/wp-content\/uploads\/2022\/01\/Tranquillite-45x45.png",45,45,true],"sow-carousel-default":["https:\/\/meeplendice.net\/wp-content\/uploads\/2022\/01\/Tranquillite-272x182.png",272,182,true],"rt_custom":["https:\/\/meeplendice.net\/wp-content\/uploads\/2022\/01\/Tranquillite.png",350,350,false]},"rttpg_author":{"display_name":"Karnby","author_link":"https:\/\/meeplendice.net\/?author=2"},"rttpg_comment":0,"rttpg_category":null,"rttpg_excerpt":"Nombre de joueurs : 1 - 5 Dur\u00e9e moyenne : 30 min Age : 8 ans et plus Auteur(s) : James Emmerson Illustrations : Tristam Rossin \u00c9dition : Lucky Duck Games 2021 Version : Fran\u00e7aise","_links":{"self":[{"href":"https:\/\/meeplendice.net\/index.php?rest_route=\/wp\/v2\/pages\/9398","targetHints":{"allow":["GET"]}}],"collection":[{"href":"https:\/\/meeplendice.net\/index.php?rest_route=\/wp\/v2\/pages"}],"about":[{"href":"https:\/\/meeplendice.net\/index.php?rest_route=\/wp\/v2\/types\/page"}],"author":[{"embeddable":true,"href":"https:\/\/meeplendice.net\/index.php?rest_route=\/wp\/v2\/users\/2"}],"replies":[{"embeddable":true,"href":"https:\/\/meeplendice.net\/index.php?rest_route=%2Fwp%2Fv2%2Fcomments&post=9398"}],"version-history":[{"count":3,"href":"https:\/\/meeplendice.net\/index.php?rest_route=\/wp\/v2\/pages\/9398\/revisions"}],"predecessor-version":[{"id":9402,"href":"https:\/\/meeplendice.net\/index.php?rest_route=\/wp\/v2\/pages\/9398\/revisions\/9402"}],"wp:featuredmedia":[{"embeddable":true,"href":"https:\/\/meeplendice.net\/index.php?rest_route=\/wp\/v2\/media\/8990"}],"wp:attachment":[{"href":"https:\/\/meeplendice.net\/index.php?rest_route=%2Fwp%2Fv2%2Fmedia&parent=9398"}],"curies":[{"name":"wp","href":"https:\/\/api.w.org\/{rel}","templated":true}]}}