{"id":9424,"date":"2022-01-23T20:33:05","date_gmt":"2022-01-23T19:33:05","guid":{"rendered":"https:\/\/meeplendice.net\/?page_id=9424"},"modified":"2023-02-01T19:07:55","modified_gmt":"2023-02-01T18:07:55","slug":"la-revanche-de-floozilla","status":"publish","type":"page","link":"https:\/\/meeplendice.net\/?page_id=9424","title":{"rendered":"La Revanche de Floozilla !"},"content":{"rendered":"<p><em>\u00a0\u00bb Vous reprendrez bien un peu dessert, Nad\u00e8ge ? Retrouvez tout ce qui avait fait naufrager les papillons de votre jeunesse dans The Loop. Au summum du quantique, incarnez le jeune Dr Foo lui-m\u00eame face \u00e0 son futur soi. Diffusez la po\u00e9sie toute m\u00e9di\u00e9vale des Jumeaux Derreck dans les couloirs du temps. Traquez et pi\u00e9gez Foozilla dans le mode Foozillapocalypse, sur les cendres de l&rsquo;Espace-Temps. \u00c9chappez \u00e0 sa furie et scellez ses 7 Boules de Kaiju dans&#8230; Les 7 Boules de Kaiju (vous voyez le lien ?). D\u00e9couvrez les tout nouveaux Artefacts et mission Sabotage mis au point par le d\u00e9partement R&amp;D de l&rsquo;Agence. Largement de quoi impressionner vos coll\u00e8gues \u00e0 la machine \u00e0 caf\u00e9 ! \u00ab\u00a0<\/em><\/p>\n<p>&nbsp;<\/p>\n","protected":false},"excerpt":{"rendered":"<p>\u00a0\u00bb Vous reprendrez bien un peu dessert, Nad\u00e8ge ? Retrouvez tout ce qui avait fait naufrager les papillons de votre jeunesse dans The Loop. Au summum du quantique, incarnez le jeune Dr Foo lui-m\u00eame face \u00e0 son futur soi. Diffusez la po\u00e9sie toute m\u00e9di\u00e9vale des Jumeaux Derreck dans les couloirs du temps. Traquez et pi\u00e9gez Foozilla dans le mode Foozillapocalypse, sur les cendres de l&rsquo;Espace-Temps. \u00c9chappez \u00e0 sa furie et scellez ses 7 Boules de Kaiju dans&#8230; Les 7 Boules de Kaiju (vous voyez le lien ?). D\u00e9couvrez les tout nouveaux Artefacts et mission Sabotage mis au point par le d\u00e9partement R&amp;D de l&rsquo;Agence. Largement de quoi impressionner vos coll\u00e8gues \u00e0 la machine \u00e0 caf\u00e9 ! \u00ab\u00a0 &nbsp;<\/p>\n","protected":false},"author":2,"featured_media":8928,"parent":7650,"menu_order":1,"comment_status":"closed","ping_status":"closed","template":"","meta":{"footnotes":""},"class_list":["post-9424","page","type-page","status-publish","has-post-thumbnail","hentry"],"acf":[],"rttpg_featured_image_url":{"full":["https:\/\/meeplendice.net\/wp-content\/uploads\/2022\/01\/Loop_Foozilla.png",350,350,false],"landscape":["https:\/\/meeplendice.net\/wp-content\/uploads\/2022\/01\/Loop_Foozilla.png",350,350,false],"portraits":["https:\/\/meeplendice.net\/wp-content\/uploads\/2022\/01\/Loop_Foozilla.png",350,350,false],"thumbnail":["https:\/\/meeplendice.net\/wp-content\/uploads\/2022\/01\/Loop_Foozilla-150x150.png",150,150,true],"medium":["https:\/\/meeplendice.net\/wp-content\/uploads\/2022\/01\/Loop_Foozilla-300x300.png",300,300,true],"large":["https:\/\/meeplendice.net\/wp-content\/uploads\/2022\/01\/Loop_Foozilla.png",350,350,false],"ug_big":["https:\/\/meeplendice.net\/wp-content\/uploads\/2022\/01\/Loop_Foozilla.png",350,350,false],"1536x1536":["https:\/\/meeplendice.net\/wp-content\/uploads\/2022\/01\/Loop_Foozilla.png",350,350,false],"2048x2048":["https:\/\/meeplendice.net\/wp-content\/uploads\/2022\/01\/Loop_Foozilla.png",350,350,false],"ashe-slider-grid-thumbnail":["https:\/\/meeplendice.net\/wp-content\/uploads\/2022\/01\/Loop_Foozilla.png",350,350,false],"ashe-full-thumbnail":["https:\/\/meeplendice.net\/wp-content\/uploads\/2022\/01\/Loop_Foozilla.png",350,350,false],"ashe-grid-thumbnail":["https:\/\/meeplendice.net\/wp-content\/uploads\/2022\/01\/Loop_Foozilla-350x330.png",350,330,true],"ashe-list-thumbnail":["https:\/\/meeplendice.net\/wp-content\/uploads\/2022\/01\/Loop_Foozilla-300x300.png",300,300,true],"ashe-single-navigation":["https:\/\/meeplendice.net\/wp-content\/uploads\/2022\/01\/Loop_Foozilla-75x75.png",75,75,true],"mailpoet_newsletter_max":["https:\/\/meeplendice.net\/wp-content\/uploads\/2022\/01\/Loop_Foozilla.png",350,350,false],"rpwe-thumbnail":["https:\/\/meeplendice.net\/wp-content\/uploads\/2022\/01\/Loop_Foozilla-45x45.png",45,45,true],"sow-carousel-default":["https:\/\/meeplendice.net\/wp-content\/uploads\/2022\/01\/Loop_Foozilla-272x182.png",272,182,true],"rt_custom":["https:\/\/meeplendice.net\/wp-content\/uploads\/2022\/01\/Loop_Foozilla.png",350,350,false]},"rttpg_author":{"display_name":"Karnby","author_link":"https:\/\/meeplendice.net\/?author=2"},"rttpg_comment":0,"rttpg_category":null,"rttpg_excerpt":"\u00a0\u00bb Vous reprendrez bien un peu dessert, Nad\u00e8ge ? Retrouvez tout ce qui avait fait naufrager les papillons de votre jeunesse dans The Loop. Au summum du quantique, incarnez le jeune Dr Foo lui-m\u00eame face \u00e0 son futur soi. Diffusez la po\u00e9sie toute m\u00e9di\u00e9vale des Jumeaux Derreck dans les couloirs du temps. Traquez et pi\u00e9gez\u2026","_links":{"self":[{"href":"https:\/\/meeplendice.net\/index.php?rest_route=\/wp\/v2\/pages\/9424","targetHints":{"allow":["GET"]}}],"collection":[{"href":"https:\/\/meeplendice.net\/index.php?rest_route=\/wp\/v2\/pages"}],"about":[{"href":"https:\/\/meeplendice.net\/index.php?rest_route=\/wp\/v2\/types\/page"}],"author":[{"embeddable":true,"href":"https:\/\/meeplendice.net\/index.php?rest_route=\/wp\/v2\/users\/2"}],"replies":[{"embeddable":true,"href":"https:\/\/meeplendice.net\/index.php?rest_route=%2Fwp%2Fv2%2Fcomments&post=9424"}],"version-history":[{"count":3,"href":"https:\/\/meeplendice.net\/index.php?rest_route=\/wp\/v2\/pages\/9424\/revisions"}],"predecessor-version":[{"id":10583,"href":"https:\/\/meeplendice.net\/index.php?rest_route=\/wp\/v2\/pages\/9424\/revisions\/10583"}],"up":[{"embeddable":true,"href":"https:\/\/meeplendice.net\/index.php?rest_route=\/wp\/v2\/pages\/7650"}],"wp:featuredmedia":[{"embeddable":true,"href":"https:\/\/meeplendice.net\/index.php?rest_route=\/wp\/v2\/media\/8928"}],"wp:attachment":[{"href":"https:\/\/meeplendice.net\/index.php?rest_route=%2Fwp%2Fv2%2Fmedia&parent=9424"}],"curies":[{"name":"wp","href":"https:\/\/api.w.org\/{rel}","templated":true}]}}