{"id":9427,"date":"2022-01-23T21:27:14","date_gmt":"2022-01-23T20:27:14","guid":{"rendered":"https:\/\/meeplendice.net\/?page_id=9427"},"modified":"2022-01-23T21:28:02","modified_gmt":"2022-01-23T20:28:02","slug":"perdus-dans-lespace","status":"publish","type":"page","link":"https:\/\/meeplendice.net\/?page_id=9427","title":{"rendered":"Perdus dans l&rsquo;Espace"},"content":{"rendered":"<p><em>Sur une plan\u00e8te lointaine, vous \u00eates \u00e0 l&rsquo;ext\u00e9rieur d&rsquo;un vaisseau spatial, l&rsquo;\u00e9quipe \u00e0 bord ne r\u00e9pond plus. Vous commencez \u00e0 manquer d&rsquo;oxyg\u00e8ne. Il y a urgence, vous devez entrer !<\/em><\/p>\n<p><strong>Auteur :<\/strong> Antonio Tinto<br \/>\n<strong>Illustrations :<\/strong> Alberto Besi<\/p>\n","protected":false},"excerpt":{"rendered":"<p>Sur une plan\u00e8te lointaine, vous \u00eates \u00e0 l&rsquo;ext\u00e9rieur d&rsquo;un vaisseau spatial, l&rsquo;\u00e9quipe \u00e0 bord ne r\u00e9pond plus. Vous commencez \u00e0 manquer d&rsquo;oxyg\u00e8ne. Il y a urgence, vous devez entrer ! Auteur : Antonio Tinto Illustrations : Alberto Besi<\/p>\n","protected":false},"author":2,"featured_media":8929,"parent":5738,"menu_order":1,"comment_status":"closed","ping_status":"closed","template":"","meta":{"footnotes":""},"class_list":["post-9427","page","type-page","status-publish","has-post-thumbnail","hentry"],"acf":[],"rttpg_featured_image_url":{"full":["https:\/\/meeplendice.net\/wp-content\/uploads\/2022\/01\/MH_Perdus.png",350,350,false],"landscape":["https:\/\/meeplendice.net\/wp-content\/uploads\/2022\/01\/MH_Perdus.png",350,350,false],"portraits":["https:\/\/meeplendice.net\/wp-content\/uploads\/2022\/01\/MH_Perdus.png",350,350,false],"thumbnail":["https:\/\/meeplendice.net\/wp-content\/uploads\/2022\/01\/MH_Perdus-150x150.png",150,150,true],"medium":["https:\/\/meeplendice.net\/wp-content\/uploads\/2022\/01\/MH_Perdus-300x300.png",300,300,true],"large":["https:\/\/meeplendice.net\/wp-content\/uploads\/2022\/01\/MH_Perdus.png",350,350,false],"ug_big":["https:\/\/meeplendice.net\/wp-content\/uploads\/2022\/01\/MH_Perdus.png",350,350,false],"1536x1536":["https:\/\/meeplendice.net\/wp-content\/uploads\/2022\/01\/MH_Perdus.png",350,350,false],"2048x2048":["https:\/\/meeplendice.net\/wp-content\/uploads\/2022\/01\/MH_Perdus.png",350,350,false],"ashe-slider-grid-thumbnail":["https:\/\/meeplendice.net\/wp-content\/uploads\/2022\/01\/MH_Perdus.png",350,350,false],"ashe-full-thumbnail":["https:\/\/meeplendice.net\/wp-content\/uploads\/2022\/01\/MH_Perdus.png",350,350,false],"ashe-grid-thumbnail":["https:\/\/meeplendice.net\/wp-content\/uploads\/2022\/01\/MH_Perdus-350x330.png",350,330,true],"ashe-list-thumbnail":["https:\/\/meeplendice.net\/wp-content\/uploads\/2022\/01\/MH_Perdus-300x300.png",300,300,true],"ashe-single-navigation":["https:\/\/meeplendice.net\/wp-content\/uploads\/2022\/01\/MH_Perdus-75x75.png",75,75,true],"mailpoet_newsletter_max":["https:\/\/meeplendice.net\/wp-content\/uploads\/2022\/01\/MH_Perdus.png",350,350,false],"rpwe-thumbnail":["https:\/\/meeplendice.net\/wp-content\/uploads\/2022\/01\/MH_Perdus-45x45.png",45,45,true],"sow-carousel-default":["https:\/\/meeplendice.net\/wp-content\/uploads\/2022\/01\/MH_Perdus-272x182.png",272,182,true],"rt_custom":["https:\/\/meeplendice.net\/wp-content\/uploads\/2022\/01\/MH_Perdus.png",350,350,false]},"rttpg_author":{"display_name":"Karnby","author_link":"https:\/\/meeplendice.net\/?author=2"},"rttpg_comment":0,"rttpg_category":null,"rttpg_excerpt":"Sur une plan\u00e8te lointaine, vous \u00eates \u00e0 l&rsquo;ext\u00e9rieur d&rsquo;un vaisseau spatial, l&rsquo;\u00e9quipe \u00e0 bord ne r\u00e9pond plus. Vous commencez \u00e0 manquer d&rsquo;oxyg\u00e8ne. Il y a urgence, vous devez entrer ! Auteur : Antonio Tinto Illustrations : Alberto Besi","_links":{"self":[{"href":"https:\/\/meeplendice.net\/index.php?rest_route=\/wp\/v2\/pages\/9427","targetHints":{"allow":["GET"]}}],"collection":[{"href":"https:\/\/meeplendice.net\/index.php?rest_route=\/wp\/v2\/pages"}],"about":[{"href":"https:\/\/meeplendice.net\/index.php?rest_route=\/wp\/v2\/types\/page"}],"author":[{"embeddable":true,"href":"https:\/\/meeplendice.net\/index.php?rest_route=\/wp\/v2\/users\/2"}],"replies":[{"embeddable":true,"href":"https:\/\/meeplendice.net\/index.php?rest_route=%2Fwp%2Fv2%2Fcomments&post=9427"}],"version-history":[{"count":2,"href":"https:\/\/meeplendice.net\/index.php?rest_route=\/wp\/v2\/pages\/9427\/revisions"}],"predecessor-version":[{"id":9429,"href":"https:\/\/meeplendice.net\/index.php?rest_route=\/wp\/v2\/pages\/9427\/revisions\/9429"}],"up":[{"embeddable":true,"href":"https:\/\/meeplendice.net\/index.php?rest_route=\/wp\/v2\/pages\/5738"}],"wp:featuredmedia":[{"embeddable":true,"href":"https:\/\/meeplendice.net\/index.php?rest_route=\/wp\/v2\/media\/8929"}],"wp:attachment":[{"href":"https:\/\/meeplendice.net\/index.php?rest_route=%2Fwp%2Fv2%2Fmedia&parent=9427"}],"curies":[{"name":"wp","href":"https:\/\/api.w.org\/{rel}","templated":true}]}}