{"id":9430,"date":"2022-01-23T21:29:42","date_gmt":"2022-01-23T20:29:42","guid":{"rendered":"https:\/\/meeplendice.net\/?page_id=9430"},"modified":"2022-01-23T21:33:04","modified_gmt":"2022-01-23T20:33:04","slug":"retour-a-tombstone","status":"publish","type":"page","link":"https:\/\/meeplendice.net\/?page_id=9430","title":{"rendered":"Retour \u00e0 Tombstone"},"content":{"rendered":"<p><em>Des tensions vibrantes avec la tribu indienne voisine, des colts fumants \u00e0 la g\u00e2chette facile, un sinistre myst\u00e8re sous le soleil br\u00fblant du Far West. R\u00e9solvez toutes les \u00e9nigmes et revenez sains et saufs de Tombstone.<\/em><\/p>\n<p><strong>Auteur :<\/strong> Antonio Tinto<br \/>\n<strong>Illustrations :<\/strong> Andrea Tentori Montalto<\/p>\n","protected":false},"excerpt":{"rendered":"<p>Des tensions vibrantes avec la tribu indienne voisine, des colts fumants \u00e0 la g\u00e2chette facile, un sinistre myst\u00e8re sous le soleil br\u00fblant du Far West. R\u00e9solvez toutes les \u00e9nigmes et revenez sains et saufs de Tombstone. Auteur : Antonio Tinto Illustrations : Andrea Tentori Montalto<\/p>\n","protected":false},"author":2,"featured_media":8930,"parent":5738,"menu_order":2,"comment_status":"closed","ping_status":"closed","template":"","meta":{"footnotes":""},"class_list":["post-9430","page","type-page","status-publish","has-post-thumbnail","hentry"],"acf":[],"rttpg_featured_image_url":{"full":["https:\/\/meeplendice.net\/wp-content\/uploads\/2022\/01\/MH_Tombstone.png",350,350,false],"landscape":["https:\/\/meeplendice.net\/wp-content\/uploads\/2022\/01\/MH_Tombstone.png",350,350,false],"portraits":["https:\/\/meeplendice.net\/wp-content\/uploads\/2022\/01\/MH_Tombstone.png",350,350,false],"thumbnail":["https:\/\/meeplendice.net\/wp-content\/uploads\/2022\/01\/MH_Tombstone-150x150.png",150,150,true],"medium":["https:\/\/meeplendice.net\/wp-content\/uploads\/2022\/01\/MH_Tombstone-300x300.png",300,300,true],"large":["https:\/\/meeplendice.net\/wp-content\/uploads\/2022\/01\/MH_Tombstone.png",350,350,false],"ug_big":["https:\/\/meeplendice.net\/wp-content\/uploads\/2022\/01\/MH_Tombstone.png",350,350,false],"1536x1536":["https:\/\/meeplendice.net\/wp-content\/uploads\/2022\/01\/MH_Tombstone.png",350,350,false],"2048x2048":["https:\/\/meeplendice.net\/wp-content\/uploads\/2022\/01\/MH_Tombstone.png",350,350,false],"ashe-slider-grid-thumbnail":["https:\/\/meeplendice.net\/wp-content\/uploads\/2022\/01\/MH_Tombstone.png",350,350,false],"ashe-full-thumbnail":["https:\/\/meeplendice.net\/wp-content\/uploads\/2022\/01\/MH_Tombstone.png",350,350,false],"ashe-grid-thumbnail":["https:\/\/meeplendice.net\/wp-content\/uploads\/2022\/01\/MH_Tombstone-350x330.png",350,330,true],"ashe-list-thumbnail":["https:\/\/meeplendice.net\/wp-content\/uploads\/2022\/01\/MH_Tombstone-300x300.png",300,300,true],"ashe-single-navigation":["https:\/\/meeplendice.net\/wp-content\/uploads\/2022\/01\/MH_Tombstone-75x75.png",75,75,true],"mailpoet_newsletter_max":["https:\/\/meeplendice.net\/wp-content\/uploads\/2022\/01\/MH_Tombstone.png",350,350,false],"rpwe-thumbnail":["https:\/\/meeplendice.net\/wp-content\/uploads\/2022\/01\/MH_Tombstone-45x45.png",45,45,true],"sow-carousel-default":["https:\/\/meeplendice.net\/wp-content\/uploads\/2022\/01\/MH_Tombstone-272x182.png",272,182,true],"rt_custom":["https:\/\/meeplendice.net\/wp-content\/uploads\/2022\/01\/MH_Tombstone.png",350,350,false]},"rttpg_author":{"display_name":"Karnby","author_link":"https:\/\/meeplendice.net\/?author=2"},"rttpg_comment":0,"rttpg_category":null,"rttpg_excerpt":"Des tensions vibrantes avec la tribu indienne voisine, des colts fumants \u00e0 la g\u00e2chette facile, un sinistre myst\u00e8re sous le soleil br\u00fblant du Far West. R\u00e9solvez toutes les \u00e9nigmes et revenez sains et saufs de Tombstone. Auteur : Antonio Tinto Illustrations : Andrea Tentori Montalto","_links":{"self":[{"href":"https:\/\/meeplendice.net\/index.php?rest_route=\/wp\/v2\/pages\/9430","targetHints":{"allow":["GET"]}}],"collection":[{"href":"https:\/\/meeplendice.net\/index.php?rest_route=\/wp\/v2\/pages"}],"about":[{"href":"https:\/\/meeplendice.net\/index.php?rest_route=\/wp\/v2\/types\/page"}],"author":[{"embeddable":true,"href":"https:\/\/meeplendice.net\/index.php?rest_route=\/wp\/v2\/users\/2"}],"replies":[{"embeddable":true,"href":"https:\/\/meeplendice.net\/index.php?rest_route=%2Fwp%2Fv2%2Fcomments&post=9430"}],"version-history":[{"count":1,"href":"https:\/\/meeplendice.net\/index.php?rest_route=\/wp\/v2\/pages\/9430\/revisions"}],"predecessor-version":[{"id":9431,"href":"https:\/\/meeplendice.net\/index.php?rest_route=\/wp\/v2\/pages\/9430\/revisions\/9431"}],"up":[{"embeddable":true,"href":"https:\/\/meeplendice.net\/index.php?rest_route=\/wp\/v2\/pages\/5738"}],"wp:featuredmedia":[{"embeddable":true,"href":"https:\/\/meeplendice.net\/index.php?rest_route=\/wp\/v2\/media\/8930"}],"wp:attachment":[{"href":"https:\/\/meeplendice.net\/index.php?rest_route=%2Fwp%2Fv2%2Fmedia&parent=9430"}],"curies":[{"name":"wp","href":"https:\/\/api.w.org\/{rel}","templated":true}]}}