{"id":9435,"date":"2022-01-23T21:44:23","date_gmt":"2022-01-23T20:44:23","guid":{"rendered":"https:\/\/meeplendice.net\/?page_id=9435"},"modified":"2022-02-01T20:03:31","modified_gmt":"2022-02-01T19:03:31","slug":"la-monstrueuse-boite-des-monstres","status":"publish","type":"page","link":"https:\/\/meeplendice.net\/?page_id=9435","title":{"rendered":"La Monstrueuse Boite des Monstres"},"content":{"rendered":"<p>Aventurez-vous dans la For\u00eat Interdite gr\u00e2ce \u00e0 <em>La Monstrueuse Boite des Monstres<\/em>, une extension tr\u00e8s attendue pour <em>Harry Potter : Bataille \u00e0 Poudlard !<\/em><br \/>\nAffrontez des cr\u00e9atures redoutables et triomphez de rencontres \u00e9prouvantes sous le traits de Harry, Hermione, Ron, Neville ou Luna Lovegood. Mais attention \u00e0 ne pas commettre de m\u00e9fait susceptible de vous valoir une retenue !<\/p>\n<p>Il n&rsquo;y a qu&rsquo;en agissant main dans la main que vous pourrez vaincre les Forces du Mal et prot\u00e9ger les lieux embl\u00e9matiques pour rendre sa qui\u00e9tude au Monde des Sorciers !<\/p>\n","protected":false},"excerpt":{"rendered":"<p>Aventurez-vous dans la For\u00eat Interdite gr\u00e2ce \u00e0 La Monstrueuse Boite des Monstres, une extension tr\u00e8s attendue pour Harry Potter : Bataille \u00e0 Poudlard ! Affrontez des cr\u00e9atures redoutables et triomphez de rencontres \u00e9prouvantes sous le traits de Harry, Hermione, Ron, Neville ou Luna Lovegood. Mais attention \u00e0 ne pas commettre de m\u00e9fait susceptible de vous valoir une retenue ! Il n&rsquo;y a qu&rsquo;en agissant main dans la main que vous pourrez vaincre les Forces du Mal et prot\u00e9ger les lieux embl\u00e9matiques pour rendre sa qui\u00e9tude au Monde des Sorciers !<\/p>\n","protected":false},"author":2,"featured_media":8931,"parent":7122,"menu_order":1,"comment_status":"closed","ping_status":"closed","template":"","meta":{"footnotes":""},"class_list":["post-9435","page","type-page","status-publish","has-post-thumbnail","hentry"],"acf":[],"rttpg_featured_image_url":{"full":["https:\/\/meeplendice.net\/wp-content\/uploads\/2022\/01\/HPHB_monstres.png",350,350,false],"landscape":["https:\/\/meeplendice.net\/wp-content\/uploads\/2022\/01\/HPHB_monstres.png",350,350,false],"portraits":["https:\/\/meeplendice.net\/wp-content\/uploads\/2022\/01\/HPHB_monstres.png",350,350,false],"thumbnail":["https:\/\/meeplendice.net\/wp-content\/uploads\/2022\/01\/HPHB_monstres-150x150.png",150,150,true],"medium":["https:\/\/meeplendice.net\/wp-content\/uploads\/2022\/01\/HPHB_monstres-300x300.png",300,300,true],"large":["https:\/\/meeplendice.net\/wp-content\/uploads\/2022\/01\/HPHB_monstres.png",350,350,false],"ug_big":["https:\/\/meeplendice.net\/wp-content\/uploads\/2022\/01\/HPHB_monstres.png",350,350,false],"1536x1536":["https:\/\/meeplendice.net\/wp-content\/uploads\/2022\/01\/HPHB_monstres.png",350,350,false],"2048x2048":["https:\/\/meeplendice.net\/wp-content\/uploads\/2022\/01\/HPHB_monstres.png",350,350,false],"ashe-slider-grid-thumbnail":["https:\/\/meeplendice.net\/wp-content\/uploads\/2022\/01\/HPHB_monstres.png",350,350,false],"ashe-full-thumbnail":["https:\/\/meeplendice.net\/wp-content\/uploads\/2022\/01\/HPHB_monstres.png",350,350,false],"ashe-grid-thumbnail":["https:\/\/meeplendice.net\/wp-content\/uploads\/2022\/01\/HPHB_monstres-350x330.png",350,330,true],"ashe-list-thumbnail":["https:\/\/meeplendice.net\/wp-content\/uploads\/2022\/01\/HPHB_monstres-300x300.png",300,300,true],"ashe-single-navigation":["https:\/\/meeplendice.net\/wp-content\/uploads\/2022\/01\/HPHB_monstres-75x75.png",75,75,true],"mailpoet_newsletter_max":["https:\/\/meeplendice.net\/wp-content\/uploads\/2022\/01\/HPHB_monstres.png",350,350,false],"rpwe-thumbnail":["https:\/\/meeplendice.net\/wp-content\/uploads\/2022\/01\/HPHB_monstres-45x45.png",45,45,true],"sow-carousel-default":["https:\/\/meeplendice.net\/wp-content\/uploads\/2022\/01\/HPHB_monstres-272x182.png",272,182,true],"rt_custom":["https:\/\/meeplendice.net\/wp-content\/uploads\/2022\/01\/HPHB_monstres.png",350,350,false]},"rttpg_author":{"display_name":"Karnby","author_link":"https:\/\/meeplendice.net\/?author=2"},"rttpg_comment":0,"rttpg_category":null,"rttpg_excerpt":"Aventurez-vous dans la For\u00eat Interdite gr\u00e2ce \u00e0 La Monstrueuse Boite des Monstres, une extension tr\u00e8s attendue pour Harry Potter : Bataille \u00e0 Poudlard ! Affrontez des cr\u00e9atures redoutables et triomphez de rencontres \u00e9prouvantes sous le traits de Harry, Hermione, Ron, Neville ou Luna Lovegood. Mais attention \u00e0 ne pas commettre de m\u00e9fait susceptible de vous\u2026","_links":{"self":[{"href":"https:\/\/meeplendice.net\/index.php?rest_route=\/wp\/v2\/pages\/9435","targetHints":{"allow":["GET"]}}],"collection":[{"href":"https:\/\/meeplendice.net\/index.php?rest_route=\/wp\/v2\/pages"}],"about":[{"href":"https:\/\/meeplendice.net\/index.php?rest_route=\/wp\/v2\/types\/page"}],"author":[{"embeddable":true,"href":"https:\/\/meeplendice.net\/index.php?rest_route=\/wp\/v2\/users\/2"}],"replies":[{"embeddable":true,"href":"https:\/\/meeplendice.net\/index.php?rest_route=%2Fwp%2Fv2%2Fcomments&post=9435"}],"version-history":[{"count":2,"href":"https:\/\/meeplendice.net\/index.php?rest_route=\/wp\/v2\/pages\/9435\/revisions"}],"predecessor-version":[{"id":9543,"href":"https:\/\/meeplendice.net\/index.php?rest_route=\/wp\/v2\/pages\/9435\/revisions\/9543"}],"up":[{"embeddable":true,"href":"https:\/\/meeplendice.net\/index.php?rest_route=\/wp\/v2\/pages\/7122"}],"wp:featuredmedia":[{"embeddable":true,"href":"https:\/\/meeplendice.net\/index.php?rest_route=\/wp\/v2\/media\/8931"}],"wp:attachment":[{"href":"https:\/\/meeplendice.net\/index.php?rest_route=%2Fwp%2Fv2%2Fmedia&parent=9435"}],"curies":[{"name":"wp","href":"https:\/\/api.w.org\/{rel}","templated":true}]}}