{"id":9443,"date":"2022-01-23T21:59:36","date_gmt":"2022-01-23T20:59:36","guid":{"rendered":"https:\/\/meeplendice.net\/?page_id=9443"},"modified":"2022-01-23T22:02:43","modified_gmt":"2022-01-23T21:02:43","slug":"curse-of-amdiak","status":"publish","type":"page","link":"https:\/\/meeplendice.net\/?page_id=9443","title":{"rendered":"Curse of Amdiak"},"content":{"rendered":"<p>Il n&rsquo;y a pas un loup de mer qui ne conna\u00eet pas la l\u00e9gende du Pirate Fant\u00f4me Amdiak. Qu&rsquo;il s&rsquo;agisse d&rsquo;une histoire que se partagent les ivrognes au fond de la taverne d&rsquo;un port ou des \u00e9lucubrations &lsquo;un matelot chahut\u00e9 en mer et ravag\u00e9 par le scorbut, le vaisseau fant\u00f4me, et son tr\u00e9sor maudit, n&rsquo;est dor\u00e9navant plus une l\u00e9gende !<\/p>\n<p>Au prix d&rsquo;une man\u0153uvre audacieuse, vous \u00eates parvenu \u00e0 d\u00e9rober une partie du tr\u00e9sors d&rsquo;Amdiak. Mais lui et son navire ont surgi des abysses glac\u00e9s et sont dans votre sillage pour le r\u00e9cup\u00e9rer.<\/p>\n<p>Haut les c\u0153urs, car comme la vieille l\u00e9gende le raconte : \u00ab\u00a0Dans des urnes, les reste d&rsquo;Amdiak sont scell\u00e9s. Sous une terre maudite, \u00e0 jamais les enterrer, pour son \u00e2med&rsquo;amn\u00e9e&#8230;enfin lib\u00e9rer.\u00a0\u00bb<\/p>\n","protected":false},"excerpt":{"rendered":"<p>Il n&rsquo;y a pas un loup de mer qui ne conna\u00eet pas la l\u00e9gende du Pirate Fant\u00f4me Amdiak. Qu&rsquo;il s&rsquo;agisse d&rsquo;une histoire que se partagent les ivrognes au fond de la taverne d&rsquo;un port ou des \u00e9lucubrations &lsquo;un matelot chahut\u00e9 en mer et ravag\u00e9 par le scorbut, le vaisseau fant\u00f4me, et son tr\u00e9sor maudit, n&rsquo;est dor\u00e9navant plus une l\u00e9gende ! Au prix d&rsquo;une man\u0153uvre audacieuse, vous \u00eates parvenu \u00e0 d\u00e9rober une partie du tr\u00e9sors d&rsquo;Amdiak. Mais lui et son navire ont surgi des abysses glac\u00e9s et sont dans votre sillage pour le r\u00e9cup\u00e9rer. Haut les c\u0153urs, car comme la vieille l\u00e9gende le raconte : \u00ab\u00a0Dans des urnes, les reste d&rsquo;Amdiak sont scell\u00e9s. Sous une terre maudite, \u00e0 jamais les enterrer, pour son \u00e2med&rsquo;amn\u00e9e&#8230;enfin lib\u00e9rer.\u00a0\u00bb<\/p>\n","protected":false},"author":2,"featured_media":8925,"parent":9439,"menu_order":1,"comment_status":"closed","ping_status":"closed","template":"","meta":{"footnotes":""},"class_list":["post-9443","page","type-page","status-publish","has-post-thumbnail","hentry"],"acf":[],"rttpg_featured_image_url":{"full":["https:\/\/meeplendice.net\/wp-content\/uploads\/2022\/01\/TEP_Amdiak.png",350,350,false],"landscape":["https:\/\/meeplendice.net\/wp-content\/uploads\/2022\/01\/TEP_Amdiak.png",350,350,false],"portraits":["https:\/\/meeplendice.net\/wp-content\/uploads\/2022\/01\/TEP_Amdiak.png",350,350,false],"thumbnail":["https:\/\/meeplendice.net\/wp-content\/uploads\/2022\/01\/TEP_Amdiak-150x150.png",150,150,true],"medium":["https:\/\/meeplendice.net\/wp-content\/uploads\/2022\/01\/TEP_Amdiak-300x300.png",300,300,true],"large":["https:\/\/meeplendice.net\/wp-content\/uploads\/2022\/01\/TEP_Amdiak.png",350,350,false],"ug_big":["https:\/\/meeplendice.net\/wp-content\/uploads\/2022\/01\/TEP_Amdiak.png",350,350,false],"1536x1536":["https:\/\/meeplendice.net\/wp-content\/uploads\/2022\/01\/TEP_Amdiak.png",350,350,false],"2048x2048":["https:\/\/meeplendice.net\/wp-content\/uploads\/2022\/01\/TEP_Amdiak.png",350,350,false],"ashe-slider-grid-thumbnail":["https:\/\/meeplendice.net\/wp-content\/uploads\/2022\/01\/TEP_Amdiak.png",350,350,false],"ashe-full-thumbnail":["https:\/\/meeplendice.net\/wp-content\/uploads\/2022\/01\/TEP_Amdiak.png",350,350,false],"ashe-grid-thumbnail":["https:\/\/meeplendice.net\/wp-content\/uploads\/2022\/01\/TEP_Amdiak-350x330.png",350,330,true],"ashe-list-thumbnail":["https:\/\/meeplendice.net\/wp-content\/uploads\/2022\/01\/TEP_Amdiak-300x300.png",300,300,true],"ashe-single-navigation":["https:\/\/meeplendice.net\/wp-content\/uploads\/2022\/01\/TEP_Amdiak-75x75.png",75,75,true],"mailpoet_newsletter_max":["https:\/\/meeplendice.net\/wp-content\/uploads\/2022\/01\/TEP_Amdiak.png",350,350,false],"rpwe-thumbnail":["https:\/\/meeplendice.net\/wp-content\/uploads\/2022\/01\/TEP_Amdiak-45x45.png",45,45,true],"sow-carousel-default":["https:\/\/meeplendice.net\/wp-content\/uploads\/2022\/01\/TEP_Amdiak-272x182.png",272,182,true],"rt_custom":["https:\/\/meeplendice.net\/wp-content\/uploads\/2022\/01\/TEP_Amdiak.png",350,350,false]},"rttpg_author":{"display_name":"Karnby","author_link":"https:\/\/meeplendice.net\/?author=2"},"rttpg_comment":0,"rttpg_category":null,"rttpg_excerpt":"Il n&rsquo;y a pas un loup de mer qui ne conna\u00eet pas la l\u00e9gende du Pirate Fant\u00f4me Amdiak. Qu&rsquo;il s&rsquo;agisse d&rsquo;une histoire que se partagent les ivrognes au fond de la taverne d&rsquo;un port ou des \u00e9lucubrations &lsquo;un matelot chahut\u00e9 en mer et ravag\u00e9 par le scorbut, le vaisseau fant\u00f4me, et son tr\u00e9sor maudit, n&rsquo;est\u2026","_links":{"self":[{"href":"https:\/\/meeplendice.net\/index.php?rest_route=\/wp\/v2\/pages\/9443","targetHints":{"allow":["GET"]}}],"collection":[{"href":"https:\/\/meeplendice.net\/index.php?rest_route=\/wp\/v2\/pages"}],"about":[{"href":"https:\/\/meeplendice.net\/index.php?rest_route=\/wp\/v2\/types\/page"}],"author":[{"embeddable":true,"href":"https:\/\/meeplendice.net\/index.php?rest_route=\/wp\/v2\/users\/2"}],"replies":[{"embeddable":true,"href":"https:\/\/meeplendice.net\/index.php?rest_route=%2Fwp%2Fv2%2Fcomments&post=9443"}],"version-history":[{"count":3,"href":"https:\/\/meeplendice.net\/index.php?rest_route=\/wp\/v2\/pages\/9443\/revisions"}],"predecessor-version":[{"id":9447,"href":"https:\/\/meeplendice.net\/index.php?rest_route=\/wp\/v2\/pages\/9443\/revisions\/9447"}],"up":[{"embeddable":true,"href":"https:\/\/meeplendice.net\/index.php?rest_route=\/wp\/v2\/pages\/9439"}],"wp:featuredmedia":[{"embeddable":true,"href":"https:\/\/meeplendice.net\/index.php?rest_route=\/wp\/v2\/media\/8925"}],"wp:attachment":[{"href":"https:\/\/meeplendice.net\/index.php?rest_route=%2Fwp%2Fv2%2Fmedia&parent=9443"}],"curies":[{"name":"wp","href":"https:\/\/api.w.org\/{rel}","templated":true}]}}