{"id":9449,"date":"2022-01-23T22:06:06","date_gmt":"2022-01-23T21:06:06","guid":{"rendered":"https:\/\/meeplendice.net\/?page_id=9449"},"modified":"2022-01-23T22:17:10","modified_gmt":"2022-01-23T21:17:10","slug":"tiny-epic-tactics","status":"publish","type":"page","link":"https:\/\/meeplendice.net\/?page_id=9449","title":{"rendered":"Tiny Epic Tactics"},"content":{"rendered":"<div id=\"pl-9449\"  class=\"panel-layout\" ><div id=\"pg-9449-0\"  class=\"panel-grid panel-no-style\" ><div id=\"pgc-9449-0-0\"  class=\"panel-grid-cell\" ><div id=\"panel-9449-0-0-0\" class=\"so-panel widget widget_sow-editor panel-first-child panel-last-child\" data-index=\"0\" ><div\n\t\t\t\n\t\t\tclass=\"so-widget-sow-editor so-widget-sow-editor-base\"\n\t\t\t\n\t\t>\n<div class=\"siteorigin-widget-tinymce textwidget\">\n\t<p style=\"text-align: center;\"><strong>Nombre de joueurs :<\/strong><br \/>\n1 - 4<\/p>\n<\/div>\n<\/div><\/div><\/div><div id=\"pgc-9449-0-1\"  class=\"panel-grid-cell\" ><div id=\"panel-9449-0-1-0\" class=\"so-panel widget widget_sow-editor panel-first-child panel-last-child\" data-index=\"1\" ><div\n\t\t\t\n\t\t\tclass=\"so-widget-sow-editor so-widget-sow-editor-base\"\n\t\t\t\n\t\t>\n<div class=\"siteorigin-widget-tinymce textwidget\">\n\t<p style=\"text-align: center;\"><strong>Dur\u00e9e moyenne :<\/strong><br \/>\n60 min<\/p>\n<\/div>\n<\/div><\/div><\/div><div id=\"pgc-9449-0-2\"  class=\"panel-grid-cell\" ><div id=\"panel-9449-0-2-0\" class=\"so-panel widget widget_sow-editor panel-first-child panel-last-child\" data-index=\"2\" ><div\n\t\t\t\n\t\t\tclass=\"so-widget-sow-editor so-widget-sow-editor-base\"\n\t\t\t\n\t\t>\n<div class=\"siteorigin-widget-tinymce textwidget\">\n\t<p style=\"text-align: center;\"><strong>Age :<\/strong><br \/>\n14 ans et plus<\/p>\n<\/div>\n<\/div><\/div><\/div><\/div><div id=\"pg-9449-1\"  class=\"panel-grid panel-no-style\" ><div id=\"pgc-9449-1-0\"  class=\"panel-grid-cell\" ><div id=\"panel-9449-1-0-0\" class=\"so-panel widget widget_sow-editor panel-first-child panel-last-child\" data-index=\"3\" ><div\n\t\t\t\n\t\t\tclass=\"so-widget-sow-editor so-widget-sow-editor-base\"\n\t\t\t\n\t\t>\n<div class=\"siteorigin-widget-tinymce textwidget\">\n\t<p style=\"text-align: center;\"><strong>Auteur(s) :<br \/>\n<\/strong>Scott Almes<\/p>\n<\/div>\n<\/div><\/div><\/div><div id=\"pgc-9449-1-1\"  class=\"panel-grid-cell\" ><div id=\"panel-9449-1-1-0\" class=\"so-panel widget widget_sow-editor panel-first-child panel-last-child\" data-index=\"4\" ><div\n\t\t\t\n\t\t\tclass=\"so-widget-sow-editor so-widget-sow-editor-base\"\n\t\t\t\n\t\t>\n<div class=\"siteorigin-widget-tinymce textwidget\">\n\t<p style=\"text-align: center;\"><strong>Illustrations :<\/strong><br \/>\nBenjamin Shulman<br \/>\nNaomi Robinson<br \/>\nNikoletta Vaszi<\/p>\n<\/div>\n<\/div><\/div><\/div><div id=\"pgc-9449-1-2\"  class=\"panel-grid-cell\" ><div id=\"panel-9449-1-2-0\" class=\"so-panel widget widget_sow-editor panel-first-child panel-last-child\" data-index=\"5\" ><div\n\t\t\t\n\t\t\tclass=\"so-widget-sow-editor so-widget-sow-editor-base\"\n\t\t\t\n\t\t>\n<div class=\"siteorigin-widget-tinymce textwidget\">\n\t<p style=\"text-align: center;\"><strong>\u00c9dition :<br \/>\n<\/strong>Pixie Games<br \/>\n2019<\/p>\n<\/div>\n<\/div><\/div><\/div><div id=\"pgc-9449-1-3\"  class=\"panel-grid-cell\" ><div id=\"panel-9449-1-3-0\" class=\"so-panel widget widget_sow-editor panel-first-child panel-last-child\" data-index=\"6\" ><div\n\t\t\t\n\t\t\tclass=\"so-widget-sow-editor so-widget-sow-editor-base\"\n\t\t\t\n\t\t>\n<div class=\"siteorigin-widget-tinymce textwidget\">\n\t<p style=\"text-align: center;\"><strong>Version :<\/strong><br \/>\nFran\u00e7aise<\/p>\n<\/div>\n<\/div><\/div><\/div><\/div><div id=\"pg-9449-2\"  class=\"panel-grid panel-no-style\" ><div id=\"pgc-9449-2-0\"  class=\"panel-grid-cell\" ><div id=\"panel-9449-2-0-0\" class=\"so-panel widget widget_sow-editor panel-first-child panel-last-child\" data-index=\"7\" ><div\n\t\t\t\n\t\t\tclass=\"so-widget-sow-editor so-widget-sow-editor-base\"\n\t\t\t\n\t\t>\n<div class=\"siteorigin-widget-tinymce textwidget\">\n\t<hr \/>\n<p><em>Vous \u00eates un fin tacticien du monde d'Aughmoore et menez votre groupe \u00e0 la victoire afin de prendre le contr\u00f4le du royaume. Vous avez sous vos ordres un valeureux Guerrier, un puissant Mage, un Roublard rus\u00e9 et une B\u00eate redoutable !<\/em><\/p>\n<p>Proposant 32 personnages, des modes de jeu vari\u00e9s ainsi que la possibilit\u00e9 de cr\u00e9er vos propres terrains, <em>Tiny Epic Tactics<\/em> propose un renouvellement infini de vos parties.<br \/>\nParcourez le royaume, explorez ses cavernes et pourfendez ses monstres en modes Solo et Coop\u00e9ratif. Et quand vous vous sentirez \u00e0 la hauteur, mettez \u00e0 l'\u00e9preuve vos prouesses tactiques en affrontant vos amis en mode Chacun pour soi ou par Equipe.<\/p>\n<p>Dans <em>Tiny Epic Tactics<\/em>, le choix vous appartient !<\/p>\n<\/div>\n<\/div><\/div><\/div><\/div><div id=\"pg-9449-3\"  class=\"panel-grid panel-no-style\" ><div id=\"pgc-9449-3-0\"  class=\"panel-grid-cell\" ><div id=\"panel-9449-3-0-0\" class=\"so-panel widget widget_sow-editor panel-first-child panel-last-child\" data-index=\"8\" ><div\n\t\t\t\n\t\t\tclass=\"so-widget-sow-editor so-widget-sow-editor-base\"\n\t\t\t\n\t\t>\n<div class=\"siteorigin-widget-tinymce textwidget\">\n\t<hr \/>\n<h3 style=\"text-align: center;\">En vid\u00e9o<\/h3>\n<\/div>\n<\/div><\/div><\/div><\/div><div id=\"pg-9449-4\"  class=\"panel-grid panel-no-style\" ><div id=\"pgc-9449-4-0\"  class=\"panel-grid-cell\" ><div id=\"panel-9449-4-0-0\" class=\"so-panel widget widget_sow-editor panel-first-child panel-last-child\" data-index=\"9\" ><div\n\t\t\t\n\t\t\tclass=\"so-widget-sow-editor so-widget-sow-editor-base\"\n\t\t\t\n\t\t>\n<div class=\"siteorigin-widget-tinymce textwidget\">\n\t<hr \/>\n<h3 style=\"text-align: center;\">Extension(s)<\/h3>\n<p style=\"text-align: center;\"><style type='text\/css' media='all'>#rt-tpg-container-2198476146 .read-more a{border-radius:px;}#rt-tpg-container-2198476146 .rt-img-holder img.rt-img-responsive,#rt-tpg-container-2198476146 .rt-img-holder,\n\t\t\t\t\t#rt-tpg-container-2198476146 .rt-post-overlay .post-img,\n\t\t\t\t\t#rt-tpg-container-2198476146 .post-sm .post-img,\n\t\t\t\t\t#rt-tpg-container-2198476146 .rt-post-grid .post-img,\n\t\t\t\t\t#rt-tpg-container-2198476146 .post-img img {border-radius:px;}#rt-tpg-container-2198476146 .layout9 .rt-holder h2.entry-title,\n\t\t\t\t\t#rt-tpg-container-2198476146 .layout9 .rt-holder h3.entry-title,\n\t\t\t\t\t#rt-tpg-container-2198476146 .layout9 .rt-holder h4.entry-title,\n\t\t\t\t\t#rt-tpg-container-2198476146 .layout9 .rt-holder h2.entry-title a,\n\t\t\t\t\t#rt-tpg-container-2198476146 .layout9 .rt-holder h3.entry-title a,\n\t\t\t\t\t#rt-tpg-container-2198476146 .layout9 .rt-holder h4.entry-title a,\n\t\t\t\t\t#rt-tpg-container-2198476146 .rt-holder .rt-woo-info h2 a,\n\t\t\t\t\t#rt-tpg-container-2198476146 .rt-holder .rt-woo-info h3 a,\n\t\t\t\t\t#rt-tpg-container-2198476146 .rt-holder .rt-woo-info h4 a,\n\t\t\t\t\t#rt-tpg-container-2198476146 .post-content .post-title,\n\t\t\t\t\t#rt-tpg-container-2198476146 .rt-post-grid .post-title,\n\t\t\t\t\t#rt-tpg-container-2198476146 .rt-post-grid .post-title a,\n\t\t\t\t\t#rt-tpg-container-2198476146 .post-content .post-title a,\n\t\t\t\t\t#rt-tpg-container-2198476146 .rt-holder .rt-woo-info h2,\n\t\t\t\t\t#rt-tpg-container-2198476146 .rt-holder .rt-woo-info h3,\n\t\t\t\t\t#rt-tpg-container-2198476146 .rt-holder .rt-woo-info h4{font-size:16px;line-height:26px;font-weight:normal;text-align:center;}#rt-tpg-container-2198476146 .post-grid-lg-style-1 .post-title,\n\t\t\t\t\t\t#rt-tpg-container-2198476146 .post-grid-lg-style-1 .post-title a,\n\t\t\t\t\t\t#rt-tpg-container-2198476146 .big-layout .post-title,\n\t\t\t\t\t\t#rt-tpg-container-2198476146 .big-layout .post-title a,\n\t\t\t\t\t\t#rt-tpg-container-2198476146 .post-grid-lg-style-1 .post-title,\n\t\t\t\t\t\t#rt-tpg-container-2198476146 .post-grid-lg-style-1 .post-title a {font-size:24px;line-height:34px;}<\/style><div class='rt-container-fluid rt-tpg-container tpg-shortcode-main-wrapper ' id='rt-tpg-container-2198476146'   data-layout='layout9' data-grid-style='even' data-desktop-col='3'  data-tab-col='2'  data-mobile-col='1' data-sc-id='9453'><div data-title='Loading ...' class='rt-row rt-content-loader   layout9 tpg-even '><div class=\"rt-col-md-4 rt-col-sm-6 rt-col-xs-12 even-grid-item rt-grid-item img_zoom_in\" data-id=\"9456\"><div class=\"rt-holder\"><div class='overlay'><a data-id='9456' class=' tpg-single-popup' href='https:\/\/meeplendice.net\/?page_id=9456'><img loading=\"lazy\" decoding=\"async\" width=\"350\" height=\"350\" src=\"https:\/\/meeplendice.net\/wp-content\/uploads\/2022\/01\/TET_Maps.png\" class=\"rt-img-responsive \" alt=\"\" \/><\/a><\/div><div class='post-info'><h3 class=\"entry-title\"><a data-id=\"9456\" class=\" tpg-single-popup\" href=\"https:\/\/meeplendice.net\/?page_id=9456\">Extension Terrains<\/a><\/h3><div class='post-meta-user '><\/div><\/div><\/div><\/div><\/div><div class='rt-pagination-wrap' data-total-pages='1' data-posts-per-page='3' data-type='pagination_ajax'  ><div class='rt-page-numbers'><\/div><\/div><\/div><\/p>\n<\/div>\n<\/div><\/div><\/div><\/div><div id=\"pg-9449-5\"  class=\"panel-grid panel-no-style\" ><div id=\"pgc-9449-5-0\"  class=\"panel-grid-cell\" ><div id=\"panel-9449-5-0-0\" class=\"so-panel widget widget_sow-editor panel-first-child panel-last-child\" data-index=\"10\" ><div\n\t\t\t\n\t\t\tclass=\"so-widget-sow-editor so-widget-sow-editor-base\"\n\t\t\t\n\t\t>\n<div class=\"siteorigin-widget-tinymce textwidget\">\n\t<hr \/>\n<h3 style=\"text-align: center;\">Pour aller plus loin<\/h3>\n<\/div>\n<\/div><\/div><\/div><\/div><\/div>","protected":false},"excerpt":{"rendered":"<p>Nombre de joueurs : 1 &#8211; 4 Dur\u00e9e moyenne : 60 min Age : 14 ans et plus Auteur(s) : Scott Almes Illustrations : Benjamin Shulman Naomi Robinson Nikoletta Vaszi \u00c9dition : Pixie Games 2019 Version : Fran\u00e7aise<\/p>\n","protected":false},"author":2,"featured_media":9017,"parent":0,"menu_order":0,"comment_status":"closed","ping_status":"closed","template":"","meta":{"footnotes":""},"class_list":["post-9449","page","type-page","status-publish","has-post-thumbnail","hentry"],"acf":[],"rttpg_featured_image_url":{"full":["https:\/\/meeplendice.net\/wp-content\/uploads\/2022\/01\/Tinyepictactics.png",350,350,false],"landscape":["https:\/\/meeplendice.net\/wp-content\/uploads\/2022\/01\/Tinyepictactics.png",350,350,false],"portraits":["https:\/\/meeplendice.net\/wp-content\/uploads\/2022\/01\/Tinyepictactics.png",350,350,false],"thumbnail":["https:\/\/meeplendice.net\/wp-content\/uploads\/2022\/01\/Tinyepictactics-150x150.png",150,150,true],"medium":["https:\/\/meeplendice.net\/wp-content\/uploads\/2022\/01\/Tinyepictactics-300x300.png",300,300,true],"large":["https:\/\/meeplendice.net\/wp-content\/uploads\/2022\/01\/Tinyepictactics.png",350,350,false],"ug_big":["https:\/\/meeplendice.net\/wp-content\/uploads\/2022\/01\/Tinyepictactics.png",350,350,false],"1536x1536":["https:\/\/meeplendice.net\/wp-content\/uploads\/2022\/01\/Tinyepictactics.png",350,350,false],"2048x2048":["https:\/\/meeplendice.net\/wp-content\/uploads\/2022\/01\/Tinyepictactics.png",350,350,false],"ashe-slider-grid-thumbnail":["https:\/\/meeplendice.net\/wp-content\/uploads\/2022\/01\/Tinyepictactics.png",350,350,false],"ashe-full-thumbnail":["https:\/\/meeplendice.net\/wp-content\/uploads\/2022\/01\/Tinyepictactics.png",350,350,false],"ashe-grid-thumbnail":["https:\/\/meeplendice.net\/wp-content\/uploads\/2022\/01\/Tinyepictactics-350x330.png",350,330,true],"ashe-list-thumbnail":["https:\/\/meeplendice.net\/wp-content\/uploads\/2022\/01\/Tinyepictactics-300x300.png",300,300,true],"ashe-single-navigation":["https:\/\/meeplendice.net\/wp-content\/uploads\/2022\/01\/Tinyepictactics-75x75.png",75,75,true],"mailpoet_newsletter_max":["https:\/\/meeplendice.net\/wp-content\/uploads\/2022\/01\/Tinyepictactics.png",350,350,false],"rpwe-thumbnail":["https:\/\/meeplendice.net\/wp-content\/uploads\/2022\/01\/Tinyepictactics-45x45.png",45,45,true],"sow-carousel-default":["https:\/\/meeplendice.net\/wp-content\/uploads\/2022\/01\/Tinyepictactics-272x182.png",272,182,true],"rt_custom":["https:\/\/meeplendice.net\/wp-content\/uploads\/2022\/01\/Tinyepictactics.png",350,350,false]},"rttpg_author":{"display_name":"Karnby","author_link":"https:\/\/meeplendice.net\/?author=2"},"rttpg_comment":0,"rttpg_category":null,"rttpg_excerpt":"Nombre de joueurs : 1 - 4 Dur\u00e9e moyenne : 60 min Age : 14 ans et plus Auteur(s) : Scott Almes Illustrations : Benjamin Shulman Naomi Robinson Nikoletta Vaszi \u00c9dition : Pixie Games 2019 Version : Fran\u00e7aise","_links":{"self":[{"href":"https:\/\/meeplendice.net\/index.php?rest_route=\/wp\/v2\/pages\/9449","targetHints":{"allow":["GET"]}}],"collection":[{"href":"https:\/\/meeplendice.net\/index.php?rest_route=\/wp\/v2\/pages"}],"about":[{"href":"https:\/\/meeplendice.net\/index.php?rest_route=\/wp\/v2\/types\/page"}],"author":[{"embeddable":true,"href":"https:\/\/meeplendice.net\/index.php?rest_route=\/wp\/v2\/users\/2"}],"replies":[{"embeddable":true,"href":"https:\/\/meeplendice.net\/index.php?rest_route=%2Fwp%2Fv2%2Fcomments&post=9449"}],"version-history":[{"count":4,"href":"https:\/\/meeplendice.net\/index.php?rest_route=\/wp\/v2\/pages\/9449\/revisions"}],"predecessor-version":[{"id":9452,"href":"https:\/\/meeplendice.net\/index.php?rest_route=\/wp\/v2\/pages\/9449\/revisions\/9452"}],"wp:featuredmedia":[{"embeddable":true,"href":"https:\/\/meeplendice.net\/index.php?rest_route=\/wp\/v2\/media\/9017"}],"wp:attachment":[{"href":"https:\/\/meeplendice.net\/index.php?rest_route=%2Fwp%2Fv2%2Fmedia&parent=9449"}],"curies":[{"name":"wp","href":"https:\/\/api.w.org\/{rel}","templated":true}]}}