{"id":9456,"date":"2022-01-23T22:22:21","date_gmt":"2022-01-23T21:22:21","guid":{"rendered":"https:\/\/meeplendice.net\/?page_id=9456"},"modified":"2022-01-23T22:22:21","modified_gmt":"2022-01-23T21:22:21","slug":"extension-terrains","status":"publish","type":"page","link":"https:\/\/meeplendice.net\/?page_id=9456","title":{"rendered":"Extension Terrains"},"content":{"rendered":"<p><em><strong>Les Terres D\u00e9sol\u00e9es.<\/strong><\/em><br \/>\n<em>Rares sont les cr\u00e9atures pouvant survivre dans les Terres D\u00e9sol\u00e9es. Celles qui y parviennent sont les plus sauvages d&rsquo;Aughmoore.<\/em><\/p>\n<p>Ce terrain pousse les joueurs dans des combats rapproch\u00e9s pour le contr\u00f4le des zones. Le bain de sang est in\u00e9vitable.<\/p>\n<p><em><strong>Les Monts Enneiges.<\/strong><\/em><br \/>\n<em>Habillez-vous chaudement et pr\u00e9parez-vous \u00e0 affrontez le froid glacial des Monts Enneig\u00e9s d&rsquo;Aughmoore.<\/em><\/p>\n<p>Ce terrain vous propose des zones plus \u00e9parses. Saurez-vous en garder le contr\u00f4le alors que l&rsquo;air se rar\u00e9fie ?<\/p>\n","protected":false},"excerpt":{"rendered":"<p>Les Terres D\u00e9sol\u00e9es. Rares sont les cr\u00e9atures pouvant survivre dans les Terres D\u00e9sol\u00e9es. Celles qui y parviennent sont les plus sauvages d&rsquo;Aughmoore. Ce terrain pousse les joueurs dans des combats rapproch\u00e9s pour le contr\u00f4le des zones. Le bain de sang est in\u00e9vitable. Les Monts Enneiges. Habillez-vous chaudement et pr\u00e9parez-vous \u00e0 affrontez le froid glacial des Monts Enneig\u00e9s d&rsquo;Aughmoore. Ce terrain vous propose des zones plus \u00e9parses. Saurez-vous en garder le contr\u00f4le alors que l&rsquo;air se rar\u00e9fie ?<\/p>\n","protected":false},"author":2,"featured_media":8926,"parent":9449,"menu_order":1,"comment_status":"closed","ping_status":"closed","template":"","meta":{"footnotes":""},"class_list":["post-9456","page","type-page","status-publish","has-post-thumbnail","hentry"],"acf":[],"rttpg_featured_image_url":{"full":["https:\/\/meeplendice.net\/wp-content\/uploads\/2022\/01\/TET_Maps.png",350,350,false],"landscape":["https:\/\/meeplendice.net\/wp-content\/uploads\/2022\/01\/TET_Maps.png",350,350,false],"portraits":["https:\/\/meeplendice.net\/wp-content\/uploads\/2022\/01\/TET_Maps.png",350,350,false],"thumbnail":["https:\/\/meeplendice.net\/wp-content\/uploads\/2022\/01\/TET_Maps-150x150.png",150,150,true],"medium":["https:\/\/meeplendice.net\/wp-content\/uploads\/2022\/01\/TET_Maps-300x300.png",300,300,true],"large":["https:\/\/meeplendice.net\/wp-content\/uploads\/2022\/01\/TET_Maps.png",350,350,false],"ug_big":["https:\/\/meeplendice.net\/wp-content\/uploads\/2022\/01\/TET_Maps.png",350,350,false],"1536x1536":["https:\/\/meeplendice.net\/wp-content\/uploads\/2022\/01\/TET_Maps.png",350,350,false],"2048x2048":["https:\/\/meeplendice.net\/wp-content\/uploads\/2022\/01\/TET_Maps.png",350,350,false],"ashe-slider-grid-thumbnail":["https:\/\/meeplendice.net\/wp-content\/uploads\/2022\/01\/TET_Maps.png",350,350,false],"ashe-full-thumbnail":["https:\/\/meeplendice.net\/wp-content\/uploads\/2022\/01\/TET_Maps.png",350,350,false],"ashe-grid-thumbnail":["https:\/\/meeplendice.net\/wp-content\/uploads\/2022\/01\/TET_Maps-350x330.png",350,330,true],"ashe-list-thumbnail":["https:\/\/meeplendice.net\/wp-content\/uploads\/2022\/01\/TET_Maps-300x300.png",300,300,true],"ashe-single-navigation":["https:\/\/meeplendice.net\/wp-content\/uploads\/2022\/01\/TET_Maps-75x75.png",75,75,true],"mailpoet_newsletter_max":["https:\/\/meeplendice.net\/wp-content\/uploads\/2022\/01\/TET_Maps.png",350,350,false],"rpwe-thumbnail":["https:\/\/meeplendice.net\/wp-content\/uploads\/2022\/01\/TET_Maps-45x45.png",45,45,true],"sow-carousel-default":["https:\/\/meeplendice.net\/wp-content\/uploads\/2022\/01\/TET_Maps-272x182.png",272,182,true],"rt_custom":["https:\/\/meeplendice.net\/wp-content\/uploads\/2022\/01\/TET_Maps.png",350,350,false]},"rttpg_author":{"display_name":"Karnby","author_link":"https:\/\/meeplendice.net\/?author=2"},"rttpg_comment":0,"rttpg_category":null,"rttpg_excerpt":"Les Terres D\u00e9sol\u00e9es. Rares sont les cr\u00e9atures pouvant survivre dans les Terres D\u00e9sol\u00e9es. Celles qui y parviennent sont les plus sauvages d&rsquo;Aughmoore. Ce terrain pousse les joueurs dans des combats rapproch\u00e9s pour le contr\u00f4le des zones. Le bain de sang est in\u00e9vitable. Les Monts Enneiges. Habillez-vous chaudement et pr\u00e9parez-vous \u00e0 affrontez le froid glacial des\u2026","_links":{"self":[{"href":"https:\/\/meeplendice.net\/index.php?rest_route=\/wp\/v2\/pages\/9456","targetHints":{"allow":["GET"]}}],"collection":[{"href":"https:\/\/meeplendice.net\/index.php?rest_route=\/wp\/v2\/pages"}],"about":[{"href":"https:\/\/meeplendice.net\/index.php?rest_route=\/wp\/v2\/types\/page"}],"author":[{"embeddable":true,"href":"https:\/\/meeplendice.net\/index.php?rest_route=\/wp\/v2\/users\/2"}],"replies":[{"embeddable":true,"href":"https:\/\/meeplendice.net\/index.php?rest_route=%2Fwp%2Fv2%2Fcomments&post=9456"}],"version-history":[{"count":1,"href":"https:\/\/meeplendice.net\/index.php?rest_route=\/wp\/v2\/pages\/9456\/revisions"}],"predecessor-version":[{"id":9457,"href":"https:\/\/meeplendice.net\/index.php?rest_route=\/wp\/v2\/pages\/9456\/revisions\/9457"}],"up":[{"embeddable":true,"href":"https:\/\/meeplendice.net\/index.php?rest_route=\/wp\/v2\/pages\/9449"}],"wp:featuredmedia":[{"embeddable":true,"href":"https:\/\/meeplendice.net\/index.php?rest_route=\/wp\/v2\/media\/8926"}],"wp:attachment":[{"href":"https:\/\/meeplendice.net\/index.php?rest_route=%2Fwp%2Fv2%2Fmedia&parent=9456"}],"curies":[{"name":"wp","href":"https:\/\/api.w.org\/{rel}","templated":true}]}}