{"id":9458,"date":"2022-01-24T11:48:15","date_gmt":"2022-01-24T10:48:15","guid":{"rendered":"https:\/\/meeplendice.net\/?page_id=9458"},"modified":"2024-07-12T11:45:08","modified_gmt":"2024-07-12T10:45:08","slug":"7-wonders-architects","status":"publish","type":"page","link":"https:\/\/meeplendice.net\/?page_id=9458","title":{"rendered":"7 Wonders : Architects"},"content":{"rendered":"<div id=\"pl-9458\"  class=\"panel-layout\" ><div id=\"pg-9458-0\"  class=\"panel-grid panel-no-style\" ><div id=\"pgc-9458-0-0\"  class=\"panel-grid-cell\" ><div id=\"panel-9458-0-0-0\" class=\"so-panel widget widget_sow-editor panel-first-child panel-last-child\" data-index=\"0\" ><div\n\t\t\t\n\t\t\tclass=\"so-widget-sow-editor so-widget-sow-editor-base\"\n\t\t\t\n\t\t>\n<div class=\"siteorigin-widget-tinymce textwidget\">\n\t<p style=\"text-align: center;\"><strong>Nombre de joueurs :<\/strong><br \/>\n2 - 7<\/p>\n<\/div>\n<\/div><\/div><\/div><div id=\"pgc-9458-0-1\"  class=\"panel-grid-cell\" ><div id=\"panel-9458-0-1-0\" class=\"so-panel widget widget_sow-editor panel-first-child panel-last-child\" data-index=\"1\" ><div\n\t\t\t\n\t\t\tclass=\"so-widget-sow-editor so-widget-sow-editor-base\"\n\t\t\t\n\t\t>\n<div class=\"siteorigin-widget-tinymce textwidget\">\n\t<p style=\"text-align: center;\"><strong>Dur\u00e9e moyenne :<\/strong><br \/>\n30 min<\/p>\n<\/div>\n<\/div><\/div><\/div><div id=\"pgc-9458-0-2\"  class=\"panel-grid-cell\" ><div id=\"panel-9458-0-2-0\" class=\"so-panel widget widget_sow-editor panel-first-child panel-last-child\" data-index=\"2\" ><div\n\t\t\t\n\t\t\tclass=\"so-widget-sow-editor so-widget-sow-editor-base\"\n\t\t\t\n\t\t>\n<div class=\"siteorigin-widget-tinymce textwidget\">\n\t<p style=\"text-align: center;\"><strong>Age :<\/strong><br \/>\n8 ans et plus<\/p>\n<\/div>\n<\/div><\/div><\/div><\/div><div id=\"pg-9458-1\"  class=\"panel-grid panel-no-style\" ><div id=\"pgc-9458-1-0\"  class=\"panel-grid-cell\" ><div id=\"panel-9458-1-0-0\" class=\"so-panel widget widget_sow-editor panel-first-child panel-last-child\" data-index=\"3\" ><div\n\t\t\t\n\t\t\tclass=\"so-widget-sow-editor so-widget-sow-editor-base\"\n\t\t\t\n\t\t>\n<div class=\"siteorigin-widget-tinymce textwidget\">\n\t<p style=\"text-align: center;\"><strong>Auteur(s) :<br \/>\n<\/strong>Antoine Bauza<\/p>\n<\/div>\n<\/div><\/div><\/div><div id=\"pgc-9458-1-1\"  class=\"panel-grid-cell\" ><div id=\"panel-9458-1-1-0\" class=\"so-panel widget widget_sow-editor panel-first-child panel-last-child\" data-index=\"4\" ><div\n\t\t\t\n\t\t\tclass=\"so-widget-sow-editor so-widget-sow-editor-base\"\n\t\t\t\n\t\t>\n<div class=\"siteorigin-widget-tinymce textwidget\">\n\t<p style=\"text-align: center;\"><strong>Illustrations :<\/strong><br \/>\nEtienne Hebinger<\/p>\n<\/div>\n<\/div><\/div><\/div><div id=\"pgc-9458-1-2\"  class=\"panel-grid-cell\" ><div id=\"panel-9458-1-2-0\" class=\"so-panel widget widget_sow-editor panel-first-child panel-last-child\" data-index=\"5\" ><div\n\t\t\t\n\t\t\tclass=\"so-widget-sow-editor so-widget-sow-editor-base\"\n\t\t\t\n\t\t>\n<div class=\"siteorigin-widget-tinymce textwidget\">\n\t<p style=\"text-align: center;\"><strong>\u00c9dition :<\/strong><br \/>\nRepros Production<br \/>\n2021<\/p>\n<\/div>\n<\/div><\/div><\/div><div id=\"pgc-9458-1-3\"  class=\"panel-grid-cell\" ><div id=\"panel-9458-1-3-0\" class=\"so-panel widget widget_sow-editor panel-first-child panel-last-child\" data-index=\"6\" ><div\n\t\t\t\n\t\t\tclass=\"so-widget-sow-editor so-widget-sow-editor-base\"\n\t\t\t\n\t\t>\n<div class=\"siteorigin-widget-tinymce textwidget\">\n\t<p style=\"text-align: center;\"><strong>Version :<\/strong><br \/>\nFran\u00e7aise<\/p>\n<\/div>\n<\/div><\/div><\/div><\/div><div id=\"pg-9458-2\"  class=\"panel-grid panel-no-style\" ><div id=\"pgc-9458-2-0\"  class=\"panel-grid-cell\" ><div id=\"panel-9458-2-0-0\" class=\"so-panel widget widget_sow-editor panel-first-child panel-last-child\" data-index=\"7\" ><div\n\t\t\t\n\t\t\tclass=\"so-widget-sow-editor so-widget-sow-editor-base\"\n\t\t\t\n\t\t>\n<div class=\"siteorigin-widget-tinymce textwidget\">\n\t<hr \/>\n<p><em>Vous n'avez qu'une id\u00e9e en t\u00eate : construire une Merveille si grandiose qu'elle laissera votre empreinte dans l'Histoire.<\/em><\/p>\n<p><em>Votre renomm\u00e9e se joue maintenant !<\/em><\/p>\n<p>Un partie de <em>7 Wonder Architects<\/em> se d\u00e9roule en une succession de tours de jeu. A votre tour, vous choisissez une carte parmi trois. Ces cartes repr\u00e9sentent diff\u00e9rents personnages qui vous aideront \u00e0 rassembler des ressources pour construire votre Merveille, faire des d\u00e9couvertes scientifiques ou m\u00eame livrer Bataille \u00e0 vos voisins.<\/p>\n<p>La partie prend fin lorsqu'une Merveille est enti\u00e8rement construire. Obtenez le score le plus \u00e9lev\u00e9 pour remport\u00e9 la victoire !<\/p>\n<\/div>\n<\/div><\/div><\/div><\/div><div id=\"pg-9458-3\"  class=\"panel-grid panel-no-style\" ><div id=\"pgc-9458-3-0\"  class=\"panel-grid-cell\" ><div id=\"panel-9458-3-0-0\" class=\"so-panel widget widget_sow-editor panel-first-child panel-last-child\" data-index=\"8\" ><div\n\t\t\t\n\t\t\tclass=\"so-widget-sow-editor so-widget-sow-editor-base\"\n\t\t\t\n\t\t>\n<div class=\"siteorigin-widget-tinymce textwidget\">\n\t<hr \/>\n<h3 style=\"text-align: center;\">En vid\u00e9o<\/h3>\n<p><a href=\"https:\/\/www.youtube.com\/watch?v=p2VmTlU01t8&amp;ab_channel=ReposProduction\" target=\"_blank\" rel=\"noopener\"><img loading=\"lazy\" decoding=\"async\" class=\"alignnone size-full wp-image-9090\" src=\"https:\/\/meeplendice.net\/wp-content\/uploads\/2022\/01\/Link_CJ_v2.png\" alt=\"\" width=\"200\" height=\"170\" \/><\/a><\/p>\n<\/div>\n<\/div><\/div><\/div><\/div><div id=\"pg-9458-4\"  class=\"panel-grid panel-no-style\" ><div id=\"pgc-9458-4-0\"  class=\"panel-grid-cell\" ><div id=\"panel-9458-4-0-0\" class=\"so-panel widget widget_sow-editor panel-first-child panel-last-child\" data-index=\"9\" ><div\n\t\t\t\n\t\t\tclass=\"so-widget-sow-editor so-widget-sow-editor-base\"\n\t\t\t\n\t\t>\n<div class=\"siteorigin-widget-tinymce textwidget\">\n\t<hr \/>\n<h3 style=\"text-align: center;\">Extension(s)<\/h3>\n<style type='text\/css' media='all'>#rt-tpg-container-3512578977 .read-more a{border-radius:px;}#rt-tpg-container-3512578977 .rt-img-holder img.rt-img-responsive,#rt-tpg-container-3512578977 .rt-img-holder,\n\t\t\t\t\t#rt-tpg-container-3512578977 .rt-post-overlay .post-img,\n\t\t\t\t\t#rt-tpg-container-3512578977 .post-sm .post-img,\n\t\t\t\t\t#rt-tpg-container-3512578977 .rt-post-grid .post-img,\n\t\t\t\t\t#rt-tpg-container-3512578977 .post-img img {border-radius:px;}#rt-tpg-container-3512578977 .layout9 .rt-holder h2.entry-title,\n\t\t\t\t\t#rt-tpg-container-3512578977 .layout9 .rt-holder h3.entry-title,\n\t\t\t\t\t#rt-tpg-container-3512578977 .layout9 .rt-holder h4.entry-title,\n\t\t\t\t\t#rt-tpg-container-3512578977 .layout9 .rt-holder h2.entry-title a,\n\t\t\t\t\t#rt-tpg-container-3512578977 .layout9 .rt-holder h3.entry-title a,\n\t\t\t\t\t#rt-tpg-container-3512578977 .layout9 .rt-holder h4.entry-title a,\n\t\t\t\t\t#rt-tpg-container-3512578977 .rt-holder .rt-woo-info h2 a,\n\t\t\t\t\t#rt-tpg-container-3512578977 .rt-holder .rt-woo-info h3 a,\n\t\t\t\t\t#rt-tpg-container-3512578977 .rt-holder .rt-woo-info h4 a,\n\t\t\t\t\t#rt-tpg-container-3512578977 .post-content .post-title,\n\t\t\t\t\t#rt-tpg-container-3512578977 .rt-post-grid .post-title,\n\t\t\t\t\t#rt-tpg-container-3512578977 .rt-post-grid .post-title a,\n\t\t\t\t\t#rt-tpg-container-3512578977 .post-content .post-title a,\n\t\t\t\t\t#rt-tpg-container-3512578977 .rt-holder .rt-woo-info h2,\n\t\t\t\t\t#rt-tpg-container-3512578977 .rt-holder .rt-woo-info h3,\n\t\t\t\t\t#rt-tpg-container-3512578977 .rt-holder .rt-woo-info h4{font-size:16px;line-height:26px;font-weight:normal;text-align:center;}#rt-tpg-container-3512578977 .post-grid-lg-style-1 .post-title,\n\t\t\t\t\t\t#rt-tpg-container-3512578977 .post-grid-lg-style-1 .post-title a,\n\t\t\t\t\t\t#rt-tpg-container-3512578977 .big-layout .post-title,\n\t\t\t\t\t\t#rt-tpg-container-3512578977 .big-layout .post-title a,\n\t\t\t\t\t\t#rt-tpg-container-3512578977 .post-grid-lg-style-1 .post-title,\n\t\t\t\t\t\t#rt-tpg-container-3512578977 .post-grid-lg-style-1 .post-title a {font-size:24px;line-height:34px;}<\/style><div class='rt-container-fluid rt-tpg-container tpg-shortcode-main-wrapper ' id='rt-tpg-container-3512578977'   data-layout='layout9' data-grid-style='masonry' data-desktop-col='3'  data-tab-col='2'  data-mobile-col='1' data-sc-id='12199'><div data-title='Loading ...' class='rt-row rt-content-loader   layout9 tpg-masonry '><div class=\"rt-col-md-4 rt-col-sm-6 rt-col-xs-12 masonry-grid-item rt-grid-item img_zoom_in\" data-id=\"12197\"><div class=\"rt-holder\"><div class='overlay'><a data-id='12197' class=' tpg-single-popup' href='https:\/\/meeplendice.net\/?page_id=12197'><img loading=\"lazy\" decoding=\"async\" width=\"350\" height=\"350\" src=\"https:\/\/meeplendice.net\/wp-content\/uploads\/2024\/03\/7WA_Medals.png\" class=\"rt-img-responsive \" alt=\"\" \/><\/a><\/div><div class='post-info'><h3 class=\"entry-title\"><a data-id=\"12197\" class=\" tpg-single-popup\" href=\"https:\/\/meeplendice.net\/?page_id=12197\">Medals<\/a><\/h3><div class='post-meta-user '><\/div><\/div><\/div><\/div><\/div><div class='rt-pagination-wrap' data-total-pages='1' data-posts-per-page='3' data-type='pagination_ajax'  ><div class='rt-page-numbers'><\/div><\/div><\/div>\n<\/div>\n<\/div><\/div><\/div><\/div><div id=\"pg-9458-5\"  class=\"panel-grid panel-no-style\" ><div id=\"pgc-9458-5-0\"  class=\"panel-grid-cell\" ><div id=\"panel-9458-5-0-0\" class=\"so-panel widget widget_sow-editor panel-first-child panel-last-child\" data-index=\"10\" ><div\n\t\t\t\n\t\t\tclass=\"so-widget-sow-editor so-widget-sow-editor-base\"\n\t\t\t\n\t\t>\n<div class=\"siteorigin-widget-tinymce textwidget\">\n\t<hr \/>\n<h3 style=\"text-align: center;\">Pour aller plus loin<\/h3>\n<\/div>\n<\/div><\/div><\/div><\/div><\/div>","protected":false},"excerpt":{"rendered":"<p>Nombre de joueurs : 2 &#8211; 7 Dur\u00e9e moyenne : 30 min Age : 8 ans et plus Auteur(s) : Antoine Bauza Illustrations : Etienne Hebinger \u00c9dition : Repros Production 2021 Version : Fran\u00e7aise<\/p>\n","protected":false},"author":2,"featured_media":9459,"parent":0,"menu_order":0,"comment_status":"closed","ping_status":"closed","template":"","meta":{"footnotes":""},"class_list":["post-9458","page","type-page","status-publish","has-post-thumbnail","hentry"],"acf":[],"rttpg_featured_image_url":{"full":["https:\/\/meeplendice.net\/wp-content\/uploads\/2022\/01\/7wonders_Architects-1.png",350,350,false],"landscape":["https:\/\/meeplendice.net\/wp-content\/uploads\/2022\/01\/7wonders_Architects-1.png",350,350,false],"portraits":["https:\/\/meeplendice.net\/wp-content\/uploads\/2022\/01\/7wonders_Architects-1.png",350,350,false],"thumbnail":["https:\/\/meeplendice.net\/wp-content\/uploads\/2022\/01\/7wonders_Architects-1-150x150.png",150,150,true],"medium":["https:\/\/meeplendice.net\/wp-content\/uploads\/2022\/01\/7wonders_Architects-1-300x300.png",300,300,true],"large":["https:\/\/meeplendice.net\/wp-content\/uploads\/2022\/01\/7wonders_Architects-1.png",350,350,false],"ug_big":["https:\/\/meeplendice.net\/wp-content\/uploads\/2022\/01\/7wonders_Architects-1.png",350,350,false],"1536x1536":["https:\/\/meeplendice.net\/wp-content\/uploads\/2022\/01\/7wonders_Architects-1.png",350,350,false],"2048x2048":["https:\/\/meeplendice.net\/wp-content\/uploads\/2022\/01\/7wonders_Architects-1.png",350,350,false],"ashe-slider-grid-thumbnail":["https:\/\/meeplendice.net\/wp-content\/uploads\/2022\/01\/7wonders_Architects-1.png",350,350,false],"ashe-full-thumbnail":["https:\/\/meeplendice.net\/wp-content\/uploads\/2022\/01\/7wonders_Architects-1.png",350,350,false],"ashe-grid-thumbnail":["https:\/\/meeplendice.net\/wp-content\/uploads\/2022\/01\/7wonders_Architects-1-350x330.png",350,330,true],"ashe-list-thumbnail":["https:\/\/meeplendice.net\/wp-content\/uploads\/2022\/01\/7wonders_Architects-1-300x300.png",300,300,true],"ashe-single-navigation":["https:\/\/meeplendice.net\/wp-content\/uploads\/2022\/01\/7wonders_Architects-1-75x75.png",75,75,true],"mailpoet_newsletter_max":["https:\/\/meeplendice.net\/wp-content\/uploads\/2022\/01\/7wonders_Architects-1.png",350,350,false],"rpwe-thumbnail":["https:\/\/meeplendice.net\/wp-content\/uploads\/2022\/01\/7wonders_Architects-1-45x45.png",45,45,true],"sow-carousel-default":["https:\/\/meeplendice.net\/wp-content\/uploads\/2022\/01\/7wonders_Architects-1-272x182.png",272,182,true],"rt_custom":["https:\/\/meeplendice.net\/wp-content\/uploads\/2022\/01\/7wonders_Architects-1.png",350,350,false]},"rttpg_author":{"display_name":"Karnby","author_link":"https:\/\/meeplendice.net\/?author=2"},"rttpg_comment":0,"rttpg_category":null,"rttpg_excerpt":"Nombre de joueurs : 2 - 7 Dur\u00e9e moyenne : 30 min Age : 8 ans et plus Auteur(s) : Antoine Bauza Illustrations : Etienne Hebinger \u00c9dition : Repros Production 2021 Version : Fran\u00e7aise","_links":{"self":[{"href":"https:\/\/meeplendice.net\/index.php?rest_route=\/wp\/v2\/pages\/9458","targetHints":{"allow":["GET"]}}],"collection":[{"href":"https:\/\/meeplendice.net\/index.php?rest_route=\/wp\/v2\/pages"}],"about":[{"href":"https:\/\/meeplendice.net\/index.php?rest_route=\/wp\/v2\/types\/page"}],"author":[{"embeddable":true,"href":"https:\/\/meeplendice.net\/index.php?rest_route=\/wp\/v2\/users\/2"}],"replies":[{"embeddable":true,"href":"https:\/\/meeplendice.net\/index.php?rest_route=%2Fwp%2Fv2%2Fcomments&post=9458"}],"version-history":[{"count":6,"href":"https:\/\/meeplendice.net\/index.php?rest_route=\/wp\/v2\/pages\/9458\/revisions"}],"predecessor-version":[{"id":9463,"href":"https:\/\/meeplendice.net\/index.php?rest_route=\/wp\/v2\/pages\/9458\/revisions\/9463"}],"wp:featuredmedia":[{"embeddable":true,"href":"https:\/\/meeplendice.net\/index.php?rest_route=\/wp\/v2\/media\/9459"}],"wp:attachment":[{"href":"https:\/\/meeplendice.net\/index.php?rest_route=%2Fwp%2Fv2%2Fmedia&parent=9458"}],"curies":[{"name":"wp","href":"https:\/\/api.w.org\/{rel}","templated":true}]}}