{"id":9503,"date":"2022-01-24T14:59:27","date_gmt":"2022-01-24T13:59:27","guid":{"rendered":"https:\/\/meeplendice.net\/?page_id=9503"},"modified":"2022-01-24T15:03:02","modified_gmt":"2022-01-24T14:03:02","slug":"mosaique-eclatante","status":"publish","type":"page","link":"https:\/\/meeplendice.net\/?page_id=9503","title":{"rendered":"Mosa\u00efque \u00c9clatante"},"content":{"rendered":"<p>Gr\u00e2ce aux 4 plateaux individuels en plastique transparents, vous pourrez cr\u00e9er votre mosa\u00efque sans risquer de d\u00e9placer une tuile par m\u00e9garde et permet de garder une bonne lisibilit\u00e9 du plateau de jeu.<br \/>\nAvec ces 2 nouveaux plateaux r\u00e9versibles, Mosa\u00efque \u00c9tincelante propose \u00e9galement de nouveaux d\u00e9fis apportant plus de complexit\u00e9 au jeu de base<\/p>\n","protected":false},"excerpt":{"rendered":"<p>Gr\u00e2ce aux 4 plateaux individuels en plastique transparents, vous pourrez cr\u00e9er votre mosa\u00efque sans risquer de d\u00e9placer une tuile par m\u00e9garde et permet de garder une bonne lisibilit\u00e9 du plateau de jeu. Avec ces 2 nouveaux plateaux r\u00e9versibles, Mosa\u00efque \u00c9tincelante propose \u00e9galement de nouveaux d\u00e9fis apportant plus de complexit\u00e9 au jeu de base<\/p>\n","protected":false},"author":2,"featured_media":8431,"parent":4797,"menu_order":1,"comment_status":"closed","ping_status":"closed","template":"","meta":{"footnotes":""},"class_list":["post-9503","page","type-page","status-publish","has-post-thumbnail","hentry"],"acf":[],"rttpg_featured_image_url":{"full":["https:\/\/meeplendice.net\/wp-content\/uploads\/2021\/07\/Azul_Mosaique_Eclatante.png",350,350,false],"landscape":["https:\/\/meeplendice.net\/wp-content\/uploads\/2021\/07\/Azul_Mosaique_Eclatante.png",350,350,false],"portraits":["https:\/\/meeplendice.net\/wp-content\/uploads\/2021\/07\/Azul_Mosaique_Eclatante.png",350,350,false],"thumbnail":["https:\/\/meeplendice.net\/wp-content\/uploads\/2021\/07\/Azul_Mosaique_Eclatante-150x150.png",150,150,true],"medium":["https:\/\/meeplendice.net\/wp-content\/uploads\/2021\/07\/Azul_Mosaique_Eclatante-300x300.png",300,300,true],"large":["https:\/\/meeplendice.net\/wp-content\/uploads\/2021\/07\/Azul_Mosaique_Eclatante.png",350,350,false],"ug_big":["https:\/\/meeplendice.net\/wp-content\/uploads\/2021\/07\/Azul_Mosaique_Eclatante.png",350,350,false],"1536x1536":["https:\/\/meeplendice.net\/wp-content\/uploads\/2021\/07\/Azul_Mosaique_Eclatante.png",350,350,false],"2048x2048":["https:\/\/meeplendice.net\/wp-content\/uploads\/2021\/07\/Azul_Mosaique_Eclatante.png",350,350,false],"ashe-slider-grid-thumbnail":["https:\/\/meeplendice.net\/wp-content\/uploads\/2021\/07\/Azul_Mosaique_Eclatante.png",350,350,false],"ashe-full-thumbnail":["https:\/\/meeplendice.net\/wp-content\/uploads\/2021\/07\/Azul_Mosaique_Eclatante.png",350,350,false],"ashe-grid-thumbnail":["https:\/\/meeplendice.net\/wp-content\/uploads\/2021\/07\/Azul_Mosaique_Eclatante-350x330.png",350,330,true],"ashe-list-thumbnail":["https:\/\/meeplendice.net\/wp-content\/uploads\/2021\/07\/Azul_Mosaique_Eclatante-300x300.png",300,300,true],"ashe-single-navigation":["https:\/\/meeplendice.net\/wp-content\/uploads\/2021\/07\/Azul_Mosaique_Eclatante-75x75.png",75,75,true],"mailpoet_newsletter_max":["https:\/\/meeplendice.net\/wp-content\/uploads\/2021\/07\/Azul_Mosaique_Eclatante.png",350,350,false],"rpwe-thumbnail":["https:\/\/meeplendice.net\/wp-content\/uploads\/2021\/07\/Azul_Mosaique_Eclatante-45x45.png",45,45,true],"sow-carousel-default":["https:\/\/meeplendice.net\/wp-content\/uploads\/2021\/07\/Azul_Mosaique_Eclatante-272x182.png",272,182,true],"rt_custom":["https:\/\/meeplendice.net\/wp-content\/uploads\/2021\/07\/Azul_Mosaique_Eclatante.png",350,350,false]},"rttpg_author":{"display_name":"Karnby","author_link":"https:\/\/meeplendice.net\/?author=2"},"rttpg_comment":0,"rttpg_category":null,"rttpg_excerpt":"Gr\u00e2ce aux 4 plateaux individuels en plastique transparents, vous pourrez cr\u00e9er votre mosa\u00efque sans risquer de d\u00e9placer une tuile par m\u00e9garde et permet de garder une bonne lisibilit\u00e9 du plateau de jeu. Avec ces 2 nouveaux plateaux r\u00e9versibles, Mosa\u00efque \u00c9tincelante propose \u00e9galement de nouveaux d\u00e9fis apportant plus de complexit\u00e9 au jeu de base","_links":{"self":[{"href":"https:\/\/meeplendice.net\/index.php?rest_route=\/wp\/v2\/pages\/9503","targetHints":{"allow":["GET"]}}],"collection":[{"href":"https:\/\/meeplendice.net\/index.php?rest_route=\/wp\/v2\/pages"}],"about":[{"href":"https:\/\/meeplendice.net\/index.php?rest_route=\/wp\/v2\/types\/page"}],"author":[{"embeddable":true,"href":"https:\/\/meeplendice.net\/index.php?rest_route=\/wp\/v2\/users\/2"}],"replies":[{"embeddable":true,"href":"https:\/\/meeplendice.net\/index.php?rest_route=%2Fwp%2Fv2%2Fcomments&post=9503"}],"version-history":[{"count":1,"href":"https:\/\/meeplendice.net\/index.php?rest_route=\/wp\/v2\/pages\/9503\/revisions"}],"predecessor-version":[{"id":9504,"href":"https:\/\/meeplendice.net\/index.php?rest_route=\/wp\/v2\/pages\/9503\/revisions\/9504"}],"up":[{"embeddable":true,"href":"https:\/\/meeplendice.net\/index.php?rest_route=\/wp\/v2\/pages\/4797"}],"wp:featuredmedia":[{"embeddable":true,"href":"https:\/\/meeplendice.net\/index.php?rest_route=\/wp\/v2\/media\/8431"}],"wp:attachment":[{"href":"https:\/\/meeplendice.net\/index.php?rest_route=%2Fwp%2Fv2%2Fmedia&parent=9503"}],"curies":[{"name":"wp","href":"https:\/\/api.w.org\/{rel}","templated":true}]}}