{"id":9544,"date":"2022-02-01T20:12:39","date_gmt":"2022-02-01T19:12:39","guid":{"rendered":"https:\/\/meeplendice.net\/?page_id=9544"},"modified":"2022-02-01T20:13:28","modified_gmt":"2022-02-01T19:13:28","slug":"sortileges-et-potions","status":"publish","type":"page","link":"https:\/\/meeplendice.net\/?page_id=9544","title":{"rendered":"Sortil\u00e8ges et Potions"},"content":{"rendered":"<p>Retournez en classe dans <em>Sortil\u00e8ges et Potions<\/em>, la deuxi\u00e8me extension pour<em> Harry Potter : Bataille \u00e0 Poudlard ! <\/em>Avec une \u00e9quipe pouvant d\u00e9sormais r\u00e9unir jusqu&rsquo;\u00e0 5 H\u00e9ros, unissez vos forces pour venir \u00e0 bout des quatre aventures de difficult\u00e9 croissante sous les traits de Harry, Ron, Hermione, Neville et Ginny Weasley.<\/p>\n<p>Vous devrez user de toute votre panoplie de sortil\u00e8ges afin de survivre aux rencontres, r\u00e9unir les ingr\u00e9dients n\u00e9cessaires pour concocter des potions et, plus important encore, prot\u00e9ger le Monde des Sorciers contre Celui-Dont-On-Ne-Doit-Pas-Prononcer-Le-Nom.<\/p>\n","protected":false},"excerpt":{"rendered":"<p>Retournez en classe dans Sortil\u00e8ges et Potions, la deuxi\u00e8me extension pour Harry Potter : Bataille \u00e0 Poudlard ! Avec une \u00e9quipe pouvant d\u00e9sormais r\u00e9unir jusqu&rsquo;\u00e0 5 H\u00e9ros, unissez vos forces pour venir \u00e0 bout des quatre aventures de difficult\u00e9 croissante sous les traits de Harry, Ron, Hermione, Neville et Ginny Weasley. Vous devrez user de toute votre panoplie de sortil\u00e8ges afin de survivre aux rencontres, r\u00e9unir les ingr\u00e9dients n\u00e9cessaires pour concocter des potions et, plus important encore, prot\u00e9ger le Monde des Sorciers contre Celui-Dont-On-Ne-Doit-Pas-Prononcer-Le-Nom.<\/p>\n","protected":false},"author":2,"featured_media":9545,"parent":7122,"menu_order":2,"comment_status":"closed","ping_status":"closed","template":"","meta":{"footnotes":""},"class_list":["post-9544","page","type-page","status-publish","has-post-thumbnail","hentry"],"acf":[],"rttpg_featured_image_url":{"full":["https:\/\/meeplendice.net\/wp-content\/uploads\/2022\/02\/HPHB_sortileges.png",350,350,false],"landscape":["https:\/\/meeplendice.net\/wp-content\/uploads\/2022\/02\/HPHB_sortileges.png",350,350,false],"portraits":["https:\/\/meeplendice.net\/wp-content\/uploads\/2022\/02\/HPHB_sortileges.png",350,350,false],"thumbnail":["https:\/\/meeplendice.net\/wp-content\/uploads\/2022\/02\/HPHB_sortileges-150x150.png",150,150,true],"medium":["https:\/\/meeplendice.net\/wp-content\/uploads\/2022\/02\/HPHB_sortileges-300x300.png",300,300,true],"large":["https:\/\/meeplendice.net\/wp-content\/uploads\/2022\/02\/HPHB_sortileges.png",350,350,false],"ug_big":["https:\/\/meeplendice.net\/wp-content\/uploads\/2022\/02\/HPHB_sortileges.png",350,350,false],"1536x1536":["https:\/\/meeplendice.net\/wp-content\/uploads\/2022\/02\/HPHB_sortileges.png",350,350,false],"2048x2048":["https:\/\/meeplendice.net\/wp-content\/uploads\/2022\/02\/HPHB_sortileges.png",350,350,false],"ashe-slider-grid-thumbnail":["https:\/\/meeplendice.net\/wp-content\/uploads\/2022\/02\/HPHB_sortileges.png",350,350,false],"ashe-full-thumbnail":["https:\/\/meeplendice.net\/wp-content\/uploads\/2022\/02\/HPHB_sortileges.png",350,350,false],"ashe-grid-thumbnail":["https:\/\/meeplendice.net\/wp-content\/uploads\/2022\/02\/HPHB_sortileges-350x330.png",350,330,true],"ashe-list-thumbnail":["https:\/\/meeplendice.net\/wp-content\/uploads\/2022\/02\/HPHB_sortileges-300x300.png",300,300,true],"ashe-single-navigation":["https:\/\/meeplendice.net\/wp-content\/uploads\/2022\/02\/HPHB_sortileges-75x75.png",75,75,true],"mailpoet_newsletter_max":["https:\/\/meeplendice.net\/wp-content\/uploads\/2022\/02\/HPHB_sortileges.png",350,350,false],"rpwe-thumbnail":["https:\/\/meeplendice.net\/wp-content\/uploads\/2022\/02\/HPHB_sortileges-45x45.png",45,45,true],"sow-carousel-default":["https:\/\/meeplendice.net\/wp-content\/uploads\/2022\/02\/HPHB_sortileges-272x182.png",272,182,true],"rt_custom":["https:\/\/meeplendice.net\/wp-content\/uploads\/2022\/02\/HPHB_sortileges.png",350,350,false]},"rttpg_author":{"display_name":"Karnby","author_link":"https:\/\/meeplendice.net\/?author=2"},"rttpg_comment":0,"rttpg_category":null,"rttpg_excerpt":"Retournez en classe dans Sortil\u00e8ges et Potions, la deuxi\u00e8me extension pour Harry Potter : Bataille \u00e0 Poudlard ! Avec une \u00e9quipe pouvant d\u00e9sormais r\u00e9unir jusqu&rsquo;\u00e0 5 H\u00e9ros, unissez vos forces pour venir \u00e0 bout des quatre aventures de difficult\u00e9 croissante sous les traits de Harry, Ron, Hermione, Neville et Ginny Weasley. Vous devrez user de\u2026","_links":{"self":[{"href":"https:\/\/meeplendice.net\/index.php?rest_route=\/wp\/v2\/pages\/9544","targetHints":{"allow":["GET"]}}],"collection":[{"href":"https:\/\/meeplendice.net\/index.php?rest_route=\/wp\/v2\/pages"}],"about":[{"href":"https:\/\/meeplendice.net\/index.php?rest_route=\/wp\/v2\/types\/page"}],"author":[{"embeddable":true,"href":"https:\/\/meeplendice.net\/index.php?rest_route=\/wp\/v2\/users\/2"}],"replies":[{"embeddable":true,"href":"https:\/\/meeplendice.net\/index.php?rest_route=%2Fwp%2Fv2%2Fcomments&post=9544"}],"version-history":[{"count":1,"href":"https:\/\/meeplendice.net\/index.php?rest_route=\/wp\/v2\/pages\/9544\/revisions"}],"predecessor-version":[{"id":9546,"href":"https:\/\/meeplendice.net\/index.php?rest_route=\/wp\/v2\/pages\/9544\/revisions\/9546"}],"up":[{"embeddable":true,"href":"https:\/\/meeplendice.net\/index.php?rest_route=\/wp\/v2\/pages\/7122"}],"wp:featuredmedia":[{"embeddable":true,"href":"https:\/\/meeplendice.net\/index.php?rest_route=\/wp\/v2\/media\/9545"}],"wp:attachment":[{"href":"https:\/\/meeplendice.net\/index.php?rest_route=%2Fwp%2Fv2%2Fmedia&parent=9544"}],"curies":[{"name":"wp","href":"https:\/\/api.w.org\/{rel}","templated":true}]}}